{"id":91294,"date":"2025-03-17T14:52:47","date_gmt":"2025-03-17T14:52:47","guid":{"rendered":"https:\/\/www.pilgrim.es\/cammino-nord\/sebrayo\/"},"modified":"2026-05-11T12:48:19","modified_gmt":"2026-05-11T12:48:19","slug":"sebrayo","status":"publish","type":"page","link":"https:\/\/www.pilgrim.es\/it\/cammino-nord\/sebrayo\/","title":{"rendered":"Sebrayo"},"content":{"rendered":" <section id=\"hero\">\n  <h1>Sebrayo<\/h1>\n  <div class=\"hero-grid\">\n    <div\n      class=\"hero-grid__town-col\"\n      data-background=\"https:\/\/cdn.pilgrim.es\/web\/caminos\/camino-norte\/pueblos\/sebrayo.jpg\"\n    >\n      <div>\n        <a class=\"link-to-stage\" href=\"https:\/\/www.pilgrim.es\/camino-norte\/etapa-18-ribadesella-colunga\/\">\n          <p>&#8249; Ritorno al palcoscenico<\/p>\n        <\/a>\n\n        <div class=\"town-data\">\n          <h2>Sebrayo<\/h2>\n          <ul>\n            <li>Abitanti: &lt; 50 aprox.<\/li>\n            <li>Provincia: Asturias<\/li>\n          <\/ul>\n        <\/div>\n      <\/div>\n    <\/div>\n    <div class=\"hero-grid__planner-col\"><div\r\n  class=\"p-col-span-1 p-rounded-lg p-px-5 p-h-full\"\r\n  style=\"background-image: url('https:\/\/cdn.pilgrim.es\/web\/pilgrim-planner\/bg-plugin-planificador.webp')\"\r\n  rel=\"preload\"\r\n  fetchpriority=\"high\"\r\n  >\r\n    <div class=\"p-text-center p-pt-5 p-text-white p-text-2xl p-font-semibold\">\r\n      Pianifica il tuo cammino    <\/div>\r\n    <div\r\n            id='primary-app'\r\n            data-name='banner'\r\n            data-api='https:\/\/pathfinder.pilgrim.es\/api\/pathfinder\/v2'\r\n            data-mode='normal'\r\n            data-lang='it'\r\n            data-route='1'\r\n            data-destiny='https:\/\/planificador.pilgrim.es'\r\n            data-modality='1'\r\n            data-inline=''\r\n        ><\/div><\/div><\/div>\n  <\/div>\n<\/section>\n\n<section id=\"infoTown\">\n  <div class=\"sections-town\">\n    <div id=\"informationSection\">\n      <div>\n        <h2 class=\"p-h2-town\">Informazioni<\/h2>\n        <hr \/>\n        <h3 class=\"p-h3-town\">Scoprire Sebrayo<\/h3>\n      <\/div>\n      <p>\n        Questo minuscolo villaggio asturiano si distingue per il suo fascino e la sua natura, che lo\n        rendono il luogo perfetto per prendersi una pausa dallo stress e dalla folla e godersi\n        semplicemente la campagna e se stessi.\n      <\/p>\n      <p>\n        Vale anche la pena di notare che questo luogo ha una stretta relazione fin dall&#8217;antichit\u00e0\n        con il Cammino di Santiago, e per questo motivo ha importanti edifici storici.\n      <\/p>\n      <p><\/p>\n    <\/div>\n\n    <div id=\"locationSection\">\n      <div>\n        <h2 class=\"p-h2-town\">Posizione<\/h2>\n        <hr \/>\n        <h3 class=\"p-h3-town\">Come arrivare<\/h3>\n      <\/div>\n      <p>\n        \u00c8 abbastanza facile arrivare a Sebrayo, sia che si provenga dalle Asturie, dalla Cantabria o\n        dalla Castiglia e Le\u00f3n, poich\u00e9 l&#8217;autostrada A-8 passa vicino al villaggio. All&#8217;uscita 353 o\n        360 si prende la strada nazionale N-632 fino alla svolta per Sebrayo.\n      <\/p>\n\n      <p>\n        Arrivare a Sebrayo con i mezzi pubblici \u00e8 pi\u00f9 complicato, dato che il paese \u00e8 cos\u00ec piccolo\n        che non esiste una rete di trasporti. La soluzione migliore \u00e8 prendere un taxi da\n        Ribadesella.\n      <\/p>\n      <div>\n        <div>\n  <iframe loading=\"lazy\"\n    src=\"https:\/\/www.google.com\/maps\/d\/embed?mid=1LxqqQj8CldfqrcH31DiC43e1e5VXszY&amp;ehbc=2E312F\"\n    width=\"640\"\n    height=\"480\"\n    alt=\"Mapa Sebrayo\"\n  ><\/iframe>\n<\/div>\n\n      <\/div>\n    <\/div>\n\n    <div id=\"toVisitSection\">\n      <div>\n        <h2 class=\"p-h2-town\">Storia \/ Cultura<\/h2>\n        <hr \/>\n        <h3 class=\"p-h3-town\">Cosa vedere<\/h3>\n      <\/div>\n      <div>\n        <div class=\"accordion\">\n          <div class=\"accordion__menu\">\n            <nav>\n              <button class=\"nav-tab-accordion active\">\n                <span>&#10093;<\/span>\n                <span>Iglesia de Santa Mar\u00eda de Sebrayo<\/span>\n              <\/button>\n            <\/nav>\n          <\/div>\n\n          <div class=\"accordion__accordion-content\">\n            <div>\n              <div>\n                <h4>Iglesia de Santa Mar\u00eda de Sebrayo<\/h4>\n                <p>\n                  La Chiesa di Santa Mar\u00eda de Sebrayo \u00e8 un tempio di grandi proporzioni costruito\n                  nel XIII secolo in stile romanico. Per quanto riguarda la sua struttura, ha una\n                  pianta rettangolare formata da un&#8217;unica navata coperta da un tetto a capanna in\n                  legno e terminata da un presbiterio, il tutto coperto da una volta a botte.\n                <\/p>\n\n                <p>\n                  L&#8217;interno \u00e8 caratterizzato da un arco trionfale che separa il presbiterio dalla\n                  navata, sostenuto da colonne decorate con motivi vegetali, mentre l&#8217;esterno\n                  presenta una grande finestra centrale formata da un arco semicircolare sostenuto\n                  da colonne anch&#8217;esse con motivi vegetali.\n                <\/p>\n              <\/div>\n              <img decoding=\"async\"\n                src=\"https:\/\/cdn.pilgrim.es\/web\/caminos\/camino-norte\/pueblos\/sebrayo\/puntos-de-interes\/iglesia-de-santa-maria-de-sebrayo.jpg\"\n                alt=\"Iglesia de Santa Mar\u00eda de Sebrayo\"\n              \/>\n            <\/div>\n          <\/div>\n        <\/div>\n      <\/div>\n    <\/div>\n\n    <div id=\"phonesSection\">\n      <div>\n        <h2 class=\"p-h3-town\">Informazioni di interesse<\/h2>\n      <\/div>\n      <div class=\"grid\">\n        <div class=\"phone-number-item\">\n          <div class=\"phone-number-item__icon\"><i class=\"icon-police\"><\/i><\/div>\n          <div class=\"phone-number-item__title\">\n            <h3 class=\"p-font-bold\">Polizia locale<\/h3>\n            <p>985 893 328<\/p>\n          <\/div>\n        <\/div>\n\n        <div class=\"phone-number-item\">\n          <div class=\"phone-number-item__icon\"><i class=\"icon-spanish-military-police\"><\/i><\/div>\n          <div class=\"phone-number-item__title\">\n            <h3 class=\"p-font-bold\">Guardia civile<\/h3>\n            <p>985 892 234<\/p>\n          <\/div>\n        <\/div>\n\n        <div class=\"phone-number-item\">\n          <div class=\"phone-number-item__icon\"><i class=\"icon-firefighters\"><\/i><\/div>\n          <div class=\"phone-number-item__title\">\n            <h3 class=\"p-font-bold\">Vigili del fuoco<\/h3>\n            <p>985 890 067<\/p>\n          <\/div>\n        <\/div>\n\n        <div class=\"phone-number-item\">\n          <div class=\"phone-number-item__icon\"><i class=\"icon-civil-protection\"><\/i><\/div>\n          <div class=\"phone-number-item__title\">\n            <h3 class=\"p-font-bold\">Protezione civile<\/h3>\n            <p>664 631 916<\/p>\n          <\/div>\n        <\/div>\n\n        <div class=\"phone-number-item\">\n          <div class=\"phone-number-item__icon\"><i class=\"icon-town-council\"><\/i><\/div>\n          <div class=\"phone-number-item__title\">\n            <h3 class=\"p-font-bold\">Municipio<\/h3>\n            <p>985 893 202<\/p>\n          <\/div>\n        <\/div>\n\n        <div class=\"phone-number-item\">\n          <div class=\"phone-number-item__icon\"><i class=\"icon-hospital\"><\/i><\/div>\n          <div class=\"phone-number-item__title\">\n            <h3 class=\"p-font-bold\">Centro sanitario<\/h3>\n            <p>985 412 548<\/p>\n          <\/div>\n        <\/div>\n      <\/div>\n    <\/div>\n\n    <div id=\"clientForm\">\n        <section>\n        <img decoding=\"async\" src=\"https:\/\/cdn.pilgrim.es\/web\/home\/email-contacto.png\" alt=\"contacto\">\n        <div>\n            <p>Ti inviamo la tua pianificazione<\/p>\n            <p>Forniscici i tuoi dati e ricevi la pianificazione del tuo viaggio via email <\/p>\n            <form method=\"post\" data-url=\"\/wp-admin\/admin-ajax.php\" id=\"planner--client\" class=\"flag-right form-client\">\n    <div class=\"form-data\">\n        <input name=\"form_id\" type=\"hidden\" value=\"Formulario Leads\">\n        <input name=\"type\" type=\"hidden\" value=\"planner_client\">\n        <input type=\"text\" name=\"nombre\" value=\"\" size=\"40\" class=\"form-control\" aria-required=\"true\" aria-invalid=\"false\" placeholder=\"Nome\">\n        <input type=\"email\" name=\"email\" value=\"\" size=\"40\" class=\"form-control\" aria-required=\"true\" aria-invalid=\"false\" placeholder=\"Mail\">\n        <input type=\"text\" id=\"phone-input\" name=\"tel\" value=\"\" size=\"40\" class=\"phone-input form-control\" aria-required=\"true\" aria-invalid=\"false\" placeholder=\"Telefono\">\n        <input type=\"hidden\" name=\"telefono\">\n    <\/div>\n    <div class=\"form-checkbox\">\n        <span>\n            Pilgrim Travel. S.L. informa, come previsto dal Regolamento 2016\/679, che i dati utilizzati in questo modulo verranno utilizzati sia per la risposta delle eventuali consultazioni sia per la pub-blicazione dei commenti, essendo il consenso dell'utente la base di legittimazione. Potranno esse-re esercitati i diritti in conformit\u00e0 con quanto stabilito dalla nostra             <a href=\"https:\/\/www.pilgrim.es\/it\/informativa-sulla-privacy\/\" target=\"_blank\" rel=\"noopener noreferrer nofollow\">Politica di privacy.<\/a>\n        <\/span>\n    <\/div>\n\n    <div class=\"form-submit\">\n        <button id=\"planner--client-create\" type=\"submit\">Formulario di contatto<\/button>\n        <div class=\"loadingDiv\"><i class=\"p-spinner\"><\/i><\/div>\n    <\/div>\n\n    <div class=\"contact-content-form-success\">\n        <p><i class=\"fas fa-check\"><\/i> Il modulo \u00e8 stato inviato correttamente<\/p>\n    <\/div>\n\n    <div class=\"contact-content-form-error\">\n        <span class=\"input-error\"><\/span>\n    <\/div>\n<\/form>        <\/div>\n    <\/section>\n<\/div>\n\n    <div id=\"recomendationSection\">\n      <div>\n        <h2 class=\"p-h2-town\">Consigliato<\/h2>\n        <hr \/>\n        <h3 class=\"p-h3-town\">Gastronomia<\/h3>\n      <\/div>\n      La gastronomia di Sebrayo \u00e8 ricca di prodotti locali, molti degli abitanti di questo\n      incantevole villaggio si dedicano all&#8217;agricoltura e alla coltivazione di ortaggi, quindi le\n      ricette pi\u00f9 deliziose sono le fabes (fagioli) e il sidro, entrambi molto tipici in tutta la\n      provincia delle Asturie.\n    <\/div>\n  <\/div>\n<\/section>\n\n<div id=\"stage_list_section\"><div class=\"stage-list\">\n    <div class='stage-list__map-card'>\n        <div class='stage-list__map-card__map'>\n            <div class='stage-list__map-card__map__text'>\n                <h2> Pages <\/h2>\n                <p> A piedi<\/p>\n                <p> 0tappe<\/p>\n            <\/div>\n            <div class='stage-list__map-card__map__img'>\n                <img decoding=\"async\" src=\"\" alt=\" mapa \" \/>\n            <\/div>\n        <\/div>\n    <\/div>\n\n    <\/div>\n<\/div>\n ","protected":false},"excerpt":{"rendered":"<p>Sebrayo &#8249; Ritorno al palcoscenico Sebrayo Abitanti: &lt; 50 aprox. Provincia: Asturias Informazioni Scoprire Sebrayo Questo minuscolo villaggio asturiano si distingue per il suo fascino e la sua natura, che lo rendono il luogo perfetto per prendersi una pausa dallo stress e dalla folla e godersi semplicemente la campagna e se stessi. Vale anche la &hellip; <\/p>\n<p class=\"read_more\"><a href=\"https:\/\/www.pilgrim.es\/it\/cammino-nord\/sebrayo\/\">Leer m\u00e1s<\/a><\/p>\n","protected":false},"author":0,"featured_media":8530,"parent":10817,"menu_order":0,"comment_status":"closed","ping_status":"closed","template":"views\/template-new-web-design.blade.php","meta":{"footnotes":""},"categories":[],"tags":[],"class_list":["post-91294","page","type-page","status-publish","has-post-thumbnail","hentry"],"yoast_head":"<!-- This site is optimized with the Yoast SEO plugin v27.5 - https:\/\/yoast.com\/product\/yoast-seo-wordpress\/ -->\n<title>Sebrayo: Cosa vedere e dove dormire | Cammino di Santiago | Pilgrim<\/title>\n<meta name=\"description\" content=\"Sebrayo Scopri tutte le informazioni su dove alloggiare, come arrivare, cosa mangiare e sui principali punti di interesse delle localit\u00e0 lungo il Cammino del Nord.\" \/>\n<meta name=\"robots\" content=\"index, follow, max-snippet:-1, max-image-preview:large, max-video-preview:-1\" \/>\n<link rel=\"canonical\" href=\"https:\/\/www.pilgrim.es\/it\/cammino-nord\/sebrayo\/\" \/>\n<meta property=\"og:locale\" content=\"it_IT\" \/>\n<meta property=\"og:type\" content=\"article\" \/>\n<meta property=\"og:title\" content=\"Sebrayo: Cosa vedere e dove dormire | Cammino di Santiago | Pilgrim\" \/>\n<meta property=\"og:description\" content=\"Sebrayo Scopri tutte le informazioni su dove alloggiare, come arrivare, cosa mangiare e sui principali punti di interesse delle localit\u00e0 lungo il Cammino del Nord.\" \/>\n<meta property=\"og:url\" content=\"https:\/\/www.pilgrim.es\/it\/cammino-nord\/sebrayo\/\" \/>\n<meta property=\"og:site_name\" content=\"Pilgrim\" \/>\n<meta property=\"article:publisher\" content=\"https:\/\/www.facebook.com\/pilgrim.es\/\" \/>\n<meta property=\"article:modified_time\" content=\"2026-05-11T12:48:19+00:00\" \/>\n<meta property=\"og:image\" content=\"https:\/\/www.pilgrim.es\/wp-content\/uploads\/2019\/02\/sebrayo1.jpg\" \/>\n\t<meta property=\"og:image:width\" content=\"650\" \/>\n\t<meta property=\"og:image:height\" content=\"488\" \/>\n\t<meta property=\"og:image:type\" content=\"image\/jpeg\" \/>\n<meta name=\"twitter:card\" content=\"summary_large_image\" \/>\n<meta name=\"twitter:site\" content=\"@pilgrim_es\" \/>\n<meta name=\"twitter:label1\" content=\"Tempo di lettura stimato\" \/>\n\t<meta name=\"twitter:data1\" content=\"2 minuti\" \/>\n<script type=\"application\/ld+json\" class=\"yoast-schema-graph\">{\"@context\":\"https:\\\/\\\/schema.org\",\"@graph\":[{\"@type\":\"WebPage\",\"@id\":\"https:\\\/\\\/www.pilgrim.es\\\/it\\\/cammino-nord\\\/sebrayo\\\/\",\"url\":\"https:\\\/\\\/www.pilgrim.es\\\/it\\\/cammino-nord\\\/sebrayo\\\/\",\"name\":\"Sebrayo: Cosa vedere e dove dormire | Cammino di Santiago | Pilgrim\",\"isPartOf\":{\"@id\":\"https:\\\/\\\/www.pilgrim.es\\\/it\\\/#website\"},\"primaryImageOfPage\":{\"@id\":\"https:\\\/\\\/www.pilgrim.es\\\/it\\\/cammino-nord\\\/sebrayo\\\/#primaryimage\"},\"image\":{\"@id\":\"https:\\\/\\\/www.pilgrim.es\\\/it\\\/cammino-nord\\\/sebrayo\\\/#primaryimage\"},\"thumbnailUrl\":\"https:\\\/\\\/www.pilgrim.es\\\/wp-content\\\/uploads\\\/2019\\\/02\\\/sebrayo1.jpg\",\"datePublished\":\"2025-03-17T14:52:47+00:00\",\"dateModified\":\"2026-05-11T12:48:19+00:00\",\"description\":\"Sebrayo Scopri tutte le informazioni su dove alloggiare, come arrivare, cosa mangiare e sui principali punti di interesse delle localit\u00e0 lungo il Cammino del Nord.\",\"breadcrumb\":{\"@id\":\"https:\\\/\\\/www.pilgrim.es\\\/it\\\/cammino-nord\\\/sebrayo\\\/#breadcrumb\"},\"inLanguage\":\"it-IT\",\"potentialAction\":[{\"@type\":\"ReadAction\",\"target\":[\"https:\\\/\\\/www.pilgrim.es\\\/it\\\/cammino-nord\\\/sebrayo\\\/\"]}]},{\"@type\":\"ImageObject\",\"inLanguage\":\"it-IT\",\"@id\":\"https:\\\/\\\/www.pilgrim.es\\\/it\\\/cammino-nord\\\/sebrayo\\\/#primaryimage\",\"url\":\"https:\\\/\\\/www.pilgrim.es\\\/wp-content\\\/uploads\\\/2019\\\/02\\\/sebrayo1.jpg\",\"contentUrl\":\"https:\\\/\\\/www.pilgrim.es\\\/wp-content\\\/uploads\\\/2019\\\/02\\\/sebrayo1.jpg\",\"width\":650,\"height\":488,\"caption\":\"Sebrayo\"},{\"@type\":\"BreadcrumbList\",\"@id\":\"https:\\\/\\\/www.pilgrim.es\\\/it\\\/cammino-nord\\\/sebrayo\\\/#breadcrumb\",\"itemListElement\":[{\"@type\":\"ListItem\",\"position\":1,\"name\":\"Camino de Santiago\",\"item\":\"https:\\\/\\\/www.pilgrim.es\\\/it\\\/\"},{\"@type\":\"ListItem\",\"position\":2,\"name\":\"Cammino del Nord\",\"item\":\"https:\\\/\\\/www.pilgrim.es\\\/it\\\/cammino-nord\\\/\"},{\"@type\":\"ListItem\",\"position\":3,\"name\":\"Sebrayo\"}]},{\"@type\":\"WebSite\",\"@id\":\"https:\\\/\\\/www.pilgrim.es\\\/it\\\/#website\",\"url\":\"https:\\\/\\\/www.pilgrim.es\\\/it\\\/\",\"name\":\"Pilgrim\",\"description\":\"Camino de Santiago | Caminamos Contigo\",\"publisher\":{\"@id\":\"https:\\\/\\\/www.pilgrim.es\\\/it\\\/#organization\"},\"potentialAction\":[{\"@type\":\"SearchAction\",\"target\":{\"@type\":\"EntryPoint\",\"urlTemplate\":\"https:\\\/\\\/www.pilgrim.es\\\/it\\\/?s={search_term_string}\"},\"query-input\":{\"@type\":\"PropertyValueSpecification\",\"valueRequired\":true,\"valueName\":\"search_term_string\"}}],\"inLanguage\":\"it-IT\"},{\"@type\":\"Organization\",\"@id\":\"https:\\\/\\\/www.pilgrim.es\\\/it\\\/#organization\",\"name\":\"Pilgrim Camino de Santiago\",\"url\":\"https:\\\/\\\/www.pilgrim.es\\\/it\\\/\",\"logo\":{\"@type\":\"ImageObject\",\"inLanguage\":\"it-IT\",\"@id\":\"https:\\\/\\\/www.pilgrim.es\\\/it\\\/#\\\/schema\\\/logo\\\/image\\\/\",\"url\":\"https:\\\/\\\/www.pilgrim.es\\\/wp-content\\\/uploads\\\/2019\\\/04\\\/logo_pilgrim.png\",\"contentUrl\":\"https:\\\/\\\/www.pilgrim.es\\\/wp-content\\\/uploads\\\/2019\\\/04\\\/logo_pilgrim.png\",\"width\":512,\"height\":512,\"caption\":\"Pilgrim Camino de Santiago\"},\"image\":{\"@id\":\"https:\\\/\\\/www.pilgrim.es\\\/it\\\/#\\\/schema\\\/logo\\\/image\\\/\"},\"sameAs\":[\"https:\\\/\\\/www.facebook.com\\\/pilgrim.es\\\/\",\"https:\\\/\\\/x.com\\\/pilgrim_es\",\"https:\\\/\\\/www.instagram.com\\\/pilgrim.es\\\/\",\"https:\\\/\\\/www.linkedin.com\\\/company\\\/pilgrim-camino-de-santiago\\\/\",\"https:\\\/\\\/www.pinterest.es\\\/pilgrimcaminodesantiago\\\/\",\"https:\\\/\\\/www.youtube.com\\\/channel\\\/UCIv2ZzFLXVqthkNF32rKedw\\\/featured\"]}]}<\/script>\n<!-- \/ Yoast SEO plugin. -->","yoast_head_json":{"title":"Sebrayo: Cosa vedere e dove dormire | Cammino di Santiago | Pilgrim","description":"Sebrayo Scopri tutte le informazioni su dove alloggiare, come arrivare, cosa mangiare e sui principali punti di interesse delle localit\u00e0 lungo il Cammino del Nord.","robots":{"index":"index","follow":"follow","max-snippet":"max-snippet:-1","max-image-preview":"max-image-preview:large","max-video-preview":"max-video-preview:-1"},"canonical":"https:\/\/www.pilgrim.es\/it\/cammino-nord\/sebrayo\/","og_locale":"it_IT","og_type":"article","og_title":"Sebrayo: Cosa vedere e dove dormire | Cammino di Santiago | Pilgrim","og_description":"Sebrayo Scopri tutte le informazioni su dove alloggiare, come arrivare, cosa mangiare e sui principali punti di interesse delle localit\u00e0 lungo il Cammino del Nord.","og_url":"https:\/\/www.pilgrim.es\/it\/cammino-nord\/sebrayo\/","og_site_name":"Pilgrim","article_publisher":"https:\/\/www.facebook.com\/pilgrim.es\/","article_modified_time":"2026-05-11T12:48:19+00:00","og_image":[{"width":650,"height":488,"url":"https:\/\/www.pilgrim.es\/wp-content\/uploads\/2019\/02\/sebrayo1.jpg","type":"image\/jpeg"}],"twitter_card":"summary_large_image","twitter_site":"@pilgrim_es","twitter_misc":{"Tempo di lettura stimato":"2 minuti"},"schema":{"@context":"https:\/\/schema.org","@graph":[{"@type":"WebPage","@id":"https:\/\/www.pilgrim.es\/it\/cammino-nord\/sebrayo\/","url":"https:\/\/www.pilgrim.es\/it\/cammino-nord\/sebrayo\/","name":"Sebrayo: Cosa vedere e dove dormire | Cammino di Santiago | Pilgrim","isPartOf":{"@id":"https:\/\/www.pilgrim.es\/it\/#website"},"primaryImageOfPage":{"@id":"https:\/\/www.pilgrim.es\/it\/cammino-nord\/sebrayo\/#primaryimage"},"image":{"@id":"https:\/\/www.pilgrim.es\/it\/cammino-nord\/sebrayo\/#primaryimage"},"thumbnailUrl":"https:\/\/www.pilgrim.es\/wp-content\/uploads\/2019\/02\/sebrayo1.jpg","datePublished":"2025-03-17T14:52:47+00:00","dateModified":"2026-05-11T12:48:19+00:00","description":"Sebrayo Scopri tutte le informazioni su dove alloggiare, come arrivare, cosa mangiare e sui principali punti di interesse delle localit\u00e0 lungo il Cammino del Nord.","breadcrumb":{"@id":"https:\/\/www.pilgrim.es\/it\/cammino-nord\/sebrayo\/#breadcrumb"},"inLanguage":"it-IT","potentialAction":[{"@type":"ReadAction","target":["https:\/\/www.pilgrim.es\/it\/cammino-nord\/sebrayo\/"]}]},{"@type":"ImageObject","inLanguage":"it-IT","@id":"https:\/\/www.pilgrim.es\/it\/cammino-nord\/sebrayo\/#primaryimage","url":"https:\/\/www.pilgrim.es\/wp-content\/uploads\/2019\/02\/sebrayo1.jpg","contentUrl":"https:\/\/www.pilgrim.es\/wp-content\/uploads\/2019\/02\/sebrayo1.jpg","width":650,"height":488,"caption":"Sebrayo"},{"@type":"BreadcrumbList","@id":"https:\/\/www.pilgrim.es\/it\/cammino-nord\/sebrayo\/#breadcrumb","itemListElement":[{"@type":"ListItem","position":1,"name":"Camino de Santiago","item":"https:\/\/www.pilgrim.es\/it\/"},{"@type":"ListItem","position":2,"name":"Cammino del Nord","item":"https:\/\/www.pilgrim.es\/it\/cammino-nord\/"},{"@type":"ListItem","position":3,"name":"Sebrayo"}]},{"@type":"WebSite","@id":"https:\/\/www.pilgrim.es\/it\/#website","url":"https:\/\/www.pilgrim.es\/it\/","name":"Pilgrim","description":"Camino de Santiago | Caminamos Contigo","publisher":{"@id":"https:\/\/www.pilgrim.es\/it\/#organization"},"potentialAction":[{"@type":"SearchAction","target":{"@type":"EntryPoint","urlTemplate":"https:\/\/www.pilgrim.es\/it\/?s={search_term_string}"},"query-input":{"@type":"PropertyValueSpecification","valueRequired":true,"valueName":"search_term_string"}}],"inLanguage":"it-IT"},{"@type":"Organization","@id":"https:\/\/www.pilgrim.es\/it\/#organization","name":"Pilgrim Camino de Santiago","url":"https:\/\/www.pilgrim.es\/it\/","logo":{"@type":"ImageObject","inLanguage":"it-IT","@id":"https:\/\/www.pilgrim.es\/it\/#\/schema\/logo\/image\/","url":"https:\/\/www.pilgrim.es\/wp-content\/uploads\/2019\/04\/logo_pilgrim.png","contentUrl":"https:\/\/www.pilgrim.es\/wp-content\/uploads\/2019\/04\/logo_pilgrim.png","width":512,"height":512,"caption":"Pilgrim Camino de Santiago"},"image":{"@id":"https:\/\/www.pilgrim.es\/it\/#\/schema\/logo\/image\/"},"sameAs":["https:\/\/www.facebook.com\/pilgrim.es\/","https:\/\/x.com\/pilgrim_es","https:\/\/www.instagram.com\/pilgrim.es\/","https:\/\/www.linkedin.com\/company\/pilgrim-camino-de-santiago\/","https:\/\/www.pinterest.es\/pilgrimcaminodesantiago\/","https:\/\/www.youtube.com\/channel\/UCIv2ZzFLXVqthkNF32rKedw\/featured"]}]}},"_links":{"self":[{"href":"https:\/\/www.pilgrim.es\/it\/wp-json\/wp\/v2\/pages\/91294","targetHints":{"allow":["GET"]}}],"collection":[{"href":"https:\/\/www.pilgrim.es\/it\/wp-json\/wp\/v2\/pages"}],"about":[{"href":"https:\/\/www.pilgrim.es\/it\/wp-json\/wp\/v2\/types\/page"}],"replies":[{"embeddable":true,"href":"https:\/\/www.pilgrim.es\/it\/wp-json\/wp\/v2\/comments?post=91294"}],"version-history":[{"count":1,"href":"https:\/\/www.pilgrim.es\/it\/wp-json\/wp\/v2\/pages\/91294\/revisions"}],"predecessor-version":[{"id":140943,"href":"https:\/\/www.pilgrim.es\/it\/wp-json\/wp\/v2\/pages\/91294\/revisions\/140943"}],"up":[{"embeddable":true,"href":"https:\/\/www.pilgrim.es\/it\/wp-json\/wp\/v2\/pages\/10817"}],"wp:featuredmedia":[{"embeddable":true,"href":"https:\/\/www.pilgrim.es\/it\/wp-json\/wp\/v2\/media\/8530"}],"wp:attachment":[{"href":"https:\/\/www.pilgrim.es\/it\/wp-json\/wp\/v2\/media?parent=91294"}],"wp:term":[{"taxonomy":"category","embeddable":true,"href":"https:\/\/www.pilgrim.es\/it\/wp-json\/wp\/v2\/categories?post=91294"},{"taxonomy":"post_tag","embeddable":true,"href":"https:\/\/www.pilgrim.es\/it\/wp-json\/wp\/v2\/tags?post=91294"}],"curies":[{"name":"wp","href":"https:\/\/api.w.org\/{rel}","templated":true}]}}