{"id":50175,"date":"2020-03-12T15:21:09","date_gmt":"2020-03-12T15:21:09","guid":{"rendered":"https:\/\/prod.pilgrim.es\/politica-dei-cookie\/"},"modified":"2025-02-18T12:58:23","modified_gmt":"2025-02-18T12:58:23","slug":"politica-dei-cookie","status":"publish","type":"page","link":"https:\/\/www.pilgrim.es\/it\/politica-dei-cookie\/","title":{"rendered":"Politica dei Cookie"},"content":{"rendered":" <section id=\"policies\">\n  <h1>Politica dei Cookie<\/h1>\n\n  <p>\n    Pilgrim Travel SL informa sull\u2019utilizzo dei cookie nella sua pagina web.\n    ww.pilgrim.es\n  <\/p>\n\n  <h2 class=\"wp-block-heading\">Che sono I cookie?<\/h2>\n\n  <p>\n    I cookie sono archivi che si possono scaricare sulle apparecchiature\n    attraverso della pagina web. Sono strumenti che hanno un ruolo essenziale\n    nella prestazione di numerosi servizi all\u2019interno della societ\u00e0\n    dell\u2019informazione. Tra questi, permettono alla pagina web di immagazzinare e\n    recuperare le informazioni relative alle abitudini di un usuario o del suo\n    computer e, a seconda delle informazioni ottenute, si possono utilizzare per\n    riconoscere l\u2019usuario e migliorare il servicio prestato.\n  <\/p>\n\n  <h2 class=\"wp-block-heading\">Tipi di cookie<\/h2>\n\n  <p>\n    A seconda di chi sia l\u2019entit\u00e0 che gestisce da dove si inviano i cookie e che\n    si occupa dei dati che si ottengono, si possono distinguere due tipi:\n  <\/p>\n\n  <ul class=\"wp-block-list\">\n    <li>\n      Cookies propias: aqu\u00e9llas que se env\u00edan al equipo terminal del usuario\n      desde un equipo o dominio gestionado por el propio editor y desde el que\n      se presta el servicio solicitado por el usuario.\n    <\/li>\n    <li>\n      Cookie di terze parti: sono quelli che si inviano alle apparecchiature\n      terminali dell\u2019usuario da un\u2019apparecchio o da un controllo che non \u00e8\n      gestito da un responsabile ma da un\u2019altra entit\u00e0 che si occupa dei dati\n      ottenuti attraverso i cookie.\n    <\/li>\n  <\/ul>\n\n  <p>\n    Nel caso in cui i cookie siano installati da un apparecchio o da un\n    controllo gestito dal proprio responsabile, ma che le informazioni ottenute\n    mediante questi siano gestite da terze parti, non possono essere considerati\n    come cookie propri.\n  <\/p>\n\n  <p>\n    Esiste anche una seconda classificazione che dipende dal periodo tempo in\n    cui restano immagazzinati nel navigatore del cliente, potendosi quindi\n    trattare di:\n  <\/p>\n\n  <ul class=\"wp-block-list\">\n    <li>\n      Cookies de sesi\u00f3n: dise\u00f1adas para recabar y almacenar datos mientras el\n      usuario accede a una p\u00e1gina web. Se suelen emplear para almacenar\n      informaci\u00f3n que solo interesa conservar para la prestaci\u00f3n del servicio\n      solicitado por el usuario en una sola ocasi\u00f3n (p.e. una lista de productos\n      adquiridos).\n    <\/li>\n    <li>\n      Cookies persistentes: los datos siguen almacenados en el terminal y pueden\n      ser accedidos y tratados durante un periodo definido por el responsable de\n      la cookie, y que puede ir de unos minutos a varios a\u00f1os.\n    <\/li>\n  <\/ul>\n\n  <p>\n    Infine, esiste un\u2019altra classificazione che include cinque tipi di cookie a\n    seconda della finalit\u00e1 con cui si utilizzano i dati ottenuti:\n  <\/p>\n\n  <ul class=\"wp-block-list\">\n    <li>\n      Cookies t\u00e9cnicas: aquellas que permiten al usuario la navegaci\u00f3n a trav\u00e9s\n      de una p\u00e1gina web, plataforma o aplicaci\u00f3n y la utilizaci\u00f3n de las\n      diferentes opciones o servicios que en ella existan como, por ejemplo,\n      controlar el tr\u00e1fico y la comunicaci\u00f3n de datos, identificar la sesi\u00f3n,\n      acceder a partes de acceso restringido, recordar los elementos que\n      integran un pedido, realizar el proceso de compra de un pedido, realizar\n      la solicitud de inscripci\u00f3n o participaci\u00f3n en un evento, utilizar\n      elementos de seguridad durante la navegaci\u00f3n, almacenar contenidos para la\n      difusi\u00f3n de v\u00eddeos o sonido o compartir contenidos a trav\u00e9s de redes\n      sociales.\n    <\/li>\n    <li>\n      Cookies de personalizaci\u00f3n: permiten al usuario acceder al servicio con\n      algunas caracter\u00edsticas de car\u00e1cter general predefinidas en funci\u00f3n de una\n      serie de criterios en el terminal del usuario como por ejemplo serian el\n      idioma, el tipo de navegador a trav\u00e9s del cual accede al servicio, la\n      configuraci\u00f3n regional desde donde accede al servicio, etc.\n    <\/li>\n    <li>\n      Cookie di analisi: permettono al responsabile degli stessi di controllare\n      e analizzare il comportamento degli usuari nelle pagine web a cui sono\n      vincolati. Le informazioni raccolte da questo tipo di cookie si utilizzano\n      per misurare l\u2019attivit\u00e0 nelle pagine web, applicazioni o piattaforme e, si\n      utilizzano anche con la finalit\u00e0 di elaborare profili di navigazione degli\n      usuari delle suddette web, applicazioni e piattaforme. Lo scopo di tutto\n      ci\u00f2 \u00e8 introdurre dei miglioramenti in funzione delle analisi dei dati\n      dell\u2019utilizzo del servizio da parte degli usuari.\n    <\/li>\n    <li>\n      Cookie pubblicitari: permettono la gestione, nel modo pi\u00f9 efficace\n      possibile, degli spazi pubblicitari.\n    <\/li>\n    <li>\n      Cookies de publicidad comportamental: almacenan informaci\u00f3n del\n      comportamiento de los usuarios obtenida a trav\u00e9s de la observaci\u00f3n\n      continuada de sus h\u00e1bitos de navegaci\u00f3n, lo que permite desarrollar un\n      perfil espec\u00edfico para mostrar publicidad en funci\u00f3n del mismo.\n    <\/li>\n    <li>\n      Cookies de redes sociales externas: se utilizan para que los visitantes\n      puedan interactuar con el contenido de diferentes plataformas sociales\n      (facebook, youtube, twitter, linkedIn, etc..) y que se generen \u00fanicamente\n      para los usuarios de dichas redes sociales. Las condiciones de utilizaci\u00f3n\n      de estas cookies y la informaci\u00f3n recopilada se regula por la pol\u00edtica de\n      privacidad de la plataforma social correspondiente.\n    <\/li>\n  <\/ul>\n\n  <h2 class=\"wp-block-heading\">Disattivazione e eliminazione dei cookie<\/h2>\n\n  <p>\n    Esiste la possibilit\u00e0 di accettare, bloccare o eliminare i cookie installati\n    nel tuo computer attraverso la configurazione delle opzioni del navigatore\n    installato. Quando disattivi i cookie, alcuni dei servizi disponibili\n    potrebbero non essere operativi. La modalit\u00e0 con cui si possono disattivare\n    i cookie cambia a seconda del tipo di navigatore che si usa per\u00f2,\n    normalmente si pu\u00f2 eseguire dal men\u00fa impostazioni o opzioni. Si pu\u00f2\n    consultare il men\u00fa di aiuto del navigatore dove \u00e8 possibile trovare le\n    istruzioni. L\u2019usuario potr\u00e0 scegliere in qualsiasi momento che tipo di\n    cookie vuole che restino attivi nella pagina web.\n  <\/p>\n\n  <p>\n    Si possono accettare, bloccare o eliminare i cookie installati nel suo\n    computer attraverso la configurazione delle opzioni del navigatore\n    installato nel suo computer:\n  <\/p>\n\n  <ul class=\"wp-block-list\">\n    <li>\n      Microsoft Internet Explorer o Microsoft Edge:\n      <a href=\"http:\/\/windows.microsoft.com\/es-es\/windows-vista\/Block-or-allow-cookies\">Ver aqu\u00ed<\/a>\n    <\/li>\n    <li>\n      Mozilla Firefox:\n      <a href=\"https:\/\/support.mozilla.org\/es\/kb\/impedir-que-los-sitios-web-guarden-sus-preferencia\">Vedi qui<\/a>\n    <\/li>\n    <li>\n      Chrome:\n      <a href=\"https:\/\/support.google.com\/accounts\/answer\/61416?hl=es\">Ver aqu\u00ed<\/a>\n    <\/li>\n    <li>\n      Safari:\n      <a href=\"http:\/\/safari.helpmax.net\/es\/privacidad-y-seguridad\/como-gestionar-las-cookies\/\">Ver aqu\u00ed<\/a>\n    <\/li>\n    <li>\n      Opera:\n      <a href=\"http:\/\/help.opera.com\/Linux\/10.60\/es-ES\/cookies.html\">Vedi qui<\/a>\n    <\/li>\n  <\/ul>\n\n  <p>\n    Inoltre \u00e8 possibile gestire l\u2019immagazzinamento dei cookie nel proprio\n    navigatore attraverso di strumenti come i seguenti:\n  <\/p>\n\n  <ul class=\"wp-block-list\">\n    <li>Ghostery: www.ghostery.com\/<\/li>\n    <li>Your online choices: www.youronlinechoices.com\/es\/<\/li>\n  <\/ul>\n\n  <h2 class=\"wp-block-heading\">Cookie utilizzati in www.pilgrim.es\/it\/<\/h2>\n\n  <p>\n    A continuazione si identificheranno i cookie che sono utilizzati in questo\n    portale, in particolare la tipologia e la funzione:\n  <\/p>\n\n  <ul class=\"wp-block-list\">\n    <li>\n      T\u00e9cnicas: Obligatorias. Estas cookies muestran la p\u00e1gina adaptada a tu\n      dispositivo o al idioma del navegador, entre otras configuraciones.\n    <\/li>\n    <li>\n      Anal\u00edticas: Estas Cookies recopilan informaci\u00f3n de tu navegaci\u00f3n en la web\n      \u2013 Podemos contabilizar el n\u00famero de visitantes de la p\u00e1gina o los\n      contenidos m\u00e1s vistos.\n    <\/li>\n    <li>\n      Pubblicit\u00e0: questi cookie raccolgono informazioni sugli annunci mostrati a\n      ogni usuario. Essi adattano la pubblicit\u00e0 al tipo di dispositivo da cui\n      l\u2019usuario si sta connettendo.\n    <\/li>\n  <\/ul>\n\n  <h2 class=\"wp-block-heading\">Accettazione della politica dei cookie<\/h2>\n\n  <p>\n    www.pilgrim.es\/it\/ da per scontato che lei accetti l\u2019uso dei cookie. Ci\u00f2\n    nonostante, le nostre informazioni relative alla sua politica di cookie sono\n    nella parte inferiore di qualsiasi pagina del portale e compaiono ad ogni\n    inizio di sessione affinch\u00e8 lei ne sia al corrente.\n  <\/p>\n\n  <p>\n    Con queste informazioni \u00e8 possibile portare a termine le seguenti azioni:\n  <\/p>\n\n  <ul class=\"wp-block-list\">\n    <li>\n      Accettare i cookie. Non visualizzerai di nuovo questo avviso dopo averlo\n      accettato da qualsiasi pagina del nostro portale durante la stessa\n      sessione.\n    <\/li>\n    <li>Cerrar. Se oculta el aviso en la presente p\u00e1gina.<\/li>\n    <li>\n      Modificar su configuraci\u00f3n. Podr\u00e1 obtener m\u00e1s informaci\u00f3n sobre qu\u00e9 son\n      las cookies, conocer la Pol\u00edtica de cookies de www.pilgrim.es y modificar\n      la configuraci\u00f3n de su navegador.\n    <\/li>\n  <\/ul>\n<\/section>\n ","protected":false},"excerpt":{"rendered":"<p>Politica dei Cookie Pilgrim Travel SL informa sull\u2019utilizzo dei cookie nella sua pagina web. ww.pilgrim.es Che sono I cookie? I cookie sono archivi che si possono scaricare sulle apparecchiature attraverso della pagina web. Sono strumenti che hanno un ruolo essenziale nella prestazione di numerosi servizi all\u2019interno della societ\u00e0 dell\u2019informazione. Tra questi, permettono alla pagina web &hellip; <\/p>\n<p class=\"read_more\"><a href=\"https:\/\/www.pilgrim.es\/it\/politica-dei-cookie\/\">Leer m\u00e1s<\/a><\/p>\n","protected":false},"author":4,"featured_media":0,"parent":0,"menu_order":0,"comment_status":"closed","ping_status":"closed","template":"views\/template-new-web-design.blade.php","meta":{"footnotes":""},"categories":[],"tags":[],"class_list":["post-50175","page","type-page","status-publish","hentry"],"yoast_head":"<!-- This site is optimized with the Yoast SEO plugin v27.4 - https:\/\/yoast.com\/product\/yoast-seo-wordpress\/ -->\n<title>Politica dei Cookie - Pilgrim<\/title>\n<meta name=\"robots\" content=\"noindex, follow\" \/>\n<meta property=\"og:locale\" content=\"it_IT\" \/>\n<meta property=\"og:type\" content=\"article\" \/>\n<meta property=\"og:title\" content=\"Politica dei Cookie - Pilgrim\" \/>\n<meta property=\"og:description\" content=\"Politica dei Cookie Pilgrim Travel SL informa sull\u2019utilizzo dei cookie nella sua pagina web. ww.pilgrim.es Che sono I cookie? I cookie sono archivi che si possono scaricare sulle apparecchiature attraverso della pagina web. Sono strumenti che hanno un ruolo essenziale nella prestazione di numerosi servizi all\u2019interno della societ\u00e0 dell\u2019informazione. Tra questi, permettono alla pagina web &hellip; Leer m\u00e1s\" \/>\n<meta property=\"og:url\" content=\"https:\/\/www.pilgrim.es\/it\/politica-dei-cookie\/\" \/>\n<meta property=\"og:site_name\" content=\"Pilgrim\" \/>\n<meta property=\"article:publisher\" content=\"https:\/\/www.facebook.com\/pilgrim.es\/\" \/>\n<meta property=\"article:modified_time\" content=\"2025-02-18T12:58:23+00:00\" \/>\n<meta name=\"twitter:card\" content=\"summary_large_image\" \/>\n<meta name=\"twitter:site\" content=\"@pilgrim_es\" \/>\n<meta name=\"twitter:label1\" content=\"Tempo di lettura stimato\" \/>\n\t<meta name=\"twitter:data1\" content=\"6 minuti\" \/>\n<script type=\"application\/ld+json\" class=\"yoast-schema-graph\">{\"@context\":\"https:\\\/\\\/schema.org\",\"@graph\":[{\"@type\":\"WebPage\",\"@id\":\"https:\\\/\\\/www.pilgrim.es\\\/it\\\/politica-dei-cookie\\\/\",\"url\":\"https:\\\/\\\/www.pilgrim.es\\\/it\\\/politica-dei-cookie\\\/\",\"name\":\"Politica dei Cookie - Pilgrim\",\"isPartOf\":{\"@id\":\"https:\\\/\\\/www.pilgrim.es\\\/it\\\/#website\"},\"datePublished\":\"2020-03-12T15:21:09+00:00\",\"dateModified\":\"2025-02-18T12:58:23+00:00\",\"breadcrumb\":{\"@id\":\"https:\\\/\\\/www.pilgrim.es\\\/it\\\/politica-dei-cookie\\\/#breadcrumb\"},\"inLanguage\":\"it-IT\",\"potentialAction\":[{\"@type\":\"ReadAction\",\"target\":[\"https:\\\/\\\/www.pilgrim.es\\\/it\\\/politica-dei-cookie\\\/\"]}]},{\"@type\":\"BreadcrumbList\",\"@id\":\"https:\\\/\\\/www.pilgrim.es\\\/it\\\/politica-dei-cookie\\\/#breadcrumb\",\"itemListElement\":[{\"@type\":\"ListItem\",\"position\":1,\"name\":\"Camino de Santiago\",\"item\":\"https:\\\/\\\/www.pilgrim.es\\\/it\\\/\"},{\"@type\":\"ListItem\",\"position\":2,\"name\":\"Politica dei Cookie\"}]},{\"@type\":\"WebSite\",\"@id\":\"https:\\\/\\\/www.pilgrim.es\\\/it\\\/#website\",\"url\":\"https:\\\/\\\/www.pilgrim.es\\\/it\\\/\",\"name\":\"Pilgrim\",\"description\":\"Camino de Santiago | Caminamos Contigo\",\"publisher\":{\"@id\":\"https:\\\/\\\/www.pilgrim.es\\\/it\\\/#organization\"},\"potentialAction\":[{\"@type\":\"SearchAction\",\"target\":{\"@type\":\"EntryPoint\",\"urlTemplate\":\"https:\\\/\\\/www.pilgrim.es\\\/it\\\/?s={search_term_string}\"},\"query-input\":{\"@type\":\"PropertyValueSpecification\",\"valueRequired\":true,\"valueName\":\"search_term_string\"}}],\"inLanguage\":\"it-IT\"},{\"@type\":\"Organization\",\"@id\":\"https:\\\/\\\/www.pilgrim.es\\\/it\\\/#organization\",\"name\":\"Pilgrim Camino de Santiago\",\"url\":\"https:\\\/\\\/www.pilgrim.es\\\/it\\\/\",\"logo\":{\"@type\":\"ImageObject\",\"inLanguage\":\"it-IT\",\"@id\":\"https:\\\/\\\/www.pilgrim.es\\\/it\\\/#\\\/schema\\\/logo\\\/image\\\/\",\"url\":\"https:\\\/\\\/www.pilgrim.es\\\/wp-content\\\/uploads\\\/2019\\\/04\\\/logo_pilgrim.png\",\"contentUrl\":\"https:\\\/\\\/www.pilgrim.es\\\/wp-content\\\/uploads\\\/2019\\\/04\\\/logo_pilgrim.png\",\"width\":512,\"height\":512,\"caption\":\"Pilgrim Camino de Santiago\"},\"image\":{\"@id\":\"https:\\\/\\\/www.pilgrim.es\\\/it\\\/#\\\/schema\\\/logo\\\/image\\\/\"},\"sameAs\":[\"https:\\\/\\\/www.facebook.com\\\/pilgrim.es\\\/\",\"https:\\\/\\\/x.com\\\/pilgrim_es\",\"https:\\\/\\\/www.instagram.com\\\/pilgrim.es\\\/\",\"https:\\\/\\\/www.linkedin.com\\\/company\\\/pilgrim-camino-de-santiago\\\/\",\"https:\\\/\\\/www.pinterest.es\\\/pilgrimcaminodesantiago\\\/\",\"https:\\\/\\\/www.youtube.com\\\/channel\\\/UCIv2ZzFLXVqthkNF32rKedw\\\/featured\"]}]}<\/script>\n<!-- \/ Yoast SEO plugin. -->","yoast_head_json":{"title":"Politica dei Cookie - Pilgrim","robots":{"index":"noindex","follow":"follow"},"og_locale":"it_IT","og_type":"article","og_title":"Politica dei Cookie - Pilgrim","og_description":"Politica dei Cookie Pilgrim Travel SL informa sull\u2019utilizzo dei cookie nella sua pagina web. ww.pilgrim.es Che sono I cookie? I cookie sono archivi che si possono scaricare sulle apparecchiature attraverso della pagina web. Sono strumenti che hanno un ruolo essenziale nella prestazione di numerosi servizi all\u2019interno della societ\u00e0 dell\u2019informazione. Tra questi, permettono alla pagina web &hellip; Leer m\u00e1s","og_url":"https:\/\/www.pilgrim.es\/it\/politica-dei-cookie\/","og_site_name":"Pilgrim","article_publisher":"https:\/\/www.facebook.com\/pilgrim.es\/","article_modified_time":"2025-02-18T12:58:23+00:00","twitter_card":"summary_large_image","twitter_site":"@pilgrim_es","twitter_misc":{"Tempo di lettura stimato":"6 minuti"},"schema":{"@context":"https:\/\/schema.org","@graph":[{"@type":"WebPage","@id":"https:\/\/www.pilgrim.es\/it\/politica-dei-cookie\/","url":"https:\/\/www.pilgrim.es\/it\/politica-dei-cookie\/","name":"Politica dei Cookie - Pilgrim","isPartOf":{"@id":"https:\/\/www.pilgrim.es\/it\/#website"},"datePublished":"2020-03-12T15:21:09+00:00","dateModified":"2025-02-18T12:58:23+00:00","breadcrumb":{"@id":"https:\/\/www.pilgrim.es\/it\/politica-dei-cookie\/#breadcrumb"},"inLanguage":"it-IT","potentialAction":[{"@type":"ReadAction","target":["https:\/\/www.pilgrim.es\/it\/politica-dei-cookie\/"]}]},{"@type":"BreadcrumbList","@id":"https:\/\/www.pilgrim.es\/it\/politica-dei-cookie\/#breadcrumb","itemListElement":[{"@type":"ListItem","position":1,"name":"Camino de Santiago","item":"https:\/\/www.pilgrim.es\/it\/"},{"@type":"ListItem","position":2,"name":"Politica dei Cookie"}]},{"@type":"WebSite","@id":"https:\/\/www.pilgrim.es\/it\/#website","url":"https:\/\/www.pilgrim.es\/it\/","name":"Pilgrim","description":"Camino de Santiago | Caminamos Contigo","publisher":{"@id":"https:\/\/www.pilgrim.es\/it\/#organization"},"potentialAction":[{"@type":"SearchAction","target":{"@type":"EntryPoint","urlTemplate":"https:\/\/www.pilgrim.es\/it\/?s={search_term_string}"},"query-input":{"@type":"PropertyValueSpecification","valueRequired":true,"valueName":"search_term_string"}}],"inLanguage":"it-IT"},{"@type":"Organization","@id":"https:\/\/www.pilgrim.es\/it\/#organization","name":"Pilgrim Camino de Santiago","url":"https:\/\/www.pilgrim.es\/it\/","logo":{"@type":"ImageObject","inLanguage":"it-IT","@id":"https:\/\/www.pilgrim.es\/it\/#\/schema\/logo\/image\/","url":"https:\/\/www.pilgrim.es\/wp-content\/uploads\/2019\/04\/logo_pilgrim.png","contentUrl":"https:\/\/www.pilgrim.es\/wp-content\/uploads\/2019\/04\/logo_pilgrim.png","width":512,"height":512,"caption":"Pilgrim Camino de Santiago"},"image":{"@id":"https:\/\/www.pilgrim.es\/it\/#\/schema\/logo\/image\/"},"sameAs":["https:\/\/www.facebook.com\/pilgrim.es\/","https:\/\/x.com\/pilgrim_es","https:\/\/www.instagram.com\/pilgrim.es\/","https:\/\/www.linkedin.com\/company\/pilgrim-camino-de-santiago\/","https:\/\/www.pinterest.es\/pilgrimcaminodesantiago\/","https:\/\/www.youtube.com\/channel\/UCIv2ZzFLXVqthkNF32rKedw\/featured"]}]}},"_links":{"self":[{"href":"https:\/\/www.pilgrim.es\/it\/wp-json\/wp\/v2\/pages\/50175","targetHints":{"allow":["GET"]}}],"collection":[{"href":"https:\/\/www.pilgrim.es\/it\/wp-json\/wp\/v2\/pages"}],"about":[{"href":"https:\/\/www.pilgrim.es\/it\/wp-json\/wp\/v2\/types\/page"}],"author":[{"embeddable":true,"href":"https:\/\/www.pilgrim.es\/it\/wp-json\/wp\/v2\/users\/4"}],"replies":[{"embeddable":true,"href":"https:\/\/www.pilgrim.es\/it\/wp-json\/wp\/v2\/comments?post=50175"}],"version-history":[{"count":4,"href":"https:\/\/www.pilgrim.es\/it\/wp-json\/wp\/v2\/pages\/50175\/revisions"}],"predecessor-version":[{"id":89384,"href":"https:\/\/www.pilgrim.es\/it\/wp-json\/wp\/v2\/pages\/50175\/revisions\/89384"}],"wp:attachment":[{"href":"https:\/\/www.pilgrim.es\/it\/wp-json\/wp\/v2\/media?parent=50175"}],"wp:term":[{"taxonomy":"category","embeddable":true,"href":"https:\/\/www.pilgrim.es\/it\/wp-json\/wp\/v2\/categories?post=50175"},{"taxonomy":"post_tag","embeddable":true,"href":"https:\/\/www.pilgrim.es\/it\/wp-json\/wp\/v2\/tags?post=50175"}],"curies":[{"name":"wp","href":"https:\/\/api.w.org\/{rel}","templated":true}]}}