{"id":48643,"date":"2019-11-04T08:43:54","date_gmt":"2019-11-04T08:43:54","guid":{"rendered":"https:\/\/prod.pilgrim.es\/cammino-aragonese\/tappa-6-monreal-puente-la-reina\/"},"modified":"2025-04-25T11:08:55","modified_gmt":"2025-04-25T11:08:55","slug":"tappa-6-monreal-puente-la-reina","status":"publish","type":"page","link":"https:\/\/www.pilgrim.es\/it\/cammino-aragonese\/tappa-6-monreal-puente-la-reina\/","title":{"rendered":"Cammino Aragonese | Tappa 6: Monreal &#8211; Puente la Reina"},"content":{"rendered":"\n<section id=\"heroStage\">\n\t<h1>Cammino Aragonese &#8231; Tappa 6<\/h1>\n\t<div>\n\t\t<div class=\"hero\" data-background=\"https:\/\/cdn.pilgrim.es\/web\/caminos\/camino-aragones\/pueblos\/monreal.jpg\">\n\t\t\t<div class=\"hero__container\">\n\t\t\t\t<div class=\"hero__container__labels\">\n\t\t\t\t\t<p>A piedi<\/p>\n\t\t\t\t\t<p>6 tappe \/ 205 kms<\/p>\n\t\t\t\t<\/div>\n\t\t\t\t<div class=\"hero__container__stage-name\">\n\t\t\t\t\t<h2>\n\t\t\t\t\t\tMonreal <br \/>\n\t\t\t\t\t\t<span>&#10093;<\/span>\n\t\t\t\t\t\tPuente de la Reina\n\t\t\t\t\t<\/h2>\n\t\t\t\t\t<p>30,6 Km<\/p>\n\t\t\t\t<\/div>\n\t\t\t\t<div class=\"hero__container__stage-changer\">\n\t\t\t\t\t<div class=\"stage-control\">\n\t\t\t\t\t\t<a href=\"https:\/\/www.pilgrim.es\/it\/cammino-aragonese\/tappa-5-sanguesa-monreal\/\" class=\"\n                            stage-control__link\"><span>&#10094;<\/span>\n\t\t\t\t\t\t\tTappa 5<\/a>\n\t\t\t\t\t<\/div>\n\t\t\t\t\t<div class=\"stage-control\">\n\t\t\t\t\t\t<a class=\"stage-control__link\"\n\t\t\t\t\t\t\thref=\"https:\/\/www.pilgrim.es\/it\/cammino-francese\/tappa-5-puente-de-la-reina-estella\/\">Tappa\n\t\t\t\t\t\t\t5 (Cammino Francese)\n\t\t\t\t\t\t\t<span>&#10095;<\/span><\/a>\n\t\t\t\t\t<\/div>\n\t\t\t\t<\/div>\n\t\t\t<\/div>\n\t\t<\/div>\n\t\t<div class=\"planner\"><div\r\n  class=\"p-col-span-1 p-rounded-lg p-px-5 p-h-full\"\r\n  style=\"background-image: url('https:\/\/cdn.pilgrim.es\/web\/pilgrim-planner\/bg-plugin-planificador.webp')\"\r\n  rel=\"preload\"\r\n  fetchpriority=\"high\"\r\n  >\r\n    <div class=\"p-text-center p-pt-5 p-text-white p-text-2xl p-font-semibold\">\r\n      Pianifica il tuo cammino    <\/div>\r\n    <div\r\n            id='primary-app'\r\n            data-name='banner'\r\n            data-api='https:\/\/pathfinder.pilgrim.es\/api\/pathfinder\/v2'\r\n            data-mode='normal'\r\n            data-lang='it'\r\n            data-route='1'\r\n            data-destiny='https:\/\/planificador.pilgrim.es'\r\n            data-modality='1'\r\n            data-inline=''\r\n        ><\/div><\/div><\/div>\n\t<\/div>\n<\/section>\n\n<section id=\"scoreBarsStage\">\n\t<section>\r\n  <div class=\"p-flex p-flex-nowrap p-space-x-4 p-py-5 p-overflow-x-auto md:p-grid md:p-grid-cols-3 lg:p-grid-cols-5 md:p-gap-8 md:p-space-x-0 md:p-overflow-hidden scrollbar-thin\">\r\n    <div class=\"p-grid p-grid-cols-4 p-shrink-0 p-w-72 p-snap-start md:p-w-full\">\r\n        <div class=\"p-col-span-1 p-self-center p-text-center p-text-3xl\">\r\n            <i class=\"icon-influx\"><\/i>\r\n        <\/div>\r\n        <div class=\"p-col-span-3 p-flex p-flex-col p-items-start\">\r\n            <div class=\"p-text-start p-text-secondary p-mb-1 p-bold\"> Afflusso <\/div>\r\n            <div class=\"p-w-full p-bg-light p-rounded-full p-h-2 p-relative\">\r\n                <div class=\"p-bg-primary p-h-2 p-rounded-full p-absolute\" style=\"width: 20%;\"><\/div>\r\n            <\/div>\r\n        <\/div>\r\n    <\/div>\r\n\r\n    <div class=\"p-grid p-grid-cols-4 p-shrink-0 p-w-72 p-snap-start md:p-w-full\">\r\n        <div class=\"p-col-span-1 p-self-center p-text-center p-text-3xl\">\r\n            <i class=\"icon-difficulty\"><\/i>\r\n        <\/div>\r\n        <div class=\"p-col-span-3 p-flex p-flex-col p-items-start\">\r\n            <div class=\"p-text-start p-text-secondary p-mb-1 p-bold\"> Difficolt\u00e0 <\/div>\r\n            <div class=\"p-w-full p-bg-light p-rounded-full p-h-2 p-relative\">\r\n                <div class=\"p-bg-primary p-h-2 p-rounded-full p-absolute\" style=\"width: 60%;\"><\/div>\r\n            <\/div>\r\n        <\/div>\r\n    <\/div>\r\n\r\n    <div class=\"p-grid p-grid-cols-4 p-shrink-0 p-w-72 p-snap-start md:p-w-full\">\r\n        <div class=\"p-col-span-1 p-self-center p-text-center p-text-3xl\">\r\n            <i class=\"icon-patrimony\"><\/i>\r\n        <\/div>\r\n        <div class=\"p-col-span-3 p-flex p-flex-col p-items-start\">\r\n            <div class=\"p-text-start p-text-secondary p-mb-1 p-bold\"> Arte\/Storia <\/div>\r\n            <div class=\"p-w-full p-bg-light p-rounded-full p-h-2 p-relative\">\r\n                <div class=\"p-bg-primary p-h-2 p-rounded-full p-absolute\" style=\"width: 40%;\"><\/div>\r\n            <\/div>\r\n        <\/div>\r\n    <\/div>\r\n\r\n    <div class=\"p-grid p-grid-cols-4 p-shrink-0 p-w-72 p-snap-start md:p-w-full\">\r\n        <div class=\"p-col-span-1 p-self-center p-text-center p-text-3xl\">\r\n            <i class=\"icon-nature\"><\/i>\r\n        <\/div>\r\n        <div class=\"p-col-span-3 p-flex p-flex-col p-items-start\">\r\n            <div class=\"p-text-start p-text-secondary p-mb-1 p-bold\"> Natura <\/div>\r\n            <div class=\"p-w-full p-bg-light p-rounded-full p-h-2 p-relative\">\r\n                <div class=\"p-bg-primary p-h-2 p-rounded-full p-absolute\" style=\"width: 60%;\"><\/div>\r\n            <\/div>\r\n        <\/div>\r\n    <\/div>\r\n\r\n    <div class=\"p-grid p-grid-cols-4 p-shrink-0 p-w-72 p-snap-start md:p-w-full\">\r\n        <div class=\"p-col-span-1 p-self-center p-text-center p-text-3xl\">\r\n            <i class=\"icon-urban\"><\/i>\r\n        <\/div>\r\n        <div class=\"p-col-span-3 p-flex p-flex-col p-items-start\">\r\n            <div class=\"p-text-start p-text-secondary p-mb-1 p-bold\"> Cammino Francese <\/div>\r\n            <div class=\"p-w-full p-bg-light p-rounded-full p-h-2 p-relative\">\r\n                <div class=\"p-bg-primary p-h-2 p-rounded-full p-absolute\" style=\"width: 20%;\"><\/div>\r\n            <\/div>\r\n        <\/div>\r\n    <\/div>\r\n  <\/div>\r\n<\/section>\n<\/section>\n\n<div id=\"stage-list-section\"><div class=\"stage-list\">\n    <div class='stage-list__map-card'>\n        <div class='stage-list__map-card__map'>\n            <div class='stage-list__map-card__map__text'>\n                <h2> Pages <\/h2>\n                <p> A piedi<\/p>\n                <p> 0tappe<\/p>\n            <\/div>\n            <div class='stage-list__map-card__map__img'>\n                <img decoding=\"async\" src=\"\" alt=\" mapa \" \/>\n            <\/div>\n        <\/div>\n    <\/div>\n\n    <\/div>\n<\/div>\n\n<section id=\"navStage\">\n\t<div>\n\t\t<nav id=\"tab-navigation-section\" class=\"tab-navigation-section--cols-3\">\n\t\t\t<a href=\"#infoSection\" class=\"active\">Informazioni<\/a>\n\t\t\t<a href=\"#itinerarySection\">Itinerario<\/a>\n\t\t\t<a href=\"#locationsSection\">Localit\u00e0<\/a>\n\t\t<\/nav>\n\n\t\t<div id=\"infoSection\">\n\t\t\t<!-- Title Section with Orange Line -->\n\t\t\t<div>\n\t\t\t\t<h4 class=\"p-h4--section\">Informazioni<\/h4>\n\t\t\t\t<hr class=\"orange-bar\" \/>\n\t\t\t\t<h3 class=\"p-h3\">Su questa tappa<\/h3>\n\t\t\t<\/div>\n\n\t\t\t<!-- Main Content Section -->\n\t\t\t<p>\n\t\t\t\tUltima tappa all\u2019interno del Cammino Aragonese, prima dell\u2019unione con il Cammino Francese nella tappa\n\t\t\t\tPuente la Reina \u2013Estella. Su questo tratto guadagner\u00e0 altitudine attraverso il versante nord della\n\t\t\t\tsierra di Alaitz, dopo diverse strade si arriver\u00e0 infine a Puente la Reina, grande luogo di incrocio di\n\t\t\t\tpellegrini e dove si svolge la \u201cLegenda del Txori\u201d di cui abbiamo parlato nel nostro post sul blog <a\n\t\t\t\t\thref=\"https:\/\/www.pilgrim.es\/mitos-y-leyendas-del-camino-de-santiago\/\" class=\"p-underline\">\u201cMiti e Leggende sul Cammino\n\t\t\t\t\tdi Santiago\u201d<\/a>.\n\t\t\t<\/p>\n\n\t\t\t<div class=\"recomendation-card\">\n\t\t\t\t<div>\n\t\t\t\t\t<i class=\"icon-logo-pilgrim\"><\/i>\n\t\t\t\t\t<h5>Raccomandazione di Pilgrim<\/h5>\n\t\t\t\t<\/div>\n\t\t\t\t<p>\n\t\t\t\t\tCi troveremo in una fase rilassata, senza troppi inconvenienti e con buona fermezza. N\u00e9 i\n\t\t\t\t\tciclisti n\u00e9 le persone con disabilit\u00e0 incontreranno problemi.\n\t\t\t\t<\/p>\n\t\t\t<\/div>\n\n\n\t\t\t<div id=\"itinerarySection\">\n\t\t\t\t<h4 class=\"p-h4--section\">Percorso<\/h4>\n\t\t\t\t<hr \/>\n\t\t\t\t<h3 class=\"p-h3\">Itinerario<\/h3>\n\t\t\t\t<div>\n\t\t\t\t\t<h4>Km 0 &#8231; Monreal<\/h4>\n\t\t\t\t\t<p>\n\t\t\t\t\t\tAbbiamo lasciato il villaggio per la strada del Borgo per un cammino sterrato Al momento\n\t\t\t\t\t\topportuno attraverseremo il fiume Elortz attraverso un ponte sulla nostra sinistra.\n\t\t\t\t\t\tAttraversiamo strade coltivate e ci arrampichiamo in alto a nord della Sierra Alaitz fino a\n\t\t\t\t\t\traggiungere la parte alta di Yarnoz.\n\t\t\t\t\t<\/p>\n\t\t\t\t<\/div>\n\t\t\t\t<hr \/>\n\t\t\t\t<div>\n\t\t\t\t\t<p>\n\t\t\t\t\t\tContinuiamo il sentiero situato vicino alla sierra, con attenzione, poich\u00e9 il sentiero in\n\t\t\t\t\t\tquestione non \u00e8 in buono stato, dobbiamo stare attenti per evitare problemi. Pi\u00f9 avanti alla\n\t\t\t\t\t\tnostra destra vedremo il canale di Navarra che porta l\u2019acqua dalla palude di Itoiz.\n\t\t\t\t\t<\/p>\n\t\t\t\t<\/div>\n\t\t\t\t<hr \/>\n\t\t\t\t<div>\n\t\t\t\t\t<p>\n\t\t\t\t\t\tUna volta raggiunta una chiesa, la lasciamo sul lato destro e proseguiamo lungo la strada fino\n\t\t\t\t\t\talla sua fine, una volta l\u00ec prendiamo la deviazione a destra che ci condurr\u00e0 a Tiebas, dove\n\t\t\t\t\t\tentreremo proprio dal lato delle rovine del castello.\n\t\t\t\t\t<\/p>\n\t\t\t\t<\/div>\n\t\t\t\t<hr \/>\n\t\t\t\t<div>\n\t\t\t\t\t<p>\n\t\t\t\t\t\tLasciamo il villaggio alle spalle e scendiamo fino alla strada parallela a destra\n\t\t\t\t\t\tdell\u2019autostrada AP-15, che dovremo attraversare pi\u00f9 successivamente sotto e in una rotonda\n\t\t\t\t\t\tposteriore attraversare di nuovo al di sotto di quella nazionale. Continuando la strada dovremo\n\t\t\t\t\t\tpassare di nuovo per una strada sotterranea, questa volta per attraversare dei binari.\n\t\t\t\t\t<\/p>\n\t\t\t\t<\/div>\n\t\t\t\t<hr \/>\n\t\t\t\t<div>\n\t\t\t\t\t<p>\n\t\t\t\t\t\tProseguendo il cammino arriviamo a Olcoz, dove prenderemo una strada a destra che scende alla\n\t\t\t\t\t\tvalle del Robo, che ci porter\u00e0 fino ad una strada a sinistra e dopo pochi metri prenderemo un\n\t\t\t\t\t\tsentiero a destra. Arriveremo fino alla strada da Ucar a Tirapu che dovremo attraversare e\n\t\t\t\t\t\tproseguire dritto fino ad En\u00e9riz.\n\t\t\t\t\t<\/p>\n\t\t\t\t<\/div>\n\t\t\t\t<hr \/>\n\t\t\t\t<div>\n\t\t\t\t\t<h4>Km 30,6 &#8231; Puente de la Reina<\/h4>\n\t\t\t\t\t<a class=\"town-link\" href=\"https:\/\/www.pilgrim.es\/it\/cammino-francese\/puente-de-la-reina\/\">\n\t\t\t\t\t\t<div class=\"town-link__link-content\">\n\t\t\t\t\t\t\t<div class=\"town-link__link-content__text\">\n\t\t\t\t\t\t\t\t<p>Informazioni locali<\/p>\n\t\t\t\t\t\t\t\t<p>Polizia, Assistenza medica, Cosa vedere, Dove mangiare\u2026<\/p>\n\t\t\t\t\t\t\t<\/div>\n\t\t\t\t\t\t\t<div class=\"town-link__link-content__town-btn\">\n\t\t\t\t\t\t\t\t<i class=\"icon-arrow\"><\/i>\n\t\t\t\t\t\t\t<\/div>\n\t\t\t\t\t\t<\/div>\n\t\t\t\t\t<\/a>\n\t\t\t\t\t<p>\n\t\t\t\t\t\tAbbiamo superato la localit\u00e0 menzionata e un po\u2019 pi\u00f9 tardi attraverseremo la strada in direzione\n\t\t\t\t\t\tdi Puente la Reina, con attenzione perch\u00e9 di solito c\u2019\u00e8 abbastanza traffico a seconda dell\u2019ora\n\t\t\t\t\t\tin cui si passa. Continuiamo per un cammino a sinistra in direzione \u00d3banos, prima di arrivare a\n\t\t\t\t\t\tquesta localit\u00e0 dovremo passare il burrone di Muruz\u00e1bal, non ti preoccupare, non ha pi\u00f9\n\t\t\t\t\t\tdifficolt\u00e0 del resto del percorso. Arriveremo cos\u00ec ad \u00d3banos dove, accanto all\u2019eremo di San\n\t\t\t\t\t\tSalvador, si uniscono le due rotte alternative del Cammino Francese, il Cammino Aragonese e il\n\t\t\t\t\t\tCammino attraverso Roncesvalles. Dove apprezzeremo un aumento di pellegrini.\n\t\t\t\t\t<\/p>\n\t\t\t\t<\/div>\n\t\t\t\t<hr \/>\n\t\t\t<\/div>\n\n\t\t\t<div id=\"locationsSection\">\n\t\t\t\t<h4 class=\"p-h4--section\">Localit\u00e0<\/h4>\n\t\t\t\t<hr \/>\n\t\t\t\t<h3 class=\"p-h3\">Villaggi<\/h3>\n\t\t\t\t<div class=\"grid-container\">\n\t\t\t\t\t<div class=\"p-group card-stage p-max-w-full\">\n\t\t\t\t\t\t<div class=\"card-stage__header\">\n\t\t\t\t\t\t\t<img decoding=\"async\" src=\"https:\/\/cdn.pilgrim.es\/web\/caminos\/camino-aragones\/pueblos\/monreal.jpg\"\n\t\t\t\t\t\t\t\talt=\"Monreal\" \/>\n\t\t\t\t\t\t<\/div>\n\t\t\t\t\t\t<div class=\"town-card__flex-container\">\n\t\t\t\t\t\t\t<div class=\"town-card__flex-container__info\">\n\t\t\t\t\t\t\t\t<h3>Monreal<\/h3>\n\t\t\t\t\t\t\t\t<p>Provincia: Zaragoza<\/p>\n\t\t\t\t\t\t\t<\/div>\n\t\t\t\t\t\t<\/div>\n\t\t\t\t\t<\/div>\n\t\t\t\t\t<div class=\"p-group card-stage p-max-w-full\">\n\t\t\t\t\t\t<a href=\"https:\/\/www.pilgrim.es\/it\/cammino-francese\/puente-de-la-reina\/\" class=\"town-card\">\n\t\t\t\t\t\t\t<div class=\"card-stage__header\">\n\t\t\t\t\t\t\t\t<img decoding=\"async\" src=\"https:\/\/cdn.pilgrim.es\/web\/caminos\/camino-frances\/pueblos\/puente-de-la-reina\/puente-de-la-reina.jpg\"\n\t\t\t\t\t\t\t\t\talt=\"Puente de la Reina\" class=\"group-hover:p-scale-110\" \/>\n\t\t\t\t\t\t\t\t<div class=\"card-overlay group-hover:p-opacity-50\"><\/div>\n\t\t\t\t\t\t\t<\/div>\n\t\t\t\t\t\t\t<div class=\"town-card__flex-container\">\n\t\t\t\t\t\t\t\t<div class=\"town-card__flex-container__info\">\n\t\t\t\t\t\t\t\t\t<h3>Puente de la Reina<\/h3>\n\t\t\t\t\t\t\t\t\t<p>Provincia: Navarra<\/p>\n\t\t\t\t\t\t\t\t<\/div>\n\t\t\t\t\t\t\t\t<div class=\"town-card__flex-container__btn\">\n\t\t\t\t\t\t\t\t\t<i class=\"icon-arrow\"><\/i>\n\t\t\t\t\t\t\t\t<\/div>\n\t\t\t\t\t\t\t<\/div>\n\t\t\t\t\t\t<\/a>\n\t\t\t\t\t<\/div>\n\t\t\t\t<\/div>\n\t\t\t<\/div>\n\t\t\t<hr class=\"single-bar\" \/>\n\t\t<\/div>\n<\/section>\n\n<section id=\"stageChange\">\n\t<div>\n\t\t<a href=\"https:\/\/www.pilgrim.es\/it\/cammino-aragonese\/tappa-5-sanguesa-monreal\/\" class=\"change-btn p-items-center\">\n\t\t\t<div class=\"btn-arrow previous\">\n\t\t\t\t<i class=\"icon-arrow\"><\/i>\n\t\t\t<\/div>\n\t\t\t<div class=\"change-btn__info\">\n\t\t\t\t<div>Tappa 5<\/div>\n\t\t\t\t<p>\n\t\t\t\t\tSang\u00fcesa &#10095; <br \/>\n\t\t\t\t\tMonreal\n\t\t\t\t<\/p>\n\t\t\t<\/div>\n\t\t<\/a>\n\t\t<a href=\"https:\/\/www.pilgrim.es\/it\/cammino-francese\/tappa-5-puente-de-la-reina-estella\/\" class=\"change-btn\">\n\t\t\t<div class=\"change-btn__info\">\n\t\t\t\t<div>Tappa 5 (Cammino Francese)<\/div>\n\t\t\t\t<p>\n\t\t\t\t\tPuente de la Reina &#10095; <br \/>\n\t\t\t\t\tEstella\n\t\t\t\t<\/p>\n\t\t\t<\/div>\n\t\t\t<div class=\"btn-arrow\">\n\t\t\t\t<i class=\"icon-arrow\"><\/i>\n\t\t\t<\/div>\n\t\t<\/a>\n\t<\/div>\n<\/section>\n","protected":false},"excerpt":{"rendered":"<p>Cammino Aragonese &#8231; Tappa 6 A piedi 6 tappe \/ 205 kms Monreal &#10093; Puente de la Reina 30,6 Km &#10094; Tappa 5 Tappa 5 (Cammino Francese) &#10095; Informazioni Itinerario Localit\u00e0 Informazioni Su questa tappa Ultima tappa all\u2019interno del Cammino Aragonese, prima dell\u2019unione con il Cammino Francese nella tappa Puente la Reina \u2013Estella. Su questo &hellip; <\/p>\n<p class=\"read_more\"><a href=\"https:\/\/www.pilgrim.es\/it\/cammino-aragonese\/tappa-6-monreal-puente-la-reina\/\">Leer m\u00e1s<\/a><\/p>\n","protected":false},"author":4,"featured_media":0,"parent":10853,"menu_order":0,"comment_status":"closed","ping_status":"closed","template":"views\/template-new-web-design.blade.php","meta":{"footnotes":""},"categories":[],"tags":[],"class_list":["post-48643","page","type-page","status-publish","hentry"],"yoast_head":"<!-- This site is optimized with the Yoast SEO plugin v27.4 - https:\/\/yoast.com\/product\/yoast-seo-wordpress\/ -->\n<title>Cammino Aragonese da Monreal a Puente la Reina | Cammino di Santiago<\/title>\n<meta name=\"description\" content=\"Tappa numero nel percorso del Cammino Aragonese. Questa tappa unisce le localit\u00e0 di Monreal e Puente la Reina. Rotte, alberghi e luoghi di interesse.\" \/>\n<meta name=\"robots\" content=\"index, follow, max-snippet:-1, max-image-preview:large, max-video-preview:-1\" \/>\n<link rel=\"canonical\" href=\"https:\/\/www.pilgrim.es\/it\/cammino-aragonese\/tappa-6-monreal-puente-la-reina\/\" \/>\n<meta property=\"og:locale\" content=\"it_IT\" \/>\n<meta property=\"og:type\" content=\"article\" \/>\n<meta property=\"og:title\" content=\"Cammino Aragonese da Monreal a Puente la Reina | Cammino di Santiago\" \/>\n<meta property=\"og:description\" content=\"Tappa numero nel percorso del Cammino Aragonese. Questa tappa unisce le localit\u00e0 di Monreal e Puente la Reina. Rotte, alberghi e luoghi di interesse.\" \/>\n<meta property=\"og:url\" content=\"https:\/\/www.pilgrim.es\/it\/cammino-aragonese\/tappa-6-monreal-puente-la-reina\/\" \/>\n<meta property=\"og:site_name\" content=\"Pilgrim\" \/>\n<meta property=\"article:publisher\" content=\"https:\/\/www.facebook.com\/pilgrim.es\/\" \/>\n<meta property=\"article:modified_time\" content=\"2025-04-25T11:08:55+00:00\" \/>\n<meta property=\"og:image\" content=\"https:\/\/cdn.pilgrim.es\/web\/caminos\/camino-aragones\/pueblos\/monreal.jpg\" \/>\n<meta name=\"twitter:card\" content=\"summary_large_image\" \/>\n<meta name=\"twitter:site\" content=\"@pilgrim_es\" \/>\n<meta name=\"twitter:label1\" content=\"Tempo di lettura stimato\" \/>\n\t<meta name=\"twitter:data1\" content=\"6 minuti\" \/>\n<script type=\"application\/ld+json\" class=\"yoast-schema-graph\">{\"@context\":\"https:\\\/\\\/schema.org\",\"@graph\":[{\"@type\":\"WebPage\",\"@id\":\"https:\\\/\\\/www.pilgrim.es\\\/it\\\/cammino-aragonese\\\/tappa-6-monreal-puente-la-reina\\\/\",\"url\":\"https:\\\/\\\/www.pilgrim.es\\\/it\\\/cammino-aragonese\\\/tappa-6-monreal-puente-la-reina\\\/\",\"name\":\"Cammino Aragonese da Monreal a Puente la Reina | Cammino di Santiago\",\"isPartOf\":{\"@id\":\"https:\\\/\\\/www.pilgrim.es\\\/it\\\/#website\"},\"primaryImageOfPage\":{\"@id\":\"https:\\\/\\\/www.pilgrim.es\\\/it\\\/cammino-aragonese\\\/tappa-6-monreal-puente-la-reina\\\/#primaryimage\"},\"image\":{\"@id\":\"https:\\\/\\\/www.pilgrim.es\\\/it\\\/cammino-aragonese\\\/tappa-6-monreal-puente-la-reina\\\/#primaryimage\"},\"thumbnailUrl\":\"https:\\\/\\\/cdn.pilgrim.es\\\/web\\\/caminos\\\/camino-aragones\\\/pueblos\\\/monreal.jpg\",\"datePublished\":\"2019-11-04T08:43:54+00:00\",\"dateModified\":\"2025-04-25T11:08:55+00:00\",\"description\":\"Tappa numero nel percorso del Cammino Aragonese. Questa tappa unisce le localit\u00e0 di Monreal e Puente la Reina. Rotte, alberghi e luoghi di interesse.\",\"breadcrumb\":{\"@id\":\"https:\\\/\\\/www.pilgrim.es\\\/it\\\/cammino-aragonese\\\/tappa-6-monreal-puente-la-reina\\\/#breadcrumb\"},\"inLanguage\":\"it-IT\",\"potentialAction\":[{\"@type\":\"ReadAction\",\"target\":[\"https:\\\/\\\/www.pilgrim.es\\\/it\\\/cammino-aragonese\\\/tappa-6-monreal-puente-la-reina\\\/\"]}]},{\"@type\":\"ImageObject\",\"inLanguage\":\"it-IT\",\"@id\":\"https:\\\/\\\/www.pilgrim.es\\\/it\\\/cammino-aragonese\\\/tappa-6-monreal-puente-la-reina\\\/#primaryimage\",\"url\":\"https:\\\/\\\/cdn.pilgrim.es\\\/web\\\/caminos\\\/camino-aragones\\\/pueblos\\\/monreal.jpg\",\"contentUrl\":\"https:\\\/\\\/cdn.pilgrim.es\\\/web\\\/caminos\\\/camino-aragones\\\/pueblos\\\/monreal.jpg\"},{\"@type\":\"BreadcrumbList\",\"@id\":\"https:\\\/\\\/www.pilgrim.es\\\/it\\\/cammino-aragonese\\\/tappa-6-monreal-puente-la-reina\\\/#breadcrumb\",\"itemListElement\":[{\"@type\":\"ListItem\",\"position\":1,\"name\":\"Camino de Santiago\",\"item\":\"https:\\\/\\\/www.pilgrim.es\\\/it\\\/\"},{\"@type\":\"ListItem\",\"position\":2,\"name\":\"Cammino Aragonese\",\"item\":\"https:\\\/\\\/www.pilgrim.es\\\/it\\\/cammino-aragonese\\\/\"},{\"@type\":\"ListItem\",\"position\":3,\"name\":\"Cammino Aragonese | Tappa 6: Monreal &#8211; Puente la Reina\"}]},{\"@type\":\"WebSite\",\"@id\":\"https:\\\/\\\/www.pilgrim.es\\\/it\\\/#website\",\"url\":\"https:\\\/\\\/www.pilgrim.es\\\/it\\\/\",\"name\":\"Pilgrim\",\"description\":\"Camino de Santiago | Caminamos Contigo\",\"publisher\":{\"@id\":\"https:\\\/\\\/www.pilgrim.es\\\/it\\\/#organization\"},\"potentialAction\":[{\"@type\":\"SearchAction\",\"target\":{\"@type\":\"EntryPoint\",\"urlTemplate\":\"https:\\\/\\\/www.pilgrim.es\\\/it\\\/?s={search_term_string}\"},\"query-input\":{\"@type\":\"PropertyValueSpecification\",\"valueRequired\":true,\"valueName\":\"search_term_string\"}}],\"inLanguage\":\"it-IT\"},{\"@type\":\"Organization\",\"@id\":\"https:\\\/\\\/www.pilgrim.es\\\/it\\\/#organization\",\"name\":\"Pilgrim Camino de Santiago\",\"url\":\"https:\\\/\\\/www.pilgrim.es\\\/it\\\/\",\"logo\":{\"@type\":\"ImageObject\",\"inLanguage\":\"it-IT\",\"@id\":\"https:\\\/\\\/www.pilgrim.es\\\/it\\\/#\\\/schema\\\/logo\\\/image\\\/\",\"url\":\"https:\\\/\\\/www.pilgrim.es\\\/wp-content\\\/uploads\\\/2019\\\/04\\\/logo_pilgrim.png\",\"contentUrl\":\"https:\\\/\\\/www.pilgrim.es\\\/wp-content\\\/uploads\\\/2019\\\/04\\\/logo_pilgrim.png\",\"width\":512,\"height\":512,\"caption\":\"Pilgrim Camino de Santiago\"},\"image\":{\"@id\":\"https:\\\/\\\/www.pilgrim.es\\\/it\\\/#\\\/schema\\\/logo\\\/image\\\/\"},\"sameAs\":[\"https:\\\/\\\/www.facebook.com\\\/pilgrim.es\\\/\",\"https:\\\/\\\/x.com\\\/pilgrim_es\",\"https:\\\/\\\/www.instagram.com\\\/pilgrim.es\\\/\",\"https:\\\/\\\/www.linkedin.com\\\/company\\\/pilgrim-camino-de-santiago\\\/\",\"https:\\\/\\\/www.pinterest.es\\\/pilgrimcaminodesantiago\\\/\",\"https:\\\/\\\/www.youtube.com\\\/channel\\\/UCIv2ZzFLXVqthkNF32rKedw\\\/featured\"]}]}<\/script>\n<!-- \/ Yoast SEO plugin. -->","yoast_head_json":{"title":"Cammino Aragonese da Monreal a Puente la Reina | Cammino di Santiago","description":"Tappa numero nel percorso del Cammino Aragonese. Questa tappa unisce le localit\u00e0 di Monreal e Puente la Reina. Rotte, alberghi e luoghi di interesse.","robots":{"index":"index","follow":"follow","max-snippet":"max-snippet:-1","max-image-preview":"max-image-preview:large","max-video-preview":"max-video-preview:-1"},"canonical":"https:\/\/www.pilgrim.es\/it\/cammino-aragonese\/tappa-6-monreal-puente-la-reina\/","og_locale":"it_IT","og_type":"article","og_title":"Cammino Aragonese da Monreal a Puente la Reina | Cammino di Santiago","og_description":"Tappa numero nel percorso del Cammino Aragonese. Questa tappa unisce le localit\u00e0 di Monreal e Puente la Reina. Rotte, alberghi e luoghi di interesse.","og_url":"https:\/\/www.pilgrim.es\/it\/cammino-aragonese\/tappa-6-monreal-puente-la-reina\/","og_site_name":"Pilgrim","article_publisher":"https:\/\/www.facebook.com\/pilgrim.es\/","article_modified_time":"2025-04-25T11:08:55+00:00","og_image":[{"url":"https:\/\/cdn.pilgrim.es\/web\/caminos\/camino-aragones\/pueblos\/monreal.jpg","type":"","width":"","height":""}],"twitter_card":"summary_large_image","twitter_site":"@pilgrim_es","twitter_misc":{"Tempo di lettura stimato":"6 minuti"},"schema":{"@context":"https:\/\/schema.org","@graph":[{"@type":"WebPage","@id":"https:\/\/www.pilgrim.es\/it\/cammino-aragonese\/tappa-6-monreal-puente-la-reina\/","url":"https:\/\/www.pilgrim.es\/it\/cammino-aragonese\/tappa-6-monreal-puente-la-reina\/","name":"Cammino Aragonese da Monreal a Puente la Reina | Cammino di Santiago","isPartOf":{"@id":"https:\/\/www.pilgrim.es\/it\/#website"},"primaryImageOfPage":{"@id":"https:\/\/www.pilgrim.es\/it\/cammino-aragonese\/tappa-6-monreal-puente-la-reina\/#primaryimage"},"image":{"@id":"https:\/\/www.pilgrim.es\/it\/cammino-aragonese\/tappa-6-monreal-puente-la-reina\/#primaryimage"},"thumbnailUrl":"https:\/\/cdn.pilgrim.es\/web\/caminos\/camino-aragones\/pueblos\/monreal.jpg","datePublished":"2019-11-04T08:43:54+00:00","dateModified":"2025-04-25T11:08:55+00:00","description":"Tappa numero nel percorso del Cammino Aragonese. Questa tappa unisce le localit\u00e0 di Monreal e Puente la Reina. Rotte, alberghi e luoghi di interesse.","breadcrumb":{"@id":"https:\/\/www.pilgrim.es\/it\/cammino-aragonese\/tappa-6-monreal-puente-la-reina\/#breadcrumb"},"inLanguage":"it-IT","potentialAction":[{"@type":"ReadAction","target":["https:\/\/www.pilgrim.es\/it\/cammino-aragonese\/tappa-6-monreal-puente-la-reina\/"]}]},{"@type":"ImageObject","inLanguage":"it-IT","@id":"https:\/\/www.pilgrim.es\/it\/cammino-aragonese\/tappa-6-monreal-puente-la-reina\/#primaryimage","url":"https:\/\/cdn.pilgrim.es\/web\/caminos\/camino-aragones\/pueblos\/monreal.jpg","contentUrl":"https:\/\/cdn.pilgrim.es\/web\/caminos\/camino-aragones\/pueblos\/monreal.jpg"},{"@type":"BreadcrumbList","@id":"https:\/\/www.pilgrim.es\/it\/cammino-aragonese\/tappa-6-monreal-puente-la-reina\/#breadcrumb","itemListElement":[{"@type":"ListItem","position":1,"name":"Camino de Santiago","item":"https:\/\/www.pilgrim.es\/it\/"},{"@type":"ListItem","position":2,"name":"Cammino Aragonese","item":"https:\/\/www.pilgrim.es\/it\/cammino-aragonese\/"},{"@type":"ListItem","position":3,"name":"Cammino Aragonese | Tappa 6: Monreal &#8211; Puente la Reina"}]},{"@type":"WebSite","@id":"https:\/\/www.pilgrim.es\/it\/#website","url":"https:\/\/www.pilgrim.es\/it\/","name":"Pilgrim","description":"Camino de Santiago | Caminamos Contigo","publisher":{"@id":"https:\/\/www.pilgrim.es\/it\/#organization"},"potentialAction":[{"@type":"SearchAction","target":{"@type":"EntryPoint","urlTemplate":"https:\/\/www.pilgrim.es\/it\/?s={search_term_string}"},"query-input":{"@type":"PropertyValueSpecification","valueRequired":true,"valueName":"search_term_string"}}],"inLanguage":"it-IT"},{"@type":"Organization","@id":"https:\/\/www.pilgrim.es\/it\/#organization","name":"Pilgrim Camino de Santiago","url":"https:\/\/www.pilgrim.es\/it\/","logo":{"@type":"ImageObject","inLanguage":"it-IT","@id":"https:\/\/www.pilgrim.es\/it\/#\/schema\/logo\/image\/","url":"https:\/\/www.pilgrim.es\/wp-content\/uploads\/2019\/04\/logo_pilgrim.png","contentUrl":"https:\/\/www.pilgrim.es\/wp-content\/uploads\/2019\/04\/logo_pilgrim.png","width":512,"height":512,"caption":"Pilgrim Camino de Santiago"},"image":{"@id":"https:\/\/www.pilgrim.es\/it\/#\/schema\/logo\/image\/"},"sameAs":["https:\/\/www.facebook.com\/pilgrim.es\/","https:\/\/x.com\/pilgrim_es","https:\/\/www.instagram.com\/pilgrim.es\/","https:\/\/www.linkedin.com\/company\/pilgrim-camino-de-santiago\/","https:\/\/www.pinterest.es\/pilgrimcaminodesantiago\/","https:\/\/www.youtube.com\/channel\/UCIv2ZzFLXVqthkNF32rKedw\/featured"]}]}},"_links":{"self":[{"href":"https:\/\/www.pilgrim.es\/it\/wp-json\/wp\/v2\/pages\/48643","targetHints":{"allow":["GET"]}}],"collection":[{"href":"https:\/\/www.pilgrim.es\/it\/wp-json\/wp\/v2\/pages"}],"about":[{"href":"https:\/\/www.pilgrim.es\/it\/wp-json\/wp\/v2\/types\/page"}],"author":[{"embeddable":true,"href":"https:\/\/www.pilgrim.es\/it\/wp-json\/wp\/v2\/users\/4"}],"replies":[{"embeddable":true,"href":"https:\/\/www.pilgrim.es\/it\/wp-json\/wp\/v2\/comments?post=48643"}],"version-history":[{"count":12,"href":"https:\/\/www.pilgrim.es\/it\/wp-json\/wp\/v2\/pages\/48643\/revisions"}],"predecessor-version":[{"id":130065,"href":"https:\/\/www.pilgrim.es\/it\/wp-json\/wp\/v2\/pages\/48643\/revisions\/130065"}],"up":[{"embeddable":true,"href":"https:\/\/www.pilgrim.es\/it\/wp-json\/wp\/v2\/pages\/10853"}],"wp:attachment":[{"href":"https:\/\/www.pilgrim.es\/it\/wp-json\/wp\/v2\/media?parent=48643"}],"wp:term":[{"taxonomy":"category","embeddable":true,"href":"https:\/\/www.pilgrim.es\/it\/wp-json\/wp\/v2\/categories?post=48643"},{"taxonomy":"post_tag","embeddable":true,"href":"https:\/\/www.pilgrim.es\/it\/wp-json\/wp\/v2\/tags?post=48643"}],"curies":[{"name":"wp","href":"https:\/\/api.w.org\/{rel}","templated":true}]}}