{"id":48565,"date":"2019-10-30T11:27:05","date_gmt":"2019-10-30T11:27:05","guid":{"rendered":"https:\/\/prod.pilgrim.es\/cammino-basco\/tappa-12-monastero-rodilla-burgos\/"},"modified":"2025-04-25T09:52:37","modified_gmt":"2025-04-25T09:52:37","slug":"tappa-12-monastero-rodilla-burgos","status":"publish","type":"page","link":"https:\/\/www.pilgrim.es\/it\/cammino-basco\/tappa-12-monastero-rodilla-burgos\/","title":{"rendered":"Cammino Vasco | Tappa 12: Monastero de Rodilla &#8211; Burgos"},"content":{"rendered":"\n<section id=\"heroStage\">\n\t<h1>Cammino Basco &#8231; Tappa 12<\/h1>\n\t<div>\n\t\t<div class=\"hero\"\n\t\t\tdata-background=\"https:\/\/cdn.pilgrim.es\/web\/caminos\/camino-vasco-interior\/pueblos\/monasterio-de-rodilla.jpg\">\n\t\t\t<div class=\"hero__container\">\n\t\t\t\t<div class=\"hero__container__labels\">\n\t\t\t\t\t<p>A piedi<\/p>\n\t\t\t\t\t<p>12 tappe \/ 252 kms<\/p>\n\t\t\t\t\t<p>9 tappe \/ 199 kms<\/p>\n\t\t\t\t<\/div>\n\t\t\t\t<div class=\"hero__container__stage-name\">\n\t\t\t\t\t<h2>\n\t\t\t\t\t\tMonasterio de Rodilla <br \/>\n\t\t\t\t\t\t<span>&#10093;<\/span>\n\t\t\t\t\t\tBurgos\n\t\t\t\t\t<\/h2>\n\t\t\t\t\t<p>28 Km<\/p>\n\t\t\t\t<\/div>\n\t\t\t\t<div class=\"hero__container__stage-changer\">\n\t\t\t\t\t<div class=\"stage-control\">\n\t\t\t\t\t\t<a class=\"stage-control__link\"\n\t\t\t\t\t\t\thref=\"https:\/\/www.pilgrim.es\/it\/cammino-basco\/tappa-11-briviesca-monasterio-rodilla\/\"><span>&#10094;<\/span>\n\t\t\t\t\t\t\tTappa 11<\/a>\n\t\t\t\t\t<\/div>\n\t\t\t\t\t<div class=\"stage-control\">\n\t\t\t\t\t\t<a class=\"stage-control__link\"\n\t\t\t\t\t\t\thref=\"https:\/\/www.pilgrim.es\/it\/cammino-francese\/tappa-13-burgos-hornillos-del-camino\/\">Tappa 13 (Cammino\n\t\t\t\t\t\t\tFrancese)\n\t\t\t\t\t\t\t<span>&#10095;<\/span><\/a>\n\t\t\t\t\t<\/div>\n\t\t\t\t<\/div>\n\t\t\t<\/div>\n\t\t<\/div>\n\t\t<div class=\"planner\"><div\r\n  class=\"p-col-span-1 p-rounded-lg p-px-5 p-h-full\"\r\n  style=\"background-image: url('https:\/\/cdn.pilgrim.es\/web\/pilgrim-planner\/bg-plugin-planificador.webp')\"\r\n  rel=\"preload\"\r\n  fetchpriority=\"high\"\r\n  >\r\n    <div class=\"p-text-center p-pt-5 p-text-white p-text-2xl p-font-semibold\">\r\n      Pianifica il tuo cammino    <\/div>\r\n    <div\r\n            id='primary-app'\r\n            data-name='banner'\r\n            data-api='https:\/\/pathfinder.pilgrim.es\/api\/pathfinder\/v2'\r\n            data-mode='normal'\r\n            data-lang='it'\r\n            data-route='1'\r\n            data-destiny='https:\/\/planificador.pilgrim.es'\r\n            data-modality='1'\r\n            data-inline=''\r\n        ><\/div><\/div><\/div>\n\t<\/div>\n<\/section>\n\n<section id=\"scoreBarsStage\">\n\t<section>\r\n  <div class=\"p-flex p-flex-nowrap p-space-x-4 p-py-5 p-overflow-x-auto md:p-grid md:p-grid-cols-3 lg:p-grid-cols-5 md:p-gap-8 md:p-space-x-0 md:p-overflow-hidden scrollbar-thin\">\r\n    <div class=\"p-grid p-grid-cols-4 p-shrink-0 p-w-72 p-snap-start md:p-w-full\">\r\n        <div class=\"p-col-span-1 p-self-center p-text-center p-text-3xl\">\r\n            <i class=\"icon-influx\"><\/i>\r\n        <\/div>\r\n        <div class=\"p-col-span-3 p-flex p-flex-col p-items-start\">\r\n            <div class=\"p-text-start p-text-secondary p-mb-1 p-bold\"> Afflusso <\/div>\r\n            <div class=\"p-w-full p-bg-light p-rounded-full p-h-2 p-relative\">\r\n                <div class=\"p-bg-primary p-h-2 p-rounded-full p-absolute\" style=\"width: 20%;\"><\/div>\r\n            <\/div>\r\n        <\/div>\r\n    <\/div>\r\n\r\n    <div class=\"p-grid p-grid-cols-4 p-shrink-0 p-w-72 p-snap-start md:p-w-full\">\r\n        <div class=\"p-col-span-1 p-self-center p-text-center p-text-3xl\">\r\n            <i class=\"icon-difficulty\"><\/i>\r\n        <\/div>\r\n        <div class=\"p-col-span-3 p-flex p-flex-col p-items-start\">\r\n            <div class=\"p-text-start p-text-secondary p-mb-1 p-bold\"> Difficolt\u00e0 <\/div>\r\n            <div class=\"p-w-full p-bg-light p-rounded-full p-h-2 p-relative\">\r\n                <div class=\"p-bg-primary p-h-2 p-rounded-full p-absolute\" style=\"width: 40%;\"><\/div>\r\n            <\/div>\r\n        <\/div>\r\n    <\/div>\r\n\r\n    <div class=\"p-grid p-grid-cols-4 p-shrink-0 p-w-72 p-snap-start md:p-w-full\">\r\n        <div class=\"p-col-span-1 p-self-center p-text-center p-text-3xl\">\r\n            <i class=\"icon-patrimony\"><\/i>\r\n        <\/div>\r\n        <div class=\"p-col-span-3 p-flex p-flex-col p-items-start\">\r\n            <div class=\"p-text-start p-text-secondary p-mb-1 p-bold\"> Arte\/Storia <\/div>\r\n            <div class=\"p-w-full p-bg-light p-rounded-full p-h-2 p-relative\">\r\n                <div class=\"p-bg-primary p-h-2 p-rounded-full p-absolute\" style=\"width: 80%;\"><\/div>\r\n            <\/div>\r\n        <\/div>\r\n    <\/div>\r\n\r\n    <div class=\"p-grid p-grid-cols-4 p-shrink-0 p-w-72 p-snap-start md:p-w-full\">\r\n        <div class=\"p-col-span-1 p-self-center p-text-center p-text-3xl\">\r\n            <i class=\"icon-nature\"><\/i>\r\n        <\/div>\r\n        <div class=\"p-col-span-3 p-flex p-flex-col p-items-start\">\r\n            <div class=\"p-text-start p-text-secondary p-mb-1 p-bold\"> Natura <\/div>\r\n            <div class=\"p-w-full p-bg-light p-rounded-full p-h-2 p-relative\">\r\n                <div class=\"p-bg-primary p-h-2 p-rounded-full p-absolute\" style=\"width: 60%;\"><\/div>\r\n            <\/div>\r\n        <\/div>\r\n    <\/div>\r\n\r\n    <div class=\"p-grid p-grid-cols-4 p-shrink-0 p-w-72 p-snap-start md:p-w-full\">\r\n        <div class=\"p-col-span-1 p-self-center p-text-center p-text-3xl\">\r\n            <i class=\"icon-urban\"><\/i>\r\n        <\/div>\r\n        <div class=\"p-col-span-3 p-flex p-flex-col p-items-start\">\r\n            <div class=\"p-text-start p-text-secondary p-mb-1 p-bold\"> Cammino Francese <\/div>\r\n            <div class=\"p-w-full p-bg-light p-rounded-full p-h-2 p-relative\">\r\n                <div class=\"p-bg-primary p-h-2 p-rounded-full p-absolute\" style=\"width: 60%;\"><\/div>\r\n            <\/div>\r\n        <\/div>\r\n    <\/div>\r\n  <\/div>\r\n<\/section>\n<\/section>\n\n<div id=\"stage-list-section\"><div class=\"stage-list\">\n    <div class='stage-list__map-card'>\n        <div class='stage-list__map-card__map'>\n            <div class='stage-list__map-card__map__text'>\n                <h2> Pages <\/h2>\n                <p> A piedi<\/p>\n                <p> 0tappe<\/p>\n            <\/div>\n            <div class='stage-list__map-card__map__img'>\n                <img decoding=\"async\" src=\"\" alt=\" mapa \" \/>\n            <\/div>\n        <\/div>\n    <\/div>\n\n    <\/div>\n<\/div>\n\n<section id=\"navStage\">\n\t<div>\n\t\t<nav id=\"tab-navigation-section\" class=\"tab-navigation-section--cols-3\">\n\t\t\t<a href=\"#infoSection\" class=\"active\">Informazioni<\/a>\n\t\t\t<a href=\"#itinerarySection\">Itinerario<\/a>\n\t\t\t<a href=\"#locationsSection\">Localit\u00e0<\/a>\n\t\t<\/nav>\n\n\t\t<div id=\"infoSection\">\n\t\t\t<!-- Title Section with Orange Line -->\n\t\t\t<div>\n\t\t\t\t<h4 class=\"p-h4--section\">Informazioni<\/h4>\n\t\t\t\t<hr class=\"orange-bar\" \/>\n\t\t\t\t<h3 class=\"p-h3\">Su questa tappa<\/h3>\n\t\t\t<\/div>\n\n\t\t\t<!-- Main Content Section -->\n\t\t\t<p>\n\t\t\t\tFine della Ruta Jacobea Vasca, ultima tappa in cui si potranno vedere i resti del Castello del Monastero\n\t\t\t\tdi Rodilla e poi dirigersi verso Burgos. Una volta a Burgos \u00e8 obbligatorio visitare la Cattedrale di\n\t\t\t\tSanta Maria Maggiore di Burgos, cattedrale gotica chiamata Patrimonio dell\u2019Umanit\u00e0 dall\u2019UNESCO; cos\u00ec\n\t\t\t\tcome visitare il centro storico della citt\u00e0, di incredibile bellezza.\n\t\t\t<\/p>\n\n\t\t\t<div class=\"recomendation-card\">\n\t\t\t\t<div>\n\t\t\t\t\t<i class=\"icon-logo-pilgrim\"><\/i>\n\t\t\t\t\t<h5>Raccomandazione di Pilgrim<\/h5>\n\t\t\t\t<\/div>\n\n\t\t\t\t<p>\n\t\t\t\t\tFinisce il Cammino Basco e in quale posto migliore di Burgos. Prenditi il tuo tempo per goderti\n\t\t\t\t\tquesta meravigliosa citt\u00e0 e il suo incredibile centro storico, senza dubbio una delle citt\u00e0 pi\u00f9\n\t\t\t\t\tbelle della Spagna.\n\t\t\t\t<\/p>\n\t\t\t<\/div>\n\t\t<\/div>\n\n\n\t\t<div id=\"itinerarySection\">\n\t\t\t<h4 class=\"p-h4--section\">Percorso<\/h4>\n\t\t\t<hr \/>\n\t\t\t<h3 class=\"p-h3\">Itinerario<\/h3>\n\t\t\t<div>\n\t\t\t\t<h4>Km 0 &#8231; Monasterio de Rodilla<\/h4>\n\t\t\t\t<p>\n\t\t\t\t\tTornando nel cammino in direzione Temi\u00f1o, appena lasciato il luogo in cui ci troviamo, prendiamo una\n\t\t\t\t\tdeviazione a sinistra. Dovremmo considerare di visitare il Castello di Monastero di Rodilla.\n\t\t\t\t\tRiprendiamo la strada per Temi\u00f1o, ma solo un breve tratto di strada, perch\u00e9 poi percorreremo una\n\t\t\t\t\tstrada che si trover\u00e0 alla nostra sinistra, per scalare una collina che poi scenderemo per finire\n\t\t\t\t\tall\u2019altezza dell\u2019area di servizio de La Br\u00fajula.\n\t\t\t\t<\/p>\n\t\t\t<\/div>\n\t\t\t<hr \/>\n\t\t\t<div>\n\t\t\t\t<p>\n\t\t\t\t\tSeguiamo la strada in direzione del parco eolico La Br\u00fajula, parco che dovremo attraversare e che\n\t\t\t\t\ttermina all incrocio del cammino Dobbiamo prendere la deviazione a destra per andare verso Burgos.\n\t\t\t\t\tToccher\u00e0 seguire qualche chilometro dritto per un cammino che si chiamer\u00e0 Via Italia.\n\t\t\t\t<\/p>\n\t\t\t<\/div>\n\t\t\t<hr \/>\n\t\t\t<div>\n\t\t\t\t<p>\n\t\t\t\t\tArriver\u00e0 un momento in cui incontreremo dei binari, ma li passeremo attraverso un ponte e poi\n\t\t\t\t\tl\u2019incrocio BU-30. Arriveremo ad una stazione elettrica che dovremo passare e ci condurr\u00e0 ad una\n\t\t\t\t\tstrada che, pochi metri pi\u00f9 avanti, dovremo prendere una deviazione a sinistra lungo via Poza.\n\t\t\t\t<\/p>\n\t\t\t<\/div>\n\t\t\t<hr \/>\n\t\t\t<div>\n\t\t\t\t<h4>Km 28 &#8231; Burgos<\/h4>\n\t\t\t\t<a class=\"town-link\" href=\"https:\/\/www.pilgrim.es\/it\/cammino-francese\/burgos\/\">\n\t\t\t\t\t<div class=\"town-link__link-content\">\n\t\t\t\t\t\t<div class=\"town-link__link-content__text\">\n\t\t\t\t\t\t\t<p>Informazioni locali<\/p>\n\t\t\t\t\t\t\t<p>Polizia, Assistenza medica, Cosa vedere, Dove mangiare\u2026<\/p>\n\t\t\t\t\t\t<\/div>\n\t\t\t\t\t\t<div class=\"town-link__link-content__town-btn\">\n\t\t\t\t\t\t\t<i class=\"icon-arrow\"><\/i>\n\t\t\t\t\t\t<\/div>\n\t\t\t\t\t<\/div>\n\t\t\t\t<\/a>\n\t\t\t\t<p>\n\t\t\t\t\tLungo questa strada proseguiamo diritto, attraversando il fiume Vena e pi\u00f9 avanti, prendere di\n\t\t\t\t\tfronte la strada di Poza. Alla fine di questo percorso prendiamo a sinistra Calle Antigua, che ci\n\t\t\t\t\tporter\u00e0 fino a Calle Vitoria. Da quest\u2019ultima proseguiamo verso destra e, pi\u00f9 tardi, prendiamo Calle\n\t\t\t\t\tSan Roque. Questo ci porta alla via Obdulio Fernandez, poi via delle Calzadas, proseguiamo diritto,\n\t\t\t\t\tCalle San Juan, Avellanos e Fern\u00e1n Gonz\u00e1lez e, cos\u00ec concludiamo il Cammino Vasco da Miranda de Ebro,\n\t\t\t\t\tarrivando a Burgos.\n\t\t\t\t<\/p>\n\t\t\t<\/div>\n\t\t\t<hr \/>\n\t\t<\/div>\n\n\t\t<div id=\"locationsSection\">\n\t\t\t<h4 class=\"p-h4--section\">Localit\u00e0<\/h4>\n\t\t\t<hr \/>\n\t\t\t<h3 class=\"p-h3\">Villaggi<\/h3>\n\t\t\t<div class=\"grid-container\">\n\t\t\t\t<div class=\"p-group card-stage p-max-w-full\">\n\t\t\t\t\t<div class=\"card-stage__header\">\n\t\t\t\t\t\t<img decoding=\"async\" src=\"https:\/\/cdn.pilgrim.es\/web\/caminos\/camino-vasco-interior\/pueblos\/monasterio-de-rodilla.jpg\"\n\t\t\t\t\t\t\talt=\"Monasterio de Rodilla\" \/>\n\t\t\t\t\t<\/div>\n\t\t\t\t\t<div class=\"town-card__flex-container\">\n\t\t\t\t\t\t<div class=\"town-card__flex-container__info\">\n\t\t\t\t\t\t\t<h3>Monasterio de Rodilla<\/h3>\n\t\t\t\t\t\t\t<p>Provincia: Burgos<\/p>\n\t\t\t\t\t\t<\/div>\n\t\t\t\t\t<\/div>\n\t\t\t\t<\/div>\n\t\t\t\t<div class=\"p-group card-stage p-max-w-full\">\n\t\t\t\t\t<a href=\"https:\/\/www.pilgrim.es\/it\/cammino-francese\/burgos\/\" class=\"town-card\">\n\t\t\t\t\t\t<div class=\"card-stage__header\">\n\t\t\t\t\t\t\t<img decoding=\"async\" src=\"https:\/\/cdn.pilgrim.es\/web\/caminos\/camino-frances\/pueblos\/burgos\/burgos.jpg\"\n\t\t\t\t\t\t\t\talt=\"Burgos\" class=\"group-hover:p-scale-110\" \/>\n\t\t\t\t\t\t\t<div class=\"card-overlay group-hover:p-opacity-50\"><\/div>\n\t\t\t\t\t\t<\/div>\n\t\t\t\t\t\t<div class=\"town-card__flex-container\">\n\t\t\t\t\t\t\t<div class=\"town-card__flex-container__info\">\n\t\t\t\t\t\t\t\t<h3>Burgos<\/h3>\n\t\t\t\t\t\t\t\t<p>Provincia: Burgos<\/p>\n\t\t\t\t\t\t\t<\/div>\n\t\t\t\t\t\t\t<div class=\"town-card__flex-container__btn\">\n\t\t\t\t\t\t\t\t<i class=\"icon-arrow\"><\/i>\n\t\t\t\t\t\t\t<\/div>\n\t\t\t\t\t\t<\/div>\n\t\t\t\t\t<\/a>\n\t\t\t\t<\/div>\n\t\t\t<\/div>\n\t\t<\/div>\n\t\t<hr class=\"single-bar\" \/>\n\t<\/div>\n<\/section>\n\n<section id=\"stageChange\">\n\t<div>\n\t\t<a href=\"https:\/\/www.pilgrim.es\/it\/cammino-basco\/tappa-11-briviesca-monasterio-rodilla\/\" class=\"change-btn\">\n\t\t\t<div class=\"btn-arrow previous\">\n\t\t\t\t<i class=\"icon-arrow\"><\/i>\n\t\t\t<\/div>\n\t\t\t<div class=\"change-btn__info\">\n\t\t\t\t<div>Tappa 11<\/div>\n\t\t\t\t<p>\n\t\t\t\t\tBriviesca\n\t\t\t\t\t&#10095; <br \/>\n\t\t\t\t\tMonasterio de Rodilla\n\t\t\t\t<\/p>\n\t\t\t<\/div>\n\t\t<\/a>\n\t\t<a href=\"https:\/\/www.pilgrim.es\/it\/cammino-francese\/tappa-13-burgos-hornillos-del-camino\/\" class=\"change-btn\">\n\t\t\t<div class=\"change-btn__info\">\n\t\t\t\t<div>Tappa 13 (Cammino Francese)<\/div>\n\t\t\t\t<p>\n\t\t\t\t\tBurgos &#10095; <br \/>\n\t\t\t\t\tHornillos del Camino\n\t\t\t\t<\/p>\n\t\t\t<\/div>\n\t\t\t<div class=\"btn-arrow\">\n\t\t\t\t<i class=\"icon-arrow\"><\/i>\n\t\t\t<\/div>\n\t\t<\/a>\n\t<\/div>\n<\/section>\n","protected":false},"excerpt":{"rendered":"<p>Cammino Basco &#8231; Tappa 12 A piedi 12 tappe \/ 252 kms 9 tappe \/ 199 kms Monasterio de Rodilla &#10093; Burgos 28 Km &#10094; Tappa 11 Tappa 13 (Cammino Francese) &#10095; Informazioni Itinerario Localit\u00e0 Informazioni Su questa tappa Fine della Ruta Jacobea Vasca, ultima tappa in cui si potranno vedere i resti del Castello &hellip; <\/p>\n<p class=\"read_more\"><a href=\"https:\/\/www.pilgrim.es\/it\/cammino-basco\/tappa-12-monastero-rodilla-burgos\/\">Leer m\u00e1s<\/a><\/p>\n","protected":false},"author":4,"featured_media":0,"parent":10862,"menu_order":0,"comment_status":"closed","ping_status":"closed","template":"views\/template-new-web-design.blade.php","meta":{"footnotes":""},"categories":[],"tags":[],"class_list":["post-48565","page","type-page","status-publish","hentry"],"yoast_head":"<!-- This site is optimized with the Yoast SEO plugin v27.4 - https:\/\/yoast.com\/product\/yoast-seo-wordpress\/ -->\n<title>Cammino Vasco da Monastero di Rodilla a Burgos | Cammino di Santiago<\/title>\n<meta name=\"description\" content=\"Cammino Vasco: Tappa 12 del Cammino di Santiago che passa tra Monasterio de Rodilla e Burgos. Scopri tutte le informazioni e pianifica il tuo percorso.\" \/>\n<meta name=\"robots\" content=\"index, follow, max-snippet:-1, max-image-preview:large, max-video-preview:-1\" \/>\n<link rel=\"canonical\" href=\"https:\/\/www.pilgrim.es\/it\/cammino-basco\/tappa-12-monastero-rodilla-burgos\/\" \/>\n<meta property=\"og:locale\" content=\"it_IT\" \/>\n<meta property=\"og:type\" content=\"article\" \/>\n<meta property=\"og:title\" content=\"Cammino Vasco da Monastero di Rodilla a Burgos | Cammino di Santiago\" \/>\n<meta property=\"og:description\" content=\"Cammino Vasco: Tappa 12 del Cammino di Santiago che passa tra Monasterio de Rodilla e Burgos. Scopri tutte le informazioni e pianifica il tuo percorso.\" \/>\n<meta property=\"og:url\" content=\"https:\/\/www.pilgrim.es\/it\/cammino-basco\/tappa-12-monastero-rodilla-burgos\/\" \/>\n<meta property=\"og:site_name\" content=\"Pilgrim\" \/>\n<meta property=\"article:publisher\" content=\"https:\/\/www.facebook.com\/pilgrim.es\/\" \/>\n<meta property=\"article:modified_time\" content=\"2025-04-25T09:52:37+00:00\" \/>\n<meta property=\"og:image\" content=\"https:\/\/cdn.pilgrim.es\/web\/caminos\/camino-vasco-interior\/pueblos\/monasterio-de-rodilla.jpg\" \/>\n<meta name=\"twitter:card\" content=\"summary_large_image\" \/>\n<meta name=\"twitter:site\" content=\"@pilgrim_es\" \/>\n<meta name=\"twitter:label1\" content=\"Tempo di lettura stimato\" \/>\n\t<meta name=\"twitter:data1\" content=\"2 minuti\" \/>\n<script type=\"application\/ld+json\" class=\"yoast-schema-graph\">{\"@context\":\"https:\\\/\\\/schema.org\",\"@graph\":[{\"@type\":\"WebPage\",\"@id\":\"https:\\\/\\\/www.pilgrim.es\\\/it\\\/cammino-basco\\\/tappa-12-monastero-rodilla-burgos\\\/\",\"url\":\"https:\\\/\\\/www.pilgrim.es\\\/it\\\/cammino-basco\\\/tappa-12-monastero-rodilla-burgos\\\/\",\"name\":\"Cammino Vasco da Monastero di Rodilla a Burgos | Cammino di Santiago\",\"isPartOf\":{\"@id\":\"https:\\\/\\\/www.pilgrim.es\\\/it\\\/#website\"},\"primaryImageOfPage\":{\"@id\":\"https:\\\/\\\/www.pilgrim.es\\\/it\\\/cammino-basco\\\/tappa-12-monastero-rodilla-burgos\\\/#primaryimage\"},\"image\":{\"@id\":\"https:\\\/\\\/www.pilgrim.es\\\/it\\\/cammino-basco\\\/tappa-12-monastero-rodilla-burgos\\\/#primaryimage\"},\"thumbnailUrl\":\"https:\\\/\\\/cdn.pilgrim.es\\\/web\\\/caminos\\\/camino-vasco-interior\\\/pueblos\\\/monasterio-de-rodilla.jpg\",\"datePublished\":\"2019-10-30T11:27:05+00:00\",\"dateModified\":\"2025-04-25T09:52:37+00:00\",\"description\":\"Cammino Vasco: Tappa 12 del Cammino di Santiago che passa tra Monasterio de Rodilla e Burgos. Scopri tutte le informazioni e pianifica il tuo percorso.\",\"breadcrumb\":{\"@id\":\"https:\\\/\\\/www.pilgrim.es\\\/it\\\/cammino-basco\\\/tappa-12-monastero-rodilla-burgos\\\/#breadcrumb\"},\"inLanguage\":\"it-IT\",\"potentialAction\":[{\"@type\":\"ReadAction\",\"target\":[\"https:\\\/\\\/www.pilgrim.es\\\/it\\\/cammino-basco\\\/tappa-12-monastero-rodilla-burgos\\\/\"]}]},{\"@type\":\"ImageObject\",\"inLanguage\":\"it-IT\",\"@id\":\"https:\\\/\\\/www.pilgrim.es\\\/it\\\/cammino-basco\\\/tappa-12-monastero-rodilla-burgos\\\/#primaryimage\",\"url\":\"https:\\\/\\\/cdn.pilgrim.es\\\/web\\\/caminos\\\/camino-vasco-interior\\\/pueblos\\\/monasterio-de-rodilla.jpg\",\"contentUrl\":\"https:\\\/\\\/cdn.pilgrim.es\\\/web\\\/caminos\\\/camino-vasco-interior\\\/pueblos\\\/monasterio-de-rodilla.jpg\"},{\"@type\":\"BreadcrumbList\",\"@id\":\"https:\\\/\\\/www.pilgrim.es\\\/it\\\/cammino-basco\\\/tappa-12-monastero-rodilla-burgos\\\/#breadcrumb\",\"itemListElement\":[{\"@type\":\"ListItem\",\"position\":1,\"name\":\"Camino de Santiago\",\"item\":\"https:\\\/\\\/www.pilgrim.es\\\/it\\\/\"},{\"@type\":\"ListItem\",\"position\":2,\"name\":\"Il Cammino Basco dell&#8217;interno\",\"item\":\"https:\\\/\\\/www.pilgrim.es\\\/it\\\/cammino-basco\\\/\"},{\"@type\":\"ListItem\",\"position\":3,\"name\":\"Cammino Vasco | Tappa 12: Monastero de Rodilla &#8211; Burgos\"}]},{\"@type\":\"WebSite\",\"@id\":\"https:\\\/\\\/www.pilgrim.es\\\/it\\\/#website\",\"url\":\"https:\\\/\\\/www.pilgrim.es\\\/it\\\/\",\"name\":\"Pilgrim\",\"description\":\"Camino de Santiago | Caminamos Contigo\",\"publisher\":{\"@id\":\"https:\\\/\\\/www.pilgrim.es\\\/it\\\/#organization\"},\"potentialAction\":[{\"@type\":\"SearchAction\",\"target\":{\"@type\":\"EntryPoint\",\"urlTemplate\":\"https:\\\/\\\/www.pilgrim.es\\\/it\\\/?s={search_term_string}\"},\"query-input\":{\"@type\":\"PropertyValueSpecification\",\"valueRequired\":true,\"valueName\":\"search_term_string\"}}],\"inLanguage\":\"it-IT\"},{\"@type\":\"Organization\",\"@id\":\"https:\\\/\\\/www.pilgrim.es\\\/it\\\/#organization\",\"name\":\"Pilgrim Camino de Santiago\",\"url\":\"https:\\\/\\\/www.pilgrim.es\\\/it\\\/\",\"logo\":{\"@type\":\"ImageObject\",\"inLanguage\":\"it-IT\",\"@id\":\"https:\\\/\\\/www.pilgrim.es\\\/it\\\/#\\\/schema\\\/logo\\\/image\\\/\",\"url\":\"https:\\\/\\\/www.pilgrim.es\\\/wp-content\\\/uploads\\\/2019\\\/04\\\/logo_pilgrim.png\",\"contentUrl\":\"https:\\\/\\\/www.pilgrim.es\\\/wp-content\\\/uploads\\\/2019\\\/04\\\/logo_pilgrim.png\",\"width\":512,\"height\":512,\"caption\":\"Pilgrim Camino de Santiago\"},\"image\":{\"@id\":\"https:\\\/\\\/www.pilgrim.es\\\/it\\\/#\\\/schema\\\/logo\\\/image\\\/\"},\"sameAs\":[\"https:\\\/\\\/www.facebook.com\\\/pilgrim.es\\\/\",\"https:\\\/\\\/x.com\\\/pilgrim_es\",\"https:\\\/\\\/www.instagram.com\\\/pilgrim.es\\\/\",\"https:\\\/\\\/www.linkedin.com\\\/company\\\/pilgrim-camino-de-santiago\\\/\",\"https:\\\/\\\/www.pinterest.es\\\/pilgrimcaminodesantiago\\\/\",\"https:\\\/\\\/www.youtube.com\\\/channel\\\/UCIv2ZzFLXVqthkNF32rKedw\\\/featured\"]}]}<\/script>\n<!-- \/ Yoast SEO plugin. -->","yoast_head_json":{"title":"Cammino Vasco da Monastero di Rodilla a Burgos | Cammino di Santiago","description":"Cammino Vasco: Tappa 12 del Cammino di Santiago che passa tra Monasterio de Rodilla e Burgos. Scopri tutte le informazioni e pianifica il tuo percorso.","robots":{"index":"index","follow":"follow","max-snippet":"max-snippet:-1","max-image-preview":"max-image-preview:large","max-video-preview":"max-video-preview:-1"},"canonical":"https:\/\/www.pilgrim.es\/it\/cammino-basco\/tappa-12-monastero-rodilla-burgos\/","og_locale":"it_IT","og_type":"article","og_title":"Cammino Vasco da Monastero di Rodilla a Burgos | Cammino di Santiago","og_description":"Cammino Vasco: Tappa 12 del Cammino di Santiago che passa tra Monasterio de Rodilla e Burgos. Scopri tutte le informazioni e pianifica il tuo percorso.","og_url":"https:\/\/www.pilgrim.es\/it\/cammino-basco\/tappa-12-monastero-rodilla-burgos\/","og_site_name":"Pilgrim","article_publisher":"https:\/\/www.facebook.com\/pilgrim.es\/","article_modified_time":"2025-04-25T09:52:37+00:00","og_image":[{"url":"https:\/\/cdn.pilgrim.es\/web\/caminos\/camino-vasco-interior\/pueblos\/monasterio-de-rodilla.jpg","type":"","width":"","height":""}],"twitter_card":"summary_large_image","twitter_site":"@pilgrim_es","twitter_misc":{"Tempo di lettura stimato":"2 minuti"},"schema":{"@context":"https:\/\/schema.org","@graph":[{"@type":"WebPage","@id":"https:\/\/www.pilgrim.es\/it\/cammino-basco\/tappa-12-monastero-rodilla-burgos\/","url":"https:\/\/www.pilgrim.es\/it\/cammino-basco\/tappa-12-monastero-rodilla-burgos\/","name":"Cammino Vasco da Monastero di Rodilla a Burgos | Cammino di Santiago","isPartOf":{"@id":"https:\/\/www.pilgrim.es\/it\/#website"},"primaryImageOfPage":{"@id":"https:\/\/www.pilgrim.es\/it\/cammino-basco\/tappa-12-monastero-rodilla-burgos\/#primaryimage"},"image":{"@id":"https:\/\/www.pilgrim.es\/it\/cammino-basco\/tappa-12-monastero-rodilla-burgos\/#primaryimage"},"thumbnailUrl":"https:\/\/cdn.pilgrim.es\/web\/caminos\/camino-vasco-interior\/pueblos\/monasterio-de-rodilla.jpg","datePublished":"2019-10-30T11:27:05+00:00","dateModified":"2025-04-25T09:52:37+00:00","description":"Cammino Vasco: Tappa 12 del Cammino di Santiago che passa tra Monasterio de Rodilla e Burgos. Scopri tutte le informazioni e pianifica il tuo percorso.","breadcrumb":{"@id":"https:\/\/www.pilgrim.es\/it\/cammino-basco\/tappa-12-monastero-rodilla-burgos\/#breadcrumb"},"inLanguage":"it-IT","potentialAction":[{"@type":"ReadAction","target":["https:\/\/www.pilgrim.es\/it\/cammino-basco\/tappa-12-monastero-rodilla-burgos\/"]}]},{"@type":"ImageObject","inLanguage":"it-IT","@id":"https:\/\/www.pilgrim.es\/it\/cammino-basco\/tappa-12-monastero-rodilla-burgos\/#primaryimage","url":"https:\/\/cdn.pilgrim.es\/web\/caminos\/camino-vasco-interior\/pueblos\/monasterio-de-rodilla.jpg","contentUrl":"https:\/\/cdn.pilgrim.es\/web\/caminos\/camino-vasco-interior\/pueblos\/monasterio-de-rodilla.jpg"},{"@type":"BreadcrumbList","@id":"https:\/\/www.pilgrim.es\/it\/cammino-basco\/tappa-12-monastero-rodilla-burgos\/#breadcrumb","itemListElement":[{"@type":"ListItem","position":1,"name":"Camino de Santiago","item":"https:\/\/www.pilgrim.es\/it\/"},{"@type":"ListItem","position":2,"name":"Il Cammino Basco dell&#8217;interno","item":"https:\/\/www.pilgrim.es\/it\/cammino-basco\/"},{"@type":"ListItem","position":3,"name":"Cammino Vasco | Tappa 12: Monastero de Rodilla &#8211; Burgos"}]},{"@type":"WebSite","@id":"https:\/\/www.pilgrim.es\/it\/#website","url":"https:\/\/www.pilgrim.es\/it\/","name":"Pilgrim","description":"Camino de Santiago | Caminamos Contigo","publisher":{"@id":"https:\/\/www.pilgrim.es\/it\/#organization"},"potentialAction":[{"@type":"SearchAction","target":{"@type":"EntryPoint","urlTemplate":"https:\/\/www.pilgrim.es\/it\/?s={search_term_string}"},"query-input":{"@type":"PropertyValueSpecification","valueRequired":true,"valueName":"search_term_string"}}],"inLanguage":"it-IT"},{"@type":"Organization","@id":"https:\/\/www.pilgrim.es\/it\/#organization","name":"Pilgrim Camino de Santiago","url":"https:\/\/www.pilgrim.es\/it\/","logo":{"@type":"ImageObject","inLanguage":"it-IT","@id":"https:\/\/www.pilgrim.es\/it\/#\/schema\/logo\/image\/","url":"https:\/\/www.pilgrim.es\/wp-content\/uploads\/2019\/04\/logo_pilgrim.png","contentUrl":"https:\/\/www.pilgrim.es\/wp-content\/uploads\/2019\/04\/logo_pilgrim.png","width":512,"height":512,"caption":"Pilgrim Camino de Santiago"},"image":{"@id":"https:\/\/www.pilgrim.es\/it\/#\/schema\/logo\/image\/"},"sameAs":["https:\/\/www.facebook.com\/pilgrim.es\/","https:\/\/x.com\/pilgrim_es","https:\/\/www.instagram.com\/pilgrim.es\/","https:\/\/www.linkedin.com\/company\/pilgrim-camino-de-santiago\/","https:\/\/www.pinterest.es\/pilgrimcaminodesantiago\/","https:\/\/www.youtube.com\/channel\/UCIv2ZzFLXVqthkNF32rKedw\/featured"]}]}},"_links":{"self":[{"href":"https:\/\/www.pilgrim.es\/it\/wp-json\/wp\/v2\/pages\/48565","targetHints":{"allow":["GET"]}}],"collection":[{"href":"https:\/\/www.pilgrim.es\/it\/wp-json\/wp\/v2\/pages"}],"about":[{"href":"https:\/\/www.pilgrim.es\/it\/wp-json\/wp\/v2\/types\/page"}],"author":[{"embeddable":true,"href":"https:\/\/www.pilgrim.es\/it\/wp-json\/wp\/v2\/users\/4"}],"replies":[{"embeddable":true,"href":"https:\/\/www.pilgrim.es\/it\/wp-json\/wp\/v2\/comments?post=48565"}],"version-history":[{"count":12,"href":"https:\/\/www.pilgrim.es\/it\/wp-json\/wp\/v2\/pages\/48565\/revisions"}],"predecessor-version":[{"id":130041,"href":"https:\/\/www.pilgrim.es\/it\/wp-json\/wp\/v2\/pages\/48565\/revisions\/130041"}],"up":[{"embeddable":true,"href":"https:\/\/www.pilgrim.es\/it\/wp-json\/wp\/v2\/pages\/10862"}],"wp:attachment":[{"href":"https:\/\/www.pilgrim.es\/it\/wp-json\/wp\/v2\/media?parent=48565"}],"wp:term":[{"taxonomy":"category","embeddable":true,"href":"https:\/\/www.pilgrim.es\/it\/wp-json\/wp\/v2\/categories?post=48565"},{"taxonomy":"post_tag","embeddable":true,"href":"https:\/\/www.pilgrim.es\/it\/wp-json\/wp\/v2\/tags?post=48565"}],"curies":[{"name":"wp","href":"https:\/\/api.w.org\/{rel}","templated":true}]}}