{"id":48521,"date":"2019-10-29T14:55:39","date_gmt":"2019-10-29T14:55:39","guid":{"rendered":"https:\/\/prod.pilgrim.es\/cammino-aragonese\/tappa-1-somport-jaca\/"},"modified":"2025-04-25T08:26:28","modified_gmt":"2025-04-25T08:26:28","slug":"tappa-1-somport-jaca","status":"publish","type":"page","link":"https:\/\/www.pilgrim.es\/it\/cammino-aragonese\/tappa-1-somport-jaca\/","title":{"rendered":"Cammino Aragonese | Tappa 1: Somport &#8211; Jaca"},"content":{"rendered":"\n<section id=\"heroStage\">\n\t<h1>Cammino Aragonese &#8231; Tappa 1<\/h1>\n\t<div>\n\t\t<div class=\"hero\" data-background=\"https:\/\/cdn.pilgrim.es\/web\/caminos\/camino-aragones\/pueblos\/somport.jpg\">\n\t\t\t<div class=\"hero__container\">\n\t\t\t\t<div class=\"hero__container__labels\">\n\t\t\t\t\t<p>A piedi<\/p>\n\t\t\t\t\t<p>6 tappe \/ 205 kms<\/p>\n\t\t\t\t<\/div>\n\t\t\t\t<div class=\"hero__container__stage-name\">\n\t\t\t\t\t<h2>\n\t\t\t\t\t\tSomport <br \/>\n\t\t\t\t\t\t<span>&#10093;<\/span>\n\t\t\t\t\t\tJaca\n\t\t\t\t\t<\/h2>\n\t\t\t\t\t<p>32 Km<\/p>\n\t\t\t\t<\/div>\n\t\t\t\t<div class=\"hero__container__stage-changer\">\n\t\t\t\t\t<div class=\"stage-control inactive\">\n\t\t\t\t\t\t<a class=\"\n                            stage-control__link\"><span>&#10094;<\/span>\n\t\t\t\t\t\t\tTappa 1<\/a>\n\t\t\t\t\t<\/div>\n\t\t\t\t\t<div class=\"stage-control\">\n\t\t\t\t\t\t<a class=\"stage-control__link\" href=\"https:\/\/www.pilgrim.es\/it\/cammino-aragonese\/tappa-2-jaca-arres\/\">Tappa 2\n\t\t\t\t\t\t\t<span>&#10095;<\/span><\/a>\n\t\t\t\t\t<\/div>\n\t\t\t\t<\/div>\n\t\t\t<\/div>\n\t\t<\/div>\n\t\t<div class=\"planner\"><div\r\n  class=\"p-col-span-1 p-rounded-lg p-px-5 p-h-full\"\r\n  style=\"background-image: url('https:\/\/cdn.pilgrim.es\/web\/pilgrim-planner\/bg-plugin-planificador.webp')\"\r\n  rel=\"preload\"\r\n  fetchpriority=\"high\"\r\n  >\r\n    <div class=\"p-text-center p-pt-5 p-text-white p-text-2xl p-font-semibold\">\r\n      Pianifica il tuo cammino    <\/div>\r\n    <div\r\n            id='primary-app'\r\n            data-name='banner'\r\n            data-api='https:\/\/pathfinder.pilgrim.es\/api\/pathfinder\/v2'\r\n            data-mode='normal'\r\n            data-lang='it'\r\n            data-route='1'\r\n            data-destiny='https:\/\/planificador.pilgrim.es'\r\n            data-modality='1'\r\n            data-inline=''\r\n        ><\/div><\/div><\/div>\n\t<\/div>\n<\/section>\n\n<section id=\"scoreBarsStage\">\n\t<section>\r\n  <div class=\"p-flex p-flex-nowrap p-space-x-4 p-py-5 p-overflow-x-auto md:p-grid md:p-grid-cols-3 lg:p-grid-cols-5 md:p-gap-8 md:p-space-x-0 md:p-overflow-hidden scrollbar-thin\">\r\n    <div class=\"p-grid p-grid-cols-4 p-shrink-0 p-w-72 p-snap-start md:p-w-full\">\r\n        <div class=\"p-col-span-1 p-self-center p-text-center p-text-3xl\">\r\n            <i class=\"icon-influx\"><\/i>\r\n        <\/div>\r\n        <div class=\"p-col-span-3 p-flex p-flex-col p-items-start\">\r\n            <div class=\"p-text-start p-text-secondary p-mb-1 p-bold\"> Afflusso <\/div>\r\n            <div class=\"p-w-full p-bg-light p-rounded-full p-h-2 p-relative\">\r\n                <div class=\"p-bg-primary p-h-2 p-rounded-full p-absolute\" style=\"width: 20%;\"><\/div>\r\n            <\/div>\r\n        <\/div>\r\n    <\/div>\r\n\r\n    <div class=\"p-grid p-grid-cols-4 p-shrink-0 p-w-72 p-snap-start md:p-w-full\">\r\n        <div class=\"p-col-span-1 p-self-center p-text-center p-text-3xl\">\r\n            <i class=\"icon-difficulty\"><\/i>\r\n        <\/div>\r\n        <div class=\"p-col-span-3 p-flex p-flex-col p-items-start\">\r\n            <div class=\"p-text-start p-text-secondary p-mb-1 p-bold\"> Difficolt\u00e0 <\/div>\r\n            <div class=\"p-w-full p-bg-light p-rounded-full p-h-2 p-relative\">\r\n                <div class=\"p-bg-primary p-h-2 p-rounded-full p-absolute\" style=\"width: 60%;\"><\/div>\r\n            <\/div>\r\n        <\/div>\r\n    <\/div>\r\n\r\n    <div class=\"p-grid p-grid-cols-4 p-shrink-0 p-w-72 p-snap-start md:p-w-full\">\r\n        <div class=\"p-col-span-1 p-self-center p-text-center p-text-3xl\">\r\n            <i class=\"icon-patrimony\"><\/i>\r\n        <\/div>\r\n        <div class=\"p-col-span-3 p-flex p-flex-col p-items-start\">\r\n            <div class=\"p-text-start p-text-secondary p-mb-1 p-bold\"> Arte\/Storia <\/div>\r\n            <div class=\"p-w-full p-bg-light p-rounded-full p-h-2 p-relative\">\r\n                <div class=\"p-bg-primary p-h-2 p-rounded-full p-absolute\" style=\"width: 20%;\"><\/div>\r\n            <\/div>\r\n        <\/div>\r\n    <\/div>\r\n\r\n    <div class=\"p-grid p-grid-cols-4 p-shrink-0 p-w-72 p-snap-start md:p-w-full\">\r\n        <div class=\"p-col-span-1 p-self-center p-text-center p-text-3xl\">\r\n            <i class=\"icon-nature\"><\/i>\r\n        <\/div>\r\n        <div class=\"p-col-span-3 p-flex p-flex-col p-items-start\">\r\n            <div class=\"p-text-start p-text-secondary p-mb-1 p-bold\"> Natura <\/div>\r\n            <div class=\"p-w-full p-bg-light p-rounded-full p-h-2 p-relative\">\r\n                <div class=\"p-bg-primary p-h-2 p-rounded-full p-absolute\" style=\"width: 80%;\"><\/div>\r\n            <\/div>\r\n        <\/div>\r\n    <\/div>\r\n\r\n    <div class=\"p-grid p-grid-cols-4 p-shrink-0 p-w-72 p-snap-start md:p-w-full\">\r\n        <div class=\"p-col-span-1 p-self-center p-text-center p-text-3xl\">\r\n            <i class=\"icon-urban\"><\/i>\r\n        <\/div>\r\n        <div class=\"p-col-span-3 p-flex p-flex-col p-items-start\">\r\n            <div class=\"p-text-start p-text-secondary p-mb-1 p-bold\"> Cammino Francese <\/div>\r\n            <div class=\"p-w-full p-bg-light p-rounded-full p-h-2 p-relative\">\r\n                <div class=\"p-bg-primary p-h-2 p-rounded-full p-absolute\" style=\"width: 20%;\"><\/div>\r\n            <\/div>\r\n        <\/div>\r\n    <\/div>\r\n  <\/div>\r\n<\/section>\n<\/section>\n\n<div id=\"stage-list-section\"><div class=\"stage-list\">\n    <div class='stage-list__map-card'>\n        <div class='stage-list__map-card__map'>\n            <div class='stage-list__map-card__map__text'>\n                <h2> Pages <\/h2>\n                <p> A piedi<\/p>\n                <p> 0tappe<\/p>\n            <\/div>\n            <div class='stage-list__map-card__map__img'>\n                <img decoding=\"async\" src=\"\" alt=\" mapa \" \/>\n            <\/div>\n        <\/div>\n    <\/div>\n\n    <\/div>\n<\/div>\n\n<section id=\"navStage\">\n\t<div>\n\t\t<nav id=\"tab-navigation-section\" class=\"tab-navigation-section--cols-3\">\n\t\t\t<a href=\"#infoSection\" class=\"active\">Informazioni<\/a>\n\t\t\t<a href=\"#itinerarySection\">Itinerario<\/a>\n\t\t\t<a href=\"#locationsSection\">Localit\u00e0<\/a>\n\t\t<\/nav>\n\n\t\t<div id=\"infoSection\">\n\t\t\t<!-- Title Section with Orange Line -->\n\t\t\t<div>\n\t\t\t\t<h4 class=\"p-h4--section\">Informazioni<\/h4>\n\t\t\t\t<hr class=\"orange-bar\" \/>\n\t\t\t\t<h3 class=\"p-h3\">Su questa tappa<\/h3>\n\t\t\t<\/div>\n\n\t\t\t<!-- Main Content Section -->\n\t\t\t<p>\n\t\t\t\tSomport \u00e8 una zona di montagna dove molte persone vengono per sciare o per approfittare delle stagioni\n\t\t\t\tfredde per visitare il luogo, quindi se si decide di andare, \u00e8 consigliabile prenotare in anticipo\n\t\t\t\tostelli privati o altri alloggi, \u00e8 possibile che questi siano al massimo della capienza. In questa fase\n\t\t\t\tsi possono apprezzare i paesaggi montani grazie alla sua posizione geografica elevata.\n\t\t\t<\/p>\n\n\t\t\t<div class=\"recomendation-card\">\n\t\t\t\t<div>\n\t\t\t\t\t<i class=\"icon-logo-pilgrim\"><\/i>\n\t\t\t\t\t<h5>Raccomandazione di Pilgrim<\/h5>\n\t\t\t\t<\/div>\n\n\t\t\t\t<p>\n\t\t\t\t\tTrattandosi di una tappa di montagna, si raccomanda che le persone con disabilit\u00e0 o problemi fisici\n\t\t\t\t\tsiano accompagnate da persone di fiducia che le aiutino nel percorso. Inoltre, si raccomanda che,\n\t\t\t\t\ttrattandosi di una tappa di montagna, gli sforzi siano razionati per terminare la tappa in buone\n\t\t\t\t\tcondizioni.\n\t\t\t\t<\/p>\n\t\t\t<\/div>\n\t\t<\/div>\n\n\n\t\t<div id=\"itinerarySection\">\n\t\t\t<h4 class=\"p-h4--section\">Percorso<\/h4>\n\t\t\t<hr \/>\n\t\t\t<h3 class=\"p-h3\">Itinerario<\/h3>\n\t\t\t<div>\n\t\t\t\t<h4>Km 0 &#8231; Somport<\/h4>\n\t\t\t\t<p>\n\t\t\t\t\tLa tappa inizia nella regione autonoma di Aragona, in direzione di Candanch\u00fa. Accanto alla strada\n\t\t\t\t\tc&#8217;\u00e8 un sentiero lungo il quale bisogna fare attenzione perch\u00e9 in alcuni punti ci sono delle discese\n\t\t\t\t\tpi\u00f9 ripide. Presto vedremo i resti dell&#8217;antico Ospedale di Santa Cristina, dove i pellegrini di un\n\t\t\t\t\ttempo si fermavano per riposare. Il percorso prosegue fino alla stazione invernale di Candanch\u00fa\n\t\t\t\t\tdove, pi\u00f9 avanti, dovremo attraversare il fiume Aragona sul ponte di Santa Cristina, seguendo un\n\t\t\t\t\tsentiero in leggera pendenza. Superiamo la strada nazionale N-330 e passiamo a un sentiero, non\n\t\t\t\t\tmolto ben conservato, che attraversa una pineta. Vedremo il Forte di Coll de Ladrones prima di\n\t\t\t\t\tarrivare a Canfranc Estaci\u00f3n, vicino al lato sud del vecchissimo tunnel ferroviario di Somport.\n\t\t\t\t<\/p>\n\t\t\t<\/div>\n\t\t\t<hr \/>\n\t\t\t<div>\n\t\t\t\t<p>\n\t\t\t\t\tPer lasciare il villaggio, si attraversa il lato del tunnel della strada nazionale, superando una\n\t\t\t\t\tgalleria. Pi\u00f9 avanti, attraversiamo nuovamente il fiume Aragona, proprio di fronte alla Torreta de\n\t\t\t\t\tFusileros. Possiamo visitare questo monumento, ma ci\u00f2 implica una deviazione di cui potremmo\n\t\t\t\t\tpentirci in seguito, perch\u00e9 se decidiamo di continuare il nostro cammino dovremo attraversare\n\t\t\t\t\tnuovamente il fiume Arag\u00f3n per arrivare a Canfranc.\n\t\t\t\t<\/p>\n\t\t\t<\/div>\n\t\t\t<hr \/>\n\t\t\t<div>\n\t\t\t\t<p>\n\t\t\t\t\tLasciando la chiesa di La Trinidad a sinistra, usciamo dal paese e dobbiamo attraversare nuovamente\n\t\t\t\t\til fiume Arag\u00f3n sul ponte di Canfranc. In seguito, la strada ci costringer\u00e0 ad attraversare due\n\t\t\t\t\tvolte la strada nazionale, sempre in prossimit\u00e0 del fiume. Questo ci porter\u00e0 a Villan\u00faa, dove\n\t\t\t\t\tdovremo decidere se proseguire lungo la strada o fare una breve sosta per usufruire dei servizi del\n\t\t\t\t\tvillaggio sulla sinistra.\n\t\t\t\t<\/p>\n\t\t\t<\/div>\n\t\t\t<hr \/>\n\t\t\t<div>\n\t\t\t\t<p>\n\t\t\t\t\tProseguendo lungo il sentiero, si deve attraversare nuovamente il fiume Arag\u00f3n, fino ad attraversare\n\t\t\t\t\tla strada nazionale e raggiungere la strada Arator\u00e9s. Percorrendo questa strada, giriamo a destra e\n\t\t\t\t\tproseguiamo fino a Castiello de Jaca.\n\t\t\t\t<\/p>\n\t\t\t<\/div>\n\t\t\t<hr \/>\n\t\t\t<div>\n\t\t\t\t<h4>Km 32 &#8231; Jaca<\/h4>\n\t\t\t\t<p>\n\t\t\t\t\tUna volta attraversata la discesa dal paese, si sbuca di nuovo sulla strada nazionale e, una volta\n\t\t\t\t\tattraversata, si deve proseguire lungo il sentiero fino a raggiungere di nuovo il fiume Arag\u00f3n e\n\t\t\t\t\tattraversarlo su un ponte. Poco dopo, evitiamo il fiume Ijuez attraverso un passo costruito allo\n\t\t\t\t\tstesso scopo. Pi\u00f9 avanti troveremo i binari della ferrovia che dovremo seguire fino ad attraversare\n\t\t\t\t\tla strada nazionale attraverso un tunnel e, una volta qui, seguiremo la strada nazionale, che\n\t\t\t\t\tdovrebbe essere alla nostra sinistra, con il fiume alla nostra destra. Raggiungeremo la Ermita de\n\t\t\t\t\tSan Crist\u00f3bal e poi prenderemo l&#8217;Avenida de Francia per raggiungere il centro di Jaca.\n\t\t\t\t\tCongratulazioni, avete terminato la prima tappa del Cammino Aragonese e ora potete godervi\n\t\t\t\t\tl&#8217;incredibile patrimonio che la citt\u00e0 di Jaca ha da offrire.\n\t\t\t\t<\/p>\n\t\t\t<\/div>\n\t\t\t<hr \/>\n\t\t<\/div>\n\n\t\t<div id=\"locationsSection\">\n\t\t\t<h4 class=\"p-h4--section\">Localit\u00e0<\/h4>\n\t\t\t<hr \/>\n\t\t\t<h3 class=\"p-h3\">Villaggi<\/h3>\n\t\t\t<div class=\"grid-container\">\n\t\t\t\t<div class=\"p-group card-stage p-max-w-full\">\n\t\t\t\t\t<div class=\"card-stage__header\">\n\t\t\t\t\t\t<img decoding=\"async\" src=\"https:\/\/cdn.pilgrim.es\/web\/caminos\/camino-aragones\/pueblos\/somport.jpg\"\n\t\t\t\t\t\t\talt=\"Somport\" \/>\n\t\t\t\t\t<\/div>\n\t\t\t\t\t<div class=\"town-card__flex-container\">\n\t\t\t\t\t\t<div class=\"town-card__flex-container__info\">\n\t\t\t\t\t\t\t<h3>Somport<\/h3>\n\t\t\t\t\t\t\t<p>Provincia: Huesca<\/p>\n\t\t\t\t\t\t<\/div>\n\t\t\t\t\t<\/div>\n\t\t\t\t<\/div>\n\t\t\t\t<div class=\"p-group card-stage p-max-w-full\">\n\t\t\t\t\t<div class=\"card-stage__header\">\n\t\t\t\t\t\t<img decoding=\"async\" src=\"https:\/\/cdn.pilgrim.es\/web\/caminos\/camino-aragones\/pueblos\/jaca.jpg\" alt=\"Jaca\" \/>\n\t\t\t\t\t<\/div>\n\t\t\t\t\t<div class=\"town-card__flex-container\">\n\t\t\t\t\t\t<div class=\"town-card__flex-container__info\">\n\t\t\t\t\t\t\t<h3>Jaca<\/h3>\n\t\t\t\t\t\t\t<p>Provincia: Huesca<\/p>\n\t\t\t\t\t\t<\/div>\n\t\t\t\t\t<\/div>\n\t\t\t\t<\/div>\n\t\t\t<\/div>\n\t\t<\/div>\n\t\t<hr class=\"single-bar\" \/>\n\t<\/div>\n<\/section>\n\n<section id=\"stageChange\">\n\t<div>\n\t\t<a class=\"change-btn p-items-center inactive\">\n\t\t\t<div class=\"btn-arrow previous\">\n\t\t\t\t<i class=\"icon-arrow\"><\/i>\n\t\t\t<\/div>\n\t\t\t<div class=\"change-btn__info\">\n\t\t\t\t<div>Tappa 1<\/div>\n\t\t\t\t<p>\n\t\t\t\t\tSomport &#10095; <br \/>\n\t\t\t\t\tJaca\n\t\t\t\t<\/p>\n\t\t\t<\/div>\n\t\t<\/a>\n\t\t<a href=\"https:\/\/www.pilgrim.es\/it\/cammino-aragonese\/tappa-2-jaca-arres\/\" class=\"change-btn\">\n\t\t\t<div class=\"change-btn__info\">\n\t\t\t\t<div>Tappa 2<\/div>\n\t\t\t\t<p>\n\t\t\t\t\tJaca &#10095; <br \/>\n\t\t\t\t\tArr\u00e9s\n\t\t\t\t<\/p>\n\t\t\t<\/div>\n\t\t\t<div class=\"btn-arrow\">\n\t\t\t\t<i class=\"icon-arrow\"><\/i>\n\t\t\t<\/div>\n\t\t<\/a>\n\t<\/div>\n<\/section>\n","protected":false},"excerpt":{"rendered":"<p>Cammino Aragonese &#8231; Tappa 1 A piedi 6 tappe \/ 205 kms Somport &#10093; Jaca 32 Km &#10094; Tappa 1 Tappa 2 &#10095; Informazioni Itinerario Localit\u00e0 Informazioni Su questa tappa Somport \u00e8 una zona di montagna dove molte persone vengono per sciare o per approfittare delle stagioni fredde per visitare il luogo, quindi se si &hellip; <\/p>\n<p class=\"read_more\"><a href=\"https:\/\/www.pilgrim.es\/it\/cammino-aragonese\/tappa-1-somport-jaca\/\">Leer m\u00e1s<\/a><\/p>\n","protected":false},"author":4,"featured_media":0,"parent":10853,"menu_order":0,"comment_status":"closed","ping_status":"closed","template":"views\/template-new-web-design.blade.php","meta":{"footnotes":""},"categories":[],"tags":[],"class_list":["post-48521","page","type-page","status-publish","hentry"],"yoast_head":"<!-- This site is optimized with the Yoast SEO plugin v27.4 - https:\/\/yoast.com\/product\/yoast-seo-wordpress\/ -->\n<title>Camino de Santiago desde Somport a Jaca | Camino Aragon\u00e9s | Pilgrim<\/title>\n<meta name=\"description\" content=\"Tappa numero 1 nel percorso del Cammino Aragonese. Unisce le localit\u00e0 dei Somport e Jaca. Come arrivare e la rotta completa.\" \/>\n<meta name=\"robots\" content=\"index, follow, max-snippet:-1, max-image-preview:large, max-video-preview:-1\" \/>\n<link rel=\"canonical\" href=\"https:\/\/www.pilgrim.es\/it\/cammino-aragonese\/tappa-1-somport-jaca\/\" \/>\n<meta property=\"og:locale\" content=\"it_IT\" \/>\n<meta property=\"og:type\" content=\"article\" \/>\n<meta property=\"og:title\" content=\"Camino de Santiago desde Somport a Jaca | Camino Aragon\u00e9s | Pilgrim\" \/>\n<meta property=\"og:description\" content=\"Tappa numero 1 nel percorso del Cammino Aragonese. Unisce le localit\u00e0 dei Somport e Jaca. Come arrivare e la rotta completa.\" \/>\n<meta property=\"og:url\" content=\"https:\/\/www.pilgrim.es\/it\/cammino-aragonese\/tappa-1-somport-jaca\/\" \/>\n<meta property=\"og:site_name\" content=\"Pilgrim\" \/>\n<meta property=\"article:publisher\" content=\"https:\/\/www.facebook.com\/pilgrim.es\/\" \/>\n<meta property=\"article:modified_time\" content=\"2025-04-25T08:26:28+00:00\" \/>\n<meta property=\"og:image\" content=\"https:\/\/cdn.pilgrim.es\/web\/caminos\/camino-aragones\/pueblos\/somport.jpg\" \/>\n<meta name=\"twitter:card\" content=\"summary_large_image\" \/>\n<meta name=\"twitter:site\" content=\"@pilgrim_es\" \/>\n<meta name=\"twitter:label1\" content=\"Tempo di lettura stimato\" \/>\n\t<meta name=\"twitter:data1\" content=\"3 minuti\" \/>\n<script type=\"application\/ld+json\" class=\"yoast-schema-graph\">{\"@context\":\"https:\\\/\\\/schema.org\",\"@graph\":[{\"@type\":\"WebPage\",\"@id\":\"https:\\\/\\\/www.pilgrim.es\\\/it\\\/cammino-aragonese\\\/tappa-1-somport-jaca\\\/\",\"url\":\"https:\\\/\\\/www.pilgrim.es\\\/it\\\/cammino-aragonese\\\/tappa-1-somport-jaca\\\/\",\"name\":\"Camino de Santiago desde Somport a Jaca | Camino Aragon\u00e9s | Pilgrim\",\"isPartOf\":{\"@id\":\"https:\\\/\\\/www.pilgrim.es\\\/it\\\/#website\"},\"primaryImageOfPage\":{\"@id\":\"https:\\\/\\\/www.pilgrim.es\\\/it\\\/cammino-aragonese\\\/tappa-1-somport-jaca\\\/#primaryimage\"},\"image\":{\"@id\":\"https:\\\/\\\/www.pilgrim.es\\\/it\\\/cammino-aragonese\\\/tappa-1-somport-jaca\\\/#primaryimage\"},\"thumbnailUrl\":\"https:\\\/\\\/cdn.pilgrim.es\\\/web\\\/caminos\\\/camino-aragones\\\/pueblos\\\/somport.jpg\",\"datePublished\":\"2019-10-29T14:55:39+00:00\",\"dateModified\":\"2025-04-25T08:26:28+00:00\",\"description\":\"Tappa numero 1 nel percorso del Cammino Aragonese. Unisce le localit\u00e0 dei Somport e Jaca. Come arrivare e la rotta completa.\",\"breadcrumb\":{\"@id\":\"https:\\\/\\\/www.pilgrim.es\\\/it\\\/cammino-aragonese\\\/tappa-1-somport-jaca\\\/#breadcrumb\"},\"inLanguage\":\"it-IT\",\"potentialAction\":[{\"@type\":\"ReadAction\",\"target\":[\"https:\\\/\\\/www.pilgrim.es\\\/it\\\/cammino-aragonese\\\/tappa-1-somport-jaca\\\/\"]}]},{\"@type\":\"ImageObject\",\"inLanguage\":\"it-IT\",\"@id\":\"https:\\\/\\\/www.pilgrim.es\\\/it\\\/cammino-aragonese\\\/tappa-1-somport-jaca\\\/#primaryimage\",\"url\":\"https:\\\/\\\/cdn.pilgrim.es\\\/web\\\/caminos\\\/camino-aragones\\\/pueblos\\\/somport.jpg\",\"contentUrl\":\"https:\\\/\\\/cdn.pilgrim.es\\\/web\\\/caminos\\\/camino-aragones\\\/pueblos\\\/somport.jpg\"},{\"@type\":\"BreadcrumbList\",\"@id\":\"https:\\\/\\\/www.pilgrim.es\\\/it\\\/cammino-aragonese\\\/tappa-1-somport-jaca\\\/#breadcrumb\",\"itemListElement\":[{\"@type\":\"ListItem\",\"position\":1,\"name\":\"Camino de Santiago\",\"item\":\"https:\\\/\\\/www.pilgrim.es\\\/it\\\/\"},{\"@type\":\"ListItem\",\"position\":2,\"name\":\"Cammino Aragonese\",\"item\":\"https:\\\/\\\/www.pilgrim.es\\\/it\\\/cammino-aragonese\\\/\"},{\"@type\":\"ListItem\",\"position\":3,\"name\":\"Cammino Aragonese | Tappa 1: Somport &#8211; Jaca\"}]},{\"@type\":\"WebSite\",\"@id\":\"https:\\\/\\\/www.pilgrim.es\\\/it\\\/#website\",\"url\":\"https:\\\/\\\/www.pilgrim.es\\\/it\\\/\",\"name\":\"Pilgrim\",\"description\":\"Camino de Santiago | Caminamos Contigo\",\"publisher\":{\"@id\":\"https:\\\/\\\/www.pilgrim.es\\\/it\\\/#organization\"},\"potentialAction\":[{\"@type\":\"SearchAction\",\"target\":{\"@type\":\"EntryPoint\",\"urlTemplate\":\"https:\\\/\\\/www.pilgrim.es\\\/it\\\/?s={search_term_string}\"},\"query-input\":{\"@type\":\"PropertyValueSpecification\",\"valueRequired\":true,\"valueName\":\"search_term_string\"}}],\"inLanguage\":\"it-IT\"},{\"@type\":\"Organization\",\"@id\":\"https:\\\/\\\/www.pilgrim.es\\\/it\\\/#organization\",\"name\":\"Pilgrim Camino de Santiago\",\"url\":\"https:\\\/\\\/www.pilgrim.es\\\/it\\\/\",\"logo\":{\"@type\":\"ImageObject\",\"inLanguage\":\"it-IT\",\"@id\":\"https:\\\/\\\/www.pilgrim.es\\\/it\\\/#\\\/schema\\\/logo\\\/image\\\/\",\"url\":\"https:\\\/\\\/www.pilgrim.es\\\/wp-content\\\/uploads\\\/2019\\\/04\\\/logo_pilgrim.png\",\"contentUrl\":\"https:\\\/\\\/www.pilgrim.es\\\/wp-content\\\/uploads\\\/2019\\\/04\\\/logo_pilgrim.png\",\"width\":512,\"height\":512,\"caption\":\"Pilgrim Camino de Santiago\"},\"image\":{\"@id\":\"https:\\\/\\\/www.pilgrim.es\\\/it\\\/#\\\/schema\\\/logo\\\/image\\\/\"},\"sameAs\":[\"https:\\\/\\\/www.facebook.com\\\/pilgrim.es\\\/\",\"https:\\\/\\\/x.com\\\/pilgrim_es\",\"https:\\\/\\\/www.instagram.com\\\/pilgrim.es\\\/\",\"https:\\\/\\\/www.linkedin.com\\\/company\\\/pilgrim-camino-de-santiago\\\/\",\"https:\\\/\\\/www.pinterest.es\\\/pilgrimcaminodesantiago\\\/\",\"https:\\\/\\\/www.youtube.com\\\/channel\\\/UCIv2ZzFLXVqthkNF32rKedw\\\/featured\"]}]}<\/script>\n<!-- \/ Yoast SEO plugin. -->","yoast_head_json":{"title":"Camino de Santiago desde Somport a Jaca | Camino Aragon\u00e9s | Pilgrim","description":"Tappa numero 1 nel percorso del Cammino Aragonese. Unisce le localit\u00e0 dei Somport e Jaca. Come arrivare e la rotta completa.","robots":{"index":"index","follow":"follow","max-snippet":"max-snippet:-1","max-image-preview":"max-image-preview:large","max-video-preview":"max-video-preview:-1"},"canonical":"https:\/\/www.pilgrim.es\/it\/cammino-aragonese\/tappa-1-somport-jaca\/","og_locale":"it_IT","og_type":"article","og_title":"Camino de Santiago desde Somport a Jaca | Camino Aragon\u00e9s | Pilgrim","og_description":"Tappa numero 1 nel percorso del Cammino Aragonese. Unisce le localit\u00e0 dei Somport e Jaca. Come arrivare e la rotta completa.","og_url":"https:\/\/www.pilgrim.es\/it\/cammino-aragonese\/tappa-1-somport-jaca\/","og_site_name":"Pilgrim","article_publisher":"https:\/\/www.facebook.com\/pilgrim.es\/","article_modified_time":"2025-04-25T08:26:28+00:00","og_image":[{"url":"https:\/\/cdn.pilgrim.es\/web\/caminos\/camino-aragones\/pueblos\/somport.jpg","type":"","width":"","height":""}],"twitter_card":"summary_large_image","twitter_site":"@pilgrim_es","twitter_misc":{"Tempo di lettura stimato":"3 minuti"},"schema":{"@context":"https:\/\/schema.org","@graph":[{"@type":"WebPage","@id":"https:\/\/www.pilgrim.es\/it\/cammino-aragonese\/tappa-1-somport-jaca\/","url":"https:\/\/www.pilgrim.es\/it\/cammino-aragonese\/tappa-1-somport-jaca\/","name":"Camino de Santiago desde Somport a Jaca | Camino Aragon\u00e9s | Pilgrim","isPartOf":{"@id":"https:\/\/www.pilgrim.es\/it\/#website"},"primaryImageOfPage":{"@id":"https:\/\/www.pilgrim.es\/it\/cammino-aragonese\/tappa-1-somport-jaca\/#primaryimage"},"image":{"@id":"https:\/\/www.pilgrim.es\/it\/cammino-aragonese\/tappa-1-somport-jaca\/#primaryimage"},"thumbnailUrl":"https:\/\/cdn.pilgrim.es\/web\/caminos\/camino-aragones\/pueblos\/somport.jpg","datePublished":"2019-10-29T14:55:39+00:00","dateModified":"2025-04-25T08:26:28+00:00","description":"Tappa numero 1 nel percorso del Cammino Aragonese. Unisce le localit\u00e0 dei Somport e Jaca. Come arrivare e la rotta completa.","breadcrumb":{"@id":"https:\/\/www.pilgrim.es\/it\/cammino-aragonese\/tappa-1-somport-jaca\/#breadcrumb"},"inLanguage":"it-IT","potentialAction":[{"@type":"ReadAction","target":["https:\/\/www.pilgrim.es\/it\/cammino-aragonese\/tappa-1-somport-jaca\/"]}]},{"@type":"ImageObject","inLanguage":"it-IT","@id":"https:\/\/www.pilgrim.es\/it\/cammino-aragonese\/tappa-1-somport-jaca\/#primaryimage","url":"https:\/\/cdn.pilgrim.es\/web\/caminos\/camino-aragones\/pueblos\/somport.jpg","contentUrl":"https:\/\/cdn.pilgrim.es\/web\/caminos\/camino-aragones\/pueblos\/somport.jpg"},{"@type":"BreadcrumbList","@id":"https:\/\/www.pilgrim.es\/it\/cammino-aragonese\/tappa-1-somport-jaca\/#breadcrumb","itemListElement":[{"@type":"ListItem","position":1,"name":"Camino de Santiago","item":"https:\/\/www.pilgrim.es\/it\/"},{"@type":"ListItem","position":2,"name":"Cammino Aragonese","item":"https:\/\/www.pilgrim.es\/it\/cammino-aragonese\/"},{"@type":"ListItem","position":3,"name":"Cammino Aragonese | Tappa 1: Somport &#8211; Jaca"}]},{"@type":"WebSite","@id":"https:\/\/www.pilgrim.es\/it\/#website","url":"https:\/\/www.pilgrim.es\/it\/","name":"Pilgrim","description":"Camino de Santiago | Caminamos Contigo","publisher":{"@id":"https:\/\/www.pilgrim.es\/it\/#organization"},"potentialAction":[{"@type":"SearchAction","target":{"@type":"EntryPoint","urlTemplate":"https:\/\/www.pilgrim.es\/it\/?s={search_term_string}"},"query-input":{"@type":"PropertyValueSpecification","valueRequired":true,"valueName":"search_term_string"}}],"inLanguage":"it-IT"},{"@type":"Organization","@id":"https:\/\/www.pilgrim.es\/it\/#organization","name":"Pilgrim Camino de Santiago","url":"https:\/\/www.pilgrim.es\/it\/","logo":{"@type":"ImageObject","inLanguage":"it-IT","@id":"https:\/\/www.pilgrim.es\/it\/#\/schema\/logo\/image\/","url":"https:\/\/www.pilgrim.es\/wp-content\/uploads\/2019\/04\/logo_pilgrim.png","contentUrl":"https:\/\/www.pilgrim.es\/wp-content\/uploads\/2019\/04\/logo_pilgrim.png","width":512,"height":512,"caption":"Pilgrim Camino de Santiago"},"image":{"@id":"https:\/\/www.pilgrim.es\/it\/#\/schema\/logo\/image\/"},"sameAs":["https:\/\/www.facebook.com\/pilgrim.es\/","https:\/\/x.com\/pilgrim_es","https:\/\/www.instagram.com\/pilgrim.es\/","https:\/\/www.linkedin.com\/company\/pilgrim-camino-de-santiago\/","https:\/\/www.pinterest.es\/pilgrimcaminodesantiago\/","https:\/\/www.youtube.com\/channel\/UCIv2ZzFLXVqthkNF32rKedw\/featured"]}]}},"_links":{"self":[{"href":"https:\/\/www.pilgrim.es\/it\/wp-json\/wp\/v2\/pages\/48521","targetHints":{"allow":["GET"]}}],"collection":[{"href":"https:\/\/www.pilgrim.es\/it\/wp-json\/wp\/v2\/pages"}],"about":[{"href":"https:\/\/www.pilgrim.es\/it\/wp-json\/wp\/v2\/types\/page"}],"author":[{"embeddable":true,"href":"https:\/\/www.pilgrim.es\/it\/wp-json\/wp\/v2\/users\/4"}],"replies":[{"embeddable":true,"href":"https:\/\/www.pilgrim.es\/it\/wp-json\/wp\/v2\/comments?post=48521"}],"version-history":[{"count":4,"href":"https:\/\/www.pilgrim.es\/it\/wp-json\/wp\/v2\/pages\/48521\/revisions"}],"predecessor-version":[{"id":129723,"href":"https:\/\/www.pilgrim.es\/it\/wp-json\/wp\/v2\/pages\/48521\/revisions\/129723"}],"up":[{"embeddable":true,"href":"https:\/\/www.pilgrim.es\/it\/wp-json\/wp\/v2\/pages\/10853"}],"wp:attachment":[{"href":"https:\/\/www.pilgrim.es\/it\/wp-json\/wp\/v2\/media?parent=48521"}],"wp:term":[{"taxonomy":"category","embeddable":true,"href":"https:\/\/www.pilgrim.es\/it\/wp-json\/wp\/v2\/categories?post=48521"},{"taxonomy":"post_tag","embeddable":true,"href":"https:\/\/www.pilgrim.es\/it\/wp-json\/wp\/v2\/tags?post=48521"}],"curies":[{"name":"wp","href":"https:\/\/api.w.org\/{rel}","templated":true}]}}