{"id":48513,"date":"2019-10-29T13:04:59","date_gmt":"2019-10-29T13:04:59","guid":{"rendered":"https:\/\/prod.pilgrim.es\/cammino-aragonese\/tappa-4-ruesta-sanguesa\/"},"modified":"2025-04-25T08:41:56","modified_gmt":"2025-04-25T08:41:56","slug":"tappa-4-ruesta-sanguesa","status":"publish","type":"page","link":"https:\/\/www.pilgrim.es\/it\/cammino-aragonese\/tappa-4-ruesta-sanguesa\/","title":{"rendered":"Cammino Aragonese | Tappa 4: Ruesta &#8211; Sang\u00fcesa"},"content":{"rendered":"\n<section id=\"heroStage\">\n\t<h1>Cammino Aragonese &#8231; Tappa 4<\/h1>\n\t<div>\n\t\t<div class=\"hero\" data-background=\"https:\/\/cdn.pilgrim.es\/web\/caminos\/camino-aragones\/pueblos\/ruesta.jpg\">\n\t\t\t<div class=\"hero__container\">\n\t\t\t\t<div class=\"hero__container__labels\">\n\t\t\t\t\t<p>A piedi<\/p>\n\t\t\t\t\t<p>6 tappe \/ 205 kms<\/p>\n\t\t\t\t<\/div>\n\t\t\t\t<div class=\"hero__container__stage-name\">\n\t\t\t\t\t<h2>\n\t\t\t\t\t\tRuesta <br \/>\n\t\t\t\t\t\t<span>&#10093;<\/span>\n\t\t\t\t\t\tSang\u00fcesa\n\t\t\t\t\t<\/h2>\n\t\t\t\t\t<p>22 Km<\/p>\n\t\t\t\t<\/div>\n\t\t\t\t<div class=\"hero__container__stage-changer\">\n\t\t\t\t\t<div class=\"stage-control\">\n\t\t\t\t\t\t<a href=\"https:\/\/www.pilgrim.es\/it\/cammino-aragonese\/tappa-3-arres-ruesta\/\" class=\"\n                            stage-control__link\"><span>&#10094;<\/span>\n\t\t\t\t\t\t\tTappa 3<\/a>\n\t\t\t\t\t<\/div>\n\t\t\t\t\t<div class=\"stage-control\">\n\t\t\t\t\t\t<a class=\"stage-control__link\" href=\"https:\/\/www.pilgrim.es\/it\/cammino-aragonese\/tappa-5-sanguesa-monreal\/\">Tappa 5\n\t\t\t\t\t\t\t<span>&#10095;<\/span><\/a>\n\t\t\t\t\t<\/div>\n\t\t\t\t<\/div>\n\t\t\t<\/div>\n\t\t<\/div>\n\t\t<div class=\"planner\"><div\r\n  class=\"p-col-span-1 p-rounded-lg p-px-5 p-h-full\"\r\n  style=\"background-image: url('https:\/\/cdn.pilgrim.es\/web\/pilgrim-planner\/bg-plugin-planificador.webp')\"\r\n  rel=\"preload\"\r\n  fetchpriority=\"high\"\r\n  >\r\n    <div class=\"p-text-center p-pt-5 p-text-white p-text-2xl p-font-semibold\">\r\n      Pianifica il tuo cammino    <\/div>\r\n    <div\r\n            id='primary-app'\r\n            data-name='banner'\r\n            data-api='https:\/\/pathfinder.pilgrim.es\/api\/pathfinder\/v2'\r\n            data-mode='normal'\r\n            data-lang='it'\r\n            data-route='1'\r\n            data-destiny='https:\/\/planificador.pilgrim.es'\r\n            data-modality='1'\r\n            data-inline=''\r\n        ><\/div><\/div><\/div>\n\t<\/div>\n<\/section>\n\n<section id=\"scoreBarsStage\">\n\t<section>\r\n  <div class=\"p-flex p-flex-nowrap p-space-x-4 p-py-5 p-overflow-x-auto md:p-grid md:p-grid-cols-3 lg:p-grid-cols-5 md:p-gap-8 md:p-space-x-0 md:p-overflow-hidden scrollbar-thin\">\r\n    <div class=\"p-grid p-grid-cols-4 p-shrink-0 p-w-72 p-snap-start md:p-w-full\">\r\n        <div class=\"p-col-span-1 p-self-center p-text-center p-text-3xl\">\r\n            <i class=\"icon-influx\"><\/i>\r\n        <\/div>\r\n        <div class=\"p-col-span-3 p-flex p-flex-col p-items-start\">\r\n            <div class=\"p-text-start p-text-secondary p-mb-1 p-bold\"> Afflusso <\/div>\r\n            <div class=\"p-w-full p-bg-light p-rounded-full p-h-2 p-relative\">\r\n                <div class=\"p-bg-primary p-h-2 p-rounded-full p-absolute\" style=\"width: 20%;\"><\/div>\r\n            <\/div>\r\n        <\/div>\r\n    <\/div>\r\n\r\n    <div class=\"p-grid p-grid-cols-4 p-shrink-0 p-w-72 p-snap-start md:p-w-full\">\r\n        <div class=\"p-col-span-1 p-self-center p-text-center p-text-3xl\">\r\n            <i class=\"icon-difficulty\"><\/i>\r\n        <\/div>\r\n        <div class=\"p-col-span-3 p-flex p-flex-col p-items-start\">\r\n            <div class=\"p-text-start p-text-secondary p-mb-1 p-bold\"> Difficolt\u00e0 <\/div>\r\n            <div class=\"p-w-full p-bg-light p-rounded-full p-h-2 p-relative\">\r\n                <div class=\"p-bg-primary p-h-2 p-rounded-full p-absolute\" style=\"width: 80%;\"><\/div>\r\n            <\/div>\r\n        <\/div>\r\n    <\/div>\r\n\r\n    <div class=\"p-grid p-grid-cols-4 p-shrink-0 p-w-72 p-snap-start md:p-w-full\">\r\n        <div class=\"p-col-span-1 p-self-center p-text-center p-text-3xl\">\r\n            <i class=\"icon-patrimony\"><\/i>\r\n        <\/div>\r\n        <div class=\"p-col-span-3 p-flex p-flex-col p-items-start\">\r\n            <div class=\"p-text-start p-text-secondary p-mb-1 p-bold\"> Arte\/Storia <\/div>\r\n            <div class=\"p-w-full p-bg-light p-rounded-full p-h-2 p-relative\">\r\n                <div class=\"p-bg-primary p-h-2 p-rounded-full p-absolute\" style=\"width: 20%;\"><\/div>\r\n            <\/div>\r\n        <\/div>\r\n    <\/div>\r\n\r\n    <div class=\"p-grid p-grid-cols-4 p-shrink-0 p-w-72 p-snap-start md:p-w-full\">\r\n        <div class=\"p-col-span-1 p-self-center p-text-center p-text-3xl\">\r\n            <i class=\"icon-nature\"><\/i>\r\n        <\/div>\r\n        <div class=\"p-col-span-3 p-flex p-flex-col p-items-start\">\r\n            <div class=\"p-text-start p-text-secondary p-mb-1 p-bold\"> Natura <\/div>\r\n            <div class=\"p-w-full p-bg-light p-rounded-full p-h-2 p-relative\">\r\n                <div class=\"p-bg-primary p-h-2 p-rounded-full p-absolute\" style=\"width: 60%;\"><\/div>\r\n            <\/div>\r\n        <\/div>\r\n    <\/div>\r\n\r\n    <div class=\"p-grid p-grid-cols-4 p-shrink-0 p-w-72 p-snap-start md:p-w-full\">\r\n        <div class=\"p-col-span-1 p-self-center p-text-center p-text-3xl\">\r\n            <i class=\"icon-urban\"><\/i>\r\n        <\/div>\r\n        <div class=\"p-col-span-3 p-flex p-flex-col p-items-start\">\r\n            <div class=\"p-text-start p-text-secondary p-mb-1 p-bold\"> Cammino Francese <\/div>\r\n            <div class=\"p-w-full p-bg-light p-rounded-full p-h-2 p-relative\">\r\n                <div class=\"p-bg-primary p-h-2 p-rounded-full p-absolute\" style=\"width: 20%;\"><\/div>\r\n            <\/div>\r\n        <\/div>\r\n    <\/div>\r\n  <\/div>\r\n<\/section>\n<\/section>\n\n<div id=\"stage-list-section\"><div class=\"stage-list\">\n    <div class='stage-list__map-card'>\n        <div class='stage-list__map-card__map'>\n            <div class='stage-list__map-card__map__text'>\n                <h2> Pages <\/h2>\n                <p> A piedi<\/p>\n                <p> 0tappe<\/p>\n            <\/div>\n            <div class='stage-list__map-card__map__img'>\n                <img decoding=\"async\" src=\"\" alt=\" mapa \" \/>\n            <\/div>\n        <\/div>\n    <\/div>\n\n    <\/div>\n<\/div>\n\n<section id=\"navStage\">\n\t<div>\n\t\t<nav id=\"tab-navigation-section\" class=\"tab-navigation-section--cols-3\">\n\t\t\t<a href=\"#infoSection\" class=\"active\">Informazioni<\/a>\n\t\t\t<a href=\"#itinerarySection\">Itinerario<\/a>\n\t\t\t<a href=\"#locationsSection\">Localit\u00e0<\/a>\n\t\t<\/nav>\n\n\t\t<div id=\"infoSection\">\n\t\t\t<!-- Title Section with Orange Line -->\n\t\t\t<div>\n\t\t\t\t<h4 class=\"p-h4--section\">Informazioni<\/h4>\n\t\t\t\t<hr class=\"orange-bar\" \/>\n\t\t\t\t<h3 class=\"p-h3\">Su questa tappa<\/h3>\n\t\t\t<\/div>\n\n\t\t\t<!-- Main Content Section -->\n\t\t\t<p>\n\t\t\t\tQuesto tratto \u00e8 la salita pi\u00f9 ripida del Cammino Aragonese, non \u00e8 una salita ripida ma si estende per\n\t\t\t\t5,8 km, tuttavia questa salita \u00e8 ricompensata dalle splendide viste offerte dal bacino di Yesa. Prima di\n\t\t\t\tsalire questa salita, si passa davanti all&#8217;eremo di Santiago e, prima di raggiungere Sang\u00fcesa, si trova\n\t\t\t\tl&#8217;eremo di Socorro.\n\t\t\t<\/p>\n\n\t\t\t<div class=\"recomendation-card\">\n\t\t\t\t<div>\n\t\t\t\t\t<i class=\"icon-logo-pilgrim\"><\/i>\n\t\t\t\t\t<h5>Raccomandazione di Pilgrim<\/h5>\n\t\t\t\t<\/div>\n\n\t\t\t\t<p>\n\t\t\t\t\tPoich\u00e9 si tratta di una tappa pi\u00f9 ripida, assicuratevi di avere le calzature giuste per poter\n\t\t\t\t\taffrontare la pendenza e il tratto senza problemi.\n\t\t\t\t<\/p>\n\t\t\t<\/div>\n\t\t<\/div>\n\n\n\t\t<div id=\"itinerarySection\">\n\t\t\t<h4 class=\"p-h4--section\">Percorso<\/h4>\n\t\t\t<hr \/>\n\t\t\t<h3 class=\"p-h3\">Itinerario<\/h3>\n\t\t\t<div>\n\t\t\t\t<h4>Km 0 &#8231; Ruesta<\/h4>\n\t\t\t\t<p>\n\t\t\t\t\t\u00c8 tempo di avventurarsi di nuovo, iniziamo a percorrere un sentiero fino ad attraversare un ponte\n\t\t\t\t\tsul fiume Regal dove, pi\u00f9 avanti, incroceremo l&#8217;eremo di Santiago. Continuiamo il nostro percorso\n\t\t\t\t\tlungo un sentiero sterrato che attraversa una zona boscosa e saliamo gradualmente. Non \u00e8 molto\n\t\t\t\t\tripida, ma si estende per quasi 6 km, quindi dovremo avere pazienza e affrontarla con entusiasmo.\n\t\t\t\t\tAlla fine del percorso potremo apprezzare le meravigliose viste sul bacino di Yesa.\n\t\t\t\t<\/p>\n\t\t\t<\/div>\n\t\t\t<hr \/>\n\t\t\t<div>\n\t\t\t\t<p>\n\t\t\t\t\tAd un incrocio roccioso il pendio termina, cos\u00ec come l&#8217;area boschiva. Si gira a sinistra e pochi\n\t\t\t\t\tmetri dopo a destra, dove si prosegue lungo un sentiero poco curato fino a scorgere all&#8217;orizzonte il\n\t\t\t\t\tvillaggio di Undu\u00e9s de Lerda. Dobbiamo scendere un piccolo pendio e poi proseguire dritti fino a\n\t\t\t\t\traggiungere il paese.\n\t\t\t\t<\/p>\n\t\t\t<\/div>\n\t\t\t<hr \/>\n\t\t\t<div>\n\t\t\t\t<p>\n\t\t\t\t\tAttraversiamo il paese in discesa con sentieri di pietra e sbuchiamo su una strada da attraversare.\n\t\t\t\t\tDopo pochi metri si trova un pannello informativo che annuncia l&#8217;arrivo nella Comunit\u00e0 di Navarra.\n\t\t\t\t<\/p>\n\t\t\t<\/div>\n\t\t\t<hr \/>\n\t\t\t<div>\n\t\t\t\t<h4>Km 22 &#8231; Sang\u00fcesa<\/h4>\n\t\t\t\t<p>\n\t\t\t\t\tContinuiamo il cammino attraversando la strada fino a raggiungere il villaggio di Javier, con\n\t\t\t\t\tl&#8217;eremo di Socorro alla nostra destra. Attraversando zone rurali con alcune fattorie, arriviamo alla\n\t\t\t\t\tfine della nostra tappa, la citt\u00e0 di Sang\u00fcesa.\n\t\t\t\t<\/p>\n\t\t\t<\/div>\n\t\t\t<hr \/>\n\t\t<\/div>\n\n\t\t<div id=\"locationsSection\">\n\t\t\t<h4 class=\"p-h4--section\">Localit\u00e0<\/h4>\n\t\t\t<hr \/>\n\t\t\t<h3 class=\"p-h3\">Villaggi<\/h3>\n\t\t\t<div class=\"grid-container\">\n\t\t\t\t<div class=\"p-group card-stage p-max-w-full\">\n\t\t\t\t\t<div class=\"card-stage__header\">\n\t\t\t\t\t\t<img decoding=\"async\" src=\"https:\/\/cdn.pilgrim.es\/web\/caminos\/camino-aragones\/pueblos\/ruesta.jpg\" alt=\"Ruesta\" \/>\n\t\t\t\t\t<\/div>\n\t\t\t\t\t<div class=\"town-card__flex-container\">\n\t\t\t\t\t\t<div class=\"town-card__flex-container__info\">\n\t\t\t\t\t\t\t<h3>Ruesta<\/h3>\n\t\t\t\t\t\t\t<p>Provincia: Zaragoza<\/p>\n\t\t\t\t\t\t<\/div>\n\t\t\t\t\t<\/div>\n\t\t\t\t<\/div>\n\t\t\t\t<div class=\"p-group card-stage p-max-w-full\">\n\t\t\t\t\t<div class=\"card-stage__header\">\n\t\t\t\t\t\t<img decoding=\"async\" src=\"https:\/\/cdn.pilgrim.es\/web\/caminos\/camino-aragones\/pueblos\/sanguesa.jpg\"\n\t\t\t\t\t\t\talt=\"Sang\u00fcesa\" \/>\n\t\t\t\t\t<\/div>\n\t\t\t\t\t<div class=\"town-card__flex-container\">\n\t\t\t\t\t\t<div class=\"town-card__flex-container__info\">\n\t\t\t\t\t\t\t<h3>Sang\u00fcesa<\/h3>\n\t\t\t\t\t\t\t<p>Provincia: Navarra<\/p>\n\t\t\t\t\t\t<\/div>\n\t\t\t\t\t<\/div>\n\t\t\t\t<\/div>\n\t\t\t<\/div>\n\t\t<\/div>\n\t\t<hr class=\"single-bar\" \/>\n\t<\/div>\n<\/section>\n\n<section id=\"stageChange\">\n\t<div>\n\t\t<a href=\"https:\/\/www.pilgrim.es\/it\/cammino-aragonese\/tappa-3-arres-ruesta\/\" class=\"change-btn p-items-center\">\n\t\t\t<div class=\"btn-arrow previous\">\n\t\t\t\t<i class=\"icon-arrow\"><\/i>\n\t\t\t<\/div>\n\t\t\t<div class=\"change-btn__info\">\n\t\t\t\t<div>Tappa 3<\/div>\n\t\t\t\t<p>\n\t\t\t\t\tArr\u00e9s &#10095; <br \/>\n\t\t\t\t\tRuesta\n\t\t\t\t<\/p>\n\t\t\t<\/div>\n\t\t<\/a>\n\t\t<a href=\"https:\/\/www.pilgrim.es\/it\/cammino-aragonese\/tappa-5-sanguesa-monreal\/\" class=\"change-btn\">\n\t\t\t<div class=\"change-btn__info\">\n\t\t\t\t<div>Tappa 5<\/div>\n\t\t\t\t<p>\n\t\t\t\t\tSang\u00fcesa &#10095; <br \/>\n\t\t\t\t\tMonreal\n\t\t\t\t<\/p>\n\t\t\t<\/div>\n\t\t\t<div class=\"btn-arrow\">\n\t\t\t\t<i class=\"icon-arrow\"><\/i>\n\t\t\t<\/div>\n\t\t<\/a>\n\t<\/div>\n<\/section>\n","protected":false},"excerpt":{"rendered":"<p>Cammino Aragonese &#8231; Tappa 4 A piedi 6 tappe \/ 205 kms Ruesta &#10093; Sang\u00fcesa 22 Km &#10094; Tappa 3 Tappa 5 &#10095; Informazioni Itinerario Localit\u00e0 Informazioni Su questa tappa Questo tratto \u00e8 la salita pi\u00f9 ripida del Cammino Aragonese, non \u00e8 una salita ripida ma si estende per 5,8 km, tuttavia questa salita \u00e8 &hellip; <\/p>\n<p class=\"read_more\"><a href=\"https:\/\/www.pilgrim.es\/it\/cammino-aragonese\/tappa-4-ruesta-sanguesa\/\">Leer m\u00e1s<\/a><\/p>\n","protected":false},"author":4,"featured_media":0,"parent":10853,"menu_order":0,"comment_status":"closed","ping_status":"closed","template":"views\/template-new-web-design.blade.php","meta":{"footnotes":""},"categories":[],"tags":[],"class_list":["post-48513","page","type-page","status-publish","hentry"],"yoast_head":"<!-- This site is optimized with the Yoast SEO plugin v27.4 - https:\/\/yoast.com\/product\/yoast-seo-wordpress\/ -->\n<title>Camino de Santiago desde Ruesta a Sang\u00fcesa | Camino Aragon\u00e9s<\/title>\n<meta name=\"description\" content=\"Tappa numero 4 sul tracciato del Cammino Aragonese. Questa tappa unisce le localit\u00e0 di Ruesta e Sang\u00fcesa Rotte, alberghi e luoghi di interesse.\" \/>\n<meta name=\"robots\" content=\"index, follow, max-snippet:-1, max-image-preview:large, max-video-preview:-1\" \/>\n<link rel=\"canonical\" href=\"https:\/\/www.pilgrim.es\/it\/cammino-aragonese\/tappa-4-ruesta-sanguesa\/\" \/>\n<meta property=\"og:locale\" content=\"it_IT\" \/>\n<meta property=\"og:type\" content=\"article\" \/>\n<meta property=\"og:title\" content=\"Camino de Santiago desde Ruesta a Sang\u00fcesa | Camino Aragon\u00e9s\" \/>\n<meta property=\"og:description\" content=\"Tappa numero 4 sul tracciato del Cammino Aragonese. Questa tappa unisce le localit\u00e0 di Ruesta e Sang\u00fcesa Rotte, alberghi e luoghi di interesse.\" \/>\n<meta property=\"og:url\" content=\"https:\/\/www.pilgrim.es\/it\/cammino-aragonese\/tappa-4-ruesta-sanguesa\/\" \/>\n<meta property=\"og:site_name\" content=\"Pilgrim\" \/>\n<meta property=\"article:publisher\" content=\"https:\/\/www.facebook.com\/pilgrim.es\/\" \/>\n<meta property=\"article:modified_time\" content=\"2025-04-25T08:41:56+00:00\" \/>\n<meta property=\"og:image\" content=\"https:\/\/cdn.pilgrim.es\/web\/caminos\/camino-aragones\/pueblos\/ruesta.jpg\" \/>\n<meta name=\"twitter:card\" content=\"summary_large_image\" \/>\n<meta name=\"twitter:site\" content=\"@pilgrim_es\" \/>\n<meta name=\"twitter:label1\" content=\"Tempo di lettura stimato\" \/>\n\t<meta name=\"twitter:data1\" content=\"2 minuti\" \/>\n<script type=\"application\/ld+json\" class=\"yoast-schema-graph\">{\"@context\":\"https:\\\/\\\/schema.org\",\"@graph\":[{\"@type\":\"WebPage\",\"@id\":\"https:\\\/\\\/www.pilgrim.es\\\/it\\\/cammino-aragonese\\\/tappa-4-ruesta-sanguesa\\\/\",\"url\":\"https:\\\/\\\/www.pilgrim.es\\\/it\\\/cammino-aragonese\\\/tappa-4-ruesta-sanguesa\\\/\",\"name\":\"Camino de Santiago desde Ruesta a Sang\u00fcesa | Camino Aragon\u00e9s\",\"isPartOf\":{\"@id\":\"https:\\\/\\\/www.pilgrim.es\\\/it\\\/#website\"},\"primaryImageOfPage\":{\"@id\":\"https:\\\/\\\/www.pilgrim.es\\\/it\\\/cammino-aragonese\\\/tappa-4-ruesta-sanguesa\\\/#primaryimage\"},\"image\":{\"@id\":\"https:\\\/\\\/www.pilgrim.es\\\/it\\\/cammino-aragonese\\\/tappa-4-ruesta-sanguesa\\\/#primaryimage\"},\"thumbnailUrl\":\"https:\\\/\\\/cdn.pilgrim.es\\\/web\\\/caminos\\\/camino-aragones\\\/pueblos\\\/ruesta.jpg\",\"datePublished\":\"2019-10-29T13:04:59+00:00\",\"dateModified\":\"2025-04-25T08:41:56+00:00\",\"description\":\"Tappa numero 4 sul tracciato del Cammino Aragonese. Questa tappa unisce le localit\u00e0 di Ruesta e Sang\u00fcesa Rotte, alberghi e luoghi di interesse.\",\"breadcrumb\":{\"@id\":\"https:\\\/\\\/www.pilgrim.es\\\/it\\\/cammino-aragonese\\\/tappa-4-ruesta-sanguesa\\\/#breadcrumb\"},\"inLanguage\":\"it-IT\",\"potentialAction\":[{\"@type\":\"ReadAction\",\"target\":[\"https:\\\/\\\/www.pilgrim.es\\\/it\\\/cammino-aragonese\\\/tappa-4-ruesta-sanguesa\\\/\"]}]},{\"@type\":\"ImageObject\",\"inLanguage\":\"it-IT\",\"@id\":\"https:\\\/\\\/www.pilgrim.es\\\/it\\\/cammino-aragonese\\\/tappa-4-ruesta-sanguesa\\\/#primaryimage\",\"url\":\"https:\\\/\\\/cdn.pilgrim.es\\\/web\\\/caminos\\\/camino-aragones\\\/pueblos\\\/ruesta.jpg\",\"contentUrl\":\"https:\\\/\\\/cdn.pilgrim.es\\\/web\\\/caminos\\\/camino-aragones\\\/pueblos\\\/ruesta.jpg\"},{\"@type\":\"BreadcrumbList\",\"@id\":\"https:\\\/\\\/www.pilgrim.es\\\/it\\\/cammino-aragonese\\\/tappa-4-ruesta-sanguesa\\\/#breadcrumb\",\"itemListElement\":[{\"@type\":\"ListItem\",\"position\":1,\"name\":\"Camino de Santiago\",\"item\":\"https:\\\/\\\/www.pilgrim.es\\\/it\\\/\"},{\"@type\":\"ListItem\",\"position\":2,\"name\":\"Cammino Aragonese\",\"item\":\"https:\\\/\\\/www.pilgrim.es\\\/it\\\/cammino-aragonese\\\/\"},{\"@type\":\"ListItem\",\"position\":3,\"name\":\"Cammino Aragonese | Tappa 4: Ruesta &#8211; Sang\u00fcesa\"}]},{\"@type\":\"WebSite\",\"@id\":\"https:\\\/\\\/www.pilgrim.es\\\/it\\\/#website\",\"url\":\"https:\\\/\\\/www.pilgrim.es\\\/it\\\/\",\"name\":\"Pilgrim\",\"description\":\"Camino de Santiago | Caminamos Contigo\",\"publisher\":{\"@id\":\"https:\\\/\\\/www.pilgrim.es\\\/it\\\/#organization\"},\"potentialAction\":[{\"@type\":\"SearchAction\",\"target\":{\"@type\":\"EntryPoint\",\"urlTemplate\":\"https:\\\/\\\/www.pilgrim.es\\\/it\\\/?s={search_term_string}\"},\"query-input\":{\"@type\":\"PropertyValueSpecification\",\"valueRequired\":true,\"valueName\":\"search_term_string\"}}],\"inLanguage\":\"it-IT\"},{\"@type\":\"Organization\",\"@id\":\"https:\\\/\\\/www.pilgrim.es\\\/it\\\/#organization\",\"name\":\"Pilgrim Camino de Santiago\",\"url\":\"https:\\\/\\\/www.pilgrim.es\\\/it\\\/\",\"logo\":{\"@type\":\"ImageObject\",\"inLanguage\":\"it-IT\",\"@id\":\"https:\\\/\\\/www.pilgrim.es\\\/it\\\/#\\\/schema\\\/logo\\\/image\\\/\",\"url\":\"https:\\\/\\\/www.pilgrim.es\\\/wp-content\\\/uploads\\\/2019\\\/04\\\/logo_pilgrim.png\",\"contentUrl\":\"https:\\\/\\\/www.pilgrim.es\\\/wp-content\\\/uploads\\\/2019\\\/04\\\/logo_pilgrim.png\",\"width\":512,\"height\":512,\"caption\":\"Pilgrim Camino de Santiago\"},\"image\":{\"@id\":\"https:\\\/\\\/www.pilgrim.es\\\/it\\\/#\\\/schema\\\/logo\\\/image\\\/\"},\"sameAs\":[\"https:\\\/\\\/www.facebook.com\\\/pilgrim.es\\\/\",\"https:\\\/\\\/x.com\\\/pilgrim_es\",\"https:\\\/\\\/www.instagram.com\\\/pilgrim.es\\\/\",\"https:\\\/\\\/www.linkedin.com\\\/company\\\/pilgrim-camino-de-santiago\\\/\",\"https:\\\/\\\/www.pinterest.es\\\/pilgrimcaminodesantiago\\\/\",\"https:\\\/\\\/www.youtube.com\\\/channel\\\/UCIv2ZzFLXVqthkNF32rKedw\\\/featured\"]}]}<\/script>\n<!-- \/ Yoast SEO plugin. -->","yoast_head_json":{"title":"Camino de Santiago desde Ruesta a Sang\u00fcesa | Camino Aragon\u00e9s","description":"Tappa numero 4 sul tracciato del Cammino Aragonese. Questa tappa unisce le localit\u00e0 di Ruesta e Sang\u00fcesa Rotte, alberghi e luoghi di interesse.","robots":{"index":"index","follow":"follow","max-snippet":"max-snippet:-1","max-image-preview":"max-image-preview:large","max-video-preview":"max-video-preview:-1"},"canonical":"https:\/\/www.pilgrim.es\/it\/cammino-aragonese\/tappa-4-ruesta-sanguesa\/","og_locale":"it_IT","og_type":"article","og_title":"Camino de Santiago desde Ruesta a Sang\u00fcesa | Camino Aragon\u00e9s","og_description":"Tappa numero 4 sul tracciato del Cammino Aragonese. Questa tappa unisce le localit\u00e0 di Ruesta e Sang\u00fcesa Rotte, alberghi e luoghi di interesse.","og_url":"https:\/\/www.pilgrim.es\/it\/cammino-aragonese\/tappa-4-ruesta-sanguesa\/","og_site_name":"Pilgrim","article_publisher":"https:\/\/www.facebook.com\/pilgrim.es\/","article_modified_time":"2025-04-25T08:41:56+00:00","og_image":[{"url":"https:\/\/cdn.pilgrim.es\/web\/caminos\/camino-aragones\/pueblos\/ruesta.jpg","type":"","width":"","height":""}],"twitter_card":"summary_large_image","twitter_site":"@pilgrim_es","twitter_misc":{"Tempo di lettura stimato":"2 minuti"},"schema":{"@context":"https:\/\/schema.org","@graph":[{"@type":"WebPage","@id":"https:\/\/www.pilgrim.es\/it\/cammino-aragonese\/tappa-4-ruesta-sanguesa\/","url":"https:\/\/www.pilgrim.es\/it\/cammino-aragonese\/tappa-4-ruesta-sanguesa\/","name":"Camino de Santiago desde Ruesta a Sang\u00fcesa | Camino Aragon\u00e9s","isPartOf":{"@id":"https:\/\/www.pilgrim.es\/it\/#website"},"primaryImageOfPage":{"@id":"https:\/\/www.pilgrim.es\/it\/cammino-aragonese\/tappa-4-ruesta-sanguesa\/#primaryimage"},"image":{"@id":"https:\/\/www.pilgrim.es\/it\/cammino-aragonese\/tappa-4-ruesta-sanguesa\/#primaryimage"},"thumbnailUrl":"https:\/\/cdn.pilgrim.es\/web\/caminos\/camino-aragones\/pueblos\/ruesta.jpg","datePublished":"2019-10-29T13:04:59+00:00","dateModified":"2025-04-25T08:41:56+00:00","description":"Tappa numero 4 sul tracciato del Cammino Aragonese. Questa tappa unisce le localit\u00e0 di Ruesta e Sang\u00fcesa Rotte, alberghi e luoghi di interesse.","breadcrumb":{"@id":"https:\/\/www.pilgrim.es\/it\/cammino-aragonese\/tappa-4-ruesta-sanguesa\/#breadcrumb"},"inLanguage":"it-IT","potentialAction":[{"@type":"ReadAction","target":["https:\/\/www.pilgrim.es\/it\/cammino-aragonese\/tappa-4-ruesta-sanguesa\/"]}]},{"@type":"ImageObject","inLanguage":"it-IT","@id":"https:\/\/www.pilgrim.es\/it\/cammino-aragonese\/tappa-4-ruesta-sanguesa\/#primaryimage","url":"https:\/\/cdn.pilgrim.es\/web\/caminos\/camino-aragones\/pueblos\/ruesta.jpg","contentUrl":"https:\/\/cdn.pilgrim.es\/web\/caminos\/camino-aragones\/pueblos\/ruesta.jpg"},{"@type":"BreadcrumbList","@id":"https:\/\/www.pilgrim.es\/it\/cammino-aragonese\/tappa-4-ruesta-sanguesa\/#breadcrumb","itemListElement":[{"@type":"ListItem","position":1,"name":"Camino de Santiago","item":"https:\/\/www.pilgrim.es\/it\/"},{"@type":"ListItem","position":2,"name":"Cammino Aragonese","item":"https:\/\/www.pilgrim.es\/it\/cammino-aragonese\/"},{"@type":"ListItem","position":3,"name":"Cammino Aragonese | Tappa 4: Ruesta &#8211; Sang\u00fcesa"}]},{"@type":"WebSite","@id":"https:\/\/www.pilgrim.es\/it\/#website","url":"https:\/\/www.pilgrim.es\/it\/","name":"Pilgrim","description":"Camino de Santiago | Caminamos Contigo","publisher":{"@id":"https:\/\/www.pilgrim.es\/it\/#organization"},"potentialAction":[{"@type":"SearchAction","target":{"@type":"EntryPoint","urlTemplate":"https:\/\/www.pilgrim.es\/it\/?s={search_term_string}"},"query-input":{"@type":"PropertyValueSpecification","valueRequired":true,"valueName":"search_term_string"}}],"inLanguage":"it-IT"},{"@type":"Organization","@id":"https:\/\/www.pilgrim.es\/it\/#organization","name":"Pilgrim Camino de Santiago","url":"https:\/\/www.pilgrim.es\/it\/","logo":{"@type":"ImageObject","inLanguage":"it-IT","@id":"https:\/\/www.pilgrim.es\/it\/#\/schema\/logo\/image\/","url":"https:\/\/www.pilgrim.es\/wp-content\/uploads\/2019\/04\/logo_pilgrim.png","contentUrl":"https:\/\/www.pilgrim.es\/wp-content\/uploads\/2019\/04\/logo_pilgrim.png","width":512,"height":512,"caption":"Pilgrim Camino de Santiago"},"image":{"@id":"https:\/\/www.pilgrim.es\/it\/#\/schema\/logo\/image\/"},"sameAs":["https:\/\/www.facebook.com\/pilgrim.es\/","https:\/\/x.com\/pilgrim_es","https:\/\/www.instagram.com\/pilgrim.es\/","https:\/\/www.linkedin.com\/company\/pilgrim-camino-de-santiago\/","https:\/\/www.pinterest.es\/pilgrimcaminodesantiago\/","https:\/\/www.youtube.com\/channel\/UCIv2ZzFLXVqthkNF32rKedw\/featured"]}]}},"_links":{"self":[{"href":"https:\/\/www.pilgrim.es\/it\/wp-json\/wp\/v2\/pages\/48513","targetHints":{"allow":["GET"]}}],"collection":[{"href":"https:\/\/www.pilgrim.es\/it\/wp-json\/wp\/v2\/pages"}],"about":[{"href":"https:\/\/www.pilgrim.es\/it\/wp-json\/wp\/v2\/types\/page"}],"author":[{"embeddable":true,"href":"https:\/\/www.pilgrim.es\/it\/wp-json\/wp\/v2\/users\/4"}],"replies":[{"embeddable":true,"href":"https:\/\/www.pilgrim.es\/it\/wp-json\/wp\/v2\/comments?post=48513"}],"version-history":[{"count":6,"href":"https:\/\/www.pilgrim.es\/it\/wp-json\/wp\/v2\/pages\/48513\/revisions"}],"predecessor-version":[{"id":129795,"href":"https:\/\/www.pilgrim.es\/it\/wp-json\/wp\/v2\/pages\/48513\/revisions\/129795"}],"up":[{"embeddable":true,"href":"https:\/\/www.pilgrim.es\/it\/wp-json\/wp\/v2\/pages\/10853"}],"wp:attachment":[{"href":"https:\/\/www.pilgrim.es\/it\/wp-json\/wp\/v2\/media?parent=48513"}],"wp:term":[{"taxonomy":"category","embeddable":true,"href":"https:\/\/www.pilgrim.es\/it\/wp-json\/wp\/v2\/categories?post=48513"},{"taxonomy":"post_tag","embeddable":true,"href":"https:\/\/www.pilgrim.es\/it\/wp-json\/wp\/v2\/tags?post=48513"}],"curies":[{"name":"wp","href":"https:\/\/api.w.org\/{rel}","templated":true}]}}