{"id":48507,"date":"2019-10-29T11:05:26","date_gmt":"2019-10-29T11:05:26","guid":{"rendered":"https:\/\/prod.pilgrim.es\/cammino-basco\/tappa-2-hernani-tolosa\/"},"modified":"2025-04-16T10:06:06","modified_gmt":"2025-04-16T10:06:06","slug":"tappa-2-hernani-tolosa","status":"publish","type":"page","link":"https:\/\/www.pilgrim.es\/it\/cammino-basco\/tappa-2-hernani-tolosa\/","title":{"rendered":"Cammino Vasco | Tappa 2: Hernani &#8211; Tolosa"},"content":{"rendered":"\n<section id=\"heroStage\">\n    <h1>Cammino Basco &#8231; Tappa 2<\/h1>\n    <div>\n        <div class=\"hero\"\n            data-background=\"https:\/\/cdn.pilgrim.es\/web\/caminos\/camino-vasco-interior\/pueblos\/hernani.jpg\">\n            <div class=\"hero__container\">\n                <div class=\"hero__container__labels\">\n                    <p>A piedi<\/p>\n                    <p>12 tappe \/ 252 kms<\/p>\n                    <p>9 tappe \/ 199 kms<\/p>\n                <\/div>\n                <div class=\"hero__container__stage-name\">\n                    <h2>\n                        Hernani <br \/>\n                        <span>&#10093;<\/span>\n                        Tolosa\n                    <\/h2>\n                    <p>19,2 Km<\/p>\n                <\/div>\n                <div class=\"hero__container__stage-changer\">\n                    <div class=\"stage-control\">\n                        <a href=\"https:\/\/www.pilgrim.es\/it\/cammino-basco\/tappa-1-irun-hernani\/\" class=\"\n                            stage-control__link\"><span>&#10094;<\/span>\n                            Tappa 1<\/a>\n                    <\/div>\n                    <div class=\"stage-control\">\n                        <a class=\"stage-control__link\" href=\"https:\/\/www.pilgrim.es\/it\/cammino-basco\/tappa-3-tolosa-beasain\/\">Tappa 3\n                            <span>&#10095;<\/span><\/a>\n                    <\/div>\n                <\/div>\n            <\/div>\n        <\/div>\n        <div class=\"planner\"><div\r\n  class=\"p-col-span-1 p-rounded-lg p-px-5 p-h-full\"\r\n  style=\"background-image: url('https:\/\/cdn.pilgrim.es\/web\/pilgrim-planner\/bg-plugin-planificador.webp')\"\r\n  rel=\"preload\"\r\n  fetchpriority=\"high\"\r\n  >\r\n    <div class=\"p-text-center p-pt-5 p-text-white p-text-2xl p-font-semibold\">\r\n      Pianifica il tuo cammino    <\/div>\r\n    <div\r\n            id='primary-app'\r\n            data-name='banner'\r\n            data-api='https:\/\/pathfinder.pilgrim.es\/api\/pathfinder\/v2'\r\n            data-mode='normal'\r\n            data-lang='it'\r\n            data-route='1'\r\n            data-destiny='https:\/\/planificador.pilgrim.es'\r\n            data-modality='1'\r\n            data-inline=''\r\n        ><\/div><\/div><\/div>\n    <\/div>\n<\/section>\n\n<section id=\"scoreBarsStage\">\n    <section>\r\n  <div class=\"p-flex p-flex-nowrap p-space-x-4 p-py-5 p-overflow-x-auto md:p-grid md:p-grid-cols-3 lg:p-grid-cols-5 md:p-gap-8 md:p-space-x-0 md:p-overflow-hidden scrollbar-thin\">\r\n    <div class=\"p-grid p-grid-cols-4 p-shrink-0 p-w-72 p-snap-start md:p-w-full\">\r\n        <div class=\"p-col-span-1 p-self-center p-text-center p-text-3xl\">\r\n            <i class=\"icon-influx\"><\/i>\r\n        <\/div>\r\n        <div class=\"p-col-span-3 p-flex p-flex-col p-items-start\">\r\n            <div class=\"p-text-start p-text-secondary p-mb-1 p-bold\"> Afflusso <\/div>\r\n            <div class=\"p-w-full p-bg-light p-rounded-full p-h-2 p-relative\">\r\n                <div class=\"p-bg-primary p-h-2 p-rounded-full p-absolute\" style=\"width: 20%;\"><\/div>\r\n            <\/div>\r\n        <\/div>\r\n    <\/div>\r\n\r\n    <div class=\"p-grid p-grid-cols-4 p-shrink-0 p-w-72 p-snap-start md:p-w-full\">\r\n        <div class=\"p-col-span-1 p-self-center p-text-center p-text-3xl\">\r\n            <i class=\"icon-difficulty\"><\/i>\r\n        <\/div>\r\n        <div class=\"p-col-span-3 p-flex p-flex-col p-items-start\">\r\n            <div class=\"p-text-start p-text-secondary p-mb-1 p-bold\"> Difficolt\u00e0 <\/div>\r\n            <div class=\"p-w-full p-bg-light p-rounded-full p-h-2 p-relative\">\r\n                <div class=\"p-bg-primary p-h-2 p-rounded-full p-absolute\" style=\"width: 40%;\"><\/div>\r\n            <\/div>\r\n        <\/div>\r\n    <\/div>\r\n\r\n    <div class=\"p-grid p-grid-cols-4 p-shrink-0 p-w-72 p-snap-start md:p-w-full\">\r\n        <div class=\"p-col-span-1 p-self-center p-text-center p-text-3xl\">\r\n            <i class=\"icon-patrimony\"><\/i>\r\n        <\/div>\r\n        <div class=\"p-col-span-3 p-flex p-flex-col p-items-start\">\r\n            <div class=\"p-text-start p-text-secondary p-mb-1 p-bold\"> Arte\/Storia <\/div>\r\n            <div class=\"p-w-full p-bg-light p-rounded-full p-h-2 p-relative\">\r\n                <div class=\"p-bg-primary p-h-2 p-rounded-full p-absolute\" style=\"width: 40%;\"><\/div>\r\n            <\/div>\r\n        <\/div>\r\n    <\/div>\r\n\r\n    <div class=\"p-grid p-grid-cols-4 p-shrink-0 p-w-72 p-snap-start md:p-w-full\">\r\n        <div class=\"p-col-span-1 p-self-center p-text-center p-text-3xl\">\r\n            <i class=\"icon-nature\"><\/i>\r\n        <\/div>\r\n        <div class=\"p-col-span-3 p-flex p-flex-col p-items-start\">\r\n            <div class=\"p-text-start p-text-secondary p-mb-1 p-bold\"> Natura <\/div>\r\n            <div class=\"p-w-full p-bg-light p-rounded-full p-h-2 p-relative\">\r\n                <div class=\"p-bg-primary p-h-2 p-rounded-full p-absolute\" style=\"width: 40%;\"><\/div>\r\n            <\/div>\r\n        <\/div>\r\n    <\/div>\r\n\r\n    <div class=\"p-grid p-grid-cols-4 p-shrink-0 p-w-72 p-snap-start md:p-w-full\">\r\n        <div class=\"p-col-span-1 p-self-center p-text-center p-text-3xl\">\r\n            <i class=\"icon-urban\"><\/i>\r\n        <\/div>\r\n        <div class=\"p-col-span-3 p-flex p-flex-col p-items-start\">\r\n            <div class=\"p-text-start p-text-secondary p-mb-1 p-bold\"> Cammino Francese <\/div>\r\n            <div class=\"p-w-full p-bg-light p-rounded-full p-h-2 p-relative\">\r\n                <div class=\"p-bg-primary p-h-2 p-rounded-full p-absolute\" style=\"width: 20%;\"><\/div>\r\n            <\/div>\r\n        <\/div>\r\n    <\/div>\r\n  <\/div>\r\n<\/section>\n<\/section>\n\n<div id=\"stage-list-section\"><div class=\"stage-list\">\n    <div class='stage-list__map-card'>\n        <div class='stage-list__map-card__map'>\n            <div class='stage-list__map-card__map__text'>\n                <h2> Pages <\/h2>\n                <p> A piedi<\/p>\n                <p> 0tappe<\/p>\n            <\/div>\n            <div class='stage-list__map-card__map__img'>\n                <img decoding=\"async\" src=\"\" alt=\" mapa \" \/>\n            <\/div>\n        <\/div>\n    <\/div>\n\n    <\/div>\n<\/div>\n\n<section id=\"navStage\">\n    <div>\n        <nav id=\"tab-navigation-section\" class=\"tab-navigation-section--cols-3\">\n            <a href=\"#infoSection\" class=\"active\">Informazioni<\/a>\n            <a href=\"#itinerarySection\">Itinerario<\/a>\n            <a href=\"#locationsSection\">Localit\u00e0<\/a>\n        <\/nav>\n\n        <div id=\"infoSection\">\n            <!-- Title Section with Orange Line -->\n            <div>\n                <h4 class=\"p-h4--section\">Informazioni<\/h4>\n                <hr class=\"orange-bar\" \/>\n                <h3 class=\"p-h3\">Su questa tappa<\/h3>\n            <\/div>\n\n            <!-- Main Content Section -->\n            <p>\n                In questo tratto si trova la valle del fiume Oria,con un paesaggio da osservare e conservare nella\n                memoria. Poich\u00e9 questa zona \u00e9 sempre stata un importante via di comunicazione, ha una zona pi\u00fa\n                industriale di quelle precedenti, per ci\u00f3 in questa tappa dovrai realizzare un pellegrinaggio in pi\u00fa di\n                un poligono industriale.\n            <\/p>\n\n            <div class=\"recomendation-card\">\n                <div>\n                    <i class=\"icon-logo-pilgrim\"><\/i>\n                    <h5>Raccomandazione di Pilgrim<\/h5>\n                <\/div>\n\n                <p>\n                    Questa fase \u00e8 molto semplice per i ciclisti e le persone con disabilit\u00e0, perch\u00e9 il terreno \u00e8\n                    praticamente tutto liscio e senza alcuna complicazione lungo la strada.\n                <\/p>\n            <\/div>\n        <\/div>\n\n\n        <div id=\"itinerarySection\">\n            <h4 class=\"p-h4--section\">Percorso<\/h4>\n            <hr \/>\n            <h3 class=\"p-h3\">Itinerario<\/h3>\n            <div>\n                <h4>Km 0 &#8231; Hernani<\/h4>\n                <p>\n                    Abbiamo attraversato Lizeaga Street nel quartiere di Elizatxo per scendere lungo l\u2019autostrada A-15,\n                    poi abbiamo girato a destra e poi a sinistra in direzione di binari che attraverseremo per\n                    proseguire lungo una strada a destra parallela alle altre, che vanno verso Urnieta. Una volta\n                    passato il poligono di Igarategui, percorriamo il cammino vicino alla stazione di Geltokia.\n                <\/p>\n            <\/div>\n            <hr \/>\n            <div>\n                <p>\n                    Proseguiamo fino al poligono di Erratzu per attraversare un altro poligono, in questo caso quello di\n                    Leizotz, in direzione Anodoain. Arrivati in localit\u00e0 entriamo fino a piazza Goiko e proseguiamo per\n                    via Nagusia, percorrendo le strade Juan Bautista Erro, Kaleberria, Zumea, Larramendi e Karrika, in\n                    quest\u2019ordine, fino ad arrivare alla Casa Izturitzaga. Da qui ci dirigeremo per la via Gumedia fino\n                    al fiume Oria e lo attraverseremo, lungo il quartiere di Sorabilla. Di nuovo il nostro cammino ci fa\n                    passare per altri poligoni, quello di Urtaki, Algaraitz e Ibalondo.\n                <\/p>\n            <\/div>\n            <hr \/>\n            <div>\n                <h4>Km 19,2 &#8231; Tolosa<\/h4>\n                <p>\n                    Per questo cammino arriveremo a Villabona e continueremo in parallelo al fiume. Arriver\u00e0 il momento\n                    in cui dovremmo attraversare il fiume Oria, all\u2019altezza di Iruna, in direzione Anoeta. Pochi metri\n                    dopo l\u2019uscita passeremo per i binari della ferrovia e per il fiume, attraverseremo l\u2019ultimo poligono\n                    per arrivare alla fine di questa tappa,Tolosa.\n                <\/p>\n            <\/div>\n            <hr \/>\n        <\/div>\n\n        <div id=\"locationsSection\">\n            <h4 class=\"p-h4--section\">Localit\u00e0<\/h4>\n            <hr \/>\n            <h3 class=\"p-h3\">Villaggi<\/h3>\n            <div class=\"grid-container\">\n                <div class=\"p-group card-stage p-max-w-full\">\n                    <div class=\"card-stage__header\">\n                        <img decoding=\"async\" src=\"https:\/\/cdn.pilgrim.es\/web\/caminos\/camino-vasco-interior\/pueblos\/hernani.jpg\"\n                            alt=\"Hernani\" \/>\n                    <\/div>\n                    <div class=\"town-card__flex-container\">\n                        <div class=\"town-card__flex-container__info\">\n                            <h3>Hernani<\/h3>\n                            <p>Provincia: Guip\u00fazcoa<\/p>\n                        <\/div>\n                    <\/div>\n                <\/div>\n                <div class=\"p-group card-stage p-max-w-full\">\n                    <div class=\"card-stage__header\">\n                        <img decoding=\"async\" src=\"https:\/\/cdn.pilgrim.es\/web\/caminos\/camino-vasco-interior\/pueblos\/tolosa.jpg\"\n                            alt=\"Tolosa\" \/>\n                    <\/div>\n                    <div class=\"town-card__flex-container\">\n                        <div class=\"town-card__flex-container__info\">\n                            <h3>Tolosa<\/h3>\n                            <p>Provincia: Guip\u00fazcoa<\/p>\n                        <\/div>\n                    <\/div>\n                <\/div>\n            <\/div>\n        <\/div>\n        <hr class=\"single-bar\" \/>\n    <\/div>\n<\/section>\n\n<section id=\"stageChange\">\n    <div>\n        <a href=\"https:\/\/www.pilgrim.es\/it\/cammino-basco\/tappa-1-irun-hernani\/\" class=\"change-btn\">\n            <div class=\"btn-arrow previous\">\n                <i class=\"icon-arrow\"><\/i>\n            <\/div>\n            <div class=\"change-btn__info\">\n                <div>Tappa 1<\/div>\n                <p>\n                    Ir\u00fan &#10095; <br \/>\n                    Hernani\n                <\/p>\n            <\/div>\n        <\/a>\n        <a href=\"https:\/\/www.pilgrim.es\/it\/cammino-basco\/tappa-3-tolosa-beasain\/\" class=\"change-btn\">\n            <div class=\"change-btn__info\">\n                <div>Tappa 3<\/div>\n                <p>\n                    Tolosa &#10095; <br \/>\n                    Beasain\n                <\/p>\n            <\/div>\n            <div class=\"btn-arrow\">\n                <i class=\"icon-arrow\"><\/i>\n            <\/div>\n        <\/a>\n    <\/div>\n<\/section>\n","protected":false},"excerpt":{"rendered":"<p>Cammino Basco &#8231; Tappa 2 A piedi 12 tappe \/ 252 kms 9 tappe \/ 199 kms Hernani &#10093; Tolosa 19,2 Km &#10094; Tappa 1 Tappa 3 &#10095; Informazioni Itinerario Localit\u00e0 Informazioni Su questa tappa In questo tratto si trova la valle del fiume Oria,con un paesaggio da osservare e conservare nella memoria. Poich\u00e9 questa &hellip; <\/p>\n<p class=\"read_more\"><a href=\"https:\/\/www.pilgrim.es\/it\/cammino-basco\/tappa-2-hernani-tolosa\/\">Leer m\u00e1s<\/a><\/p>\n","protected":false},"author":4,"featured_media":0,"parent":10862,"menu_order":0,"comment_status":"closed","ping_status":"closed","template":"views\/template-new-web-design.blade.php","meta":{"footnotes":""},"categories":[],"tags":[],"class_list":["post-48507","page","type-page","status-publish","hentry"],"yoast_head":"<!-- This site is optimized with the Yoast SEO plugin v27.4 - https:\/\/yoast.com\/product\/yoast-seo-wordpress\/ -->\n<title>Cammino Vasco da Hernani a Tolosa | Cammino di Santiago | Pilgrim<\/title>\n<meta name=\"description\" content=\"Cammino Vasco: Tappa 2 del Cammino di Santiago che passa tra Hernani e Tolosa. Scopri tutte le informazioni e pianifica il tuo percorso.\" \/>\n<meta name=\"robots\" content=\"index, follow, max-snippet:-1, max-image-preview:large, max-video-preview:-1\" \/>\n<link rel=\"canonical\" href=\"https:\/\/www.pilgrim.es\/it\/cammino-basco\/tappa-2-hernani-tolosa\/\" \/>\n<meta property=\"og:locale\" content=\"it_IT\" \/>\n<meta property=\"og:type\" content=\"article\" \/>\n<meta property=\"og:title\" content=\"Cammino Vasco da Hernani a Tolosa | Cammino di Santiago | Pilgrim\" \/>\n<meta property=\"og:description\" content=\"Cammino Vasco: Tappa 2 del Cammino di Santiago che passa tra Hernani e Tolosa. Scopri tutte le informazioni e pianifica il tuo percorso.\" \/>\n<meta property=\"og:url\" content=\"https:\/\/www.pilgrim.es\/it\/cammino-basco\/tappa-2-hernani-tolosa\/\" \/>\n<meta property=\"og:site_name\" content=\"Pilgrim\" \/>\n<meta property=\"article:publisher\" content=\"https:\/\/www.facebook.com\/pilgrim.es\/\" \/>\n<meta property=\"article:modified_time\" content=\"2025-04-16T10:06:06+00:00\" \/>\n<meta property=\"og:image\" content=\"https:\/\/cdn.pilgrim.es\/web\/caminos\/camino-vasco-interior\/pueblos\/hernani.jpg\" \/>\n<meta name=\"twitter:card\" content=\"summary_large_image\" \/>\n<meta name=\"twitter:site\" content=\"@pilgrim_es\" \/>\n<meta name=\"twitter:label1\" content=\"Tempo di lettura stimato\" \/>\n\t<meta name=\"twitter:data1\" content=\"2 minuti\" \/>\n<script type=\"application\/ld+json\" class=\"yoast-schema-graph\">{\"@context\":\"https:\\\/\\\/schema.org\",\"@graph\":[{\"@type\":\"WebPage\",\"@id\":\"https:\\\/\\\/www.pilgrim.es\\\/it\\\/cammino-basco\\\/tappa-2-hernani-tolosa\\\/\",\"url\":\"https:\\\/\\\/www.pilgrim.es\\\/it\\\/cammino-basco\\\/tappa-2-hernani-tolosa\\\/\",\"name\":\"Cammino Vasco da Hernani a Tolosa | Cammino di Santiago | Pilgrim\",\"isPartOf\":{\"@id\":\"https:\\\/\\\/www.pilgrim.es\\\/it\\\/#website\"},\"primaryImageOfPage\":{\"@id\":\"https:\\\/\\\/www.pilgrim.es\\\/it\\\/cammino-basco\\\/tappa-2-hernani-tolosa\\\/#primaryimage\"},\"image\":{\"@id\":\"https:\\\/\\\/www.pilgrim.es\\\/it\\\/cammino-basco\\\/tappa-2-hernani-tolosa\\\/#primaryimage\"},\"thumbnailUrl\":\"https:\\\/\\\/cdn.pilgrim.es\\\/web\\\/caminos\\\/camino-vasco-interior\\\/pueblos\\\/hernani.jpg\",\"datePublished\":\"2019-10-29T11:05:26+00:00\",\"dateModified\":\"2025-04-16T10:06:06+00:00\",\"description\":\"Cammino Vasco: Tappa 2 del Cammino di Santiago che passa tra Hernani e Tolosa. Scopri tutte le informazioni e pianifica il tuo percorso.\",\"breadcrumb\":{\"@id\":\"https:\\\/\\\/www.pilgrim.es\\\/it\\\/cammino-basco\\\/tappa-2-hernani-tolosa\\\/#breadcrumb\"},\"inLanguage\":\"it-IT\",\"potentialAction\":[{\"@type\":\"ReadAction\",\"target\":[\"https:\\\/\\\/www.pilgrim.es\\\/it\\\/cammino-basco\\\/tappa-2-hernani-tolosa\\\/\"]}]},{\"@type\":\"ImageObject\",\"inLanguage\":\"it-IT\",\"@id\":\"https:\\\/\\\/www.pilgrim.es\\\/it\\\/cammino-basco\\\/tappa-2-hernani-tolosa\\\/#primaryimage\",\"url\":\"https:\\\/\\\/cdn.pilgrim.es\\\/web\\\/caminos\\\/camino-vasco-interior\\\/pueblos\\\/hernani.jpg\",\"contentUrl\":\"https:\\\/\\\/cdn.pilgrim.es\\\/web\\\/caminos\\\/camino-vasco-interior\\\/pueblos\\\/hernani.jpg\"},{\"@type\":\"BreadcrumbList\",\"@id\":\"https:\\\/\\\/www.pilgrim.es\\\/it\\\/cammino-basco\\\/tappa-2-hernani-tolosa\\\/#breadcrumb\",\"itemListElement\":[{\"@type\":\"ListItem\",\"position\":1,\"name\":\"Camino de Santiago\",\"item\":\"https:\\\/\\\/www.pilgrim.es\\\/it\\\/\"},{\"@type\":\"ListItem\",\"position\":2,\"name\":\"Il Cammino Basco dell&#8217;interno\",\"item\":\"https:\\\/\\\/www.pilgrim.es\\\/it\\\/cammino-basco\\\/\"},{\"@type\":\"ListItem\",\"position\":3,\"name\":\"Cammino Vasco | Tappa 2: Hernani &#8211; Tolosa\"}]},{\"@type\":\"WebSite\",\"@id\":\"https:\\\/\\\/www.pilgrim.es\\\/it\\\/#website\",\"url\":\"https:\\\/\\\/www.pilgrim.es\\\/it\\\/\",\"name\":\"Pilgrim\",\"description\":\"Camino de Santiago | Caminamos Contigo\",\"publisher\":{\"@id\":\"https:\\\/\\\/www.pilgrim.es\\\/it\\\/#organization\"},\"potentialAction\":[{\"@type\":\"SearchAction\",\"target\":{\"@type\":\"EntryPoint\",\"urlTemplate\":\"https:\\\/\\\/www.pilgrim.es\\\/it\\\/?s={search_term_string}\"},\"query-input\":{\"@type\":\"PropertyValueSpecification\",\"valueRequired\":true,\"valueName\":\"search_term_string\"}}],\"inLanguage\":\"it-IT\"},{\"@type\":\"Organization\",\"@id\":\"https:\\\/\\\/www.pilgrim.es\\\/it\\\/#organization\",\"name\":\"Pilgrim Camino de Santiago\",\"url\":\"https:\\\/\\\/www.pilgrim.es\\\/it\\\/\",\"logo\":{\"@type\":\"ImageObject\",\"inLanguage\":\"it-IT\",\"@id\":\"https:\\\/\\\/www.pilgrim.es\\\/it\\\/#\\\/schema\\\/logo\\\/image\\\/\",\"url\":\"https:\\\/\\\/www.pilgrim.es\\\/wp-content\\\/uploads\\\/2019\\\/04\\\/logo_pilgrim.png\",\"contentUrl\":\"https:\\\/\\\/www.pilgrim.es\\\/wp-content\\\/uploads\\\/2019\\\/04\\\/logo_pilgrim.png\",\"width\":512,\"height\":512,\"caption\":\"Pilgrim Camino de Santiago\"},\"image\":{\"@id\":\"https:\\\/\\\/www.pilgrim.es\\\/it\\\/#\\\/schema\\\/logo\\\/image\\\/\"},\"sameAs\":[\"https:\\\/\\\/www.facebook.com\\\/pilgrim.es\\\/\",\"https:\\\/\\\/x.com\\\/pilgrim_es\",\"https:\\\/\\\/www.instagram.com\\\/pilgrim.es\\\/\",\"https:\\\/\\\/www.linkedin.com\\\/company\\\/pilgrim-camino-de-santiago\\\/\",\"https:\\\/\\\/www.pinterest.es\\\/pilgrimcaminodesantiago\\\/\",\"https:\\\/\\\/www.youtube.com\\\/channel\\\/UCIv2ZzFLXVqthkNF32rKedw\\\/featured\"]}]}<\/script>\n<!-- \/ Yoast SEO plugin. -->","yoast_head_json":{"title":"Cammino Vasco da Hernani a Tolosa | Cammino di Santiago | Pilgrim","description":"Cammino Vasco: Tappa 2 del Cammino di Santiago che passa tra Hernani e Tolosa. Scopri tutte le informazioni e pianifica il tuo percorso.","robots":{"index":"index","follow":"follow","max-snippet":"max-snippet:-1","max-image-preview":"max-image-preview:large","max-video-preview":"max-video-preview:-1"},"canonical":"https:\/\/www.pilgrim.es\/it\/cammino-basco\/tappa-2-hernani-tolosa\/","og_locale":"it_IT","og_type":"article","og_title":"Cammino Vasco da Hernani a Tolosa | Cammino di Santiago | Pilgrim","og_description":"Cammino Vasco: Tappa 2 del Cammino di Santiago che passa tra Hernani e Tolosa. Scopri tutte le informazioni e pianifica il tuo percorso.","og_url":"https:\/\/www.pilgrim.es\/it\/cammino-basco\/tappa-2-hernani-tolosa\/","og_site_name":"Pilgrim","article_publisher":"https:\/\/www.facebook.com\/pilgrim.es\/","article_modified_time":"2025-04-16T10:06:06+00:00","og_image":[{"url":"https:\/\/cdn.pilgrim.es\/web\/caminos\/camino-vasco-interior\/pueblos\/hernani.jpg","type":"","width":"","height":""}],"twitter_card":"summary_large_image","twitter_site":"@pilgrim_es","twitter_misc":{"Tempo di lettura stimato":"2 minuti"},"schema":{"@context":"https:\/\/schema.org","@graph":[{"@type":"WebPage","@id":"https:\/\/www.pilgrim.es\/it\/cammino-basco\/tappa-2-hernani-tolosa\/","url":"https:\/\/www.pilgrim.es\/it\/cammino-basco\/tappa-2-hernani-tolosa\/","name":"Cammino Vasco da Hernani a Tolosa | Cammino di Santiago | Pilgrim","isPartOf":{"@id":"https:\/\/www.pilgrim.es\/it\/#website"},"primaryImageOfPage":{"@id":"https:\/\/www.pilgrim.es\/it\/cammino-basco\/tappa-2-hernani-tolosa\/#primaryimage"},"image":{"@id":"https:\/\/www.pilgrim.es\/it\/cammino-basco\/tappa-2-hernani-tolosa\/#primaryimage"},"thumbnailUrl":"https:\/\/cdn.pilgrim.es\/web\/caminos\/camino-vasco-interior\/pueblos\/hernani.jpg","datePublished":"2019-10-29T11:05:26+00:00","dateModified":"2025-04-16T10:06:06+00:00","description":"Cammino Vasco: Tappa 2 del Cammino di Santiago che passa tra Hernani e Tolosa. Scopri tutte le informazioni e pianifica il tuo percorso.","breadcrumb":{"@id":"https:\/\/www.pilgrim.es\/it\/cammino-basco\/tappa-2-hernani-tolosa\/#breadcrumb"},"inLanguage":"it-IT","potentialAction":[{"@type":"ReadAction","target":["https:\/\/www.pilgrim.es\/it\/cammino-basco\/tappa-2-hernani-tolosa\/"]}]},{"@type":"ImageObject","inLanguage":"it-IT","@id":"https:\/\/www.pilgrim.es\/it\/cammino-basco\/tappa-2-hernani-tolosa\/#primaryimage","url":"https:\/\/cdn.pilgrim.es\/web\/caminos\/camino-vasco-interior\/pueblos\/hernani.jpg","contentUrl":"https:\/\/cdn.pilgrim.es\/web\/caminos\/camino-vasco-interior\/pueblos\/hernani.jpg"},{"@type":"BreadcrumbList","@id":"https:\/\/www.pilgrim.es\/it\/cammino-basco\/tappa-2-hernani-tolosa\/#breadcrumb","itemListElement":[{"@type":"ListItem","position":1,"name":"Camino de Santiago","item":"https:\/\/www.pilgrim.es\/it\/"},{"@type":"ListItem","position":2,"name":"Il Cammino Basco dell&#8217;interno","item":"https:\/\/www.pilgrim.es\/it\/cammino-basco\/"},{"@type":"ListItem","position":3,"name":"Cammino Vasco | Tappa 2: Hernani &#8211; Tolosa"}]},{"@type":"WebSite","@id":"https:\/\/www.pilgrim.es\/it\/#website","url":"https:\/\/www.pilgrim.es\/it\/","name":"Pilgrim","description":"Camino de Santiago | Caminamos Contigo","publisher":{"@id":"https:\/\/www.pilgrim.es\/it\/#organization"},"potentialAction":[{"@type":"SearchAction","target":{"@type":"EntryPoint","urlTemplate":"https:\/\/www.pilgrim.es\/it\/?s={search_term_string}"},"query-input":{"@type":"PropertyValueSpecification","valueRequired":true,"valueName":"search_term_string"}}],"inLanguage":"it-IT"},{"@type":"Organization","@id":"https:\/\/www.pilgrim.es\/it\/#organization","name":"Pilgrim Camino de Santiago","url":"https:\/\/www.pilgrim.es\/it\/","logo":{"@type":"ImageObject","inLanguage":"it-IT","@id":"https:\/\/www.pilgrim.es\/it\/#\/schema\/logo\/image\/","url":"https:\/\/www.pilgrim.es\/wp-content\/uploads\/2019\/04\/logo_pilgrim.png","contentUrl":"https:\/\/www.pilgrim.es\/wp-content\/uploads\/2019\/04\/logo_pilgrim.png","width":512,"height":512,"caption":"Pilgrim Camino de Santiago"},"image":{"@id":"https:\/\/www.pilgrim.es\/it\/#\/schema\/logo\/image\/"},"sameAs":["https:\/\/www.facebook.com\/pilgrim.es\/","https:\/\/x.com\/pilgrim_es","https:\/\/www.instagram.com\/pilgrim.es\/","https:\/\/www.linkedin.com\/company\/pilgrim-camino-de-santiago\/","https:\/\/www.pinterest.es\/pilgrimcaminodesantiago\/","https:\/\/www.youtube.com\/channel\/UCIv2ZzFLXVqthkNF32rKedw\/featured"]}]}},"_links":{"self":[{"href":"https:\/\/www.pilgrim.es\/it\/wp-json\/wp\/v2\/pages\/48507","targetHints":{"allow":["GET"]}}],"collection":[{"href":"https:\/\/www.pilgrim.es\/it\/wp-json\/wp\/v2\/pages"}],"about":[{"href":"https:\/\/www.pilgrim.es\/it\/wp-json\/wp\/v2\/types\/page"}],"author":[{"embeddable":true,"href":"https:\/\/www.pilgrim.es\/it\/wp-json\/wp\/v2\/users\/4"}],"replies":[{"embeddable":true,"href":"https:\/\/www.pilgrim.es\/it\/wp-json\/wp\/v2\/comments?post=48507"}],"version-history":[{"count":8,"href":"https:\/\/www.pilgrim.es\/it\/wp-json\/wp\/v2\/pages\/48507\/revisions"}],"predecessor-version":[{"id":127434,"href":"https:\/\/www.pilgrim.es\/it\/wp-json\/wp\/v2\/pages\/48507\/revisions\/127434"}],"up":[{"embeddable":true,"href":"https:\/\/www.pilgrim.es\/it\/wp-json\/wp\/v2\/pages\/10862"}],"wp:attachment":[{"href":"https:\/\/www.pilgrim.es\/it\/wp-json\/wp\/v2\/media?parent=48507"}],"wp:term":[{"taxonomy":"category","embeddable":true,"href":"https:\/\/www.pilgrim.es\/it\/wp-json\/wp\/v2\/categories?post=48507"},{"taxonomy":"post_tag","embeddable":true,"href":"https:\/\/www.pilgrim.es\/it\/wp-json\/wp\/v2\/tags?post=48507"}],"curies":[{"name":"wp","href":"https:\/\/api.w.org\/{rel}","templated":true}]}}