{"id":46664,"date":"2019-09-13T08:09:58","date_gmt":"2019-09-13T08:09:58","guid":{"rendered":"https:\/\/prod.pilgrim.es\/pianificare\/cammino-di-santiago-a-piedi\/"},"modified":"2025-03-25T17:12:08","modified_gmt":"2025-03-25T17:12:08","slug":"cammino-di-santiago-a-piedi","status":"publish","type":"page","link":"https:\/\/www.pilgrim.es\/it\/pianificare\/cammino-di-santiago-a-piedi\/","title":{"rendered":"Percorrere il Cammino di Santiago a Piedi"},"content":{"rendered":"\n<div id=\"planifyPage\">\n\t<section>\n\t\t<h1>Percorrere il Cammino di Santiago a Piedi<\/h1>\n\t<\/section>\n\n\t<div class=\"planify-content\">\n\t\t<section class=\"planify-content__hero\">\n\t\t\t<img decoding=\"async\" src=\"\/wp-content\/uploads\/2019\/03\/caminando.jpg\" alt=\"Percorrere il Cammino di Santiago a Piedi\" \/>\n\t\t\t<div class=\"planner\"><div\r\n  class=\"p-col-span-1 p-rounded-lg p-px-5 p-h-full\"\r\n  style=\"background-image: url('https:\/\/cdn.pilgrim.es\/web\/pilgrim-planner\/bg-plugin-planificador.webp')\"\r\n  rel=\"preload\"\r\n  fetchpriority=\"high\"\r\n  >\r\n    <div class=\"p-text-center p-pt-5 p-text-white p-text-2xl p-font-semibold\">\r\n      Pianifica il tuo cammino    <\/div>\r\n    <div\r\n            id='primary-app'\r\n            data-name='banner'\r\n            data-api='https:\/\/pathfinder.pilgrim.es\/api\/pathfinder\/v2'\r\n            data-mode='normal'\r\n            data-lang='it'\r\n            data-route='1'\r\n            data-destiny='https:\/\/planificador.pilgrim.es'\r\n            data-modality='1'\r\n            data-inline=''\r\n        ><\/div><\/div><\/div>\n\t\t<\/section>\n\n\t\t<section class=\"planify-content__content\">\n\t\t\t<section>\n\t\t\t\t<h3>Indice<\/h3>\n\t\t\t\t<ul>\n\t\t\t\t\t<li><a href=\"#Senalizacion\">Segnaletica lungo il Cammino<\/a><\/li>\n\t\t\t\t\t<li><a href=\"#Preparacion-Previa\">Preparazione preliminare<\/a><\/li>\n\t\t\t\t\t<li><a href=\"#Calzado\">Le migliori calzature<\/a><\/li>\n\t\t\t\t\t<li><a href=\"#Mejor-Epoca\">Periodo migliore per il pellegrinaggio<\/a><\/li>\n\t\t\t\t<\/ul>\n\t\t\t<\/section>\n\n\t\t\t<section>\n\t\t\t\t<p>Questo \u00e8 il <strong>modo pi\u00f9 tradizionale<\/strong> per la realizzazione del Cammino di Santiago, cos\u00ec\n\t\t\t\t\tcome veniva utilizzato dai primi pellegrini in epoca medievale.<\/p>\n\t\t\t\t<p>Attualmente, \u00e8 anche il <strong>metodo pi\u00f9 comune<\/strong> per fare il Cammino; nel 2015 circa\n\t\t\t\t\tduecentotrentamila persone hanno scelto di fare a piedi uno degli itinerari per Santiago.<\/p>\n\t\t\t<\/section>\n\t\t\t<section>\n\t\t\t\t<h2 class=\"mt-3\" id=\"Senalizacion\">Segnaletica lungo il Cammino<\/h2>\n\t\t\t\t<p>Ci sono una moltitudine di Cammini, la maggior parte dei quali sono <a\n\t\t\t\t\t\thref=\"https:\/\/www.pilgrim.es\/it\/pianificare\/segnaletica-del-cammino-di-santiago\/\">correttamente segnalati<\/a> e adattati in modo da poterli percorrere\n\t\t\t\t\tsenza difficolt\u00e0. Ma questo non \u00e8 qualcosa di generalizzato, poich\u00e9 ci <strong>sono zone\n\t\t\t\t\t\tinadeguate<\/strong> per tutto il pubblico, avendo sempre la possibilit\u00e0 di deviare leggermente\n\t\t\t\t\tper un sentiero alternativo e continuare cos\u00ec con il nostro percorso.<\/p>\n\t\t\t\t<p>Dobbiamo valutare la nostra forma fisica prima di preparare le tappe, per stabilire i chilometri che\n\t\t\t\t\tpercorreremo ogni giorno. Tenendo sempre presente <strong>che probabilmente dovremo lasciare\n\t\t\t\t\t\tqualcosa per l&#8217;improvvisazione<\/strong> a seconda di come ci incontriamo ogni giorno.<\/p>\n\t\t\t<\/section>\n\t\t\t<section>\n\t\t\t\t<h2 class=\"mt-3\" id=\"Preparacion-Previa\">Preparazione fisica per fare il Cammino di Santiago Andando\n\t\t\t\t<\/h2>\n\t\t\t\t<p>Per quanto riguarda la preparazione, qualunque sia il percorso scelto per andare nella citt\u00e0\n\t\t\t\t\tdell&#8217;Apostolo, \u00e8 consigliabile effettuare qualche tipo di allenamento precedente.<\/p>\n\t\t\t\t<p>Se pratichiamo regolarmente lo sport, dobbiamo solo abituarci al peso e allo zaino stesso.<\/p>\n\t\t\t\t<p>\u00c8 <strong>raccomandabile fare una passeggiata qualche giorno<\/strong> prima della partenza cos\u00ec da\n\t\t\t\t\tpotere controllare la nostra resistenza fisica.<\/p>\n\t\t\t\t<p>Qualcosa di molto importante \u00e8 provare <strong>a camminare attraverso luoghi con diverse\n\t\t\t\t\t\tpendenze<\/strong> e tipi di terreno, almeno per un&#8217;ora la prima settimana e aumentare\n\t\t\t\t\tgradualmente il tempo della nostra passeggiata.<\/p>\n\t\t\t\t<p>Ricordate che non si tratta di fare il numero massimo di chilometri nel pi\u00f9 breve tempo possibile, ma\n\t\t\t\t\tche dobbiamo piuttosto <strong>acquisire resistenza e rafforzare il pi\u00f9 possibile le gambe<\/strong>.\n\t\t\t\t<\/p>\n\t\t\t\t<p>Il modo in cui lo facciamo \u00e8 anche molto importante per evitare lesioni, in quanto dobbiamo camminare\n\t\t\t\t\tin posizione verticale e con il peso distribuito correttamente all&#8217;interno dello zaino.<\/p>\n\t\t\t\t<p>Un elemento chiave che ci permetter\u00e0 di preservare la postura \u00e8 <a href=\"https:\/\/www.pilgrim.es\/it\/pianificare\/il-bastone-e-zucca\/#Bordon\">il\n\t\t\t\t\t\tbastone del pellegrino<\/a>.<\/p>\n\t\t\t\t<img decoding=\"async\" src=\"\/wp-content\/uploads\/2019\/03\/caminando2.jpg\" class=\"img-fluid d-block mx-auto\"\n\t\t\t\t\talt=\"Cammino di Santiago a piedi\">\n\t\t\t<\/section>\n\t\t\t<section>\n\t\t\t\t<h2 class=\"mt-3\" id=\"Calzado\">Calzature per fare il Cammino a piedi<\/h2>\n\t\t\t\t<p>Il calzature \u00e8 uno dei fattori pi\u00f9 importanti da considerare una volta che abbiamo deciso di\n\t\t\t\t\tpercorrere il Cammino a piedi.<\/p>\n\t\t\t\t<p>Non si dovrebbe mai usare<strong>una calzatura nuova, \u00e8 vietato<\/strong> ma dovremo &#8220;abbronzarci&#8221; e\n\t\t\t\t\tfarlo nei mesi precedenti.<\/p>\n\t\t\t\t<p>\u00c8 ideale indossare <strong>stivali da trekking<\/strong> o scarpe da ginnastica per ammortizzare il\n\t\t\t\t\tpi\u00f9 possibile il terreno irregolare.<\/p>\n\t\t\t\t<p>Un punto extra e fondamentale consiste nel <strong>dotarsi di calzature di ricambio<\/strong>, e\n\t\t\t\t\tl&#8217;opzione migliore \u00e8 un paio d&#8217;infradito per i giorni pi\u00f9 caldi o quando i piedi chiedono aiuto.<\/p>\n\t\t\t<\/section>\n\t\t\t<section>\n\t\t\t\t<h2 class=\"mt-3\" id=\"Mejor-Epoca\">Quando \u00e8 meglio andare in pellegrinaggio?<\/h2>\n\t\t\t\t<p>\u00c8 necessario pensare in anticipo in quale periodo dell&#8217;anno realizzeremo il cammino, essendo di\n\t\t\t\t\tvitale importanza prendere un berretto o una visiera per proteggersi del sole, cos\u00ec come gli\n\t\t\t\t\timpermeabili per sopportare le inclemenze metereologiche.<\/p>\n\t\t\t\t<p>Il periodo migliore per realizzare il Cammino di Santiago<strong> \u00e8 la primavera<\/strong>, poich\u00e9 ha\n\t\t\t\t\ttemperature ideali e un clima che ci rispetter\u00e0 durante tutto il nostro pellegrinaggio e non ci\n\t\t\t\t\toffrir\u00e0 inconvenienti sotto forma di piogge o calore soffocante.<\/p>\n\t\t\t\t<h3 class=\"mt-3\">Per saperne di pi\u00fa<\/h3>\n\t\t\t\t<p>Per maggiori consigli su come realizzare il cammino a piedi, quanto deve pesare lo zaino e cosa\n\t\t\t\t\tdobbiamo portare o quale deve essere il tuo rituale quotidiano per prenderti cura dei piedi il pi\u00f9\n\t\t\t\t\tpossibile.<\/p>\n\t\t\t<\/section>\n\n\t<\/div>\n<\/div>\n","protected":false},"excerpt":{"rendered":"<p>Percorrere il Cammino di Santiago a Piedi Indice Segnaletica lungo il Cammino Preparazione preliminare Le migliori calzature Periodo migliore per il pellegrinaggio Questo \u00e8 il modo pi\u00f9 tradizionale per la realizzazione del Cammino di Santiago, cos\u00ec come veniva utilizzato dai primi pellegrini in epoca medievale. Attualmente, \u00e8 anche il metodo pi\u00f9 comune per fare il &hellip; <\/p>\n<p class=\"read_more\"><a href=\"https:\/\/www.pilgrim.es\/it\/pianificare\/cammino-di-santiago-a-piedi\/\">Leer m\u00e1s<\/a><\/p>\n","protected":false},"author":4,"featured_media":0,"parent":46449,"menu_order":0,"comment_status":"closed","ping_status":"closed","template":"views\/template-new-web-design.blade.php","meta":{"footnotes":""},"categories":[],"tags":[],"class_list":["post-46664","page","type-page","status-publish","hentry"],"yoast_head":"<!-- This site is optimized with the Yoast SEO plugin v27.4 - https:\/\/yoast.com\/product\/yoast-seo-wordpress\/ -->\n<title>Il Cammino di Santiago a piedi | I consigli pi\u00f9 necessari | Pilgrim<\/title>\n<meta name=\"description\" content=\"Il Cammino a piedi \u00e8 il modo pi\u00f9 comune scelto dai pellegrini per percorrere il Cammino di Santiago seguendo la tradizione generatasi in epoca medievale.\" \/>\n<meta name=\"robots\" content=\"index, follow, max-snippet:-1, max-image-preview:large, max-video-preview:-1\" \/>\n<link rel=\"canonical\" href=\"https:\/\/www.pilgrim.es\/it\/pianificare\/cammino-di-santiago-a-piedi\/\" \/>\n<meta property=\"og:locale\" content=\"it_IT\" \/>\n<meta property=\"og:type\" content=\"article\" \/>\n<meta property=\"og:title\" content=\"Il Cammino di Santiago a piedi | I consigli pi\u00f9 necessari | Pilgrim\" \/>\n<meta property=\"og:description\" content=\"Il Cammino a piedi \u00e8 il modo pi\u00f9 comune scelto dai pellegrini per percorrere il Cammino di Santiago seguendo la tradizione generatasi in epoca medievale.\" \/>\n<meta property=\"og:url\" content=\"https:\/\/www.pilgrim.es\/it\/pianificare\/cammino-di-santiago-a-piedi\/\" \/>\n<meta property=\"og:site_name\" content=\"Pilgrim\" \/>\n<meta property=\"article:publisher\" content=\"https:\/\/www.facebook.com\/pilgrim.es\/\" \/>\n<meta property=\"article:modified_time\" content=\"2025-03-25T17:12:08+00:00\" \/>\n<meta name=\"twitter:card\" content=\"summary_large_image\" \/>\n<meta name=\"twitter:site\" content=\"@pilgrim_es\" \/>\n<meta name=\"twitter:label1\" content=\"Tempo di lettura stimato\" \/>\n\t<meta name=\"twitter:data1\" content=\"3 minuti\" \/>\n<script type=\"application\/ld+json\" class=\"yoast-schema-graph\">{\"@context\":\"https:\\\/\\\/schema.org\",\"@graph\":[{\"@type\":\"WebPage\",\"@id\":\"https:\\\/\\\/www.pilgrim.es\\\/it\\\/pianificare\\\/cammino-di-santiago-a-piedi\\\/\",\"url\":\"https:\\\/\\\/www.pilgrim.es\\\/it\\\/pianificare\\\/cammino-di-santiago-a-piedi\\\/\",\"name\":\"Il Cammino di Santiago a piedi | I consigli pi\u00f9 necessari | Pilgrim\",\"isPartOf\":{\"@id\":\"https:\\\/\\\/www.pilgrim.es\\\/it\\\/#website\"},\"datePublished\":\"2019-09-13T08:09:58+00:00\",\"dateModified\":\"2025-03-25T17:12:08+00:00\",\"description\":\"Il Cammino a piedi \u00e8 il modo pi\u00f9 comune scelto dai pellegrini per percorrere il Cammino di Santiago seguendo la tradizione generatasi in epoca medievale.\",\"breadcrumb\":{\"@id\":\"https:\\\/\\\/www.pilgrim.es\\\/it\\\/pianificare\\\/cammino-di-santiago-a-piedi\\\/#breadcrumb\"},\"inLanguage\":\"it-IT\",\"potentialAction\":[{\"@type\":\"ReadAction\",\"target\":[\"https:\\\/\\\/www.pilgrim.es\\\/it\\\/pianificare\\\/cammino-di-santiago-a-piedi\\\/\"]}]},{\"@type\":\"BreadcrumbList\",\"@id\":\"https:\\\/\\\/www.pilgrim.es\\\/it\\\/pianificare\\\/cammino-di-santiago-a-piedi\\\/#breadcrumb\",\"itemListElement\":[{\"@type\":\"ListItem\",\"position\":1,\"name\":\"Camino de Santiago\",\"item\":\"https:\\\/\\\/www.pilgrim.es\\\/it\\\/\"},{\"@type\":\"ListItem\",\"position\":2,\"name\":\"Pianificare\",\"item\":\"https:\\\/\\\/www.pilgrim.es\\\/it\\\/pianificare\\\/\"},{\"@type\":\"ListItem\",\"position\":3,\"name\":\"Percorrere il Cammino di Santiago a Piedi\"}]},{\"@type\":\"WebSite\",\"@id\":\"https:\\\/\\\/www.pilgrim.es\\\/it\\\/#website\",\"url\":\"https:\\\/\\\/www.pilgrim.es\\\/it\\\/\",\"name\":\"Pilgrim\",\"description\":\"Camino de Santiago | Caminamos Contigo\",\"publisher\":{\"@id\":\"https:\\\/\\\/www.pilgrim.es\\\/it\\\/#organization\"},\"potentialAction\":[{\"@type\":\"SearchAction\",\"target\":{\"@type\":\"EntryPoint\",\"urlTemplate\":\"https:\\\/\\\/www.pilgrim.es\\\/it\\\/?s={search_term_string}\"},\"query-input\":{\"@type\":\"PropertyValueSpecification\",\"valueRequired\":true,\"valueName\":\"search_term_string\"}}],\"inLanguage\":\"it-IT\"},{\"@type\":\"Organization\",\"@id\":\"https:\\\/\\\/www.pilgrim.es\\\/it\\\/#organization\",\"name\":\"Pilgrim Camino de Santiago\",\"url\":\"https:\\\/\\\/www.pilgrim.es\\\/it\\\/\",\"logo\":{\"@type\":\"ImageObject\",\"inLanguage\":\"it-IT\",\"@id\":\"https:\\\/\\\/www.pilgrim.es\\\/it\\\/#\\\/schema\\\/logo\\\/image\\\/\",\"url\":\"https:\\\/\\\/www.pilgrim.es\\\/wp-content\\\/uploads\\\/2019\\\/04\\\/logo_pilgrim.png\",\"contentUrl\":\"https:\\\/\\\/www.pilgrim.es\\\/wp-content\\\/uploads\\\/2019\\\/04\\\/logo_pilgrim.png\",\"width\":512,\"height\":512,\"caption\":\"Pilgrim Camino de Santiago\"},\"image\":{\"@id\":\"https:\\\/\\\/www.pilgrim.es\\\/it\\\/#\\\/schema\\\/logo\\\/image\\\/\"},\"sameAs\":[\"https:\\\/\\\/www.facebook.com\\\/pilgrim.es\\\/\",\"https:\\\/\\\/x.com\\\/pilgrim_es\",\"https:\\\/\\\/www.instagram.com\\\/pilgrim.es\\\/\",\"https:\\\/\\\/www.linkedin.com\\\/company\\\/pilgrim-camino-de-santiago\\\/\",\"https:\\\/\\\/www.pinterest.es\\\/pilgrimcaminodesantiago\\\/\",\"https:\\\/\\\/www.youtube.com\\\/channel\\\/UCIv2ZzFLXVqthkNF32rKedw\\\/featured\"]}]}<\/script>\n<!-- \/ Yoast SEO plugin. -->","yoast_head_json":{"title":"Il Cammino di Santiago a piedi | I consigli pi\u00f9 necessari | Pilgrim","description":"Il Cammino a piedi \u00e8 il modo pi\u00f9 comune scelto dai pellegrini per percorrere il Cammino di Santiago seguendo la tradizione generatasi in epoca medievale.","robots":{"index":"index","follow":"follow","max-snippet":"max-snippet:-1","max-image-preview":"max-image-preview:large","max-video-preview":"max-video-preview:-1"},"canonical":"https:\/\/www.pilgrim.es\/it\/pianificare\/cammino-di-santiago-a-piedi\/","og_locale":"it_IT","og_type":"article","og_title":"Il Cammino di Santiago a piedi | I consigli pi\u00f9 necessari | Pilgrim","og_description":"Il Cammino a piedi \u00e8 il modo pi\u00f9 comune scelto dai pellegrini per percorrere il Cammino di Santiago seguendo la tradizione generatasi in epoca medievale.","og_url":"https:\/\/www.pilgrim.es\/it\/pianificare\/cammino-di-santiago-a-piedi\/","og_site_name":"Pilgrim","article_publisher":"https:\/\/www.facebook.com\/pilgrim.es\/","article_modified_time":"2025-03-25T17:12:08+00:00","twitter_card":"summary_large_image","twitter_site":"@pilgrim_es","twitter_misc":{"Tempo di lettura stimato":"3 minuti"},"schema":{"@context":"https:\/\/schema.org","@graph":[{"@type":"WebPage","@id":"https:\/\/www.pilgrim.es\/it\/pianificare\/cammino-di-santiago-a-piedi\/","url":"https:\/\/www.pilgrim.es\/it\/pianificare\/cammino-di-santiago-a-piedi\/","name":"Il Cammino di Santiago a piedi | I consigli pi\u00f9 necessari | Pilgrim","isPartOf":{"@id":"https:\/\/www.pilgrim.es\/it\/#website"},"datePublished":"2019-09-13T08:09:58+00:00","dateModified":"2025-03-25T17:12:08+00:00","description":"Il Cammino a piedi \u00e8 il modo pi\u00f9 comune scelto dai pellegrini per percorrere il Cammino di Santiago seguendo la tradizione generatasi in epoca medievale.","breadcrumb":{"@id":"https:\/\/www.pilgrim.es\/it\/pianificare\/cammino-di-santiago-a-piedi\/#breadcrumb"},"inLanguage":"it-IT","potentialAction":[{"@type":"ReadAction","target":["https:\/\/www.pilgrim.es\/it\/pianificare\/cammino-di-santiago-a-piedi\/"]}]},{"@type":"BreadcrumbList","@id":"https:\/\/www.pilgrim.es\/it\/pianificare\/cammino-di-santiago-a-piedi\/#breadcrumb","itemListElement":[{"@type":"ListItem","position":1,"name":"Camino de Santiago","item":"https:\/\/www.pilgrim.es\/it\/"},{"@type":"ListItem","position":2,"name":"Pianificare","item":"https:\/\/www.pilgrim.es\/it\/pianificare\/"},{"@type":"ListItem","position":3,"name":"Percorrere il Cammino di Santiago a Piedi"}]},{"@type":"WebSite","@id":"https:\/\/www.pilgrim.es\/it\/#website","url":"https:\/\/www.pilgrim.es\/it\/","name":"Pilgrim","description":"Camino de Santiago | Caminamos Contigo","publisher":{"@id":"https:\/\/www.pilgrim.es\/it\/#organization"},"potentialAction":[{"@type":"SearchAction","target":{"@type":"EntryPoint","urlTemplate":"https:\/\/www.pilgrim.es\/it\/?s={search_term_string}"},"query-input":{"@type":"PropertyValueSpecification","valueRequired":true,"valueName":"search_term_string"}}],"inLanguage":"it-IT"},{"@type":"Organization","@id":"https:\/\/www.pilgrim.es\/it\/#organization","name":"Pilgrim Camino de Santiago","url":"https:\/\/www.pilgrim.es\/it\/","logo":{"@type":"ImageObject","inLanguage":"it-IT","@id":"https:\/\/www.pilgrim.es\/it\/#\/schema\/logo\/image\/","url":"https:\/\/www.pilgrim.es\/wp-content\/uploads\/2019\/04\/logo_pilgrim.png","contentUrl":"https:\/\/www.pilgrim.es\/wp-content\/uploads\/2019\/04\/logo_pilgrim.png","width":512,"height":512,"caption":"Pilgrim Camino de Santiago"},"image":{"@id":"https:\/\/www.pilgrim.es\/it\/#\/schema\/logo\/image\/"},"sameAs":["https:\/\/www.facebook.com\/pilgrim.es\/","https:\/\/x.com\/pilgrim_es","https:\/\/www.instagram.com\/pilgrim.es\/","https:\/\/www.linkedin.com\/company\/pilgrim-camino-de-santiago\/","https:\/\/www.pinterest.es\/pilgrimcaminodesantiago\/","https:\/\/www.youtube.com\/channel\/UCIv2ZzFLXVqthkNF32rKedw\/featured"]}]}},"_links":{"self":[{"href":"https:\/\/www.pilgrim.es\/it\/wp-json\/wp\/v2\/pages\/46664","targetHints":{"allow":["GET"]}}],"collection":[{"href":"https:\/\/www.pilgrim.es\/it\/wp-json\/wp\/v2\/pages"}],"about":[{"href":"https:\/\/www.pilgrim.es\/it\/wp-json\/wp\/v2\/types\/page"}],"author":[{"embeddable":true,"href":"https:\/\/www.pilgrim.es\/it\/wp-json\/wp\/v2\/users\/4"}],"replies":[{"embeddable":true,"href":"https:\/\/www.pilgrim.es\/it\/wp-json\/wp\/v2\/comments?post=46664"}],"version-history":[{"count":4,"href":"https:\/\/www.pilgrim.es\/it\/wp-json\/wp\/v2\/pages\/46664\/revisions"}],"predecessor-version":[{"id":96588,"href":"https:\/\/www.pilgrim.es\/it\/wp-json\/wp\/v2\/pages\/46664\/revisions\/96588"}],"up":[{"embeddable":true,"href":"https:\/\/www.pilgrim.es\/it\/wp-json\/wp\/v2\/pages\/46449"}],"wp:attachment":[{"href":"https:\/\/www.pilgrim.es\/it\/wp-json\/wp\/v2\/media?parent=46664"}],"wp:term":[{"taxonomy":"category","embeddable":true,"href":"https:\/\/www.pilgrim.es\/it\/wp-json\/wp\/v2\/categories?post=46664"},{"taxonomy":"post_tag","embeddable":true,"href":"https:\/\/www.pilgrim.es\/it\/wp-json\/wp\/v2\/tags?post=46664"}],"curies":[{"name":"wp","href":"https:\/\/api.w.org\/{rel}","templated":true}]}}