{"id":46662,"date":"2019-09-13T08:03:46","date_gmt":"2019-09-13T08:03:46","guid":{"rendered":"https:\/\/prod.pilgrim.es\/pianificare\/cammino-di-santiago-a-cavallo\/"},"modified":"2025-03-26T09:19:34","modified_gmt":"2025-03-26T09:19:34","slug":"cammino-di-santiago-a-cavallo","status":"publish","type":"page","link":"https:\/\/www.pilgrim.es\/it\/pianificare\/cammino-di-santiago-a-cavallo\/","title":{"rendered":"Percorrere il Cammino di Santiago a Cavallo"},"content":{"rendered":"\n<div id=\"planifyPage\">\n    <section>\n        <h1>Percorrere il Cammino di Santiago a Cavallo<\/h1>\n    <\/section>\n\n    <div class=\"planify-content\">\n        <section class=\"planify-content__hero\">\n            <img decoding=\"async\" src=\"\/wp-content\/uploads\/2019\/03\/caballo1.jpg\" alt=\"Percorrere il Cammino di Santiago a Cavallo\" \/>\n            <div class=\"planner\"><div\r\n  class=\"p-col-span-1 p-rounded-lg p-px-5 p-h-full\"\r\n  style=\"background-image: url('https:\/\/cdn.pilgrim.es\/web\/pilgrim-planner\/bg-plugin-planificador.webp')\"\r\n  rel=\"preload\"\r\n  fetchpriority=\"high\"\r\n  >\r\n    <div class=\"p-text-center p-pt-5 p-text-white p-text-2xl p-font-semibold\">\r\n      Pianifica il tuo cammino    <\/div>\r\n    <div\r\n            id='primary-app'\r\n            data-name='banner'\r\n            data-api='https:\/\/pathfinder.pilgrim.es\/api\/pathfinder\/v2'\r\n            data-mode='normal'\r\n            data-lang='it'\r\n            data-route='1'\r\n            data-destiny='https:\/\/planificador.pilgrim.es'\r\n            data-modality='1'\r\n            data-inline=''\r\n        ><\/div><\/div><\/div>\n        <\/section>\n\n        <section class=\"planify-content__content\">\n            <section>\n                <h3>indice<\/h3>\n                <ul>\n                    <li><a href=\"#Planificacion\">Pianificazione<\/a><\/li>\n                    <li><a href=\"#El-Caballo\">Il cavallo<\/a><\/li>\n                    <li><a href=\"#Equipamiento\">Equipaggiamento<\/a><\/li>\n                    <li><a href=\"#Organizarlo\">Organizzazione<\/a><\/li>\n                    <li><a href=\"#Etapas\">Tappe<\/a><\/li>\n                <\/ul>\n            <\/section>\n\n            <section>\n                <p>Fare il Cammino di Santiago a cavallo \u00e8 un&#8217;opzione che ha guadagnato <strong>sempre pi\u00f9\n                        seguaci<\/strong> negli ultimi anni.<\/p>\n                <p>Questa tradizione si \u00e8 mantenuta fin dal Medioevo, quando alcuni pellegrini cominciarono a realizzare\n                    l&#8217;itinerario fino a Santiago in questo modo particolare.<\/p>\n            <\/section>\n\n            <section id=\"Planificacion\">\n\n                <h2>Pianificazione per realizzare il Cammino di Santiago a Cavallo<\/h2>\n                <p>A differenza degli altri modi di fare il Cammino, questo richiede una pianificazione anticipata molto\n                    pi\u00f9 meticolosa.<\/p>\n                <p>Prima di tutto \u00e8 necessario capire che \u00e8 necessaria <strong>un&#8217;accurata preparazione\n                        preliminare<\/strong>, essendo fondamentale avere esperienza di guida, altrimenti \u00e8 molto facile\n                    ferirsi e avere irritazioni.<\/p>\n\n            <\/section>\n\n            <section id=\"El-Caballo\">\n\n                <h2>Per quanto riguarda il cavallo&#8230;<\/h2>\n                <p>La cosa preferibile \u00e8 che questo abbiamo familiarit\u00e0 con il cavaliere, non essendo un requisito\n                    indispensabile a\n                    patto che questi siano correttamente addomesticati e abituati a trotto con persone diverse. Inoltre\n                    dobbiamo\n                    <strong>evitare di andare su cavalli paurosi<\/strong>, perch\u00e9 lungo il percorso incontreremo molti\n                    pi\u00f9\n                    pellegrini, animali domestici e automobili sui tratti stradali.\n                <\/p>\n                <p>Allo stesso modo se viaggiamo su ruote o a piedi, dovremmo sempre farlo sempre in linea e il pi\u00f9\n                    vicino possibile\n                    alla spalla per evitare possibili incidenti.<\/p>\n                <p>Dovremo anche andare ben marcati, sia il cavaliere che il cavallo. Tranne nel caso di ciclisti\n                    esperti, \u00e8\n                    consigliabile indossare sempre il casco.<\/p>\n            <\/section>\n\n            <section id=\"Equipamiento\">\n\n                <h2>Equipaggiamento necessario per il cammino<\/h2>\n                <p>Per quanto riguarda il materiale indispensabile che ogni buon pellegrino a cavallo deve portare, \u00e8\n                    incluso:<\/p>\n                <ul>\n                    <li><strong>Una sella<\/strong> con la coperta corrispondente<\/li>\n                    <li><strong>Staffe e morsi snodati<\/strong><\/li>\n                    <li><strong>Un secchio o contenitore<\/strong> dove dare acqua al cavallo<\/li>\n                <\/ul>\n                <p>Si consiglia di portare con s\u00e9 un piccolo &#8220;kit di pronto soccorso&#8221; composto da pece di pino per i\n                    caschi e altri\n                    elementi di prevenzione.<\/p>\n                <p>Per quanto riguarda il cavaliere, deve essere sempre ben segnalato con un giubbotto e protetto da un\n                    casco. Si\n                    consiglia di indossare abiti adatti all&#8217;equitazione, guanti e impermeabile.<\/p>\n                <img decoding=\"async\" src=\"\/wp-content\/uploads\/2019\/03\/caballo2.jpg\" class=\"img-fluid d-block mx-auto\"\n                    alt=\"Cammino di Santiago a cavallo\">\n            <\/section>\n\n            <section id=\"Organizarlo\">\n\n                <h2>Organizzarlo<\/h2>\n                <p>La cosa migliore \u00e8 prenotare un viaggio organizzato, in quanto non \u00e8 usuale avere alloggi con stalle\n                    o trovare\n                    quest&#8217;ultimo lontano da dove i cavalieri dovrebbero passare la notte.<\/p>\n                <p>Negli ultimi anni sono stati costruiti diverse soste tra le tappe, soprattutto lungo il <a\n                        href=\"https:\/\/www.pilgrim.es\/it\/cammino-francese\/\">cammino francese<\/a>, dove \u00e8 possibile riposare accanto al proprio\n                    cavallo.<\/p>\n                <p>Se avete bisogno di maggiori informazioni su come fare il cammino a cavallo non esitate a\n                    contattarci. Nel\n                    frattempo, vi lasciamo con le tappe che coprono il tratto principale che esiste per l&#8217;equitazione.\n                <\/p>\n                <h3 class=\"mt-3\">Tappe Cammino Francese a cavallo<\/h3>\n                <div class=\"table-responsive\">\n                    <table class=\"table\">\n                        <thead>\n                            <tr>\n                                <th scope=\"col\">Tappa<\/th>\n                                <th scope=\"col\">Partenza<\/th>\n                                <th scope=\"col\">Arrivo<\/th>\n                            <\/tr>\n                        <\/thead>\n                        <tbody>\n                            <tr>\n                                <th scope=\"row\">Tappa 1<\/th>\n                                <td>O Cebreiro<\/td>\n                                <td>Samos \u2013 Sarria<\/td>\n                            <\/tr>\n                            <tr>\n                                <th scope=\"row\">Tappa 2<\/th>\n                                <td>Sarria<\/td>\n                                <td>Portomar\u00edn<\/td>\n                            <\/tr>\n                            <tr>\n                                <th scope=\"row\">Tappa 3<\/th>\n                                <td>Portomar\u00edn<\/td>\n                                <td>Palas de Rei<\/td>\n                            <\/tr>\n                            <tr>\n                                <th scope=\"row\">Tappa 4<\/th>\n                                <td>Palas de Rei<\/td>\n                                <td>Arz\u00faa<\/td>\n                            <\/tr>\n                            <tr>\n                                <th scope=\"row\">Tappa 5<\/th>\n                                <td>Arz\u00faa<\/td>\n                                <td>Santiago de Compostela<\/td>\n                            <\/tr>\n                        <\/tbody>\n                    <\/table>\n                <\/div>\n\n            <\/div>\n\n        <\/section>\n    <\/section>\n<\/div>\n<\/div>\n","protected":false},"excerpt":{"rendered":"<p>Percorrere il Cammino di Santiago a Cavallo indice Pianificazione Il cavallo Equipaggiamento Organizzazione Tappe Fare il Cammino di Santiago a cavallo \u00e8 un&#8217;opzione che ha guadagnato sempre pi\u00f9 seguaci negli ultimi anni. Questa tradizione si \u00e8 mantenuta fin dal Medioevo, quando alcuni pellegrini cominciarono a realizzare l&#8217;itinerario fino a Santiago in questo modo particolare. Pianificazione &hellip; <\/p>\n<p class=\"read_more\"><a href=\"https:\/\/www.pilgrim.es\/it\/pianificare\/cammino-di-santiago-a-cavallo\/\">Leer m\u00e1s<\/a><\/p>\n","protected":false},"author":4,"featured_media":12306,"parent":46449,"menu_order":0,"comment_status":"closed","ping_status":"closed","template":"views\/template-new-web-design.blade.php","meta":{"footnotes":""},"categories":[],"tags":[],"class_list":["post-46662","page","type-page","status-publish","has-post-thumbnail","hentry"],"yoast_head":"<!-- This site is optimized with the Yoast SEO plugin v27.4 - https:\/\/yoast.com\/product\/yoast-seo-wordpress\/ -->\n<title>\u25b7 Il Cammino di Santiago a cavallo | Tappe, equipaggiamento e consigli<\/title>\n<meta name=\"description\" content=\"Il Camino de Santiago a cavallo \u00e8 un&#039;esperienza meravigliosa e irripetibile che sta guadagnando sempre pi\u00f9 seguaci. Ecco alcune cose da tenere a mente\" \/>\n<meta name=\"robots\" content=\"index, follow, max-snippet:-1, max-image-preview:large, max-video-preview:-1\" \/>\n<link rel=\"canonical\" href=\"https:\/\/www.pilgrim.es\/it\/pianificare\/cammino-di-santiago-a-cavallo\/\" \/>\n<meta property=\"og:locale\" content=\"it_IT\" \/>\n<meta property=\"og:type\" content=\"article\" \/>\n<meta property=\"og:title\" content=\"\u25b7 Il Cammino di Santiago a cavallo | Tappe, equipaggiamento e consigli\" \/>\n<meta property=\"og:description\" content=\"Il Camino de Santiago a cavallo \u00e8 un&#039;esperienza meravigliosa e irripetibile che sta guadagnando sempre pi\u00f9 seguaci. Ecco alcune cose da tenere a mente\" \/>\n<meta property=\"og:url\" content=\"https:\/\/www.pilgrim.es\/it\/pianificare\/cammino-di-santiago-a-cavallo\/\" \/>\n<meta property=\"og:site_name\" content=\"Pilgrim\" \/>\n<meta property=\"article:publisher\" content=\"https:\/\/www.facebook.com\/pilgrim.es\/\" \/>\n<meta property=\"article:modified_time\" content=\"2025-03-26T09:19:34+00:00\" \/>\n<meta property=\"og:image\" content=\"https:\/\/www.pilgrim.es\/wp-content\/uploads\/2019\/03\/caballo1.jpg\" \/>\n\t<meta property=\"og:image:width\" content=\"1024\" \/>\n\t<meta property=\"og:image:height\" content=\"651\" \/>\n\t<meta property=\"og:image:type\" content=\"image\/jpeg\" \/>\n<meta name=\"twitter:card\" content=\"summary_large_image\" \/>\n<meta name=\"twitter:site\" content=\"@pilgrim_es\" \/>\n<meta name=\"twitter:label1\" content=\"Tempo di lettura stimato\" \/>\n\t<meta name=\"twitter:data1\" content=\"2 minuti\" \/>\n<script type=\"application\/ld+json\" class=\"yoast-schema-graph\">{\"@context\":\"https:\\\/\\\/schema.org\",\"@graph\":[{\"@type\":\"WebPage\",\"@id\":\"https:\\\/\\\/www.pilgrim.es\\\/it\\\/pianificare\\\/cammino-di-santiago-a-cavallo\\\/\",\"url\":\"https:\\\/\\\/www.pilgrim.es\\\/it\\\/pianificare\\\/cammino-di-santiago-a-cavallo\\\/\",\"name\":\"\u25b7 Il Cammino di Santiago a cavallo | Tappe, equipaggiamento e consigli\",\"isPartOf\":{\"@id\":\"https:\\\/\\\/www.pilgrim.es\\\/it\\\/#website\"},\"primaryImageOfPage\":{\"@id\":\"https:\\\/\\\/www.pilgrim.es\\\/it\\\/pianificare\\\/cammino-di-santiago-a-cavallo\\\/#primaryimage\"},\"image\":{\"@id\":\"https:\\\/\\\/www.pilgrim.es\\\/it\\\/pianificare\\\/cammino-di-santiago-a-cavallo\\\/#primaryimage\"},\"thumbnailUrl\":\"https:\\\/\\\/www.pilgrim.es\\\/wp-content\\\/uploads\\\/2019\\\/03\\\/caballo1.jpg\",\"datePublished\":\"2019-09-13T08:03:46+00:00\",\"dateModified\":\"2025-03-26T09:19:34+00:00\",\"description\":\"Il Camino de Santiago a cavallo \u00e8 un'esperienza meravigliosa e irripetibile che sta guadagnando sempre pi\u00f9 seguaci. Ecco alcune cose da tenere a mente\",\"breadcrumb\":{\"@id\":\"https:\\\/\\\/www.pilgrim.es\\\/it\\\/pianificare\\\/cammino-di-santiago-a-cavallo\\\/#breadcrumb\"},\"inLanguage\":\"it-IT\",\"potentialAction\":[{\"@type\":\"ReadAction\",\"target\":[\"https:\\\/\\\/www.pilgrim.es\\\/it\\\/pianificare\\\/cammino-di-santiago-a-cavallo\\\/\"]}]},{\"@type\":\"ImageObject\",\"inLanguage\":\"it-IT\",\"@id\":\"https:\\\/\\\/www.pilgrim.es\\\/it\\\/pianificare\\\/cammino-di-santiago-a-cavallo\\\/#primaryimage\",\"url\":\"https:\\\/\\\/www.pilgrim.es\\\/wp-content\\\/uploads\\\/2019\\\/03\\\/caballo1.jpg\",\"contentUrl\":\"https:\\\/\\\/www.pilgrim.es\\\/wp-content\\\/uploads\\\/2019\\\/03\\\/caballo1.jpg\",\"width\":1024,\"height\":651,\"caption\":\"Percorrere il Cammino di Santiago a Cavallo\"},{\"@type\":\"BreadcrumbList\",\"@id\":\"https:\\\/\\\/www.pilgrim.es\\\/it\\\/pianificare\\\/cammino-di-santiago-a-cavallo\\\/#breadcrumb\",\"itemListElement\":[{\"@type\":\"ListItem\",\"position\":1,\"name\":\"Camino de Santiago\",\"item\":\"https:\\\/\\\/www.pilgrim.es\\\/it\\\/\"},{\"@type\":\"ListItem\",\"position\":2,\"name\":\"Pianificare\",\"item\":\"https:\\\/\\\/www.pilgrim.es\\\/it\\\/pianificare\\\/\"},{\"@type\":\"ListItem\",\"position\":3,\"name\":\"Percorrere il Cammino di Santiago a Cavallo\"}]},{\"@type\":\"WebSite\",\"@id\":\"https:\\\/\\\/www.pilgrim.es\\\/it\\\/#website\",\"url\":\"https:\\\/\\\/www.pilgrim.es\\\/it\\\/\",\"name\":\"Pilgrim\",\"description\":\"Camino de Santiago | Caminamos Contigo\",\"publisher\":{\"@id\":\"https:\\\/\\\/www.pilgrim.es\\\/it\\\/#organization\"},\"potentialAction\":[{\"@type\":\"SearchAction\",\"target\":{\"@type\":\"EntryPoint\",\"urlTemplate\":\"https:\\\/\\\/www.pilgrim.es\\\/it\\\/?s={search_term_string}\"},\"query-input\":{\"@type\":\"PropertyValueSpecification\",\"valueRequired\":true,\"valueName\":\"search_term_string\"}}],\"inLanguage\":\"it-IT\"},{\"@type\":\"Organization\",\"@id\":\"https:\\\/\\\/www.pilgrim.es\\\/it\\\/#organization\",\"name\":\"Pilgrim Camino de Santiago\",\"url\":\"https:\\\/\\\/www.pilgrim.es\\\/it\\\/\",\"logo\":{\"@type\":\"ImageObject\",\"inLanguage\":\"it-IT\",\"@id\":\"https:\\\/\\\/www.pilgrim.es\\\/it\\\/#\\\/schema\\\/logo\\\/image\\\/\",\"url\":\"https:\\\/\\\/www.pilgrim.es\\\/wp-content\\\/uploads\\\/2019\\\/04\\\/logo_pilgrim.png\",\"contentUrl\":\"https:\\\/\\\/www.pilgrim.es\\\/wp-content\\\/uploads\\\/2019\\\/04\\\/logo_pilgrim.png\",\"width\":512,\"height\":512,\"caption\":\"Pilgrim Camino de Santiago\"},\"image\":{\"@id\":\"https:\\\/\\\/www.pilgrim.es\\\/it\\\/#\\\/schema\\\/logo\\\/image\\\/\"},\"sameAs\":[\"https:\\\/\\\/www.facebook.com\\\/pilgrim.es\\\/\",\"https:\\\/\\\/x.com\\\/pilgrim_es\",\"https:\\\/\\\/www.instagram.com\\\/pilgrim.es\\\/\",\"https:\\\/\\\/www.linkedin.com\\\/company\\\/pilgrim-camino-de-santiago\\\/\",\"https:\\\/\\\/www.pinterest.es\\\/pilgrimcaminodesantiago\\\/\",\"https:\\\/\\\/www.youtube.com\\\/channel\\\/UCIv2ZzFLXVqthkNF32rKedw\\\/featured\"]}]}<\/script>\n<!-- \/ Yoast SEO plugin. -->","yoast_head_json":{"title":"\u25b7 Il Cammino di Santiago a cavallo | Tappe, equipaggiamento e consigli","description":"Il Camino de Santiago a cavallo \u00e8 un'esperienza meravigliosa e irripetibile che sta guadagnando sempre pi\u00f9 seguaci. Ecco alcune cose da tenere a mente","robots":{"index":"index","follow":"follow","max-snippet":"max-snippet:-1","max-image-preview":"max-image-preview:large","max-video-preview":"max-video-preview:-1"},"canonical":"https:\/\/www.pilgrim.es\/it\/pianificare\/cammino-di-santiago-a-cavallo\/","og_locale":"it_IT","og_type":"article","og_title":"\u25b7 Il Cammino di Santiago a cavallo | Tappe, equipaggiamento e consigli","og_description":"Il Camino de Santiago a cavallo \u00e8 un'esperienza meravigliosa e irripetibile che sta guadagnando sempre pi\u00f9 seguaci. Ecco alcune cose da tenere a mente","og_url":"https:\/\/www.pilgrim.es\/it\/pianificare\/cammino-di-santiago-a-cavallo\/","og_site_name":"Pilgrim","article_publisher":"https:\/\/www.facebook.com\/pilgrim.es\/","article_modified_time":"2025-03-26T09:19:34+00:00","og_image":[{"width":1024,"height":651,"url":"https:\/\/www.pilgrim.es\/wp-content\/uploads\/2019\/03\/caballo1.jpg","type":"image\/jpeg"}],"twitter_card":"summary_large_image","twitter_site":"@pilgrim_es","twitter_misc":{"Tempo di lettura stimato":"2 minuti"},"schema":{"@context":"https:\/\/schema.org","@graph":[{"@type":"WebPage","@id":"https:\/\/www.pilgrim.es\/it\/pianificare\/cammino-di-santiago-a-cavallo\/","url":"https:\/\/www.pilgrim.es\/it\/pianificare\/cammino-di-santiago-a-cavallo\/","name":"\u25b7 Il Cammino di Santiago a cavallo | Tappe, equipaggiamento e consigli","isPartOf":{"@id":"https:\/\/www.pilgrim.es\/it\/#website"},"primaryImageOfPage":{"@id":"https:\/\/www.pilgrim.es\/it\/pianificare\/cammino-di-santiago-a-cavallo\/#primaryimage"},"image":{"@id":"https:\/\/www.pilgrim.es\/it\/pianificare\/cammino-di-santiago-a-cavallo\/#primaryimage"},"thumbnailUrl":"https:\/\/www.pilgrim.es\/wp-content\/uploads\/2019\/03\/caballo1.jpg","datePublished":"2019-09-13T08:03:46+00:00","dateModified":"2025-03-26T09:19:34+00:00","description":"Il Camino de Santiago a cavallo \u00e8 un'esperienza meravigliosa e irripetibile che sta guadagnando sempre pi\u00f9 seguaci. Ecco alcune cose da tenere a mente","breadcrumb":{"@id":"https:\/\/www.pilgrim.es\/it\/pianificare\/cammino-di-santiago-a-cavallo\/#breadcrumb"},"inLanguage":"it-IT","potentialAction":[{"@type":"ReadAction","target":["https:\/\/www.pilgrim.es\/it\/pianificare\/cammino-di-santiago-a-cavallo\/"]}]},{"@type":"ImageObject","inLanguage":"it-IT","@id":"https:\/\/www.pilgrim.es\/it\/pianificare\/cammino-di-santiago-a-cavallo\/#primaryimage","url":"https:\/\/www.pilgrim.es\/wp-content\/uploads\/2019\/03\/caballo1.jpg","contentUrl":"https:\/\/www.pilgrim.es\/wp-content\/uploads\/2019\/03\/caballo1.jpg","width":1024,"height":651,"caption":"Percorrere il Cammino di Santiago a Cavallo"},{"@type":"BreadcrumbList","@id":"https:\/\/www.pilgrim.es\/it\/pianificare\/cammino-di-santiago-a-cavallo\/#breadcrumb","itemListElement":[{"@type":"ListItem","position":1,"name":"Camino de Santiago","item":"https:\/\/www.pilgrim.es\/it\/"},{"@type":"ListItem","position":2,"name":"Pianificare","item":"https:\/\/www.pilgrim.es\/it\/pianificare\/"},{"@type":"ListItem","position":3,"name":"Percorrere il Cammino di Santiago a Cavallo"}]},{"@type":"WebSite","@id":"https:\/\/www.pilgrim.es\/it\/#website","url":"https:\/\/www.pilgrim.es\/it\/","name":"Pilgrim","description":"Camino de Santiago | Caminamos Contigo","publisher":{"@id":"https:\/\/www.pilgrim.es\/it\/#organization"},"potentialAction":[{"@type":"SearchAction","target":{"@type":"EntryPoint","urlTemplate":"https:\/\/www.pilgrim.es\/it\/?s={search_term_string}"},"query-input":{"@type":"PropertyValueSpecification","valueRequired":true,"valueName":"search_term_string"}}],"inLanguage":"it-IT"},{"@type":"Organization","@id":"https:\/\/www.pilgrim.es\/it\/#organization","name":"Pilgrim Camino de Santiago","url":"https:\/\/www.pilgrim.es\/it\/","logo":{"@type":"ImageObject","inLanguage":"it-IT","@id":"https:\/\/www.pilgrim.es\/it\/#\/schema\/logo\/image\/","url":"https:\/\/www.pilgrim.es\/wp-content\/uploads\/2019\/04\/logo_pilgrim.png","contentUrl":"https:\/\/www.pilgrim.es\/wp-content\/uploads\/2019\/04\/logo_pilgrim.png","width":512,"height":512,"caption":"Pilgrim Camino de Santiago"},"image":{"@id":"https:\/\/www.pilgrim.es\/it\/#\/schema\/logo\/image\/"},"sameAs":["https:\/\/www.facebook.com\/pilgrim.es\/","https:\/\/x.com\/pilgrim_es","https:\/\/www.instagram.com\/pilgrim.es\/","https:\/\/www.linkedin.com\/company\/pilgrim-camino-de-santiago\/","https:\/\/www.pinterest.es\/pilgrimcaminodesantiago\/","https:\/\/www.youtube.com\/channel\/UCIv2ZzFLXVqthkNF32rKedw\/featured"]}]}},"_links":{"self":[{"href":"https:\/\/www.pilgrim.es\/it\/wp-json\/wp\/v2\/pages\/46662","targetHints":{"allow":["GET"]}}],"collection":[{"href":"https:\/\/www.pilgrim.es\/it\/wp-json\/wp\/v2\/pages"}],"about":[{"href":"https:\/\/www.pilgrim.es\/it\/wp-json\/wp\/v2\/types\/page"}],"author":[{"embeddable":true,"href":"https:\/\/www.pilgrim.es\/it\/wp-json\/wp\/v2\/users\/4"}],"replies":[{"embeddable":true,"href":"https:\/\/www.pilgrim.es\/it\/wp-json\/wp\/v2\/comments?post=46662"}],"version-history":[{"count":4,"href":"https:\/\/www.pilgrim.es\/it\/wp-json\/wp\/v2\/pages\/46662\/revisions"}],"predecessor-version":[{"id":96636,"href":"https:\/\/www.pilgrim.es\/it\/wp-json\/wp\/v2\/pages\/46662\/revisions\/96636"}],"up":[{"embeddable":true,"href":"https:\/\/www.pilgrim.es\/it\/wp-json\/wp\/v2\/pages\/46449"}],"wp:featuredmedia":[{"embeddable":true,"href":"https:\/\/www.pilgrim.es\/it\/wp-json\/wp\/v2\/media\/12306"}],"wp:attachment":[{"href":"https:\/\/www.pilgrim.es\/it\/wp-json\/wp\/v2\/media?parent=46662"}],"wp:term":[{"taxonomy":"category","embeddable":true,"href":"https:\/\/www.pilgrim.es\/it\/wp-json\/wp\/v2\/categories?post=46662"},{"taxonomy":"post_tag","embeddable":true,"href":"https:\/\/www.pilgrim.es\/it\/wp-json\/wp\/v2\/tags?post=46662"}],"curies":[{"name":"wp","href":"https:\/\/api.w.org\/{rel}","templated":true}]}}