{"id":46658,"date":"2019-09-13T07:57:53","date_gmt":"2019-09-13T07:57:53","guid":{"rendered":"https:\/\/prod.pilgrim.es\/pianificare\/il-cammino-di-santiago-con-bambini\/"},"modified":"2025-08-19T10:13:52","modified_gmt":"2025-08-19T10:13:52","slug":"il-cammino-di-santiago-con-bambini","status":"publish","type":"page","link":"https:\/\/www.pilgrim.es\/it\/pianificare\/il-cammino-di-santiago-con-bambini\/","title":{"rendered":"Il Cammino di Santiago con i bambini"},"content":{"rendered":"\n<div id=\"planifyPage\">\n    <section>\n        <h1>Il Cammino di Santiago con i bambini<\/h1>\n    <\/section>\n\n    <div class=\"planify-content\">\n        <section class=\"planify-content__hero\">\n            <img decoding=\"async\" src=\"https:\/\/cdn.pilgrim.es\/web\/planificar\/como-hacer-camino-de-santiago-con-nios.webp\"\n                alt=\"Il Cammino di Santiago con i bambini\" \/>\n            <div class=\"planner\"><div\r\n  class=\"p-col-span-1 p-rounded-lg p-px-5 p-h-full\"\r\n  style=\"background-image: url('https:\/\/cdn.pilgrim.es\/web\/pilgrim-planner\/bg-plugin-planificador.webp')\"\r\n  rel=\"preload\"\r\n  fetchpriority=\"high\"\r\n  >\r\n    <div class=\"p-text-center p-pt-5 p-text-white p-text-2xl p-font-semibold\">\r\n      Pianifica il tuo cammino    <\/div>\r\n    <div\r\n            id='primary-app'\r\n            data-name='banner'\r\n            data-api='https:\/\/pathfinder.pilgrim.es\/api\/pathfinder\/v2'\r\n            data-mode='normal'\r\n            data-lang='it'\r\n            data-route='1'\r\n            data-destiny='https:\/\/planificador.pilgrim.es'\r\n            data-modality='1'\r\n            data-inline=''\r\n        ><\/div><\/div><\/div>\n        <\/section>\n\n        <section class=\"planify-content__content\">\n            <section>\n                <h3>Indice<\/h3>\n                <ul>\n                    <li><a href=\"#Ventajas\">Vantaggi<\/a><\/li>\n                    <li><a href=\"#Edad\">Qual \u00e8 l&#8217;et\u00e0 minima?<\/a><\/li>\n                    <li><a href=\"#Rutas\">Percorsi consigliati<\/a><\/li>\n                    <li><a href=\"#Epoca\">Il periodo migliore dell&#8217;anno<\/a><\/li>\n                    <li><a href=\"#Preparacion\">Preparazione preliminare<\/a><\/li>\n                <\/ul>\n            <\/section>\n\n            <section>\n                <p><a href=\"\/it\/\">Il Cammino di Santiago<\/a> pu\u00f2 essere affrontato in molti modi, quasi quanti sono i\n                    pellegrini. Tra queste opzioni, vorremmo evidenziare quella di percorrere il Cammino con i bambini.\n                    Questa esperienza rappresenta <strong>un&#8217;opportunit\u00e0 fantastica per vivere un&#8217;avventura\n                        familiare<\/strong> che\n                    rafforzer\u00e0 il legame tra i membri della famiglia e farli sentire vicini come non mai.\n                <\/p>\n                <p>Come sapete; <strong>il Cammino di Santiago cambia la vita di coloro che lo percorrono.<\/strong> Ci\n                    sono molti vantaggi che questa esperienza pu\u00f2 portare all&#8217;unit\u00e0 familiare, soprattutto quando si\n                    tratta di creare legami molto speciali e significativi tra i suoi membri.<\/p>\n            <\/section>\n            <section>\n                <h2 class=\"mt-3\" id=\"Ventajas\">Vantaggi di fare il Cammino di Santiago con la tua famiglia<\/h2>\n                <p>Per realizzare il Cammino di Santiago sono necessarie alcune raccomandazioni e <strong>una buona\n                        pianificazione, in modo da potersi godere il Cammino in famiglia senza imprevisti.<\/strong><\/p>\n                <p>Inoltre, vogliamo evidenziare i vantaggi offerti dal fare il Cammino di Santiago con i bambini:<\/p>\n                <h3 class=\"mt-3\">Una vacanza diversa<\/h3>\n                <p>I pi\u00f9 piccoli godranno di un&#8217;esperienza di cui conserveranno un bel ricordo per tutta la vita.<\/p>\n                <h3 class=\"mt-3\">Sforzo moderato<\/h3>\n                <p>Durante il Cammino di Santiago, ci saranno momenti che richiederanno uno sforzo aggiuntivo,\n                    specialmente per i\n                    pi\u00f9 giovani. La rotta giacobea pu\u00f2 essere una lezione importante nella loro vita, cio\u00e8 che ogni\n                    sforzo ha la sua ricompensa cos\u00ec come ogni ricompensa richiede un impegno.<\/p>\n                <h3 class=\"mt-3\">Consolidamento dei Valori<\/h3>\n                <p>Ai bambini verranno inculcati valori fondamentali per la vita quotidiana come la costanza, il lavoro\n                    di squadra,\n                    la solidariet\u00e0, ecc. valori molto presenti sul Cammino di Santiago.<\/p>\n\n            <\/section>\n            <section>\n                <h2 class=\"mt-3\" id=\"Edad\">Qual \u00e8 l&#8217;et\u00e0 minima consigliata per i bambini che fanno il Cammino?<\/h2>\n                <p>Si dice sempre che non c&#8217;\u00e8 un&#8217;et\u00e0 minima per viaggiare sul Cammino di Santiago, e questo \u00e8 vero\n                    perch\u00e9 nei nostri\n                    pellegrinaggi abbiamo incontrato persone di tutte le et\u00e0.<\/p>\n                <p>Anche se dobbiamo dirlo, la nostra opinione personale \u00e8 che i bambini che affrontano il\n                    pellegrinaggio abbiano almeno 3 anni, poich\u00e9 da quell\u2019et\u00e0 \u00e8 possibile apprezzare e gustare\n                    maggiormente l\u2019esperienza. <\/p>\n                <p>Vi raccomandiamo anche di avere un passeggino di montagna sempre che vostro figlio abbia meno di 6\n                    anni, in\n                    quanto questo vi sar\u00e0 di grande aiuto quando il bambino sar\u00e0 stanco o se si presenter\u00e0 una zona\n                    particolarmente\n                    complicata.<\/p>\n            <\/section>\n            <section>\n                <h2 class=\"mt-3\" id=\"Rutas\">Percorsi consigliati<\/h2>\n                <p>Come sapete, tutti i Cammini hanno un&#8217;attrazione speciale e alcune caratteristiche che rendono unici\n                    i percorsi\n                    che compongono l&#8217;itinerario giacobeo. Noi <strong>consigliamo tre itinerari<\/strong> per portare\n                    avanti il\n                    cammino in famiglia:<\/p>\n                <h3 class=\"mt-3\">Cammino Francese<\/h3>\n                <p>In primo luogo e come previsto raccomandiamo il <a href=\"https:\/\/www.pilgrim.es\/it\/cammino-francese\/\">cammino francese<\/a>,\n                    poich\u00e9 questo\n                    <strong>rende i profili pi\u00f9 morbidi e confortevoli<\/strong> con percorsi in cui \u00e8 possibile\n                    trasportare un\n                    passeggino per bambini, se fosse necessario. Tuttavia, dobbiamo evidenziare le cime pi\u00f9 pronunciate\n                    che possiamo\n                    trovare in questa tappa come le salite fino a Roncesvalles o all&#8217;ingresso della Galizia in O\n                    Cebreiro, in questi\n                    casi dobbiamo preparare o richiedere il supporto di trasferimento.\n                <\/p>\n                <p>Il problema principale di questo tratto \u00e8 il calore che si subisce durante i mesi estivi; i bambini\n                    saranno\n                    esposti al sole per ore e ore, con i rischi e la perdita di energia che questo comporta.<\/p>\n                <h3 class=\"mt-3\">Cammino del Nord e Cammino Portoghese<\/h3>\n                <p>Gli altri itinerari che consigliamo di percorrere con i bambini sono: il <a\n                        href=\"https:\/\/www.pilgrim.es\/it\/cammino-nord\/\">Cammino del\n                        Nord<\/a> e <a href=\"https:\/\/www.pilgrim.es\/it\/cammino-portoghese\/\">quello Portoghese<\/a>, che sono <strong>molto pi\u00f9\n                        interessanti durante\n                        la stagione estiva<\/strong>, pur presentando un rilievo pi\u00f9 estremo, i percorsi sono pi\u00f9 freschi\n                    e\n                    diversificati, con qualche tappa costiera e con boschetti che impediscono alle alte temperature di\n                    gravare sui\n                    piccoli pellegrini.<\/p>\n                <h3 class=\"mt-3\">Pilgrim ti aiuta<\/h3>\n                <p>Se volete conoscere gli itinerari lungo i quali si sviluppano i diversi percorsi del cammino, e\n                    quindi essere in grado di pianificare al meglio le vostre tappe, vi offriamo le\u00a0<strong>informazioni\n                        migliori e pi\u00f9 complete<\/strong>\u00a0delle rotte giacobee nella nostra sezione dei <a\n                        href=\"https:\/\/www.pilgrim.es\/it\/cammini\/\">Cammini<\/a>.<\/p>\n            <\/section>\n            <section>\n                <h2 class=\"mt-3\" id=\"Epoca\">Qual \u00e8 il periodo migliore dell&#8217;anno per fare il Cammino di Santiago con i\n                    bambini?<\/h2>\n                <p>Anche se riteniamo che ogni stagione sia un buon momento per percorrere il Cammino di Santiago, non\n                    possiamo dire\n                    lo stesso al momento di realizzare il pellegrinaggio con i piccoli di casa.<\/p>\n                <p>Nel caso di viaggio con i bambini il momento migliore per fare il cammino \u00e8 senza dubbio in\n                    <strong>primavera o\n                        autunno<\/strong>. Queste due stagioni sono caratterizzate da temperature miti, che favoriranno\n                    la\n                    passeggiata dei pi\u00f9 piccoli.\n                <\/p>\n                <p>Tuttavia, dobbiamo tenere presente che questi <strong>periodi sono i pi\u00f9 piovosi<\/strong>soprattutto\n                    a Galizia,\n                    poich\u00e9 questo fattore deve essere preso in considerazione anche quando si cammina con il clima che\n                    meglio si\n                    adatta ai gusti e alle esigenze di ogni pellegrino.<\/p>\n            <\/section>\n            <section>\n                <h2 class=\"mt-3\" id=\"Preparacion\">Preparazione preliminare dei bambini che andranno a fare il Cammino di\n                    Santiago\n                <\/h2>\n                <p>Allo stesso modo in cui gli adulti devono seguire una preparazione fisica per affrontare il Cammino,\n                    anche i\n                    bambini dovranno seguire pi\u00f9 o meno gli stessi processi, anche se logicamente in un modo adatto a\n                    loro.<\/p>\n                <p>Alcune raccomandazioni per la preparazione sono:<\/p>\n                <h3 class=\"mt-3\">Abituarsi alla calzatura prima di iniziare l&#8217;avventura<\/h3>\n                <p>\u00c8 praticamente la parte fondamentale nel momento in cui si affronta il cammino.<\/p>\n                <p>In questo modo s<strong>i eviteranno eventuali vesciche e irritazioni<\/strong> che renderanno\n                    difficile\n                    continuare l&#8217;itinerario, il bambino dovrebbe utilizzarle con sufficiente tempo in anticipo per\n                    abituarsi a loro\n                    ed evitare lesioni che li scoraggino dal continuare a camminare.<\/p>\n                <h3 class=\"mt-3\">Condividere i percorsi uno o due mesi prima di intraprendere il Cammino di Santiago\n                <\/h3>\n                <p>Devono essere sviluppati su terreni simili a quelli che si trovano lungo gli itinerari verso Santiago\n                    de\n                    Compostela.<\/p>\n                <p>Queste escursioni <strong>devono essere effettuate progressivamente<\/strong> iniziando con brevi\n                    passeggiate in\n                    modo che il bambino si abitui a camminare senza essere frustrato dalla fatica e dai possibili\n                    disturbi che si\n                    verificano durante la camminata.<\/p>\n                <h3 class=\"mt-3\">Il bambino deve portare il proprio zaino<\/h3>\n                <p>Il bambino dovrebbe abituarsi <strong>a camminare con un minimo peso<\/strong> per abituarsi a\n                    trasportarlo.<\/p>\n                <p>Meglio non portare uno zaino molto pesante, uno zaino piccolo con l\u2019essenziale sar\u00e0 sufficiente;\n                    sicuramente sar\u00e0 molto contento di portare il suo zaino come il resto dei pellegrini.\n                <\/p>\n            <\/section>\n            <section>\n                <h2 class=\"mt-3\">\u00c8 l&#8217;ora di partire all&#8217;avventura<\/h2>\n                <p>In breve, dopo aver letto questo post siamo sicuri che <strong>il desiderio d&#8217;iniziare<\/strong> il\n                    Cammino di\n                    Santiago in famiglia \u00e8 riaffiorato in voi.<\/p>\n                <p>Da Pilgrim vi incoraggiamo ad iniziare questa esperienza che, siamo certi, piacer\u00e0 a tutti i membri\n                    del nucleo\n                    familiare, dai pi\u00f9 piccoli ai pi\u00f9 grandi.<\/p>\n                <p>Raccomandiamo <a href=\"https:\/\/www.pilgrim.es\/it\/contatto\/\">di organizzare con un&#8217;agenzia di viaggi<\/a> il Cammino con i\n                    bambini,\n                    poich\u00e9 in questo modo sar\u00e0 pi\u00f9 facile gestire il tema degli alloggi e dei trasferimenti, e noi in\n                    questo siamo\n                    specialisti, poich\u00e9 adattiamo il Cammino di Santiago a tutti i profili del pellegrino,\n                    indipendentemente dalla\n                    sua et\u00e0 o condizione fisica.<\/p>\n                <p><i><strong>Pellegrini Ultreia!<\/strong><\/i><\/p>\n            <\/section>\n\n    <\/div>\n<\/div>\n","protected":false},"excerpt":{"rendered":"<p>Il Cammino di Santiago con i bambini Indice Vantaggi Qual \u00e8 l&#8217;et\u00e0 minima? Percorsi consigliati Il periodo migliore dell&#8217;anno Preparazione preliminare Il Cammino di Santiago pu\u00f2 essere affrontato in molti modi, quasi quanti sono i pellegrini. Tra queste opzioni, vorremmo evidenziare quella di percorrere il Cammino con i bambini. Questa esperienza rappresenta un&#8217;opportunit\u00e0 fantastica per &hellip; <\/p>\n<p class=\"read_more\"><a href=\"https:\/\/www.pilgrim.es\/it\/pianificare\/il-cammino-di-santiago-con-bambini\/\">Leer m\u00e1s<\/a><\/p>\n","protected":false},"author":4,"featured_media":13763,"parent":46449,"menu_order":0,"comment_status":"closed","ping_status":"closed","template":"views\/template-new-web-design.blade.php","meta":{"footnotes":""},"categories":[],"tags":[],"class_list":["post-46658","page","type-page","status-publish","has-post-thumbnail","hentry"],"yoast_head":"<!-- This site is optimized with the Yoast SEO plugin v27.4 - https:\/\/yoast.com\/product\/yoast-seo-wordpress\/ -->\n<title>Il Cammino di Santiago con i bambini \u25b7 Percorsi consigliati | Consigli<\/title>\n<meta name=\"description\" content=\"The Way of St. James in family \u2705 Discover all the advice and all the information to choose the right way to do with the little ones of the family.\" \/>\n<meta name=\"robots\" content=\"index, follow, max-snippet:-1, max-image-preview:large, max-video-preview:-1\" \/>\n<link rel=\"canonical\" href=\"https:\/\/www.pilgrim.es\/it\/pianificare\/il-cammino-di-santiago-con-bambini\/\" \/>\n<meta property=\"og:locale\" content=\"it_IT\" \/>\n<meta property=\"og:type\" content=\"article\" \/>\n<meta property=\"og:title\" content=\"Il Cammino di Santiago con i bambini \u25b7 Percorsi consigliati | Consigli\" \/>\n<meta property=\"og:description\" content=\"The Way of St. James in family \u2705 Discover all the advice and all the information to choose the right way to do with the little ones of the family.\" \/>\n<meta property=\"og:url\" content=\"https:\/\/www.pilgrim.es\/it\/pianificare\/il-cammino-di-santiago-con-bambini\/\" \/>\n<meta property=\"og:site_name\" content=\"Pilgrim\" \/>\n<meta property=\"article:publisher\" content=\"https:\/\/www.facebook.com\/pilgrim.es\/\" \/>\n<meta property=\"article:modified_time\" content=\"2025-08-19T10:13:52+00:00\" \/>\n<meta property=\"og:image\" content=\"https:\/\/www.pilgrim.es\/wp-content\/uploads\/2019\/03\/como-hacer-camino-de-santiago-con-nios.jpg\" \/>\n\t<meta property=\"og:image:width\" content=\"1100\" \/>\n\t<meta property=\"og:image:height\" content=\"600\" \/>\n\t<meta property=\"og:image:type\" content=\"image\/jpeg\" \/>\n<meta name=\"twitter:card\" content=\"summary_large_image\" \/>\n<meta name=\"twitter:site\" content=\"@pilgrim_es\" \/>\n<meta name=\"twitter:label1\" content=\"Tempo di lettura stimato\" \/>\n\t<meta name=\"twitter:data1\" content=\"5 minuti\" \/>\n<script type=\"application\/ld+json\" class=\"yoast-schema-graph\">{\"@context\":\"https:\\\/\\\/schema.org\",\"@graph\":[{\"@type\":\"WebPage\",\"@id\":\"https:\\\/\\\/www.pilgrim.es\\\/it\\\/pianificare\\\/il-cammino-di-santiago-con-bambini\\\/\",\"url\":\"https:\\\/\\\/www.pilgrim.es\\\/it\\\/pianificare\\\/il-cammino-di-santiago-con-bambini\\\/\",\"name\":\"Il Cammino di Santiago con i bambini \u25b7 Percorsi consigliati | Consigli\",\"isPartOf\":{\"@id\":\"https:\\\/\\\/www.pilgrim.es\\\/it\\\/#website\"},\"primaryImageOfPage\":{\"@id\":\"https:\\\/\\\/www.pilgrim.es\\\/it\\\/pianificare\\\/il-cammino-di-santiago-con-bambini\\\/#primaryimage\"},\"image\":{\"@id\":\"https:\\\/\\\/www.pilgrim.es\\\/it\\\/pianificare\\\/il-cammino-di-santiago-con-bambini\\\/#primaryimage\"},\"thumbnailUrl\":\"https:\\\/\\\/www.pilgrim.es\\\/wp-content\\\/uploads\\\/2019\\\/03\\\/como-hacer-camino-de-santiago-con-nios.jpg\",\"datePublished\":\"2019-09-13T07:57:53+00:00\",\"dateModified\":\"2025-08-19T10:13:52+00:00\",\"description\":\"The Way of St. James in family \u2705 Discover all the advice and all the information to choose the right way to do with the little ones of the family.\",\"breadcrumb\":{\"@id\":\"https:\\\/\\\/www.pilgrim.es\\\/it\\\/pianificare\\\/il-cammino-di-santiago-con-bambini\\\/#breadcrumb\"},\"inLanguage\":\"it-IT\",\"potentialAction\":[{\"@type\":\"ReadAction\",\"target\":[\"https:\\\/\\\/www.pilgrim.es\\\/it\\\/pianificare\\\/il-cammino-di-santiago-con-bambini\\\/\"]}]},{\"@type\":\"ImageObject\",\"inLanguage\":\"it-IT\",\"@id\":\"https:\\\/\\\/www.pilgrim.es\\\/it\\\/pianificare\\\/il-cammino-di-santiago-con-bambini\\\/#primaryimage\",\"url\":\"https:\\\/\\\/www.pilgrim.es\\\/wp-content\\\/uploads\\\/2019\\\/03\\\/como-hacer-camino-de-santiago-con-nios.jpg\",\"contentUrl\":\"https:\\\/\\\/www.pilgrim.es\\\/wp-content\\\/uploads\\\/2019\\\/03\\\/como-hacer-camino-de-santiago-con-nios.jpg\",\"width\":1100,\"height\":600,\"caption\":\"Il Cammino di Santiago con i bambini\"},{\"@type\":\"BreadcrumbList\",\"@id\":\"https:\\\/\\\/www.pilgrim.es\\\/it\\\/pianificare\\\/il-cammino-di-santiago-con-bambini\\\/#breadcrumb\",\"itemListElement\":[{\"@type\":\"ListItem\",\"position\":1,\"name\":\"Camino de Santiago\",\"item\":\"https:\\\/\\\/www.pilgrim.es\\\/it\\\/\"},{\"@type\":\"ListItem\",\"position\":2,\"name\":\"Pianificare\",\"item\":\"https:\\\/\\\/www.pilgrim.es\\\/it\\\/pianificare\\\/\"},{\"@type\":\"ListItem\",\"position\":3,\"name\":\"Il Cammino di Santiago con i bambini\"}]},{\"@type\":\"WebSite\",\"@id\":\"https:\\\/\\\/www.pilgrim.es\\\/it\\\/#website\",\"url\":\"https:\\\/\\\/www.pilgrim.es\\\/it\\\/\",\"name\":\"Pilgrim\",\"description\":\"Camino de Santiago | Caminamos Contigo\",\"publisher\":{\"@id\":\"https:\\\/\\\/www.pilgrim.es\\\/it\\\/#organization\"},\"potentialAction\":[{\"@type\":\"SearchAction\",\"target\":{\"@type\":\"EntryPoint\",\"urlTemplate\":\"https:\\\/\\\/www.pilgrim.es\\\/it\\\/?s={search_term_string}\"},\"query-input\":{\"@type\":\"PropertyValueSpecification\",\"valueRequired\":true,\"valueName\":\"search_term_string\"}}],\"inLanguage\":\"it-IT\"},{\"@type\":\"Organization\",\"@id\":\"https:\\\/\\\/www.pilgrim.es\\\/it\\\/#organization\",\"name\":\"Pilgrim Camino de Santiago\",\"url\":\"https:\\\/\\\/www.pilgrim.es\\\/it\\\/\",\"logo\":{\"@type\":\"ImageObject\",\"inLanguage\":\"it-IT\",\"@id\":\"https:\\\/\\\/www.pilgrim.es\\\/it\\\/#\\\/schema\\\/logo\\\/image\\\/\",\"url\":\"https:\\\/\\\/www.pilgrim.es\\\/wp-content\\\/uploads\\\/2019\\\/04\\\/logo_pilgrim.png\",\"contentUrl\":\"https:\\\/\\\/www.pilgrim.es\\\/wp-content\\\/uploads\\\/2019\\\/04\\\/logo_pilgrim.png\",\"width\":512,\"height\":512,\"caption\":\"Pilgrim Camino de Santiago\"},\"image\":{\"@id\":\"https:\\\/\\\/www.pilgrim.es\\\/it\\\/#\\\/schema\\\/logo\\\/image\\\/\"},\"sameAs\":[\"https:\\\/\\\/www.facebook.com\\\/pilgrim.es\\\/\",\"https:\\\/\\\/x.com\\\/pilgrim_es\",\"https:\\\/\\\/www.instagram.com\\\/pilgrim.es\\\/\",\"https:\\\/\\\/www.linkedin.com\\\/company\\\/pilgrim-camino-de-santiago\\\/\",\"https:\\\/\\\/www.pinterest.es\\\/pilgrimcaminodesantiago\\\/\",\"https:\\\/\\\/www.youtube.com\\\/channel\\\/UCIv2ZzFLXVqthkNF32rKedw\\\/featured\"]}]}<\/script>\n<!-- \/ Yoast SEO plugin. -->","yoast_head_json":{"title":"Il Cammino di Santiago con i bambini \u25b7 Percorsi consigliati | Consigli","description":"The Way of St. James in family \u2705 Discover all the advice and all the information to choose the right way to do with the little ones of the family.","robots":{"index":"index","follow":"follow","max-snippet":"max-snippet:-1","max-image-preview":"max-image-preview:large","max-video-preview":"max-video-preview:-1"},"canonical":"https:\/\/www.pilgrim.es\/it\/pianificare\/il-cammino-di-santiago-con-bambini\/","og_locale":"it_IT","og_type":"article","og_title":"Il Cammino di Santiago con i bambini \u25b7 Percorsi consigliati | Consigli","og_description":"The Way of St. James in family \u2705 Discover all the advice and all the information to choose the right way to do with the little ones of the family.","og_url":"https:\/\/www.pilgrim.es\/it\/pianificare\/il-cammino-di-santiago-con-bambini\/","og_site_name":"Pilgrim","article_publisher":"https:\/\/www.facebook.com\/pilgrim.es\/","article_modified_time":"2025-08-19T10:13:52+00:00","og_image":[{"width":1100,"height":600,"url":"https:\/\/www.pilgrim.es\/wp-content\/uploads\/2019\/03\/como-hacer-camino-de-santiago-con-nios.jpg","type":"image\/jpeg"}],"twitter_card":"summary_large_image","twitter_site":"@pilgrim_es","twitter_misc":{"Tempo di lettura stimato":"5 minuti"},"schema":{"@context":"https:\/\/schema.org","@graph":[{"@type":"WebPage","@id":"https:\/\/www.pilgrim.es\/it\/pianificare\/il-cammino-di-santiago-con-bambini\/","url":"https:\/\/www.pilgrim.es\/it\/pianificare\/il-cammino-di-santiago-con-bambini\/","name":"Il Cammino di Santiago con i bambini \u25b7 Percorsi consigliati | Consigli","isPartOf":{"@id":"https:\/\/www.pilgrim.es\/it\/#website"},"primaryImageOfPage":{"@id":"https:\/\/www.pilgrim.es\/it\/pianificare\/il-cammino-di-santiago-con-bambini\/#primaryimage"},"image":{"@id":"https:\/\/www.pilgrim.es\/it\/pianificare\/il-cammino-di-santiago-con-bambini\/#primaryimage"},"thumbnailUrl":"https:\/\/www.pilgrim.es\/wp-content\/uploads\/2019\/03\/como-hacer-camino-de-santiago-con-nios.jpg","datePublished":"2019-09-13T07:57:53+00:00","dateModified":"2025-08-19T10:13:52+00:00","description":"The Way of St. James in family \u2705 Discover all the advice and all the information to choose the right way to do with the little ones of the family.","breadcrumb":{"@id":"https:\/\/www.pilgrim.es\/it\/pianificare\/il-cammino-di-santiago-con-bambini\/#breadcrumb"},"inLanguage":"it-IT","potentialAction":[{"@type":"ReadAction","target":["https:\/\/www.pilgrim.es\/it\/pianificare\/il-cammino-di-santiago-con-bambini\/"]}]},{"@type":"ImageObject","inLanguage":"it-IT","@id":"https:\/\/www.pilgrim.es\/it\/pianificare\/il-cammino-di-santiago-con-bambini\/#primaryimage","url":"https:\/\/www.pilgrim.es\/wp-content\/uploads\/2019\/03\/como-hacer-camino-de-santiago-con-nios.jpg","contentUrl":"https:\/\/www.pilgrim.es\/wp-content\/uploads\/2019\/03\/como-hacer-camino-de-santiago-con-nios.jpg","width":1100,"height":600,"caption":"Il Cammino di Santiago con i bambini"},{"@type":"BreadcrumbList","@id":"https:\/\/www.pilgrim.es\/it\/pianificare\/il-cammino-di-santiago-con-bambini\/#breadcrumb","itemListElement":[{"@type":"ListItem","position":1,"name":"Camino de Santiago","item":"https:\/\/www.pilgrim.es\/it\/"},{"@type":"ListItem","position":2,"name":"Pianificare","item":"https:\/\/www.pilgrim.es\/it\/pianificare\/"},{"@type":"ListItem","position":3,"name":"Il Cammino di Santiago con i bambini"}]},{"@type":"WebSite","@id":"https:\/\/www.pilgrim.es\/it\/#website","url":"https:\/\/www.pilgrim.es\/it\/","name":"Pilgrim","description":"Camino de Santiago | Caminamos Contigo","publisher":{"@id":"https:\/\/www.pilgrim.es\/it\/#organization"},"potentialAction":[{"@type":"SearchAction","target":{"@type":"EntryPoint","urlTemplate":"https:\/\/www.pilgrim.es\/it\/?s={search_term_string}"},"query-input":{"@type":"PropertyValueSpecification","valueRequired":true,"valueName":"search_term_string"}}],"inLanguage":"it-IT"},{"@type":"Organization","@id":"https:\/\/www.pilgrim.es\/it\/#organization","name":"Pilgrim Camino de Santiago","url":"https:\/\/www.pilgrim.es\/it\/","logo":{"@type":"ImageObject","inLanguage":"it-IT","@id":"https:\/\/www.pilgrim.es\/it\/#\/schema\/logo\/image\/","url":"https:\/\/www.pilgrim.es\/wp-content\/uploads\/2019\/04\/logo_pilgrim.png","contentUrl":"https:\/\/www.pilgrim.es\/wp-content\/uploads\/2019\/04\/logo_pilgrim.png","width":512,"height":512,"caption":"Pilgrim Camino de Santiago"},"image":{"@id":"https:\/\/www.pilgrim.es\/it\/#\/schema\/logo\/image\/"},"sameAs":["https:\/\/www.facebook.com\/pilgrim.es\/","https:\/\/x.com\/pilgrim_es","https:\/\/www.instagram.com\/pilgrim.es\/","https:\/\/www.linkedin.com\/company\/pilgrim-camino-de-santiago\/","https:\/\/www.pinterest.es\/pilgrimcaminodesantiago\/","https:\/\/www.youtube.com\/channel\/UCIv2ZzFLXVqthkNF32rKedw\/featured"]}]}},"_links":{"self":[{"href":"https:\/\/www.pilgrim.es\/it\/wp-json\/wp\/v2\/pages\/46658","targetHints":{"allow":["GET"]}}],"collection":[{"href":"https:\/\/www.pilgrim.es\/it\/wp-json\/wp\/v2\/pages"}],"about":[{"href":"https:\/\/www.pilgrim.es\/it\/wp-json\/wp\/v2\/types\/page"}],"author":[{"embeddable":true,"href":"https:\/\/www.pilgrim.es\/it\/wp-json\/wp\/v2\/users\/4"}],"replies":[{"embeddable":true,"href":"https:\/\/www.pilgrim.es\/it\/wp-json\/wp\/v2\/comments?post=46658"}],"version-history":[{"count":9,"href":"https:\/\/www.pilgrim.es\/it\/wp-json\/wp\/v2\/pages\/46658\/revisions"}],"predecessor-version":[{"id":135372,"href":"https:\/\/www.pilgrim.es\/it\/wp-json\/wp\/v2\/pages\/46658\/revisions\/135372"}],"up":[{"embeddable":true,"href":"https:\/\/www.pilgrim.es\/it\/wp-json\/wp\/v2\/pages\/46449"}],"wp:featuredmedia":[{"embeddable":true,"href":"https:\/\/www.pilgrim.es\/it\/wp-json\/wp\/v2\/media\/13763"}],"wp:attachment":[{"href":"https:\/\/www.pilgrim.es\/it\/wp-json\/wp\/v2\/media?parent=46658"}],"wp:term":[{"taxonomy":"category","embeddable":true,"href":"https:\/\/www.pilgrim.es\/it\/wp-json\/wp\/v2\/categories?post=46658"},{"taxonomy":"post_tag","embeddable":true,"href":"https:\/\/www.pilgrim.es\/it\/wp-json\/wp\/v2\/tags?post=46658"}],"curies":[{"name":"wp","href":"https:\/\/api.w.org\/{rel}","templated":true}]}}