{"id":46576,"date":"2019-09-11T15:17:39","date_gmt":"2019-09-11T15:17:39","guid":{"rendered":"https:\/\/prod.pilgrim.es\/pianificare\/il-codice-calixtino\/"},"modified":"2025-08-19T07:46:29","modified_gmt":"2025-08-19T07:46:29","slug":"il-codice-calixtino","status":"publish","type":"page","link":"https:\/\/www.pilgrim.es\/it\/pianificare\/il-codice-calixtino\/","title":{"rendered":"Il C\u00f3dice Calixtino"},"content":{"rendered":"\n<div id=\"planifyPage\">\n\t<section>\n\t\t<h1>Il C\u00f3dice Calixtino<\/h1>\n\t<\/section>\n\t<section class=\"navigation\">\n\t\t<article>\n\t\t\t<i class=\"icon-shell\"><\/i>\n\t\t\t<ul>\n\t\t\t\t<li>\n\t\t\t\t\t<a href=\"https:\/\/www.pilgrim.es\/it\/pianificare\/storia-del-cammino-di-santiago\/\">La storia\n\t\t\t\t\t<\/a>\n\t\t\t\t<\/li>\n\t\t\t\t<li class=\"nav-pill--active\">\n\t\t\t\t\t<a href=\"https:\/\/www.pilgrim.es\/it\/pianificare\/il-codice-calixtino\/\">Il C\u00f3dice Calixtino<\/a>\n\t\t\t\t<\/li>\n\t\t\t\t<li>\n\t\t\t\t\t<a href=\"https:\/\/www.pilgrim.es\/it\/pianificare\/giacomo-apostolo\/\">Giacomo Apostolo<\/a>\n\t\t\t\t<\/li>\n\t\t\t<\/ul>\n\t\t<\/article>\n\t\t<article>\n\t\t\t<i class=\"icon-cathedral\"><\/i>\n\t\t\t<ul>\n\t\t\t\t<li>\n\t\t\t\t\t<a href=\"https:\/\/www.pilgrim.es\/it\/pianificare\/la-cattedrale-di-santiago\/\">La Cattedrale di\n\t\t\t\t\t\tSantiago<\/a>\n\t\t\t\t<\/li>\n\t\t\t\t<li>\n\t\t\t\t\t<a href=\"https:\/\/www.pilgrim.es\/it\/pianificare\/il-botafumeiro\/\">Botafumeiro<\/a>\n\t\t\t\t<\/li>\n\t\t\t\t<li>\n\t\t\t\t\t<a href=\"https:\/\/www.pilgrim.es\/it\/pianificare\/anno-giubilare\/\">Anno giubilare<\/a>\n\t\t\t\t<\/li>\n\t\t\t<\/ul>\n\t\t<\/article>\n\t\t<article>\n\t\t\t<i class=\"icon-compostela\"><\/i>\n\t\t\t<ul>\n\t\t\t\t<li>\n\t\t\t\t\t<a href=\"https:\/\/www.pilgrim.es\/it\/pianificare\/la-credenziale-del-pellegrino\/\">La Credenziale<\/a>\n\t\t\t\t<\/li>\n\t\t\t\t<li>\n\t\t\t\t\t<a href=\"https:\/\/www.pilgrim.es\/it\/pianificare\/la-compostela\/\">La Compostela<\/a>\n\t\t\t\t<\/li>\n\t\t\t\t<li>\n\t\t\t\t\t<a href=\"https:\/\/www.pilgrim.es\/it\/pianificare\/il-bastone-e-zucca\/\">Il Bastone e la Zucca<\/a>\n\t\t\t\t<\/li>\n\t\t\t\t<li>\n\t\t\t\t\t<a href=\"https:\/\/www.pilgrim.es\/it\/pianificare\/segnaletica-del-cammino-di-santiago\/\">Segnaletica del\n\t\t\t\t\t\tCammino di Santiago<\/a>\n\t\t\t\t<\/li>\n\t\t\t<\/ul>\n\t\t<\/article>\n\t<\/section>\n\t<div class=\"planify-content\">\n\t\t<section class=\"planify-content__hero\">\n\t\t\t<img decoding=\"async\" src=\"https:\/\/cdn.pilgrim.es\/web\/planificar\/codice-calixtino.webp\" alt=\"Codex Calixtinus\" \/>\n\t\t\t<div class=\"planner\"><div\r\n  class=\"p-col-span-1 p-rounded-lg p-px-5 p-h-full\"\r\n  style=\"background-image: url('https:\/\/cdn.pilgrim.es\/web\/pilgrim-planner\/bg-plugin-planificador.webp')\"\r\n  rel=\"preload\"\r\n  fetchpriority=\"high\"\r\n  >\r\n    <div class=\"p-text-center p-pt-5 p-text-white p-text-2xl p-font-semibold\">\r\n      Pianifica il tuo cammino    <\/div>\r\n    <div\r\n            id='primary-app'\r\n            data-name='banner'\r\n            data-api='https:\/\/pathfinder.pilgrim.es\/api\/pathfinder\/v2'\r\n            data-mode='normal'\r\n            data-lang='it'\r\n            data-route='1'\r\n            data-destiny='https:\/\/planificador.pilgrim.es'\r\n            data-modality='1'\r\n            data-inline=''\r\n        ><\/div><\/div><\/div>\n\t\t<\/section>\n\n\t\t<section class=\"planify-content__content\">\n\t\t\t<section>\n\t\t\t\t<h3>Indice<\/h3>\n\t\t\t\t<ul>\n\t\t\t\t\t<li><a href=\"#what\">Che cosa \u00e8?<\/a><\/li>\n\t\t\t\t\t<li><a href=\"#author\">Autore<\/a><\/li>\n\t\t\t\t\t<li><a href=\"#chapters\">Capitoli<\/a><\/li>\n\t\t\t\t\t<li><a href=\"#appendix\">Annesso<\/a><\/li>\n\t\t\t\t\t<li><a href=\"#discover\">Scoperta<\/a><\/li>\n\t\t\t\t\t<li><a href=\"#theft-and-recovery\">Furto e recupero<\/a><\/li>\n\t\t\t\t<\/ul>\n\t\t\t<\/section>\n\t\t\t<section>\n\t\t\t\t<h2 id=\"what\">Che cosa \u00e8?<\/h2>\n\t\t\t\t<p><i>Codex Calixtinus<\/i> o pi\u00f9 comunemente noto come C\u00f3dice Calixtino, \u00e8 <strong>uno dei pi\u00f9\n\t\t\t\t\t\timportanti documenti del cristianesimo<\/strong> essendo un\u2019autentica guida del Cammino di\n\t\t\t\t\tSantiago.<\/p>\n\t\t\t\t<p>Attualmente viene conservato sotto il tetto della Cattedrale di Santiago, ma non \u00e8 sempre stato cos\u00ec.\n\t\t\t\t<\/p>\n\t\t\t\t<div>\n\t\t\t\t\t<div class=\"be-interesting\">\n\t\t\t\t\t\tOther interesting topics : <a href=\"https:\/\/www.pilgrim.es\/que-hacer-santiago-de-compostela\/\">What to do in Santiago de\n\t\t\t\t\t\t\tCompostela.<\/a>\n\t\t\t\t\t<\/div>\n\t\t\t\t<\/div>\n\t\t\t<\/section>\n\n\t\t\t<section id=\"author\">\n\t\t\t\t<h2>Composizione e paternit\u00e0 del C\u00f3dice Calixtino<\/h2>\n\t\t\t\t<p>\n\t\t\t\t\tDi origini incerte, questo manoscritto composto da poco <strong>pi\u00f9 di duecento pergamene e\n\t\t\t\t\t\tsuddiviso in cinque libri e due annessi<\/strong> \u00e8 stato copiato in diverse occasioni, una di\n\t\t\t\t\tqueste trascrizioni \u00e8 quella custodita nella capitale compostelana. Sia il luogo in cui si trova il\n\t\t\t\t\tCodice originale che il suo autore paterno sono sconosciuti, e molti esperti sostengono che potrebbe\n\t\t\t\t\tessere stato stilato in Francia o in Spagna.\n\t\t\t\t<\/p>\n\t\t\t\t<p>\n\t\t\t\t\tPer quanto riguarda la sua composizione, <strong>il corpo principale del testo \u00e8 strutturato in\n\t\t\t\t\t\tcinque parti<\/strong>, la pi\u00f9 studiata e rilevante \u00e8 il Libro dei Pellegrini, tradizionalmente\n\t\t\t\t\tattribuito ad Aimery Picaud. Anche se \u00e8 noto che questo monaco benedettino ha partecipato\n\t\t\t\t\tall\u2019elaborazione del testo medievale, vi \u00e8 ancora qualche controversia rispetto agli autori.\n\t\t\t\t<\/p>\n\t\t\t\t<img decoding=\"async\" src=\"https:\/\/cdn.pilgrim.es\/web\/planificar\/calixtino.webp\" alt=\"Codex Calixtinus\" \/>\n\t\t\t<\/section>\n\n\t\t\t<section id=\"chapters\">\n\t\t\t\t<h2>Capitoli che lo compongono<\/h2>\n\t\t\t\t<ul>\n\t\t\t\t\t<li><strong>La prima pergamena<\/strong>: \u00c8 la pi\u00f9 ampia e comprende una serie di testi liturgici\n\t\t\t\t\t\tcreati appositamente per essere interpretati nella Cattedrale stessa.<\/li>\n\t\t\t\t\t<li><strong>Seconda pergamena<\/strong>: quello conosciuto come <i>Libro de los Milagros<\/i>, dove\n\t\t\t\t\t\tsono narrati i ventidue miracoli compiuti dall\u2019Apostolo prima della sua beatificazione.<\/li>\n\t\t\t\t\t<li><strong>Parte terza<\/strong>: illustra l\u2019opera di evangelizzazione di Santiago e dei suoi\n\t\t\t\t\t\tdiscepoli, nonch\u00e9 la sua successiva morte e il trasferimento delle sue rovine, dopo il martirio,\n\t\t\t\t\t\tal Campus Stellae, nell\u2019attuale Iria Flavia.<\/li>\n\t\t\t\t\t<li><strong>Quarta pergamena<\/strong>: <i>Cronaca di Turpin<\/i>, nei cui ventisei capitoli sono\n\t\t\t\t\t\traccolte le gesta di personaggi come Carlo Magno o Aigolondo. In essa si raccontano eventi\n\t\t\t\t\t\trilevanti come la battaglia di Roncisvalle o la comparsa dell\u2019apostolo al conquistatore Carlo\n\t\t\t\t\t\tMagno, che gli conferisce forza e coraggio di fronte all\u2019incursione musulmana.<\/li>\n\t\t\t\t\t<li><strong>Infine<\/strong>: ma non meno importante, c\u2019\u00e8 la famosa <i>Gu\u00eda de los Peregrinos<\/i>.\n\t\t\t\t\t\tQui sono elencati alcuni consigli per i futuri pellegrini, come ad esempio i posti dove\n\t\t\t\t\t\tpernottare, dove mangiare e, naturalmente, le precauzioni da tenere in considerazione durante il\n\t\t\t\t\t\tcammino.<\/li>\n\t\t\t\t<\/ul>\n\t\t\t<\/section>\n\t\t\t<section id=\"appendix\">\n\t\t\t\t<h2>Annesso<\/h2>\n\t\t\t\t<p>\n\t\t\t\t\tInoltre, allegato a questa parte \u00e8 il vero gioiello del complesso: <strong>il corpus\n\t\t\t\t\t\tpolifonico<\/strong>. Questo \u00e8 il\n\t\t\t\t\tprimo esempio scritto di questo tipo di polifonia, che rappresenta le note musicali su un\n\t\t\t\t\ttetragramma e utilizza una\n\t\t\t\t\tnotazione diastematica o d\u2019intervallo.\n\t\t\t\t<\/p>\n\t\t\t\t<p>\n\t\t\t\t\tNel resto del Codex <strong>troveremo anche musica<\/strong>, specialmente nel primo libro, ma di\n\t\t\t\t\tcarattere monodico.\n\t\t\t\t<\/p>\n\t\t\t\t<img decoding=\"async\" src=\"https:\/\/cdn.pilgrim.es\/web\/planificar\/codex-calixtinus.webp\" alt=\"Contenuto del Codex Calixtinus\">\n\t\t\t<\/section>\n\n\t\t\t<section id=\"discover\">\n\t\t\t\t<h2>Scoperta<\/h2>\n\t\t\t\t<p>\n\t\t\t\t\tQuesto documento, pur essendo di vitale importanza, \u00e8 stato dimenticato per molti anni negli archivi\n\t\t\t\t\tdella Cattedrale stessa, riscoperto nella seconda met\u00e0 dell\u2019Ottocento.\n\t\t\t\t<\/p>\n\t\t\t\t<p>\n\t\t\t\t\tCon l\u2019introduzione nel corso degli anni di nuove pergamene, utilizzate assiduamente fino al XVI\n\t\t\t\t\tsecolo, il suo deterioramento fu notevole.\n\t\t\t\t<\/p>\n\t\t\t\t<p>\n\t\t\t\t\tIl suo \u201cscopritore\u201d fu <strong>l\u2019archivista della Cattedrale, Antonio L\u00f3pez Ferreiro<\/strong> che ha\n\t\t\t\t\tcontribuito alla sua successiva ristorazione e a dargli nuova luce. Fu cos\u00ec conservata per pi\u00f9 di\n\t\t\t\t\tottocento anni, sotto la protezione degli archivisti e degli studiosi del tempio di Santiago.\n\t\t\t\t<\/p>\n\t\t\t<\/section>\n\n\t\t\t<section id=\"theft-and-recovery\">\n\t\t\t\t<h2>Furto e recupero del Codex Calixtinus<\/h2>\n\t\t\t\t<p>\n\t\t\t\t\tNel 2011 \u00e8 scomparso dalla sua cassaforte. Dopo diverse settimane di indagini, nel luglio 2012 si\n\t\t\t\t\tscopre che <strong>il ladro era stato l\u2019elettricista responsabile per diversi decenni della\n\t\t\t\t\t\tmanutenzione del tempio<\/strong> e che aveva ripetutamente rubato sia denaro che documenti,\n\t\t\t\t\ttutti ritrovati nel suo domicilio.\n\t\t\t\t<\/p>\n\t\t\t\t<p>\n\t\t\t\t\tDopo il suo ritorno alla Cattedrale, si \u00e8 suscitato un grande interesse per quest\u2019opera\n\t\t\t\t\td\u2019incalcolabile valore, ed \u00e8 stata addirittura creata una mostra itinerante su di esso, rendendolo\n\t\t\t\t\tancora pi\u00f9 noto al pubblico in generale.\n\t\t\t\t<\/p>\n\t\t\t\t<p>\n\t\t\t\t\tAd oggi, gli esperti non sono stati in grado di svelare tutti gli enigmi di questo documento\n\t\t\t\t\tmillenario, <strong>protetto sotto forti misure di sicurezza<\/strong> nella <a href=\"https:\/\/www.pilgrim.es\/it\/pianificare\/la-cattedrale-di-santiago\/\">Cattedrale di Santiago\n\t\t\t\t\t\tdi Compostela<\/a>.\n\t\t\t\t<\/p>\n\t\t\t<\/section>\n\t\t<\/section>\n\t<\/div>\n<\/div>\n","protected":false},"excerpt":{"rendered":"<p>Il C\u00f3dice Calixtino La storia Il C\u00f3dice Calixtino Giacomo Apostolo La Cattedrale di Santiago Botafumeiro Anno giubilare La Credenziale La Compostela Il Bastone e la Zucca Segnaletica del Cammino di Santiago Indice Che cosa \u00e8? Autore Capitoli Annesso Scoperta Furto e recupero Che cosa \u00e8? Codex Calixtinus o pi\u00f9 comunemente noto come C\u00f3dice Calixtino, \u00e8 &hellip; <\/p>\n<p class=\"read_more\"><a href=\"https:\/\/www.pilgrim.es\/it\/pianificare\/il-codice-calixtino\/\">Leer m\u00e1s<\/a><\/p>\n","protected":false},"author":4,"featured_media":13836,"parent":46449,"menu_order":0,"comment_status":"closed","ping_status":"closed","template":"views\/template-new-web-design.blade.php","meta":{"footnotes":""},"categories":[],"tags":[],"class_list":["post-46576","page","type-page","status-publish","has-post-thumbnail","hentry"],"yoast_head":"<!-- This site is optimized with the Yoast SEO plugin v27.4 - https:\/\/yoast.com\/product\/yoast-seo-wordpress\/ -->\n<title>\u25b7 Codice Callistino o Codex Calixtinus | Che cos&#039;\u00e8? Capitoli e autore<\/title>\n<meta name=\"description\" content=\"lll\u27a4 Il Codice Calixtinus \u00e8 il manoscritto che \u00e8 diventato la prima guida al Cammino che rimane nella Cattedrale di Santiago de Compostela.\" \/>\n<meta name=\"robots\" content=\"index, follow, max-snippet:-1, max-image-preview:large, max-video-preview:-1\" \/>\n<link rel=\"canonical\" href=\"https:\/\/www.pilgrim.es\/it\/pianificare\/il-codice-calixtino\/\" \/>\n<meta property=\"og:locale\" content=\"it_IT\" \/>\n<meta property=\"og:type\" content=\"article\" \/>\n<meta property=\"og:title\" content=\"\u25b7 Codice Callistino o Codex Calixtinus | Che cos&#039;\u00e8? Capitoli e autore\" \/>\n<meta property=\"og:description\" content=\"lll\u27a4 Il Codice Calixtinus \u00e8 il manoscritto che \u00e8 diventato la prima guida al Cammino che rimane nella Cattedrale di Santiago de Compostela.\" \/>\n<meta property=\"og:url\" content=\"https:\/\/www.pilgrim.es\/it\/pianificare\/il-codice-calixtino\/\" \/>\n<meta property=\"og:site_name\" content=\"Pilgrim\" \/>\n<meta property=\"article:publisher\" content=\"https:\/\/www.facebook.com\/pilgrim.es\/\" \/>\n<meta property=\"article:modified_time\" content=\"2025-08-19T07:46:29+00:00\" \/>\n<meta property=\"og:image\" content=\"https:\/\/www.pilgrim.es\/wp-content\/uploads\/2019\/03\/codice-calixtino.jpg\" \/>\n\t<meta property=\"og:image:width\" content=\"1366\" \/>\n\t<meta property=\"og:image:height\" content=\"824\" \/>\n\t<meta property=\"og:image:type\" content=\"image\/jpeg\" \/>\n<meta name=\"twitter:card\" content=\"summary_large_image\" \/>\n<meta name=\"twitter:site\" content=\"@pilgrim_es\" \/>\n<meta name=\"twitter:label1\" content=\"Tempo di lettura stimato\" \/>\n\t<meta name=\"twitter:data1\" content=\"3 minuti\" \/>\n<script type=\"application\/ld+json\" class=\"yoast-schema-graph\">{\"@context\":\"https:\\\/\\\/schema.org\",\"@graph\":[{\"@type\":\"WebPage\",\"@id\":\"https:\\\/\\\/www.pilgrim.es\\\/it\\\/pianificare\\\/il-codice-calixtino\\\/\",\"url\":\"https:\\\/\\\/www.pilgrim.es\\\/it\\\/pianificare\\\/il-codice-calixtino\\\/\",\"name\":\"\u25b7 Codice Callistino o Codex Calixtinus | Che cos'\u00e8? Capitoli e autore\",\"isPartOf\":{\"@id\":\"https:\\\/\\\/www.pilgrim.es\\\/it\\\/#website\"},\"primaryImageOfPage\":{\"@id\":\"https:\\\/\\\/www.pilgrim.es\\\/it\\\/pianificare\\\/il-codice-calixtino\\\/#primaryimage\"},\"image\":{\"@id\":\"https:\\\/\\\/www.pilgrim.es\\\/it\\\/pianificare\\\/il-codice-calixtino\\\/#primaryimage\"},\"thumbnailUrl\":\"https:\\\/\\\/www.pilgrim.es\\\/wp-content\\\/uploads\\\/2019\\\/03\\\/codice-calixtino.jpg\",\"datePublished\":\"2019-09-11T15:17:39+00:00\",\"dateModified\":\"2025-08-19T07:46:29+00:00\",\"description\":\"lll\u27a4 Il Codice Calixtinus \u00e8 il manoscritto che \u00e8 diventato la prima guida al Cammino che rimane nella Cattedrale di Santiago de Compostela.\",\"breadcrumb\":{\"@id\":\"https:\\\/\\\/www.pilgrim.es\\\/it\\\/pianificare\\\/il-codice-calixtino\\\/#breadcrumb\"},\"inLanguage\":\"it-IT\",\"potentialAction\":[{\"@type\":\"ReadAction\",\"target\":[\"https:\\\/\\\/www.pilgrim.es\\\/it\\\/pianificare\\\/il-codice-calixtino\\\/\"]}]},{\"@type\":\"ImageObject\",\"inLanguage\":\"it-IT\",\"@id\":\"https:\\\/\\\/www.pilgrim.es\\\/it\\\/pianificare\\\/il-codice-calixtino\\\/#primaryimage\",\"url\":\"https:\\\/\\\/www.pilgrim.es\\\/wp-content\\\/uploads\\\/2019\\\/03\\\/codice-calixtino.jpg\",\"contentUrl\":\"https:\\\/\\\/www.pilgrim.es\\\/wp-content\\\/uploads\\\/2019\\\/03\\\/codice-calixtino.jpg\",\"width\":1366,\"height\":824,\"caption\":\"Il C\u00f3dice Calixtino\"},{\"@type\":\"BreadcrumbList\",\"@id\":\"https:\\\/\\\/www.pilgrim.es\\\/it\\\/pianificare\\\/il-codice-calixtino\\\/#breadcrumb\",\"itemListElement\":[{\"@type\":\"ListItem\",\"position\":1,\"name\":\"Camino de Santiago\",\"item\":\"https:\\\/\\\/www.pilgrim.es\\\/it\\\/\"},{\"@type\":\"ListItem\",\"position\":2,\"name\":\"Pianificare\",\"item\":\"https:\\\/\\\/www.pilgrim.es\\\/it\\\/pianificare\\\/\"},{\"@type\":\"ListItem\",\"position\":3,\"name\":\"Il C\u00f3dice Calixtino\"}]},{\"@type\":\"WebSite\",\"@id\":\"https:\\\/\\\/www.pilgrim.es\\\/it\\\/#website\",\"url\":\"https:\\\/\\\/www.pilgrim.es\\\/it\\\/\",\"name\":\"Pilgrim\",\"description\":\"Camino de Santiago | Caminamos Contigo\",\"publisher\":{\"@id\":\"https:\\\/\\\/www.pilgrim.es\\\/it\\\/#organization\"},\"potentialAction\":[{\"@type\":\"SearchAction\",\"target\":{\"@type\":\"EntryPoint\",\"urlTemplate\":\"https:\\\/\\\/www.pilgrim.es\\\/it\\\/?s={search_term_string}\"},\"query-input\":{\"@type\":\"PropertyValueSpecification\",\"valueRequired\":true,\"valueName\":\"search_term_string\"}}],\"inLanguage\":\"it-IT\"},{\"@type\":\"Organization\",\"@id\":\"https:\\\/\\\/www.pilgrim.es\\\/it\\\/#organization\",\"name\":\"Pilgrim Camino de Santiago\",\"url\":\"https:\\\/\\\/www.pilgrim.es\\\/it\\\/\",\"logo\":{\"@type\":\"ImageObject\",\"inLanguage\":\"it-IT\",\"@id\":\"https:\\\/\\\/www.pilgrim.es\\\/it\\\/#\\\/schema\\\/logo\\\/image\\\/\",\"url\":\"https:\\\/\\\/www.pilgrim.es\\\/wp-content\\\/uploads\\\/2019\\\/04\\\/logo_pilgrim.png\",\"contentUrl\":\"https:\\\/\\\/www.pilgrim.es\\\/wp-content\\\/uploads\\\/2019\\\/04\\\/logo_pilgrim.png\",\"width\":512,\"height\":512,\"caption\":\"Pilgrim Camino de Santiago\"},\"image\":{\"@id\":\"https:\\\/\\\/www.pilgrim.es\\\/it\\\/#\\\/schema\\\/logo\\\/image\\\/\"},\"sameAs\":[\"https:\\\/\\\/www.facebook.com\\\/pilgrim.es\\\/\",\"https:\\\/\\\/x.com\\\/pilgrim_es\",\"https:\\\/\\\/www.instagram.com\\\/pilgrim.es\\\/\",\"https:\\\/\\\/www.linkedin.com\\\/company\\\/pilgrim-camino-de-santiago\\\/\",\"https:\\\/\\\/www.pinterest.es\\\/pilgrimcaminodesantiago\\\/\",\"https:\\\/\\\/www.youtube.com\\\/channel\\\/UCIv2ZzFLXVqthkNF32rKedw\\\/featured\"]}]}<\/script>\n<!-- \/ Yoast SEO plugin. -->","yoast_head_json":{"title":"\u25b7 Codice Callistino o Codex Calixtinus | Che cos'\u00e8? Capitoli e autore","description":"lll\u27a4 Il Codice Calixtinus \u00e8 il manoscritto che \u00e8 diventato la prima guida al Cammino che rimane nella Cattedrale di Santiago de Compostela.","robots":{"index":"index","follow":"follow","max-snippet":"max-snippet:-1","max-image-preview":"max-image-preview:large","max-video-preview":"max-video-preview:-1"},"canonical":"https:\/\/www.pilgrim.es\/it\/pianificare\/il-codice-calixtino\/","og_locale":"it_IT","og_type":"article","og_title":"\u25b7 Codice Callistino o Codex Calixtinus | Che cos'\u00e8? Capitoli e autore","og_description":"lll\u27a4 Il Codice Calixtinus \u00e8 il manoscritto che \u00e8 diventato la prima guida al Cammino che rimane nella Cattedrale di Santiago de Compostela.","og_url":"https:\/\/www.pilgrim.es\/it\/pianificare\/il-codice-calixtino\/","og_site_name":"Pilgrim","article_publisher":"https:\/\/www.facebook.com\/pilgrim.es\/","article_modified_time":"2025-08-19T07:46:29+00:00","og_image":[{"width":1366,"height":824,"url":"https:\/\/www.pilgrim.es\/wp-content\/uploads\/2019\/03\/codice-calixtino.jpg","type":"image\/jpeg"}],"twitter_card":"summary_large_image","twitter_site":"@pilgrim_es","twitter_misc":{"Tempo di lettura stimato":"3 minuti"},"schema":{"@context":"https:\/\/schema.org","@graph":[{"@type":"WebPage","@id":"https:\/\/www.pilgrim.es\/it\/pianificare\/il-codice-calixtino\/","url":"https:\/\/www.pilgrim.es\/it\/pianificare\/il-codice-calixtino\/","name":"\u25b7 Codice Callistino o Codex Calixtinus | Che cos'\u00e8? Capitoli e autore","isPartOf":{"@id":"https:\/\/www.pilgrim.es\/it\/#website"},"primaryImageOfPage":{"@id":"https:\/\/www.pilgrim.es\/it\/pianificare\/il-codice-calixtino\/#primaryimage"},"image":{"@id":"https:\/\/www.pilgrim.es\/it\/pianificare\/il-codice-calixtino\/#primaryimage"},"thumbnailUrl":"https:\/\/www.pilgrim.es\/wp-content\/uploads\/2019\/03\/codice-calixtino.jpg","datePublished":"2019-09-11T15:17:39+00:00","dateModified":"2025-08-19T07:46:29+00:00","description":"lll\u27a4 Il Codice Calixtinus \u00e8 il manoscritto che \u00e8 diventato la prima guida al Cammino che rimane nella Cattedrale di Santiago de Compostela.","breadcrumb":{"@id":"https:\/\/www.pilgrim.es\/it\/pianificare\/il-codice-calixtino\/#breadcrumb"},"inLanguage":"it-IT","potentialAction":[{"@type":"ReadAction","target":["https:\/\/www.pilgrim.es\/it\/pianificare\/il-codice-calixtino\/"]}]},{"@type":"ImageObject","inLanguage":"it-IT","@id":"https:\/\/www.pilgrim.es\/it\/pianificare\/il-codice-calixtino\/#primaryimage","url":"https:\/\/www.pilgrim.es\/wp-content\/uploads\/2019\/03\/codice-calixtino.jpg","contentUrl":"https:\/\/www.pilgrim.es\/wp-content\/uploads\/2019\/03\/codice-calixtino.jpg","width":1366,"height":824,"caption":"Il C\u00f3dice Calixtino"},{"@type":"BreadcrumbList","@id":"https:\/\/www.pilgrim.es\/it\/pianificare\/il-codice-calixtino\/#breadcrumb","itemListElement":[{"@type":"ListItem","position":1,"name":"Camino de Santiago","item":"https:\/\/www.pilgrim.es\/it\/"},{"@type":"ListItem","position":2,"name":"Pianificare","item":"https:\/\/www.pilgrim.es\/it\/pianificare\/"},{"@type":"ListItem","position":3,"name":"Il C\u00f3dice Calixtino"}]},{"@type":"WebSite","@id":"https:\/\/www.pilgrim.es\/it\/#website","url":"https:\/\/www.pilgrim.es\/it\/","name":"Pilgrim","description":"Camino de Santiago | Caminamos Contigo","publisher":{"@id":"https:\/\/www.pilgrim.es\/it\/#organization"},"potentialAction":[{"@type":"SearchAction","target":{"@type":"EntryPoint","urlTemplate":"https:\/\/www.pilgrim.es\/it\/?s={search_term_string}"},"query-input":{"@type":"PropertyValueSpecification","valueRequired":true,"valueName":"search_term_string"}}],"inLanguage":"it-IT"},{"@type":"Organization","@id":"https:\/\/www.pilgrim.es\/it\/#organization","name":"Pilgrim Camino de Santiago","url":"https:\/\/www.pilgrim.es\/it\/","logo":{"@type":"ImageObject","inLanguage":"it-IT","@id":"https:\/\/www.pilgrim.es\/it\/#\/schema\/logo\/image\/","url":"https:\/\/www.pilgrim.es\/wp-content\/uploads\/2019\/04\/logo_pilgrim.png","contentUrl":"https:\/\/www.pilgrim.es\/wp-content\/uploads\/2019\/04\/logo_pilgrim.png","width":512,"height":512,"caption":"Pilgrim Camino de Santiago"},"image":{"@id":"https:\/\/www.pilgrim.es\/it\/#\/schema\/logo\/image\/"},"sameAs":["https:\/\/www.facebook.com\/pilgrim.es\/","https:\/\/x.com\/pilgrim_es","https:\/\/www.instagram.com\/pilgrim.es\/","https:\/\/www.linkedin.com\/company\/pilgrim-camino-de-santiago\/","https:\/\/www.pinterest.es\/pilgrimcaminodesantiago\/","https:\/\/www.youtube.com\/channel\/UCIv2ZzFLXVqthkNF32rKedw\/featured"]}]}},"_links":{"self":[{"href":"https:\/\/www.pilgrim.es\/it\/wp-json\/wp\/v2\/pages\/46576","targetHints":{"allow":["GET"]}}],"collection":[{"href":"https:\/\/www.pilgrim.es\/it\/wp-json\/wp\/v2\/pages"}],"about":[{"href":"https:\/\/www.pilgrim.es\/it\/wp-json\/wp\/v2\/types\/page"}],"author":[{"embeddable":true,"href":"https:\/\/www.pilgrim.es\/it\/wp-json\/wp\/v2\/users\/4"}],"replies":[{"embeddable":true,"href":"https:\/\/www.pilgrim.es\/it\/wp-json\/wp\/v2\/comments?post=46576"}],"version-history":[{"count":9,"href":"https:\/\/www.pilgrim.es\/it\/wp-json\/wp\/v2\/pages\/46576\/revisions"}],"predecessor-version":[{"id":135162,"href":"https:\/\/www.pilgrim.es\/it\/wp-json\/wp\/v2\/pages\/46576\/revisions\/135162"}],"up":[{"embeddable":true,"href":"https:\/\/www.pilgrim.es\/it\/wp-json\/wp\/v2\/pages\/46449"}],"wp:featuredmedia":[{"embeddable":true,"href":"https:\/\/www.pilgrim.es\/it\/wp-json\/wp\/v2\/media\/13836"}],"wp:attachment":[{"href":"https:\/\/www.pilgrim.es\/it\/wp-json\/wp\/v2\/media?parent=46576"}],"wp:term":[{"taxonomy":"category","embeddable":true,"href":"https:\/\/www.pilgrim.es\/it\/wp-json\/wp\/v2\/categories?post=46576"},{"taxonomy":"post_tag","embeddable":true,"href":"https:\/\/www.pilgrim.es\/it\/wp-json\/wp\/v2\/tags?post=46576"}],"curies":[{"name":"wp","href":"https:\/\/api.w.org\/{rel}","templated":true}]}}