{"id":46570,"date":"2019-09-11T15:08:35","date_gmt":"2019-09-11T15:08:35","guid":{"rendered":"https:\/\/prod.pilgrim.es\/pianificare\/il-bastone-e-zucca\/"},"modified":"2025-10-09T12:53:34","modified_gmt":"2025-10-09T12:53:34","slug":"il-bastone-e-zucca","status":"publish","type":"page","link":"https:\/\/www.pilgrim.es\/it\/pianificare\/il-bastone-e-zucca\/","title":{"rendered":"Il personale"},"content":{"rendered":"\n<div id=\"planifyPage\">\n\t<section>\n\t\t<h1>Il Bastone e la Zucca<\/h1>\n\t<\/section>\n\t<section class=\"navigation\">\n\t\t<article>\n\t\t\t<i class=\"icon-shell\"><\/i>\n\t\t\t<ul>\n\t\t\t\t<li>\n\t\t\t\t\t<a href=\"https:\/\/www.pilgrim.es\/it\/pianificare\/storia-del-cammino-di-santiago\/\">La storia\n\t\t\t\t\t<\/a>\n\t\t\t\t<\/li>\n\t\t\t\t<li>\n\t\t\t\t\t<a href=\"https:\/\/www.pilgrim.es\/it\/pianificare\/il-codice-calixtino\/\">Il C\u00f3dice Calixtino<\/a>\n\t\t\t\t<\/li>\n\t\t\t\t<li>\n\t\t\t\t\t<a href=\"https:\/\/www.pilgrim.es\/it\/pianificare\/giacomo-apostolo\/\">Giacomo Apostolo<\/a>\n\t\t\t\t<\/li>\n\t\t\t<\/ul>\n\t\t<\/article>\n\t\t<article>\n\t\t\t<i class=\"icon-cathedral\"><\/i>\n\t\t\t<ul>\n\t\t\t\t<li>\n\t\t\t\t\t<a href=\"https:\/\/www.pilgrim.es\/it\/pianificare\/la-cattedrale-di-santiago\/\">La Cattedrale di\n\t\t\t\t\t\tSantiago<\/a>\n\t\t\t\t<\/li>\n\t\t\t\t<li>\n\t\t\t\t\t<a href=\"https:\/\/www.pilgrim.es\/it\/pianificare\/il-botafumeiro\/\">Botafumeiro<\/a>\n\t\t\t\t<\/li>\n\t\t\t\t<li>\n\t\t\t\t\t<a href=\"https:\/\/www.pilgrim.es\/it\/pianificare\/anno-giubilare\/\">Anno giubilare<\/a>\n\t\t\t\t<\/li>\n\t\t\t<\/ul>\n\t\t<\/article>\n\t\t<article>\n\t\t\t<i class=\"icon-compostela\"><\/i>\n\t\t\t<ul>\n\t\t\t\t<li>\n\t\t\t\t\t<a href=\"https:\/\/www.pilgrim.es\/it\/pianificare\/la-credenziale-del-pellegrino\/\">La Credenziale<\/a>\n\t\t\t\t<\/li>\n\t\t\t\t<li>\n\t\t\t\t\t<a href=\"https:\/\/www.pilgrim.es\/it\/pianificare\/la-compostela\/\">La Compostela<\/a>\n\t\t\t\t<\/li>\n\t\t\t\t<li class=\"nav-pill--active\">\n\t\t\t\t\t<a href=\"https:\/\/www.pilgrim.es\/it\/pianificare\/il-bastone-e-zucca\/\">Il Bastone e la Zucca<\/a>\n\t\t\t\t<\/li>\n\t\t\t\t<li>\n\t\t\t\t\t<a href=\"https:\/\/www.pilgrim.es\/it\/pianificare\/segnaletica-del-cammino-di-santiago\/\">Segnaletica del\n\t\t\t\t\t\tCammino di Santiago<\/a>\n\t\t\t\t<\/li>\n\t\t\t<\/ul>\n\t\t<\/article>\n\t<\/section>\n\t<div class=\"planify-content\">\n\t\t<section class=\"planify-content__hero\">\n\t\t\t<img decoding=\"async\" src=\"https:\/\/cdn.pilgrim.es\/web\/planificar\/bordon.webp\" alt=\"Il Bastone e la Zucca\" \/>\n\t\t\t<div class=\"planner\"><div\r\n  class=\"p-col-span-1 p-rounded-lg p-px-5 p-h-full\"\r\n  style=\"background-image: url('https:\/\/cdn.pilgrim.es\/web\/pilgrim-planner\/bg-plugin-planificador.webp')\"\r\n  rel=\"preload\"\r\n  fetchpriority=\"high\"\r\n  >\r\n    <div class=\"p-text-center p-pt-5 p-text-white p-text-2xl p-font-semibold\">\r\n      Pianifica il tuo cammino    <\/div>\r\n    <div\r\n            id='primary-app'\r\n            data-name='banner'\r\n            data-api='https:\/\/pathfinder.pilgrim.es\/api\/pathfinder\/v2'\r\n            data-mode='normal'\r\n            data-lang='it'\r\n            data-route='1'\r\n            data-destiny='https:\/\/planificador.pilgrim.es'\r\n            data-modality='1'\r\n            data-inline=''\r\n        ><\/div><\/div><\/div>\n\t\t<\/section>\n\n\t\t<section class=\"planify-content__content\">\n\t\t\t<section>\n\n\t\t\t\t<h3>Indice<\/h3>\n\n\t\t\t\t<ul>\n\t\t\t\t\t<li><a href=\"#bordon\">Il Bastone<\/a><\/li>\n\t\t\t\t\t<li><a href=\"#pumpkin\">La Zucca<\/a><\/li>\n\t\t\t\t<\/ul>\n\t\t\t<\/section>\n\n\t\t\t<section>\n\n\t\t\t\t<p>\u00c8 uno dei pochi elementi caratteristici dell\u2019itinerario giacobeo che conserva ancora il suo uso tradizionale.<\/p>\n\n\t\t\t<\/section>\n\n\t\t\t<section id=\"bordon\">\n\t\t\t\n\t\t\t\t<h2>Il Bastone<\/h2>\n\t\t\t\n\t\t\t\t<p>In passato, i pellegrini diretti a <a href=\"https:\/\/www.pilgrim.es\/it\/santiago-di-compostela\/\">Santiago de Compostela<\/a> si recavano nella foresta per costruirsene uno, preferibilmente da un castagno o nocciolo, grazie al suo legno forte e resistente. Attualmente, possiamo optare per <strong>l\u2019opzione pi\u00f9 autentica e acquistarlo durante il Cammino<\/strong>, o rivolgerci a un negozio online specializzato per comprarlo.<\/p>\n\t\t\t\n\t\t\t\t<p>C\u2019\u00e8 una terza opzione e cio\u00e8, se <strong>si segue il Cammino Francese<\/strong> potrete visitare l\u2019emblematico Pablito de Azqueta, all\u2019uscita della localit\u00e0 di Estella, fedele vicino e storico rosmarino che aiuta tutti coloro che passano attraverso la sua porta. <strong>Il bastone perfetto \u00e8 quello che misura qualcosa di pi\u00f9 del suo vettore<\/strong>. Questo rende necessario mantenere la schiena retta e offre il punto di appoggio perfetto per superare lunghe giornate.<\/p>\n\t\t\t\n\t\t\t\t<p>Non solo aveva un mero scopo di sostentamento, ma anche molti pellegrini <strong>l\u2019hanno usato per appendere strumenti importanti come la zucca<\/strong> dove hanno trasportato l\u2019acqua. Senza dimenticare l\u2019uso difensivo contro possibili attacchi di animali selvatici lungo il Cammino. Al giorno d\u2019oggi, ci sono molti che preferiscono <strong>comprare un bastone da escursionismo o trekking<\/strong>, acquistabile in qualsiasi grande magazzino o negozio di articoli sportivi. Hanno il vantaggio di essere, nella maggior parte dei casi, estensibili e con maniglie adatte a favorire il corretto supporto.<\/p>\n\t\t\t\n\t\t\t\t<p>Nonostante ci\u00f2, si possono ancora vedere molti pellegrini che portano i mitici bastoni, un\u2019opzione molto pi\u00f9 autentica che permette di immergersi nella vera essenza del Cammino.<\/p>\n\t\t\t\n\t\t\t<\/section>\n\n\t\t\t<section id=\"pumpkin\">\n\n\t\t\t\t<h2>La Zucca<\/h2>\n\t\t\t\n\t\t\t\t<p>Questo tipo di zucca Lagenaria Sicenarias, appartenente alla famiglia delle Cucurbitaceae, \u00e8 stata utilizzata fin dal XII secolo a.C. come <strong>metodo di trasporto dell\u2019acqua o di altri liquidi<\/strong>in Africa e poi nelle Americhe. Il suo ecosistema ideale \u00e8 quello in grado di fornire sufficiente umidit\u00e0 e luminosit\u00e0, essendo il clima perfetto per la coltivazione tropicale, dato che questo gode di alti livelli di umidit\u00e0 e di estati molto calde.<\/p>\n\t\t\t\n\t\t\t\t<p>Si caratterizza per essere <strong>una pianta molto resistente<\/strong>, e servono anche come base di innesto per altre piante pi\u00f9 deboli come l\u2019anguria e il melone. Inizialmente, presenta un colore verde scuro, ma la cosa normale \u00e8 lasciarlo asciugare o essiccare. Questo era il <strong>metodo scelto principalmente dai pellegrini per essere utilizzato come borraccia<\/strong> prima dell\u2019uso diffuso della plastica. Questo particolare contenitore, data la sua corteccia di legno lasciata a stagionare, permetteva di mantenere freschi i liquidi e aveva le dimensioni perfette per essere portato appeso al bastone.<\/p>\n\t\t\t\n\t\t\t\t<p>Gi\u00e0 Carlo Magno stesso, strettamente legato all\u2019itinerario giacobeo, ordin\u00f2 di piantare questo tipo di ortaggio nelle sue terre, in quanto lo riteneva indispensabile per la preparazione di medicinali e unguenti.<\/p>\n\t\t\t\n\t\t\t\t<img decoding=\"async\" src=\"https:\/\/cdn.pilgrim.es\/web\/planificar\/calabaza.webp\" alt=\"La Zucca\">\n\t\t\t\n\t\t\t<\/section>\n\n\t\t<\/section>\n\t<\/div>\n<\/div>\n","protected":false},"excerpt":{"rendered":"<p>Il Bastone e la Zucca La storia Il C\u00f3dice Calixtino Giacomo Apostolo La Cattedrale di Santiago Botafumeiro Anno giubilare La Credenziale La Compostela Il Bastone e la Zucca Segnaletica del Cammino di Santiago Indice Il Bastone La Zucca \u00c8 uno dei pochi elementi caratteristici dell\u2019itinerario giacobeo che conserva ancora il suo uso tradizionale. Il Bastone &hellip; <\/p>\n<p class=\"read_more\"><a href=\"https:\/\/www.pilgrim.es\/it\/pianificare\/il-bastone-e-zucca\/\">Leer m\u00e1s<\/a><\/p>\n","protected":false},"author":4,"featured_media":13951,"parent":46449,"menu_order":0,"comment_status":"closed","ping_status":"closed","template":"views\/template-new-web-design.blade.php","meta":{"footnotes":""},"categories":[],"tags":[],"class_list":["post-46570","page","type-page","status-publish","has-post-thumbnail","hentry"],"yoast_head":"<!-- This site is optimized with the Yoast SEO plugin v27.4 - https:\/\/yoast.com\/product\/yoast-seo-wordpress\/ -->\n<title>Il Bastone e la Zucca del Pellegrino | Caratteristiche e utilizzo | Pilgrim<\/title>\n<meta name=\"description\" content=\"Il Bastone e la Zucca Sono alcuni degli elementi pi\u00f9 caratteristici e tradizionali del pellegrino che percorre il Cammino di Santiago.\" \/>\n<meta name=\"robots\" content=\"index, follow, max-snippet:-1, max-image-preview:large, max-video-preview:-1\" \/>\n<link rel=\"canonical\" href=\"https:\/\/www.pilgrim.es\/it\/pianificare\/il-bastone-e-zucca\/\" \/>\n<meta property=\"og:locale\" content=\"it_IT\" \/>\n<meta property=\"og:type\" content=\"article\" \/>\n<meta property=\"og:title\" content=\"Il Bastone e la Zucca del Pellegrino | Caratteristiche e utilizzo | Pilgrim\" \/>\n<meta property=\"og:description\" content=\"Il Bastone e la Zucca Sono alcuni degli elementi pi\u00f9 caratteristici e tradizionali del pellegrino che percorre il Cammino di Santiago.\" \/>\n<meta property=\"og:url\" content=\"https:\/\/www.pilgrim.es\/it\/pianificare\/il-bastone-e-zucca\/\" \/>\n<meta property=\"og:site_name\" content=\"Pilgrim\" \/>\n<meta property=\"article:publisher\" content=\"https:\/\/www.facebook.com\/pilgrim.es\/\" \/>\n<meta property=\"article:modified_time\" content=\"2025-10-09T12:53:34+00:00\" \/>\n<meta property=\"og:image\" content=\"https:\/\/www.pilgrim.es\/wp-content\/uploads\/2019\/03\/bordon-peregrino-1.jpg\" \/>\n\t<meta property=\"og:image:width\" content=\"1200\" \/>\n\t<meta property=\"og:image:height\" content=\"1086\" \/>\n\t<meta property=\"og:image:type\" content=\"image\/jpeg\" \/>\n<meta name=\"twitter:card\" content=\"summary_large_image\" \/>\n<meta name=\"twitter:site\" content=\"@pilgrim_es\" \/>\n<meta name=\"twitter:label1\" content=\"Tempo di lettura stimato\" \/>\n\t<meta name=\"twitter:data1\" content=\"2 minuti\" \/>\n<script type=\"application\/ld+json\" class=\"yoast-schema-graph\">{\"@context\":\"https:\\\/\\\/schema.org\",\"@graph\":[{\"@type\":\"WebPage\",\"@id\":\"https:\\\/\\\/www.pilgrim.es\\\/it\\\/pianificare\\\/il-bastone-e-zucca\\\/\",\"url\":\"https:\\\/\\\/www.pilgrim.es\\\/it\\\/pianificare\\\/il-bastone-e-zucca\\\/\",\"name\":\"Il Bastone e la Zucca del Pellegrino | Caratteristiche e utilizzo | Pilgrim\",\"isPartOf\":{\"@id\":\"https:\\\/\\\/www.pilgrim.es\\\/it\\\/#website\"},\"primaryImageOfPage\":{\"@id\":\"https:\\\/\\\/www.pilgrim.es\\\/it\\\/pianificare\\\/il-bastone-e-zucca\\\/#primaryimage\"},\"image\":{\"@id\":\"https:\\\/\\\/www.pilgrim.es\\\/it\\\/pianificare\\\/il-bastone-e-zucca\\\/#primaryimage\"},\"thumbnailUrl\":\"https:\\\/\\\/www.pilgrim.es\\\/wp-content\\\/uploads\\\/2019\\\/03\\\/bordon-peregrino-1.jpg\",\"datePublished\":\"2019-09-11T15:08:35+00:00\",\"dateModified\":\"2025-10-09T12:53:34+00:00\",\"description\":\"Il Bastone e la Zucca Sono alcuni degli elementi pi\u00f9 caratteristici e tradizionali del pellegrino che percorre il Cammino di Santiago.\",\"breadcrumb\":{\"@id\":\"https:\\\/\\\/www.pilgrim.es\\\/it\\\/pianificare\\\/il-bastone-e-zucca\\\/#breadcrumb\"},\"inLanguage\":\"it-IT\",\"potentialAction\":[{\"@type\":\"ReadAction\",\"target\":[\"https:\\\/\\\/www.pilgrim.es\\\/it\\\/pianificare\\\/il-bastone-e-zucca\\\/\"]}]},{\"@type\":\"ImageObject\",\"inLanguage\":\"it-IT\",\"@id\":\"https:\\\/\\\/www.pilgrim.es\\\/it\\\/pianificare\\\/il-bastone-e-zucca\\\/#primaryimage\",\"url\":\"https:\\\/\\\/www.pilgrim.es\\\/wp-content\\\/uploads\\\/2019\\\/03\\\/bordon-peregrino-1.jpg\",\"contentUrl\":\"https:\\\/\\\/www.pilgrim.es\\\/wp-content\\\/uploads\\\/2019\\\/03\\\/bordon-peregrino-1.jpg\",\"width\":1200,\"height\":1086,\"caption\":\"Il personale\"},{\"@type\":\"BreadcrumbList\",\"@id\":\"https:\\\/\\\/www.pilgrim.es\\\/it\\\/pianificare\\\/il-bastone-e-zucca\\\/#breadcrumb\",\"itemListElement\":[{\"@type\":\"ListItem\",\"position\":1,\"name\":\"Camino de Santiago\",\"item\":\"https:\\\/\\\/www.pilgrim.es\\\/it\\\/\"},{\"@type\":\"ListItem\",\"position\":2,\"name\":\"Pianificare\",\"item\":\"https:\\\/\\\/www.pilgrim.es\\\/it\\\/pianificare\\\/\"},{\"@type\":\"ListItem\",\"position\":3,\"name\":\"Il personale\"}]},{\"@type\":\"WebSite\",\"@id\":\"https:\\\/\\\/www.pilgrim.es\\\/it\\\/#website\",\"url\":\"https:\\\/\\\/www.pilgrim.es\\\/it\\\/\",\"name\":\"Pilgrim\",\"description\":\"Camino de Santiago | Caminamos Contigo\",\"publisher\":{\"@id\":\"https:\\\/\\\/www.pilgrim.es\\\/it\\\/#organization\"},\"potentialAction\":[{\"@type\":\"SearchAction\",\"target\":{\"@type\":\"EntryPoint\",\"urlTemplate\":\"https:\\\/\\\/www.pilgrim.es\\\/it\\\/?s={search_term_string}\"},\"query-input\":{\"@type\":\"PropertyValueSpecification\",\"valueRequired\":true,\"valueName\":\"search_term_string\"}}],\"inLanguage\":\"it-IT\"},{\"@type\":\"Organization\",\"@id\":\"https:\\\/\\\/www.pilgrim.es\\\/it\\\/#organization\",\"name\":\"Pilgrim Camino de Santiago\",\"url\":\"https:\\\/\\\/www.pilgrim.es\\\/it\\\/\",\"logo\":{\"@type\":\"ImageObject\",\"inLanguage\":\"it-IT\",\"@id\":\"https:\\\/\\\/www.pilgrim.es\\\/it\\\/#\\\/schema\\\/logo\\\/image\\\/\",\"url\":\"https:\\\/\\\/www.pilgrim.es\\\/wp-content\\\/uploads\\\/2019\\\/04\\\/logo_pilgrim.png\",\"contentUrl\":\"https:\\\/\\\/www.pilgrim.es\\\/wp-content\\\/uploads\\\/2019\\\/04\\\/logo_pilgrim.png\",\"width\":512,\"height\":512,\"caption\":\"Pilgrim Camino de Santiago\"},\"image\":{\"@id\":\"https:\\\/\\\/www.pilgrim.es\\\/it\\\/#\\\/schema\\\/logo\\\/image\\\/\"},\"sameAs\":[\"https:\\\/\\\/www.facebook.com\\\/pilgrim.es\\\/\",\"https:\\\/\\\/x.com\\\/pilgrim_es\",\"https:\\\/\\\/www.instagram.com\\\/pilgrim.es\\\/\",\"https:\\\/\\\/www.linkedin.com\\\/company\\\/pilgrim-camino-de-santiago\\\/\",\"https:\\\/\\\/www.pinterest.es\\\/pilgrimcaminodesantiago\\\/\",\"https:\\\/\\\/www.youtube.com\\\/channel\\\/UCIv2ZzFLXVqthkNF32rKedw\\\/featured\"]}]}<\/script>\n<!-- \/ Yoast SEO plugin. -->","yoast_head_json":{"title":"Il Bastone e la Zucca del Pellegrino | Caratteristiche e utilizzo | Pilgrim","description":"Il Bastone e la Zucca Sono alcuni degli elementi pi\u00f9 caratteristici e tradizionali del pellegrino che percorre il Cammino di Santiago.","robots":{"index":"index","follow":"follow","max-snippet":"max-snippet:-1","max-image-preview":"max-image-preview:large","max-video-preview":"max-video-preview:-1"},"canonical":"https:\/\/www.pilgrim.es\/it\/pianificare\/il-bastone-e-zucca\/","og_locale":"it_IT","og_type":"article","og_title":"Il Bastone e la Zucca del Pellegrino | Caratteristiche e utilizzo | Pilgrim","og_description":"Il Bastone e la Zucca Sono alcuni degli elementi pi\u00f9 caratteristici e tradizionali del pellegrino che percorre il Cammino di Santiago.","og_url":"https:\/\/www.pilgrim.es\/it\/pianificare\/il-bastone-e-zucca\/","og_site_name":"Pilgrim","article_publisher":"https:\/\/www.facebook.com\/pilgrim.es\/","article_modified_time":"2025-10-09T12:53:34+00:00","og_image":[{"width":1200,"height":1086,"url":"https:\/\/www.pilgrim.es\/wp-content\/uploads\/2019\/03\/bordon-peregrino-1.jpg","type":"image\/jpeg"}],"twitter_card":"summary_large_image","twitter_site":"@pilgrim_es","twitter_misc":{"Tempo di lettura stimato":"2 minuti"},"schema":{"@context":"https:\/\/schema.org","@graph":[{"@type":"WebPage","@id":"https:\/\/www.pilgrim.es\/it\/pianificare\/il-bastone-e-zucca\/","url":"https:\/\/www.pilgrim.es\/it\/pianificare\/il-bastone-e-zucca\/","name":"Il Bastone e la Zucca del Pellegrino | Caratteristiche e utilizzo | Pilgrim","isPartOf":{"@id":"https:\/\/www.pilgrim.es\/it\/#website"},"primaryImageOfPage":{"@id":"https:\/\/www.pilgrim.es\/it\/pianificare\/il-bastone-e-zucca\/#primaryimage"},"image":{"@id":"https:\/\/www.pilgrim.es\/it\/pianificare\/il-bastone-e-zucca\/#primaryimage"},"thumbnailUrl":"https:\/\/www.pilgrim.es\/wp-content\/uploads\/2019\/03\/bordon-peregrino-1.jpg","datePublished":"2019-09-11T15:08:35+00:00","dateModified":"2025-10-09T12:53:34+00:00","description":"Il Bastone e la Zucca Sono alcuni degli elementi pi\u00f9 caratteristici e tradizionali del pellegrino che percorre il Cammino di Santiago.","breadcrumb":{"@id":"https:\/\/www.pilgrim.es\/it\/pianificare\/il-bastone-e-zucca\/#breadcrumb"},"inLanguage":"it-IT","potentialAction":[{"@type":"ReadAction","target":["https:\/\/www.pilgrim.es\/it\/pianificare\/il-bastone-e-zucca\/"]}]},{"@type":"ImageObject","inLanguage":"it-IT","@id":"https:\/\/www.pilgrim.es\/it\/pianificare\/il-bastone-e-zucca\/#primaryimage","url":"https:\/\/www.pilgrim.es\/wp-content\/uploads\/2019\/03\/bordon-peregrino-1.jpg","contentUrl":"https:\/\/www.pilgrim.es\/wp-content\/uploads\/2019\/03\/bordon-peregrino-1.jpg","width":1200,"height":1086,"caption":"Il personale"},{"@type":"BreadcrumbList","@id":"https:\/\/www.pilgrim.es\/it\/pianificare\/il-bastone-e-zucca\/#breadcrumb","itemListElement":[{"@type":"ListItem","position":1,"name":"Camino de Santiago","item":"https:\/\/www.pilgrim.es\/it\/"},{"@type":"ListItem","position":2,"name":"Pianificare","item":"https:\/\/www.pilgrim.es\/it\/pianificare\/"},{"@type":"ListItem","position":3,"name":"Il personale"}]},{"@type":"WebSite","@id":"https:\/\/www.pilgrim.es\/it\/#website","url":"https:\/\/www.pilgrim.es\/it\/","name":"Pilgrim","description":"Camino de Santiago | Caminamos Contigo","publisher":{"@id":"https:\/\/www.pilgrim.es\/it\/#organization"},"potentialAction":[{"@type":"SearchAction","target":{"@type":"EntryPoint","urlTemplate":"https:\/\/www.pilgrim.es\/it\/?s={search_term_string}"},"query-input":{"@type":"PropertyValueSpecification","valueRequired":true,"valueName":"search_term_string"}}],"inLanguage":"it-IT"},{"@type":"Organization","@id":"https:\/\/www.pilgrim.es\/it\/#organization","name":"Pilgrim Camino de Santiago","url":"https:\/\/www.pilgrim.es\/it\/","logo":{"@type":"ImageObject","inLanguage":"it-IT","@id":"https:\/\/www.pilgrim.es\/it\/#\/schema\/logo\/image\/","url":"https:\/\/www.pilgrim.es\/wp-content\/uploads\/2019\/04\/logo_pilgrim.png","contentUrl":"https:\/\/www.pilgrim.es\/wp-content\/uploads\/2019\/04\/logo_pilgrim.png","width":512,"height":512,"caption":"Pilgrim Camino de Santiago"},"image":{"@id":"https:\/\/www.pilgrim.es\/it\/#\/schema\/logo\/image\/"},"sameAs":["https:\/\/www.facebook.com\/pilgrim.es\/","https:\/\/x.com\/pilgrim_es","https:\/\/www.instagram.com\/pilgrim.es\/","https:\/\/www.linkedin.com\/company\/pilgrim-camino-de-santiago\/","https:\/\/www.pinterest.es\/pilgrimcaminodesantiago\/","https:\/\/www.youtube.com\/channel\/UCIv2ZzFLXVqthkNF32rKedw\/featured"]}]}},"_links":{"self":[{"href":"https:\/\/www.pilgrim.es\/it\/wp-json\/wp\/v2\/pages\/46570","targetHints":{"allow":["GET"]}}],"collection":[{"href":"https:\/\/www.pilgrim.es\/it\/wp-json\/wp\/v2\/pages"}],"about":[{"href":"https:\/\/www.pilgrim.es\/it\/wp-json\/wp\/v2\/types\/page"}],"author":[{"embeddable":true,"href":"https:\/\/www.pilgrim.es\/it\/wp-json\/wp\/v2\/users\/4"}],"replies":[{"embeddable":true,"href":"https:\/\/www.pilgrim.es\/it\/wp-json\/wp\/v2\/comments?post=46570"}],"version-history":[{"count":10,"href":"https:\/\/www.pilgrim.es\/it\/wp-json\/wp\/v2\/pages\/46570\/revisions"}],"predecessor-version":[{"id":136509,"href":"https:\/\/www.pilgrim.es\/it\/wp-json\/wp\/v2\/pages\/46570\/revisions\/136509"}],"up":[{"embeddable":true,"href":"https:\/\/www.pilgrim.es\/it\/wp-json\/wp\/v2\/pages\/46449"}],"wp:featuredmedia":[{"embeddable":true,"href":"https:\/\/www.pilgrim.es\/it\/wp-json\/wp\/v2\/media\/13951"}],"wp:attachment":[{"href":"https:\/\/www.pilgrim.es\/it\/wp-json\/wp\/v2\/media?parent=46570"}],"wp:term":[{"taxonomy":"category","embeddable":true,"href":"https:\/\/www.pilgrim.es\/it\/wp-json\/wp\/v2\/categories?post=46570"},{"taxonomy":"post_tag","embeddable":true,"href":"https:\/\/www.pilgrim.es\/it\/wp-json\/wp\/v2\/tags?post=46570"}],"curies":[{"name":"wp","href":"https:\/\/api.w.org\/{rel}","templated":true}]}}