{"id":46566,"date":"2019-09-11T15:01:42","date_gmt":"2019-09-11T15:01:42","guid":{"rendered":"https:\/\/prod.pilgrim.es\/pianificare\/giacomo-apostolo\/"},"modified":"2025-08-19T08:08:10","modified_gmt":"2025-08-19T08:08:10","slug":"giacomo-apostolo","status":"publish","type":"page","link":"https:\/\/www.pilgrim.es\/it\/pianificare\/giacomo-apostolo\/","title":{"rendered":"Giacomo Apostolo"},"content":{"rendered":"\n<div id=\"planifyPage\">\n\t<section>\n\t\t<h1>Giacomo Apostolo<\/h1>\n\t<\/section>\n\t<section class=\"navigation\">\n\t\t<article>\n\t\t\t<i class=\"icon-shell\"><\/i>\n\t\t\t<ul>\n\t\t\t\t<li>\n\t\t\t\t\t<a href=\"https:\/\/www.pilgrim.es\/it\/pianificare\/storia-del-cammino-di-santiago\/\">La storia\n\t\t\t\t\t<\/a>\n\t\t\t\t<\/li>\n\t\t\t\t<li>\n\t\t\t\t\t<a href=\"https:\/\/www.pilgrim.es\/it\/pianificare\/il-codice-calixtino\/\">Il C\u00f3dice Calixtino<\/a>\n\t\t\t\t<\/li>\n\t\t\t\t<li class=\"nav-pill--active\">\n\t\t\t\t\t<a href=\"https:\/\/www.pilgrim.es\/it\/pianificare\/giacomo-apostolo\/\">Giacomo Apostolo<\/a>\n\t\t\t\t<\/li>\n\t\t\t<\/ul>\n\t\t<\/article>\n\t\t<article>\n\t\t\t<i class=\"icon-cathedral\"><\/i>\n\t\t\t<ul>\n\t\t\t\t<li>\n\t\t\t\t\t<a href=\"https:\/\/www.pilgrim.es\/it\/pianificare\/la-cattedrale-di-santiago\/\">La Cattedrale di\n\t\t\t\t\t\tSantiago<\/a>\n\t\t\t\t<\/li>\n\t\t\t\t<li>\n\t\t\t\t\t<a href=\"https:\/\/www.pilgrim.es\/it\/pianificare\/il-botafumeiro\/\">Botafumeiro<\/a>\n\t\t\t\t<\/li>\n\t\t\t\t<li>\n\t\t\t\t\t<a href=\"https:\/\/www.pilgrim.es\/it\/pianificare\/anno-giubilare\/\">Anno giubilare<\/a>\n\t\t\t\t<\/li>\n\t\t\t<\/ul>\n\t\t<\/article>\n\t\t<article>\n\t\t\t<i class=\"icon-compostela\"><\/i>\n\t\t\t<ul>\n\t\t\t\t<li>\n\t\t\t\t\t<a href=\"https:\/\/www.pilgrim.es\/it\/pianificare\/la-credenziale-del-pellegrino\/\">La Credenziale<\/a>\n\t\t\t\t<\/li>\n\t\t\t\t<li>\n\t\t\t\t\t<a href=\"https:\/\/www.pilgrim.es\/it\/pianificare\/la-compostela\/\">La Compostela<\/a>\n\t\t\t\t<\/li>\n\t\t\t\t<li>\n\t\t\t\t\t<a href=\"https:\/\/www.pilgrim.es\/it\/pianificare\/il-bastone-e-zucca\/\">Il Bastone e la Zucca<\/a>\n\t\t\t\t<\/li>\n\t\t\t\t<li>\n\t\t\t\t\t<a href=\"https:\/\/www.pilgrim.es\/it\/pianificare\/segnaletica-del-cammino-di-santiago\/\">Segnaletica del\n\t\t\t\t\t\tCammino di Santiago<\/a>\n\t\t\t\t<\/li>\n\t\t\t<\/ul>\n\t\t<\/article>\n\t<\/section>\n\n\t<div class=\"planify-content\">\n\t\t<section class=\"planify-content__hero\">\n\t\t\t<img decoding=\"async\" src=\"https:\/\/cdn.pilgrim.es\/web\/planificar\/apostol-santiago.webp\" alt=\"Giacomo Apostolo\" \/>\n\t\t\t<div class=\"planner\"><div\r\n  class=\"p-col-span-1 p-rounded-lg p-px-5 p-h-full\"\r\n  style=\"background-image: url('https:\/\/cdn.pilgrim.es\/web\/pilgrim-planner\/bg-plugin-planificador.webp')\"\r\n  rel=\"preload\"\r\n  fetchpriority=\"high\"\r\n  >\r\n    <div class=\"p-text-center p-pt-5 p-text-white p-text-2xl p-font-semibold\">\r\n      Pianifica il tuo cammino    <\/div>\r\n    <div\r\n            id='primary-app'\r\n            data-name='banner'\r\n            data-api='https:\/\/pathfinder.pilgrim.es\/api\/pathfinder\/v2'\r\n            data-mode='normal'\r\n            data-lang='it'\r\n            data-route='1'\r\n            data-destiny='https:\/\/planificador.pilgrim.es'\r\n            data-modality='1'\r\n            data-inline=''\r\n        ><\/div><\/div><\/div>\n\t\t<\/section>\n\n\t\t<section class=\"planify-content__content\">\n\t\t\t<section>\n\t\t\t\t<h3>Indice<\/h3>\n\t\t\t\t<ul>\n\t\t\t\t\t<li><a href=\"#origins\">Origini<\/a><\/li>\n\t\t\t\t\t<li><a href=\"#death\">Dopo la morte del Messia<\/a><\/li>\n\t\t\t\t\t<li><a href=\"#sepulchre\">Scoperta del Sepolcro<\/a><\/li>\n\t\t\t\t\t<li><a href=\"#pilgrimages-beginnings\">Inizio dei Pellegrinaggi<\/a><\/li>\n\t\t\t\t<\/ul>\n\t\t\t<\/section>\n\t\t\t<section>\n\n\t\t\t\t<p>\n\t\t\t\t\tJacobo, Iacobus, Iago, James, Giacomo il Maggiore, Santiago de Zebedeo o semplicemente l\u2019Apostolo sono alcuni dei nomi con i quali si conosce colui che \u00e8 stato <strong>una delle persone pi\u00f9 vicine a Ges\u00f9 Cristo<\/strong>.\n\t\t\t\t<\/p>\n\t\t\t\t\n\t\t\t\t<div>\n\t\t\t\t\t<div class=\"be-interesting\">\n\t\t\t\t\t\tPotrebbe interessarti anche: <a href=\"https:\/\/www.pilgrim.es\/it\/pianificare\/storia-del-cammino-di-santiago\/\">Storia del Cammino di Santiago<\/a>\n\t\t\t\t\t<\/div>\n\t\t\t\t<\/div>\n\n\t\t\t<\/section>\n\n\t\t\t<section id=\"origins\">\n\t\t\t\n\t\t\t\t<h2>Origini dell\u2019Apostolo Santiago<\/h2>\n\t\t\t\n\t\t\t\t<p>Di umile famiglia, Giacomo il Maggiore era figlio di Zebedeo, un pescatore ebreo che pescava nelle acque del\n\t\t\t\t\tfiume Galilea e che aveva anche un altro figlio, Giovanni Evangelista.<\/p>\n\n\t\t\t\t<p>Questi furono trovati a pescare nel lago di Generaset insieme ad altri due fratelli, Andrea e Pietro, furono\n\t\t\t\t\ttutti reclutati da Ges\u00f9 Cristo come suoi primi quattro discepoli, convertendosi negli anni, nella sua cerchia\n\t\t\t\t\tpi\u00f9 vicina.<\/p>\n\n\t\t\t\t<p>Tale fu la fiducia riposta in loro, che Giacomo il Maggiore <strong>fu un partecipante e testimone di numerosi\n\t\t\t\t\t\teventi chiave della storia del cristianesimo<\/strong>, come la trasfigurazione sul monte Tabor e il miracolo\n\t\t\t\t\tdella risurrezione, nonch\u00e9 la sua successiva apparizione sul fiume Tiber\u00edades.<\/p>\n\t\t\t\n\t\t\t<\/section>\n\n\t\t\t<section id=\"death\">\n\t\t\t\n\t\t\t\t<h2>Dopo la morte del Messia<\/h2>\n\t\t\t\n\t\t\t\t<p>Giacomo il Maggiore, come alcuni degli altri discepoli di Ges\u00f9, decise di intraprendere la sua opera\n\t\t\t\t\tevangelizzatrice, in particolare nel regno di Gallaecia, la Galizia di oggi. Non sarebbe stata l\u2019ultima volta\n\t\t\t\t\tche avrebbe visitato queste terre, poich\u00e9 questo era l\u2019unico luogo dove\n\t\t\t\t\tl\u2019Apostolo era vivo e morto.<\/p>\n\t\t\t\n\t\t\t\t<p>A causa del suo scarso successo nelle terre del fiume Ulla, ritorn\u00f2 a Gerusalemme, dove fu giustiziato per ordine\n\t\t\t\t\tdell\u2019imperatore Erode Agrippa nell\u2019anno 44 d.C. dopo una serie di persecuzioni dei cristiani. In questo modo,\n\t\t\t\t\tGiacomo il Maggiore sarebbe diventato <strong>il primo apostolo a morire per la fede cristiana<\/strong>.<\/p>\n\t\t\t\n\t\t\t\t<p>Cos\u00ec fu con gli altri apostoli, di fronte al rifiuto dell\u2019imperatore di seppellire Santiago, <strong>decisero di\n\t\t\t\t\t\tfuggire con i loro corpi nelle terre galiziane<\/strong>, in particolare a Iria Flavia, dove decidono di\n\t\t\t\t\tdepositare il corpo e costruire una tomba nella foresta di Liberum Donum. \u00c8 qui che nascono la leggenda e\n\t\t\t\t\tl\u2019eredit\u00e0 giacobea.<\/p>\n\t\t\t\n\t\t\t<\/section>\n\n\t\t\t<section id=\"sepulchre\">\n\t\t\t\n\t\t\t\t<h2>Scoperta del sepolcro di Giacomo il Maggiore<\/h2>\n\t\t\t\n\t\t\t\t<p>Ci vorranno anni prima che un eremita della zona, chiamato Pelayo, noti delle stelle in movimento nel cielo.\n\t\t\t\t\tMezzo ipnotizzato dal loro splendore, decide di seguirle e, dopo un po\u2019, dopo essere entrato nella foresta,\n\t\t\t\t\tincontra una tomba di marmo e un piccolo altare.<\/p>\n\n\t\t\t\t<p>Colpito dalla scoperta, si precipit\u00f2 ad informare le autorit\u00e0, <strong>giungendo anche alla notizia di questa\n\t\t\t\t\t\tscoperta allo stesso re Alfonso II<\/strong>, che si rec\u00f2 sul luogo e conferm\u00f2 che si trattava dei resti\n\t\t\t\t\tdell\u2019Apostolo. Da quel momento nomin\u00f2 Santiago patrono di Spagna e ordin\u00f2 la costruzione di un grande tempio in\n\t\t\t\t\tsuo onore nella stessa zona. Da cui <strong>deriva il termine Compostela<\/strong>, <i>campus stellae<\/i>: campo\n\t\t\t\t\tdella stella o cammino delle stelle.<\/p>\n\n\t\t\t\t<p>L\u2019importanza acquisita fu tale che in suo onore si form\u00f2 un famoso ordine militare,<strong>l\u2019Orden de\n\t\t\t\t\t\tSantiago<\/strong>, incaricato di proteggere i pellegrini che volevano recarsi a Compostela per onorare la\n\t\t\t\t\tsanta e fermare l\u2019avanzata dei musulmani.<\/p>\n\t\t\t\n\t\t\t<\/section>\n\n\t\t\t<section id=\"pilgrimages-beginnings\">\n\t\t\t\n\t\t\t\t<h2>Inizio dei pellegrinaggi<\/h2>\n\t\t\t\n\t\t\t\t<p>Da quel momento, migliaia di fedeli in tutto il mondo hanno deciso di seguire le antiche carreggiate romane per\n\t\t\t\t\tcamminare e onorare cos\u00ec l\u2019Apostolo nel suo eterno luogo di riposo.<\/p>\n\n\t\t\t\t<p>A prescindere dall\u2019attuale controversia sull\u2019autenticit\u00e0 dei resti conservati nella Cattedrale, \u00e8 noto che \u00e8\n\t\t\t\t\tstato necessario spostarli in diverse occasioni. Una di queste \u00e8 stata di fronte <strong>alla minaccia dei\n\t\t\t\t\t\tpirati del XVI secolo<\/strong>, quando cercarono di sbarcare a La Coru\u00f1a.<\/p>\n\n\t\t\t\t<p>Di fronte alla possibilit\u00e0 che avrebbero distrutto e profanato la tomba dell\u2019Apostolo, decisero di costruire un\n\t\t\t\t\tpiccolo cubicolo sul retro dell\u2019altare principale dove nascondere i loro resti. In questo modo <strong>sono\n\t\t\t\t\t\tscomparsi per diversi anni fino<\/strong> a quando il cubicolo non fu scoperto nel 1884.<\/p>\n\t\t\t\n\t\t\t<\/section>\n\t\t<\/section>\n\t<\/div>\n<\/div>\n","protected":false},"excerpt":{"rendered":"<p>Giacomo Apostolo La storia Il C\u00f3dice Calixtino Giacomo Apostolo La Cattedrale di Santiago Botafumeiro Anno giubilare La Credenziale La Compostela Il Bastone e la Zucca Segnaletica del Cammino di Santiago Indice Origini Dopo la morte del Messia Scoperta del Sepolcro Inizio dei Pellegrinaggi Jacobo, Iacobus, Iago, James, Giacomo il Maggiore, Santiago de Zebedeo o semplicemente &hellip; <\/p>\n<p class=\"read_more\"><a href=\"https:\/\/www.pilgrim.es\/it\/pianificare\/giacomo-apostolo\/\">Leer m\u00e1s<\/a><\/p>\n","protected":false},"author":4,"featured_media":13816,"parent":46449,"menu_order":0,"comment_status":"closed","ping_status":"closed","template":"views\/template-new-web-design.blade.php","meta":{"footnotes":""},"categories":[],"tags":[],"class_list":["post-46566","page","type-page","status-publish","has-post-thumbnail","hentry"],"yoast_head":"<!-- This site is optimized with the Yoast SEO plugin v27.4 - https:\/\/yoast.com\/product\/yoast-seo-wordpress\/ -->\n<title>Giacomo Apostolo | Storia, morte e sepolcro di Giacomo il Maggiore<\/title>\n<meta name=\"description\" content=\"\u2705 L&#039;apostolo Giacomo o Giacomo il Grande. lll\u27a4 Conoce todo sobre su vida y obra, su labor evangelizadora y su tumba en la ciudad de Santiago de Compostela.\" \/>\n<meta name=\"robots\" content=\"index, follow, max-snippet:-1, max-image-preview:large, max-video-preview:-1\" \/>\n<link rel=\"canonical\" href=\"https:\/\/www.pilgrim.es\/it\/pianificare\/giacomo-apostolo\/\" \/>\n<meta property=\"og:locale\" content=\"it_IT\" \/>\n<meta property=\"og:type\" content=\"article\" \/>\n<meta property=\"og:title\" content=\"Giacomo Apostolo | Storia, morte e sepolcro di Giacomo il Maggiore\" \/>\n<meta property=\"og:description\" content=\"\u2705 L&#039;apostolo Giacomo o Giacomo il Grande. lll\u27a4 Conoce todo sobre su vida y obra, su labor evangelizadora y su tumba en la ciudad de Santiago de Compostela.\" \/>\n<meta property=\"og:url\" content=\"https:\/\/www.pilgrim.es\/it\/pianificare\/giacomo-apostolo\/\" \/>\n<meta property=\"og:site_name\" content=\"Pilgrim\" \/>\n<meta property=\"article:publisher\" content=\"https:\/\/www.facebook.com\/pilgrim.es\/\" \/>\n<meta property=\"article:modified_time\" content=\"2025-08-19T08:08:10+00:00\" \/>\n<meta property=\"og:image\" content=\"https:\/\/www.pilgrim.es\/wp-content\/uploads\/2019\/03\/santiago-apostol-21.jpg\" \/>\n\t<meta property=\"og:image:width\" content=\"812\" \/>\n\t<meta property=\"og:image:height\" content=\"996\" \/>\n\t<meta property=\"og:image:type\" content=\"image\/jpeg\" \/>\n<meta name=\"twitter:card\" content=\"summary_large_image\" \/>\n<meta name=\"twitter:site\" content=\"@pilgrim_es\" \/>\n<meta name=\"twitter:label1\" content=\"Tempo di lettura stimato\" \/>\n\t<meta name=\"twitter:data1\" content=\"3 minuti\" \/>\n<script type=\"application\/ld+json\" class=\"yoast-schema-graph\">{\"@context\":\"https:\\\/\\\/schema.org\",\"@graph\":[{\"@type\":\"WebPage\",\"@id\":\"https:\\\/\\\/www.pilgrim.es\\\/it\\\/pianificare\\\/giacomo-apostolo\\\/\",\"url\":\"https:\\\/\\\/www.pilgrim.es\\\/it\\\/pianificare\\\/giacomo-apostolo\\\/\",\"name\":\"Giacomo Apostolo | Storia, morte e sepolcro di Giacomo il Maggiore\",\"isPartOf\":{\"@id\":\"https:\\\/\\\/www.pilgrim.es\\\/it\\\/#website\"},\"primaryImageOfPage\":{\"@id\":\"https:\\\/\\\/www.pilgrim.es\\\/it\\\/pianificare\\\/giacomo-apostolo\\\/#primaryimage\"},\"image\":{\"@id\":\"https:\\\/\\\/www.pilgrim.es\\\/it\\\/pianificare\\\/giacomo-apostolo\\\/#primaryimage\"},\"thumbnailUrl\":\"https:\\\/\\\/www.pilgrim.es\\\/wp-content\\\/uploads\\\/2019\\\/03\\\/santiago-apostol-21.jpg\",\"datePublished\":\"2019-09-11T15:01:42+00:00\",\"dateModified\":\"2025-08-19T08:08:10+00:00\",\"description\":\"\u2705 L'apostolo Giacomo o Giacomo il Grande. lll\u27a4 Conoce todo sobre su vida y obra, su labor evangelizadora y su tumba en la ciudad de Santiago de Compostela.\",\"breadcrumb\":{\"@id\":\"https:\\\/\\\/www.pilgrim.es\\\/it\\\/pianificare\\\/giacomo-apostolo\\\/#breadcrumb\"},\"inLanguage\":\"it-IT\",\"potentialAction\":[{\"@type\":\"ReadAction\",\"target\":[\"https:\\\/\\\/www.pilgrim.es\\\/it\\\/pianificare\\\/giacomo-apostolo\\\/\"]}]},{\"@type\":\"ImageObject\",\"inLanguage\":\"it-IT\",\"@id\":\"https:\\\/\\\/www.pilgrim.es\\\/it\\\/pianificare\\\/giacomo-apostolo\\\/#primaryimage\",\"url\":\"https:\\\/\\\/www.pilgrim.es\\\/wp-content\\\/uploads\\\/2019\\\/03\\\/santiago-apostol-21.jpg\",\"contentUrl\":\"https:\\\/\\\/www.pilgrim.es\\\/wp-content\\\/uploads\\\/2019\\\/03\\\/santiago-apostol-21.jpg\",\"width\":812,\"height\":996,\"caption\":\"Giacomo Apostolo\"},{\"@type\":\"BreadcrumbList\",\"@id\":\"https:\\\/\\\/www.pilgrim.es\\\/it\\\/pianificare\\\/giacomo-apostolo\\\/#breadcrumb\",\"itemListElement\":[{\"@type\":\"ListItem\",\"position\":1,\"name\":\"Camino de Santiago\",\"item\":\"https:\\\/\\\/www.pilgrim.es\\\/it\\\/\"},{\"@type\":\"ListItem\",\"position\":2,\"name\":\"Pianificare\",\"item\":\"https:\\\/\\\/www.pilgrim.es\\\/it\\\/pianificare\\\/\"},{\"@type\":\"ListItem\",\"position\":3,\"name\":\"Giacomo Apostolo\"}]},{\"@type\":\"WebSite\",\"@id\":\"https:\\\/\\\/www.pilgrim.es\\\/it\\\/#website\",\"url\":\"https:\\\/\\\/www.pilgrim.es\\\/it\\\/\",\"name\":\"Pilgrim\",\"description\":\"Camino de Santiago | Caminamos Contigo\",\"publisher\":{\"@id\":\"https:\\\/\\\/www.pilgrim.es\\\/it\\\/#organization\"},\"potentialAction\":[{\"@type\":\"SearchAction\",\"target\":{\"@type\":\"EntryPoint\",\"urlTemplate\":\"https:\\\/\\\/www.pilgrim.es\\\/it\\\/?s={search_term_string}\"},\"query-input\":{\"@type\":\"PropertyValueSpecification\",\"valueRequired\":true,\"valueName\":\"search_term_string\"}}],\"inLanguage\":\"it-IT\"},{\"@type\":\"Organization\",\"@id\":\"https:\\\/\\\/www.pilgrim.es\\\/it\\\/#organization\",\"name\":\"Pilgrim Camino de Santiago\",\"url\":\"https:\\\/\\\/www.pilgrim.es\\\/it\\\/\",\"logo\":{\"@type\":\"ImageObject\",\"inLanguage\":\"it-IT\",\"@id\":\"https:\\\/\\\/www.pilgrim.es\\\/it\\\/#\\\/schema\\\/logo\\\/image\\\/\",\"url\":\"https:\\\/\\\/www.pilgrim.es\\\/wp-content\\\/uploads\\\/2019\\\/04\\\/logo_pilgrim.png\",\"contentUrl\":\"https:\\\/\\\/www.pilgrim.es\\\/wp-content\\\/uploads\\\/2019\\\/04\\\/logo_pilgrim.png\",\"width\":512,\"height\":512,\"caption\":\"Pilgrim Camino de Santiago\"},\"image\":{\"@id\":\"https:\\\/\\\/www.pilgrim.es\\\/it\\\/#\\\/schema\\\/logo\\\/image\\\/\"},\"sameAs\":[\"https:\\\/\\\/www.facebook.com\\\/pilgrim.es\\\/\",\"https:\\\/\\\/x.com\\\/pilgrim_es\",\"https:\\\/\\\/www.instagram.com\\\/pilgrim.es\\\/\",\"https:\\\/\\\/www.linkedin.com\\\/company\\\/pilgrim-camino-de-santiago\\\/\",\"https:\\\/\\\/www.pinterest.es\\\/pilgrimcaminodesantiago\\\/\",\"https:\\\/\\\/www.youtube.com\\\/channel\\\/UCIv2ZzFLXVqthkNF32rKedw\\\/featured\"]}]}<\/script>\n<!-- \/ Yoast SEO plugin. -->","yoast_head_json":{"title":"Giacomo Apostolo | Storia, morte e sepolcro di Giacomo il Maggiore","description":"\u2705 L'apostolo Giacomo o Giacomo il Grande. lll\u27a4 Conoce todo sobre su vida y obra, su labor evangelizadora y su tumba en la ciudad de Santiago de Compostela.","robots":{"index":"index","follow":"follow","max-snippet":"max-snippet:-1","max-image-preview":"max-image-preview:large","max-video-preview":"max-video-preview:-1"},"canonical":"https:\/\/www.pilgrim.es\/it\/pianificare\/giacomo-apostolo\/","og_locale":"it_IT","og_type":"article","og_title":"Giacomo Apostolo | Storia, morte e sepolcro di Giacomo il Maggiore","og_description":"\u2705 L'apostolo Giacomo o Giacomo il Grande. lll\u27a4 Conoce todo sobre su vida y obra, su labor evangelizadora y su tumba en la ciudad de Santiago de Compostela.","og_url":"https:\/\/www.pilgrim.es\/it\/pianificare\/giacomo-apostolo\/","og_site_name":"Pilgrim","article_publisher":"https:\/\/www.facebook.com\/pilgrim.es\/","article_modified_time":"2025-08-19T08:08:10+00:00","og_image":[{"width":812,"height":996,"url":"https:\/\/www.pilgrim.es\/wp-content\/uploads\/2019\/03\/santiago-apostol-21.jpg","type":"image\/jpeg"}],"twitter_card":"summary_large_image","twitter_site":"@pilgrim_es","twitter_misc":{"Tempo di lettura stimato":"3 minuti"},"schema":{"@context":"https:\/\/schema.org","@graph":[{"@type":"WebPage","@id":"https:\/\/www.pilgrim.es\/it\/pianificare\/giacomo-apostolo\/","url":"https:\/\/www.pilgrim.es\/it\/pianificare\/giacomo-apostolo\/","name":"Giacomo Apostolo | Storia, morte e sepolcro di Giacomo il Maggiore","isPartOf":{"@id":"https:\/\/www.pilgrim.es\/it\/#website"},"primaryImageOfPage":{"@id":"https:\/\/www.pilgrim.es\/it\/pianificare\/giacomo-apostolo\/#primaryimage"},"image":{"@id":"https:\/\/www.pilgrim.es\/it\/pianificare\/giacomo-apostolo\/#primaryimage"},"thumbnailUrl":"https:\/\/www.pilgrim.es\/wp-content\/uploads\/2019\/03\/santiago-apostol-21.jpg","datePublished":"2019-09-11T15:01:42+00:00","dateModified":"2025-08-19T08:08:10+00:00","description":"\u2705 L'apostolo Giacomo o Giacomo il Grande. lll\u27a4 Conoce todo sobre su vida y obra, su labor evangelizadora y su tumba en la ciudad de Santiago de Compostela.","breadcrumb":{"@id":"https:\/\/www.pilgrim.es\/it\/pianificare\/giacomo-apostolo\/#breadcrumb"},"inLanguage":"it-IT","potentialAction":[{"@type":"ReadAction","target":["https:\/\/www.pilgrim.es\/it\/pianificare\/giacomo-apostolo\/"]}]},{"@type":"ImageObject","inLanguage":"it-IT","@id":"https:\/\/www.pilgrim.es\/it\/pianificare\/giacomo-apostolo\/#primaryimage","url":"https:\/\/www.pilgrim.es\/wp-content\/uploads\/2019\/03\/santiago-apostol-21.jpg","contentUrl":"https:\/\/www.pilgrim.es\/wp-content\/uploads\/2019\/03\/santiago-apostol-21.jpg","width":812,"height":996,"caption":"Giacomo Apostolo"},{"@type":"BreadcrumbList","@id":"https:\/\/www.pilgrim.es\/it\/pianificare\/giacomo-apostolo\/#breadcrumb","itemListElement":[{"@type":"ListItem","position":1,"name":"Camino de Santiago","item":"https:\/\/www.pilgrim.es\/it\/"},{"@type":"ListItem","position":2,"name":"Pianificare","item":"https:\/\/www.pilgrim.es\/it\/pianificare\/"},{"@type":"ListItem","position":3,"name":"Giacomo Apostolo"}]},{"@type":"WebSite","@id":"https:\/\/www.pilgrim.es\/it\/#website","url":"https:\/\/www.pilgrim.es\/it\/","name":"Pilgrim","description":"Camino de Santiago | Caminamos Contigo","publisher":{"@id":"https:\/\/www.pilgrim.es\/it\/#organization"},"potentialAction":[{"@type":"SearchAction","target":{"@type":"EntryPoint","urlTemplate":"https:\/\/www.pilgrim.es\/it\/?s={search_term_string}"},"query-input":{"@type":"PropertyValueSpecification","valueRequired":true,"valueName":"search_term_string"}}],"inLanguage":"it-IT"},{"@type":"Organization","@id":"https:\/\/www.pilgrim.es\/it\/#organization","name":"Pilgrim Camino de Santiago","url":"https:\/\/www.pilgrim.es\/it\/","logo":{"@type":"ImageObject","inLanguage":"it-IT","@id":"https:\/\/www.pilgrim.es\/it\/#\/schema\/logo\/image\/","url":"https:\/\/www.pilgrim.es\/wp-content\/uploads\/2019\/04\/logo_pilgrim.png","contentUrl":"https:\/\/www.pilgrim.es\/wp-content\/uploads\/2019\/04\/logo_pilgrim.png","width":512,"height":512,"caption":"Pilgrim Camino de Santiago"},"image":{"@id":"https:\/\/www.pilgrim.es\/it\/#\/schema\/logo\/image\/"},"sameAs":["https:\/\/www.facebook.com\/pilgrim.es\/","https:\/\/x.com\/pilgrim_es","https:\/\/www.instagram.com\/pilgrim.es\/","https:\/\/www.linkedin.com\/company\/pilgrim-camino-de-santiago\/","https:\/\/www.pinterest.es\/pilgrimcaminodesantiago\/","https:\/\/www.youtube.com\/channel\/UCIv2ZzFLXVqthkNF32rKedw\/featured"]}]}},"_links":{"self":[{"href":"https:\/\/www.pilgrim.es\/it\/wp-json\/wp\/v2\/pages\/46566","targetHints":{"allow":["GET"]}}],"collection":[{"href":"https:\/\/www.pilgrim.es\/it\/wp-json\/wp\/v2\/pages"}],"about":[{"href":"https:\/\/www.pilgrim.es\/it\/wp-json\/wp\/v2\/types\/page"}],"author":[{"embeddable":true,"href":"https:\/\/www.pilgrim.es\/it\/wp-json\/wp\/v2\/users\/4"}],"replies":[{"embeddable":true,"href":"https:\/\/www.pilgrim.es\/it\/wp-json\/wp\/v2\/comments?post=46566"}],"version-history":[{"count":6,"href":"https:\/\/www.pilgrim.es\/it\/wp-json\/wp\/v2\/pages\/46566\/revisions"}],"predecessor-version":[{"id":135174,"href":"https:\/\/www.pilgrim.es\/it\/wp-json\/wp\/v2\/pages\/46566\/revisions\/135174"}],"up":[{"embeddable":true,"href":"https:\/\/www.pilgrim.es\/it\/wp-json\/wp\/v2\/pages\/46449"}],"wp:featuredmedia":[{"embeddable":true,"href":"https:\/\/www.pilgrim.es\/it\/wp-json\/wp\/v2\/media\/13816"}],"wp:attachment":[{"href":"https:\/\/www.pilgrim.es\/it\/wp-json\/wp\/v2\/media?parent=46566"}],"wp:term":[{"taxonomy":"category","embeddable":true,"href":"https:\/\/www.pilgrim.es\/it\/wp-json\/wp\/v2\/categories?post=46566"},{"taxonomy":"post_tag","embeddable":true,"href":"https:\/\/www.pilgrim.es\/it\/wp-json\/wp\/v2\/tags?post=46566"}],"curies":[{"name":"wp","href":"https:\/\/api.w.org\/{rel}","templated":true}]}}