{"id":46371,"date":"2019-09-10T11:50:28","date_gmt":"2019-09-10T11:50:28","guid":{"rendered":"https:\/\/prod.pilgrim.es\/la-credenziale-del-pellegrino\/"},"modified":"2025-10-09T12:48:02","modified_gmt":"2025-10-09T12:48:02","slug":"la-credenziale-del-pellegrino","status":"publish","type":"page","link":"https:\/\/www.pilgrim.es\/it\/pianificare\/la-credenziale-del-pellegrino\/","title":{"rendered":"La Credenziale del Pellegrino"},"content":{"rendered":"\n<div id=\"planifyPage\">\n\t<section>\n\t\t<h1>La Credenziale del Pellegrino<\/h1>\n\t<\/section>\n\t<section class=\"navigation\">\n\t\t<article>\n\t\t\t<i class=\"icon-shell\"><\/i>\n\t\t\t<ul>\n\t\t\t\t<li>\n\t\t\t\t\t<a href=\"https:\/\/www.pilgrim.es\/it\/pianificare\/storia-del-cammino-di-santiago\/\">La storia\n\t\t\t\t\t<\/a>\n\t\t\t\t<\/li>\n\t\t\t\t<li>\n\t\t\t\t\t<a href=\"https:\/\/www.pilgrim.es\/it\/pianificare\/il-codice-calixtino\/\">Il C\u00f3dice Calixtino<\/a>\n\t\t\t\t<\/li>\n\t\t\t\t<li>\n\t\t\t\t\t<a href=\"https:\/\/www.pilgrim.es\/it\/pianificare\/giacomo-apostolo\/\">Giacomo Apostolo<\/a>\n\t\t\t\t<\/li>\n\t\t\t<\/ul>\n\t\t<\/article>\n\t\t<article>\n\t\t\t<i class=\"icon-cathedral\"><\/i>\n\t\t\t<ul>\n\t\t\t\t<li>\n\t\t\t\t\t<a href=\"https:\/\/www.pilgrim.es\/it\/pianificare\/la-cattedrale-di-santiago\/\">La Cattedrale di\n\t\t\t\t\t\tSantiago<\/a>\n\t\t\t\t<\/li>\n\t\t\t\t<li>\n\t\t\t\t\t<a href=\"https:\/\/www.pilgrim.es\/it\/pianificare\/il-botafumeiro\/\">Botafumeiro<\/a>\n\t\t\t\t<\/li>\n\t\t\t\t<li>\n\t\t\t\t\t<a href=\"https:\/\/www.pilgrim.es\/it\/pianificare\/anno-giubilare\/\">Anno giubilare<\/a>\n\t\t\t\t<\/li>\n\t\t\t<\/ul>\n\t\t<\/article>\n\t\t<article>\n\t\t\t<i class=\"icon-compostela\"><\/i>\n\t\t\t<ul>\n\t\t\t\t<li class=\"nav-pill--active\">\n\t\t\t\t\t<a href=\"https:\/\/www.pilgrim.es\/it\/pianificare\/la-credenziale-del-pellegrino\/\">La Credenziale<\/a>\n\t\t\t\t<\/li>\n\t\t\t\t<li>\n\t\t\t\t\t<a href=\"https:\/\/www.pilgrim.es\/it\/pianificare\/la-compostela\/\">La Compostela<\/a>\n\t\t\t\t<\/li>\n\t\t\t\t<li>\n\t\t\t\t\t<a href=\"https:\/\/www.pilgrim.es\/it\/pianificare\/il-bastone-e-zucca\/\">Il Bastone e la Zucca<\/a>\n\t\t\t\t<\/li>\n\t\t\t\t<li>\n\t\t\t\t\t<a href=\"https:\/\/www.pilgrim.es\/it\/pianificare\/segnaletica-del-cammino-di-santiago\/\">Segnaletica del\n\t\t\t\t\t\tCammino di Santiago<\/a>\n\t\t\t\t<\/li>\n\t\t\t<\/ul>\n\t\t<\/article>\n\t<\/section>\n\t<div class=\"planify-content\">\n\t\t<section class=\"planify-content__hero\">\n\t\t\t<img decoding=\"async\" src=\"https:\/\/cdn.pilgrim.es\/web\/planificar\/credencial-abierta.webp\" alt=\"La Credenziale del Pellegrino\" \/>\n\t\t\t<div class=\"planner\"><div\r\n  class=\"p-col-span-1 p-rounded-lg p-px-5 p-h-full\"\r\n  style=\"background-image: url('https:\/\/cdn.pilgrim.es\/web\/pilgrim-planner\/bg-plugin-planificador.webp')\"\r\n  rel=\"preload\"\r\n  fetchpriority=\"high\"\r\n  >\r\n    <div class=\"p-text-center p-pt-5 p-text-white p-text-2xl p-font-semibold\">\r\n      Pianifica il tuo cammino    <\/div>\r\n    <div\r\n            id='primary-app'\r\n            data-name='banner'\r\n            data-api='https:\/\/pathfinder.pilgrim.es\/api\/pathfinder\/v2'\r\n            data-mode='normal'\r\n            data-lang='it'\r\n            data-route='1'\r\n            data-destiny='https:\/\/planificador.pilgrim.es'\r\n            data-modality='1'\r\n            data-inline=''\r\n        ><\/div><\/div><\/div>\n\t\t<\/section>\n\n\t\t<section class=\"planify-content__content\">\n\t\t\t<section>\n\t\t\t\t<h3>Indice<\/h3>\n\t\t\t\t<ul>\n\t\t\t\t\t<li><a href=\"#where-to-get-it\">Dove trovarlo<\/a><\/li>\n\t\t\t\t\t<li><a href=\"#official-document\">Documento ufficiale<\/a><\/li>\n\t\t\t\t\t<li><a href=\"#where-to-seal-it\">Dove timbrare<\/a><\/li>\n\t\t\t\t\t<li><a href=\"#how-to-seal-it\">Come sigillare<\/a><\/li>\n\t\t\t\t\t<li><a href=\"#other-credentials\">Altre credenziali<\/a><\/li>\n\t\t\t\t<\/ul>\n\t\t\t<\/section>\n\t\t\t<section>\n\t\t\t\t<p>La credenziale \u00e8 un documento che accompagna il pellegrino durante tutto il viaggio per verificare che abbia percorso\n\t\t\t\t\til <a href=\"\/it\/\">Cammino di Santiago<\/a>, a piedi, in bicicletta o a cavallo. \u00c8 considerato il <strong>documento\n\t\t\t\t\t\td\u2019identit\u00e0 del pellegrino<\/strong>.<\/p>\n\t\t\t<\/section>\n\n\t\t\t<section id=\"where-to-get-it\">\n\t\t\t\t<h2>Dove posso trovare la Credenziale del Cammino di Santiago?<\/h2>\n\t\t\t\t<p>Il documento pu\u00f2 essere richiesto in diversi uffici o alloggi come:<\/p>\n\t\t\t\t<ul>\n\t\t\t\t\t<li>Associazioni di amici del cammino<\/li>\n\t\t\t\t\t<li>Parrocchie nel Cammino<\/li>\n\t\t\t\t\t<li>In alcuni alberghi pubblici<\/li>\n\t\t\t\t\t<li>Presso le agenzie del Cammino<\/li>\n\t\t\t\t<\/ul>\n\t\t\t\t<p>Se <a href=\"https:\/\/www.pilgrim.es\/it\/pianificare\/\">organizzi il tuo Cammino<\/a> con noi, ti verr\u00e0 inviata la Credenziale del Pellegrino\n\t\t\t\t\tinclusa con il resto della documentazione relativa al cammino da intraprendere.<\/p>\n\t\t\t\t<h3>Quanto costa?<\/h3>\n\t\t\t\t<p>Il suo prezzo varia da 50 centesimi a 2 euro.<\/p>\n\t\t\t<\/section>\n\n\t\t\t<section id=\"official-document\">\n\t\t\t\t<h2>\u00c8 un documento ufficiale e anche\u2026<\/h2>\n\t\t\t\t<p>\u00c8 <strong>l\u2019unico certificato valido<\/strong> da ottenere all\u2019arrivo a Santiago la Compostela. Per i pellegrini,\n\t\t\t\t\tquesto pezzo di cartoncino \u00e8 la loro carta d\u2019identit\u00e0, il loro passaporto. Ecco perch\u00e9 soddisfa <strong>due\n\t\t\t\t\t\tobiettivi importanti<\/strong>:\n\t\t\t\t<\/p>\n\t\t\t\t<ul>\n\t\t\t\t\t<li>Permette di pernottare negli alloggi pubblici del cammino<\/li>\n\t\t\t\t\t<li>Sar\u00e0 l\u2019accreditamento necessario per ottenere l\u2019ambita \u201c<a href=\"https:\/\/www.pilgrim.es\/it\/pianificare\/la-compostela\/\">Compostela<\/a>\u201c<\/li>\n\t\t\t\t<\/ul>\n\t\t\t\t<p>La credenziale \u00e8 un cartoncino ripiegato con molte pagine, in cui ci sono gli spazi per i timbri degli alberghi,\n\t\t\t\t\tmonumenti o strutture dove si ferma il pellegrino ogni giorno. <strong>Deve essere timbrato almeno due volte al\n\t\t\t\t\t\tgiorno<\/strong>.<\/p>\n\t\t\t\t<p>Nell\u2019ufficio del pellegrino si controllano solamente le date e che il pellegrino abbia trascorso un\n\t\t\t\t\t<strong>minimo di almeno 100 km a piedi<\/strong> o a cavallo (<a href=\"https:\/\/www.pilgrim.es\/it\/pianificare\/la-compostela\/#A-pie\">Vedi Mappa<\/a>) e <strong>200 km in\n\t\t\t\t\t\tbicicletta<\/strong> (<a href=\"https:\/\/www.pilgrim.es\/it\/pianificare\/la-compostela\/#En-bici\">Vedi Mappa<\/a>).\n\t\t\t\t<\/p>\n\t\t\t\t<p>Quindi, <strong>se si perde la credenziale<\/strong>, nell\u2019ufficio del pellegrino, non potranno controllare il tuo\n\t\t\t\t\tpellegrinaggio e per questo motivo non ti rilasceranno la Compostela.<\/p>\n\t\t\t\t<img decoding=\"async\" src=\"https:\/\/cdn.pilgrim.es\/web\/planificar\/credencial.webp\" alt=\"Altre credenziali\">\n\t\t\t<\/section>\n\n\t\t\t<section id=\"where-to-seal-it\">\n\t\t\t\t<h2>Dove sigillare la credenziale?<\/h2>\n\t\t\t\t<p>Pu\u00f2 essere sigillato in numerosi punti lungo il cammino:<\/p>\n\t\t\t\t<ul>\n\t\t\t\t\t<li>Alberghi<\/li>\n\t\t\t\t\t<li>Comuni e consigli comunali<\/li>\n\t\t\t\t\t<li>Collegi e universit\u00e0<\/li>\n\t\t\t\t\t<li>Chiese, parrocchie e cattedrali<\/li>\n\t\t\t\t\t<li>Monumenti<\/li>\n\t\t\t\t\t<li>Uffici del Turismo<\/li>\n\t\t\t\t\t<li>Ancora oggi, in alcuni caffetterie e ristoranti<\/li>\n\t\t\t\t<\/ul>\n\t\t\t\t<img decoding=\"async\" src=\"https:\/\/cdn.pilgrim.es\/web\/planificar\/credencial-sellada.webp\" alt=\"Timbri della Credenziale del Pellegrino\">\n\t\t\t<\/section>\n\n\t\t\t<section id=\"how-to-seal-it\">\n\t\t\t\t<h2>Come sigillarlo?<\/h2>\n\t\t\t\t<p>Al fine di mantenere un corretto controllo della Credenziale, questa <strong>deve essere timbrata almeno due volte al\n\t\t\t\t\t\tgiorno<\/strong> per i pellegrini che effettuano solo i chilometri minimi necessari per ottenere la Compostela o\n\t\t\t\t\tper coloro che scelgono di effettuare il Cammino in singole tappe, poich\u00e9 esiste anche questa possibilit\u00e0, cosicch\u00e9\n\t\t\t\t\t\u00e8 sufficiente che i timbri <strong>seguano un ordine cronologico e geografico<\/strong>, ma non \u00e8 essenziale che il\n\t\t\t\t\tpellegrinaggio continui.<\/p>\n\t\t\t\t<p>L\u2019accreditamento del pellegrino quindi, <strong>non ha data di scadenza<\/strong>. Se si abbandona, o si effettua il\n\t\t\t\t\tcammino a tappe singole, come se ci volessero anni, si potr\u00e0 continuare ad utilizzare la stessa credenziale.<\/p>\n\t\t\t\t<p>Proprio come non capisce le date, l\u2019et\u00e0, e la credenziale pu\u00f2 essere portata da chiunque, anche da un bambino. Il suo\n\t\t\t\t\tformato, stile trittico e piegato a forma di fisarmonica, \u00e8 molto comodo e funzionale da indossare durante tutto il\n\t\t\t\t\tcammino.<\/p>\n\t\t\t<\/section>\n\n\t\t\t<section id=\"other-credentials\">\n\t\t\t\t<h2>Altre credenziali del Cammino di Santiago<\/h2>\n\t\t\t\t<p>Lungo i diversi <a href=\"https:\/\/www.pilgrim.es\/it\/cammini\/\">percorsi del Cammino di Santiago<\/a> sono presenti\n\t\t\t\t\tvarianti con la particolarit\u00e0 di avere una propria credenziale, alcuni di questi casi sono:<\/p>\n\t\t\t\t<ul>\n\t\t\t\t\t<li><strong>Credenziale Lebaniega<\/strong>: Oltre alle rotte giacobee, c\u2019\u00e8 una tracciato con un proprio anno\n\t\t\t\t\t\tgiubilare e una storia particolare, questo \u00e8 il Cammino Lebaniego. Ha anche una propria credenziale e una\n\t\t\t\t\t\tpropria Compostela chiamata \u201cLebaniega\u201d.<\/li>\n\t\t\t\t\t<li><strong>Credenziale salvadoregna<\/strong>: Sebbene la credenziale del Cammino di Santiago possa essere\n\t\t\t\t\t\ttimbrata anche su questo itinerario del Cammino, chiamato Cammino del Salvatore, la sua credenziale si\n\t\t\t\t\t\tdifferenzia in termini di aspetto e permette di raccogliere il certificato del percorso chiamato\n\t\t\t\t\t\t\u201cSalvadorana\u201d.<\/li>\n\t\t\t\t\t<li><strong><a href=\"https:\/\/www.pilgrim.es\/it\/pianificare\/cammino-di-santiago-con-il-cane\/#Credencial-Canina\">Credenziale\n\t\t\t\t\t\t\t\tCanina<\/a><\/strong>: Se desideri realizzare il <a href=\"https:\/\/www.pilgrim.es\/it\/pianificare\/cammino-di-santiago-con-il-cane\/\">Cammino di Santiago con un\n\t\t\t\t\t\t\tcane<\/a>, ora potrai timbrare il passaggio del tuo fedele animale domestico lungo il Cammino con la\n\t\t\t\t\t\tpropria Credenziale.<\/li>\n\t\t\t\t<\/ul>\n\t\t\t<\/section>\n\t\t<\/section>\n\t<\/div>\n<\/div>\n","protected":false},"excerpt":{"rendered":"<p>La Credenziale del Pellegrino La storia Il C\u00f3dice Calixtino Giacomo Apostolo La Cattedrale di Santiago Botafumeiro Anno giubilare La Credenziale La Compostela Il Bastone e la Zucca Segnaletica del Cammino di Santiago Indice Dove trovarlo Documento ufficiale Dove timbrare Come sigillare Altre credenziali La credenziale \u00e8 un documento che accompagna il pellegrino durante tutto il &hellip; <\/p>\n<p class=\"read_more\"><a href=\"https:\/\/www.pilgrim.es\/it\/pianificare\/la-credenziale-del-pellegrino\/\">Leer m\u00e1s<\/a><\/p>\n","protected":false},"author":4,"featured_media":13851,"parent":46449,"menu_order":0,"comment_status":"closed","ping_status":"closed","template":"views\/template-new-web-design.blade.php","meta":{"footnotes":""},"categories":[],"tags":[],"class_list":["post-46371","page","type-page","status-publish","has-post-thumbnail","hentry"],"yoast_head":"<!-- This site is optimized with the Yoast SEO plugin v27.4 - https:\/\/yoast.com\/product\/yoast-seo-wordpress\/ -->\n<title>\u25b7 Credenziale del pellegrino | Dove ottenerla | Cammino di Santiago<\/title>\n<meta name=\"description\" content=\"Scopri dove ottenere la Credenziale del Cammino di Santiago, il suo prezzo, dove timbrarlo e le curiosit\u00e0 che dovresti tenere a mente su questo documento.\" \/>\n<meta name=\"robots\" content=\"index, follow, max-snippet:-1, max-image-preview:large, max-video-preview:-1\" \/>\n<link rel=\"canonical\" href=\"https:\/\/www.pilgrim.es\/it\/pianificare\/la-credenziale-del-pellegrino\/\" \/>\n<meta property=\"og:locale\" content=\"it_IT\" \/>\n<meta property=\"og:type\" content=\"article\" \/>\n<meta property=\"og:title\" content=\"\u25b7 Credenziale del pellegrino | Dove ottenerla | Cammino di Santiago\" \/>\n<meta property=\"og:description\" content=\"Scopri dove ottenere la Credenziale del Cammino di Santiago, il suo prezzo, dove timbrarlo e le curiosit\u00e0 che dovresti tenere a mente su questo documento.\" \/>\n<meta property=\"og:url\" content=\"https:\/\/www.pilgrim.es\/it\/pianificare\/la-credenziale-del-pellegrino\/\" \/>\n<meta property=\"og:site_name\" content=\"Pilgrim\" \/>\n<meta property=\"article:publisher\" content=\"https:\/\/www.facebook.com\/pilgrim.es\/\" \/>\n<meta property=\"article:modified_time\" content=\"2025-10-09T12:48:02+00:00\" \/>\n<meta property=\"og:image\" content=\"https:\/\/www.pilgrim.es\/wp-content\/uploads\/2019\/03\/credencial.jpg\" \/>\n\t<meta property=\"og:image:width\" content=\"1059\" \/>\n\t<meta property=\"og:image:height\" content=\"918\" \/>\n\t<meta property=\"og:image:type\" content=\"image\/jpeg\" \/>\n<meta name=\"twitter:card\" content=\"summary_large_image\" \/>\n<meta name=\"twitter:site\" content=\"@pilgrim_es\" \/>\n<meta name=\"twitter:label1\" content=\"Tempo di lettura stimato\" \/>\n\t<meta name=\"twitter:data1\" content=\"3 minuti\" \/>\n<script type=\"application\/ld+json\" class=\"yoast-schema-graph\">{\"@context\":\"https:\\\/\\\/schema.org\",\"@graph\":[{\"@type\":\"WebPage\",\"@id\":\"https:\\\/\\\/www.pilgrim.es\\\/it\\\/pianificare\\\/la-credenziale-del-pellegrino\\\/\",\"url\":\"https:\\\/\\\/www.pilgrim.es\\\/it\\\/pianificare\\\/la-credenziale-del-pellegrino\\\/\",\"name\":\"\u25b7 Credenziale del pellegrino | Dove ottenerla | Cammino di Santiago\",\"isPartOf\":{\"@id\":\"https:\\\/\\\/www.pilgrim.es\\\/it\\\/#website\"},\"primaryImageOfPage\":{\"@id\":\"https:\\\/\\\/www.pilgrim.es\\\/it\\\/pianificare\\\/la-credenziale-del-pellegrino\\\/#primaryimage\"},\"image\":{\"@id\":\"https:\\\/\\\/www.pilgrim.es\\\/it\\\/pianificare\\\/la-credenziale-del-pellegrino\\\/#primaryimage\"},\"thumbnailUrl\":\"https:\\\/\\\/www.pilgrim.es\\\/wp-content\\\/uploads\\\/2019\\\/03\\\/credencial.jpg\",\"datePublished\":\"2019-09-10T11:50:28+00:00\",\"dateModified\":\"2025-10-09T12:48:02+00:00\",\"description\":\"Scopri dove ottenere la Credenziale del Cammino di Santiago, il suo prezzo, dove timbrarlo e le curiosit\u00e0 che dovresti tenere a mente su questo documento.\",\"breadcrumb\":{\"@id\":\"https:\\\/\\\/www.pilgrim.es\\\/it\\\/pianificare\\\/la-credenziale-del-pellegrino\\\/#breadcrumb\"},\"inLanguage\":\"it-IT\",\"potentialAction\":[{\"@type\":\"ReadAction\",\"target\":[\"https:\\\/\\\/www.pilgrim.es\\\/it\\\/pianificare\\\/la-credenziale-del-pellegrino\\\/\"]}]},{\"@type\":\"ImageObject\",\"inLanguage\":\"it-IT\",\"@id\":\"https:\\\/\\\/www.pilgrim.es\\\/it\\\/pianificare\\\/la-credenziale-del-pellegrino\\\/#primaryimage\",\"url\":\"https:\\\/\\\/www.pilgrim.es\\\/wp-content\\\/uploads\\\/2019\\\/03\\\/credencial.jpg\",\"contentUrl\":\"https:\\\/\\\/www.pilgrim.es\\\/wp-content\\\/uploads\\\/2019\\\/03\\\/credencial.jpg\",\"width\":1059,\"height\":918,\"caption\":\"La Credenziale del Pellegrino\"},{\"@type\":\"BreadcrumbList\",\"@id\":\"https:\\\/\\\/www.pilgrim.es\\\/it\\\/pianificare\\\/la-credenziale-del-pellegrino\\\/#breadcrumb\",\"itemListElement\":[{\"@type\":\"ListItem\",\"position\":1,\"name\":\"Camino de Santiago\",\"item\":\"https:\\\/\\\/www.pilgrim.es\\\/it\\\/\"},{\"@type\":\"ListItem\",\"position\":2,\"name\":\"Pianificare\",\"item\":\"https:\\\/\\\/www.pilgrim.es\\\/it\\\/pianificare\\\/\"},{\"@type\":\"ListItem\",\"position\":3,\"name\":\"La Credenziale del Pellegrino\"}]},{\"@type\":\"WebSite\",\"@id\":\"https:\\\/\\\/www.pilgrim.es\\\/it\\\/#website\",\"url\":\"https:\\\/\\\/www.pilgrim.es\\\/it\\\/\",\"name\":\"Pilgrim\",\"description\":\"Camino de Santiago | Caminamos Contigo\",\"publisher\":{\"@id\":\"https:\\\/\\\/www.pilgrim.es\\\/it\\\/#organization\"},\"potentialAction\":[{\"@type\":\"SearchAction\",\"target\":{\"@type\":\"EntryPoint\",\"urlTemplate\":\"https:\\\/\\\/www.pilgrim.es\\\/it\\\/?s={search_term_string}\"},\"query-input\":{\"@type\":\"PropertyValueSpecification\",\"valueRequired\":true,\"valueName\":\"search_term_string\"}}],\"inLanguage\":\"it-IT\"},{\"@type\":\"Organization\",\"@id\":\"https:\\\/\\\/www.pilgrim.es\\\/it\\\/#organization\",\"name\":\"Pilgrim Camino de Santiago\",\"url\":\"https:\\\/\\\/www.pilgrim.es\\\/it\\\/\",\"logo\":{\"@type\":\"ImageObject\",\"inLanguage\":\"it-IT\",\"@id\":\"https:\\\/\\\/www.pilgrim.es\\\/it\\\/#\\\/schema\\\/logo\\\/image\\\/\",\"url\":\"https:\\\/\\\/www.pilgrim.es\\\/wp-content\\\/uploads\\\/2019\\\/04\\\/logo_pilgrim.png\",\"contentUrl\":\"https:\\\/\\\/www.pilgrim.es\\\/wp-content\\\/uploads\\\/2019\\\/04\\\/logo_pilgrim.png\",\"width\":512,\"height\":512,\"caption\":\"Pilgrim Camino de Santiago\"},\"image\":{\"@id\":\"https:\\\/\\\/www.pilgrim.es\\\/it\\\/#\\\/schema\\\/logo\\\/image\\\/\"},\"sameAs\":[\"https:\\\/\\\/www.facebook.com\\\/pilgrim.es\\\/\",\"https:\\\/\\\/x.com\\\/pilgrim_es\",\"https:\\\/\\\/www.instagram.com\\\/pilgrim.es\\\/\",\"https:\\\/\\\/www.linkedin.com\\\/company\\\/pilgrim-camino-de-santiago\\\/\",\"https:\\\/\\\/www.pinterest.es\\\/pilgrimcaminodesantiago\\\/\",\"https:\\\/\\\/www.youtube.com\\\/channel\\\/UCIv2ZzFLXVqthkNF32rKedw\\\/featured\"]}]}<\/script>\n<!-- \/ Yoast SEO plugin. -->","yoast_head_json":{"title":"\u25b7 Credenziale del pellegrino | Dove ottenerla | Cammino di Santiago","description":"Scopri dove ottenere la Credenziale del Cammino di Santiago, il suo prezzo, dove timbrarlo e le curiosit\u00e0 che dovresti tenere a mente su questo documento.","robots":{"index":"index","follow":"follow","max-snippet":"max-snippet:-1","max-image-preview":"max-image-preview:large","max-video-preview":"max-video-preview:-1"},"canonical":"https:\/\/www.pilgrim.es\/it\/pianificare\/la-credenziale-del-pellegrino\/","og_locale":"it_IT","og_type":"article","og_title":"\u25b7 Credenziale del pellegrino | Dove ottenerla | Cammino di Santiago","og_description":"Scopri dove ottenere la Credenziale del Cammino di Santiago, il suo prezzo, dove timbrarlo e le curiosit\u00e0 che dovresti tenere a mente su questo documento.","og_url":"https:\/\/www.pilgrim.es\/it\/pianificare\/la-credenziale-del-pellegrino\/","og_site_name":"Pilgrim","article_publisher":"https:\/\/www.facebook.com\/pilgrim.es\/","article_modified_time":"2025-10-09T12:48:02+00:00","og_image":[{"width":1059,"height":918,"url":"https:\/\/www.pilgrim.es\/wp-content\/uploads\/2019\/03\/credencial.jpg","type":"image\/jpeg"}],"twitter_card":"summary_large_image","twitter_site":"@pilgrim_es","twitter_misc":{"Tempo di lettura stimato":"3 minuti"},"schema":{"@context":"https:\/\/schema.org","@graph":[{"@type":"WebPage","@id":"https:\/\/www.pilgrim.es\/it\/pianificare\/la-credenziale-del-pellegrino\/","url":"https:\/\/www.pilgrim.es\/it\/pianificare\/la-credenziale-del-pellegrino\/","name":"\u25b7 Credenziale del pellegrino | Dove ottenerla | Cammino di Santiago","isPartOf":{"@id":"https:\/\/www.pilgrim.es\/it\/#website"},"primaryImageOfPage":{"@id":"https:\/\/www.pilgrim.es\/it\/pianificare\/la-credenziale-del-pellegrino\/#primaryimage"},"image":{"@id":"https:\/\/www.pilgrim.es\/it\/pianificare\/la-credenziale-del-pellegrino\/#primaryimage"},"thumbnailUrl":"https:\/\/www.pilgrim.es\/wp-content\/uploads\/2019\/03\/credencial.jpg","datePublished":"2019-09-10T11:50:28+00:00","dateModified":"2025-10-09T12:48:02+00:00","description":"Scopri dove ottenere la Credenziale del Cammino di Santiago, il suo prezzo, dove timbrarlo e le curiosit\u00e0 che dovresti tenere a mente su questo documento.","breadcrumb":{"@id":"https:\/\/www.pilgrim.es\/it\/pianificare\/la-credenziale-del-pellegrino\/#breadcrumb"},"inLanguage":"it-IT","potentialAction":[{"@type":"ReadAction","target":["https:\/\/www.pilgrim.es\/it\/pianificare\/la-credenziale-del-pellegrino\/"]}]},{"@type":"ImageObject","inLanguage":"it-IT","@id":"https:\/\/www.pilgrim.es\/it\/pianificare\/la-credenziale-del-pellegrino\/#primaryimage","url":"https:\/\/www.pilgrim.es\/wp-content\/uploads\/2019\/03\/credencial.jpg","contentUrl":"https:\/\/www.pilgrim.es\/wp-content\/uploads\/2019\/03\/credencial.jpg","width":1059,"height":918,"caption":"La Credenziale del Pellegrino"},{"@type":"BreadcrumbList","@id":"https:\/\/www.pilgrim.es\/it\/pianificare\/la-credenziale-del-pellegrino\/#breadcrumb","itemListElement":[{"@type":"ListItem","position":1,"name":"Camino de Santiago","item":"https:\/\/www.pilgrim.es\/it\/"},{"@type":"ListItem","position":2,"name":"Pianificare","item":"https:\/\/www.pilgrim.es\/it\/pianificare\/"},{"@type":"ListItem","position":3,"name":"La Credenziale del Pellegrino"}]},{"@type":"WebSite","@id":"https:\/\/www.pilgrim.es\/it\/#website","url":"https:\/\/www.pilgrim.es\/it\/","name":"Pilgrim","description":"Camino de Santiago | Caminamos Contigo","publisher":{"@id":"https:\/\/www.pilgrim.es\/it\/#organization"},"potentialAction":[{"@type":"SearchAction","target":{"@type":"EntryPoint","urlTemplate":"https:\/\/www.pilgrim.es\/it\/?s={search_term_string}"},"query-input":{"@type":"PropertyValueSpecification","valueRequired":true,"valueName":"search_term_string"}}],"inLanguage":"it-IT"},{"@type":"Organization","@id":"https:\/\/www.pilgrim.es\/it\/#organization","name":"Pilgrim Camino de Santiago","url":"https:\/\/www.pilgrim.es\/it\/","logo":{"@type":"ImageObject","inLanguage":"it-IT","@id":"https:\/\/www.pilgrim.es\/it\/#\/schema\/logo\/image\/","url":"https:\/\/www.pilgrim.es\/wp-content\/uploads\/2019\/04\/logo_pilgrim.png","contentUrl":"https:\/\/www.pilgrim.es\/wp-content\/uploads\/2019\/04\/logo_pilgrim.png","width":512,"height":512,"caption":"Pilgrim Camino de Santiago"},"image":{"@id":"https:\/\/www.pilgrim.es\/it\/#\/schema\/logo\/image\/"},"sameAs":["https:\/\/www.facebook.com\/pilgrim.es\/","https:\/\/x.com\/pilgrim_es","https:\/\/www.instagram.com\/pilgrim.es\/","https:\/\/www.linkedin.com\/company\/pilgrim-camino-de-santiago\/","https:\/\/www.pinterest.es\/pilgrimcaminodesantiago\/","https:\/\/www.youtube.com\/channel\/UCIv2ZzFLXVqthkNF32rKedw\/featured"]}]}},"_links":{"self":[{"href":"https:\/\/www.pilgrim.es\/it\/wp-json\/wp\/v2\/pages\/46371","targetHints":{"allow":["GET"]}}],"collection":[{"href":"https:\/\/www.pilgrim.es\/it\/wp-json\/wp\/v2\/pages"}],"about":[{"href":"https:\/\/www.pilgrim.es\/it\/wp-json\/wp\/v2\/types\/page"}],"author":[{"embeddable":true,"href":"https:\/\/www.pilgrim.es\/it\/wp-json\/wp\/v2\/users\/4"}],"replies":[{"embeddable":true,"href":"https:\/\/www.pilgrim.es\/it\/wp-json\/wp\/v2\/comments?post=46371"}],"version-history":[{"count":11,"href":"https:\/\/www.pilgrim.es\/it\/wp-json\/wp\/v2\/pages\/46371\/revisions"}],"predecessor-version":[{"id":136482,"href":"https:\/\/www.pilgrim.es\/it\/wp-json\/wp\/v2\/pages\/46371\/revisions\/136482"}],"up":[{"embeddable":true,"href":"https:\/\/www.pilgrim.es\/it\/wp-json\/wp\/v2\/pages\/46449"}],"wp:featuredmedia":[{"embeddable":true,"href":"https:\/\/www.pilgrim.es\/it\/wp-json\/wp\/v2\/media\/13851"}],"wp:attachment":[{"href":"https:\/\/www.pilgrim.es\/it\/wp-json\/wp\/v2\/media?parent=46371"}],"wp:term":[{"taxonomy":"category","embeddable":true,"href":"https:\/\/www.pilgrim.es\/it\/wp-json\/wp\/v2\/categories?post=46371"},{"taxonomy":"post_tag","embeddable":true,"href":"https:\/\/www.pilgrim.es\/it\/wp-json\/wp\/v2\/tags?post=46371"}],"curies":[{"name":"wp","href":"https:\/\/api.w.org\/{rel}","templated":true}]}}