{"id":139701,"date":"2025-12-17T10:00:45","date_gmt":"2025-12-17T10:00:45","guid":{"rendered":"https:\/\/www.pilgrim.es\/?page_id=139701"},"modified":"2025-12-17T10:59:48","modified_gmt":"2025-12-17T10:59:48","slug":"informativa-sulla-privacy","status":"publish","type":"page","link":"https:\/\/www.pilgrim.es\/it\/informativa-sulla-privacy\/","title":{"rendered":"Informativa sulla Privacy"},"content":{"rendered":"\n<section id=\"policies\">\n  <h1>Informativa sulla Privacy<\/h1>\n\n  <h2>\n    <strong>1. Titolare del Trattamento<\/strong>\n  <\/h2>\n\n  <p>\n    Il Titolare del Trattamento corrisponde al titolare del sito web, i cui dati\n    completi sono: PILGRIM TRAVEL S.L. con CIF B27480045, con sede in\n    <strong>\n      C\/ Manuel Murgu\u00eda, SN, Edificio Casa del Agua, Piano 1\u00b0, Locale n. L1B &#8211;\n      CAP 15011 A Coru\u00f1a.\n    <\/strong>\n  <\/p>\n\n  <p>\n    Il Titolare del Trattamento \u00e8 inoltre proprietario dei seguenti spazi e\n    profili aziendali:\n  <\/p>\n\n  <ul>\n    <li>\n      Facebook:\n      <a \n        target=\"_blank\"\n        href=\"https:\/\/www.facebook.com\/pilgrim.es\/\"\n      >\n        <u>facebook.com\/pilgrim.es<\/u>\n      <\/a>\n    <\/li>\n\n    <li>\n      Instagram:\n      <a \n        href=\"https:\/\/www.instagram.com\/pilgrim.es\/\"\n        target=\"_blank\"\n      >\n        <u>instagram.es\/pilgrim.es<\/u>\n      <\/a>\n    <\/li>\n\n    <li>\n      Youtube:\n      <a \n        href=\"https:\/\/www.youtube.com\/c\/PilgrimCaminodeSantiago\/\"\n        target=\"_blank\"  \n      >\n        <u>youtube.com\/c\/PilgrimCaminodeSantiago<\/u>\n      <\/a>\n    <\/li>\n  <\/ul>\n\n  <h2>2. Contatto con il Responsabile della Protezione dei Dati (DPO)<\/h2>\n\n  <p>\n    \u00c8 possibile contattare il Responsabile della Protezione dei Dati\n    all&#8217;indirizzo sopra indicato o via e-mail:\n    <a target=\"_blank\" href=\"mailto:rgpd@pilgrim.es\">\n      <u>rgpd@pilgrim.es <\/u>\n    <\/a>\n  <\/p>\n\n  <h2>3. Dati trattati, finalit\u00e0 e periodo di conservazione<\/h2>\n\n  <h4 class=\"p-text-secondary p-text-xl p-font-semibold\">\n    3.1 Dati trattati\n  <\/h4>\n\n  <p>\n    I dati oggetto di trattamento varieranno in base alle diverse sezioni o\n    servizi messi a disposizione dell&#8217;utente e da questo utilizzati, nonch\u00e9 in\n    base ai trattamenti aggiuntivi autorizzati dallo stesso.\n  <\/p>\n\n  <ul>\n    <li>\n      <strong>Datos obtenidos del usuario<\/strong>: son los datos facilitados\n      por el usuario en el proceso de cumplimentaci\u00f3n de los formularios\n      dispuestos, as\u00ed como la suscripci\u00f3n a nuestros boletines o newsletters.\n      Entre estos datos se encuentran los datos identificativos y de contacto,\n      tales como el nombre y apellidos y la direcci\u00f3n de correo electr\u00f3nico,\n      entre otros. En cada uno de los formularios, se indicar\u00e1 cu\u00e1les son de\n      car\u00e1cter obligatorio y cu\u00e1les ser\u00e1n facultativos.\n    <\/li>\n\n    <li>\n      <strong>Datos no obtenidos del usuario<\/strong>: Durante la navegaci\u00f3n,\n      podr\u00e1n facilitarse datos como los que env\u00eda el navegador, la direcci\u00f3n IP\n      asignada por su proveedor o la informaci\u00f3n del dispositivo utilizado.\n      <br \/>En caso que hayas decidido registrarte utilizando tu perfil en las\n      redes sociales, estas nos proporcionar\u00e1n datos con ellas compartidas, como\n      los de geolocalizaci\u00f3n, caracter\u00edsticas personales o circunstancias\n      sociales o datos acad\u00e9micos y profesionales entre otros, entre los que se\n      encuentran los datos identificativos, incluida la imagen de perfil.\n    <\/li>\n  <\/ul>\n\n  <h4 class=\"p-text-secondary p-text-xl p-font-semibold\">\n    3.2 Finalit\u00e0\n  <\/h4>\n\n  <p>Le finalit\u00e0 del trattamento saranno le seguenti:<\/p>\n\n  <ul>\n    <li>\n      <strong>Contatto<\/strong>: L&#8217;e-mail o il telefono forniti saranno\n      utilizzati per rispondere efficacemente alle domande poste.\n    <\/li>\n\n    <li>\n      <strong>Newsletter<\/strong>: L&#8217;e-mail verificata dall&#8217;utente (o altri\n      mezzi simili, come il telefono) sar\u00e0 utilizzata per l&#8217;invio delle\n      newsletter, secondo i suoi interessi.\n    <\/li>\n\n    <li>\n      <strong>Contrattazione di prodotti e servizi<\/strong>: I dati richiesti\n      sono quelli strettamente necessari per inviare una proposta basata sulle\n      informazioni inserite nel pianificatore e, se del caso, per l&#8217;esecuzione\n      del contratto di servizi e\/o la formalizzazione delle prenotazioni\n      disponibili sul sito.\n    <\/li>\n  <\/ul>\n\n  <h4 class=\"p-text-secondary p-text-xl p-font-semibold\">\n    3.3 Conservazione\n  <\/h4>\n\n  <p>I dati saranno conservati come segue:<\/p>\n\n  <ul>\n    <li>\n      <strong>Contatto<\/strong>: Verranno eliminati una volta risposto al\n      quesito dell&#8217;utente.\n    <\/li>\n\n    <li>\n      <strong>Marketing e newsletter<\/strong>: I dati saranno trattati dal\n      momento in cui l&#8217;utente presta il consenso fino alla sua revoca, che potr\u00e0\n      avvenire in qualsiasi momento. Ogni comunicazione includer\u00e0 una procedura\n      gratuita e accessibile per gestire tale revoca.\n    <\/li>\n\n    <li>\n      <strong>Contrattazione di prodotti e servizi<\/strong>: I dati saranno\n      conservati finch\u00e9 necessari per la prestazione dei servizi e,\n      successivamente, per il periodo previsto dalla legge o per eventuali\n      reclami, in particolare in ambito fiscale e contabile.\n    <\/li>\n  <\/ul>\n\n  <h2>4. Base giuridica del trattamento<\/h2>\n\n  <p>\n    Secondo i trattamenti effettuati sul sito web, le basi giuridiche sono le\n    seguenti:\n  <\/p>\n\n  <ul>\n    <li>\n      <strong>Esecuzione di un contratto<\/strong>: Per i dati forniti nei\n      processi di prenotazione o contrattazione di prodotti e servizi.\n    <\/li>\n\n    <li>\n      <strong>Consenso<\/strong>: Per l&#8217;invio di newsletter e notizie, nonch\u00e9 per\n      rispondere alle domande degli utenti. Il consenso \u00e8 sempre revocabile.\n    <\/li>\n\n    <li>\n      <strong>Legittimo interesse<\/strong>: Per l&#8217;invio di comunicazioni\n      commerciali basate sui gusti e sugli interessi degli utenti e sui dati\n      ottenuti durante la navigazione.\n    <\/li>\n  <\/ul>\n\n  <h2>5. Destinatari e comunicazione dei dati<\/h2>\n\n  <p>\n    Per la gestione delle finalit\u00e0 collegate allo sviluppo e alla prestazione\n    del servizio, sar\u00e0 necessario comunicare i dati ai diversi fornitori, come\n    compagnie aeree, strutture ricettive e altri fornitori di servizi, che\n    utilizzeranno i dati esclusivamente per adempiere al contratto.\n  <\/p>\n\n  <p>\n    Per le finalit\u00e0 descritte nella presente Informativa, potremmo avvalerci di\n    terzi, come fornitori di servizi tecnologici, assistenza clienti, marketing\n    e pubblicit\u00e0.\n  <\/p>\n\n  <p>\n    Non \u00e8 previsto il trasferimento di dati al di fuori dell&#8217;Unione Europea.\n  <\/p>\n\n  <h2>6. Esercizio dei diritti<\/h2>\n\n  <p>\n    Ogni persona ha il diritto di ottenere conferma dell&#8217;esistenza o meno di un\n    trattamento dei propri dati personali. Gli interessati possono accedere ai\n    propri dati, richiedere la rettifica di quelli inesatti o chiederne la\n    cancellazione quando non pi\u00f9 necessari per le finalit\u00e0 per cui sono stati\n    raccolti.\n  <\/p>\n\n  <p>\n    In determinate circostanze, gli interessati potranno richiedere la\n    limitazione del trattamento o opporsi allo stesso, nel qual caso i dati\n    saranno conservati solo per l&#8217;esercizio o la difesa di eventuali reclami.\n  <\/p>\n\n  <p>\n    Gli utenti potranno inviare una comunicazione scritta a:\n    <strong>\n      C\/ Manuel Murgu\u00eda, SN, Edificio Casa del Agua, Piano 1\u00b0, Locale n. L1B &#8211;\n      CAP 15011 A Coru\u00f1a\n    <\/strong>\n    o tramite e-mail a:\n    <a target=\"_blank\" href=\"mailto:rgpd@pilgrim.es\">\n      <u>rgpd@pilgrim.es<\/u>\n    <\/a>\n  <\/p>\n\n  <p>\n    Se l&#8217;utente desidera esercitare il diritto alla portabilit\u00e0, i dati saranno\n    trasferiti al nuovo Titolare.\n  <\/p>\n\n  <p>\n    Gli utenti che lo ritengano opportuno possono presentare un reclamo dinanzi\n    all&#8217;<strong>Agencia Espa\u00f1ola de Protecci\u00f3n de Datos<\/strong> accessibile\n    tramite: <a target=\"_blank\" href=\"https:\/\/sedeagpd.gob.es\/\">\n      <u>https:\/\/sedeagpd.gob.es<\/u>\n    <\/a>.\n  <\/p>\n<\/section>\n","protected":false},"excerpt":{"rendered":"<p>Informativa sulla Privacy 1. Titolare del Trattamento Il Titolare del Trattamento corrisponde al titolare del sito web, i cui dati completi sono: PILGRIM TRAVEL S.L. con CIF B27480045, con sede in C\/ Manuel Murgu\u00eda, SN, Edificio Casa del Agua, Piano 1\u00b0, Locale n. L1B &#8211; CAP 15011 A Coru\u00f1a. Il Titolare del Trattamento \u00e8 inoltre &hellip; <\/p>\n<p class=\"read_more\"><a href=\"https:\/\/www.pilgrim.es\/it\/informativa-sulla-privacy\/\">Leer m\u00e1s<\/a><\/p>\n","protected":false},"author":1,"featured_media":0,"parent":0,"menu_order":0,"comment_status":"closed","ping_status":"closed","template":"views\/template-new-web-design.blade.php","meta":{"footnotes":""},"categories":[],"tags":[],"class_list":["post-139701","page","type-page","status-publish","hentry"],"yoast_head":"<!-- This site is optimized with the Yoast SEO plugin v27.2 - https:\/\/yoast.com\/product\/yoast-seo-wordpress\/ -->\n<title>Informativa sulla Privacy - Pilgrim<\/title>\n<meta name=\"robots\" content=\"index, follow, max-snippet:-1, max-image-preview:large, max-video-preview:-1\" \/>\n<link rel=\"canonical\" href=\"https:\/\/www.pilgrim.es\/it\/informativa-sulla-privacy\/\" \/>\n<meta property=\"og:locale\" content=\"it_IT\" \/>\n<meta property=\"og:type\" content=\"article\" \/>\n<meta property=\"og:title\" content=\"Informativa sulla Privacy - Pilgrim\" \/>\n<meta property=\"og:description\" content=\"Informativa sulla Privacy 1. Titolare del Trattamento Il Titolare del Trattamento corrisponde al titolare del sito web, i cui dati completi sono: PILGRIM TRAVEL S.L. con CIF B27480045, con sede in C\/ Manuel Murgu\u00eda, SN, Edificio Casa del Agua, Piano 1\u00b0, Locale n. L1B &#8211; CAP 15011 A Coru\u00f1a. Il Titolare del Trattamento \u00e8 inoltre &hellip; Leer m\u00e1s\" \/>\n<meta property=\"og:url\" content=\"https:\/\/www.pilgrim.es\/it\/informativa-sulla-privacy\/\" \/>\n<meta property=\"og:site_name\" content=\"Pilgrim\" \/>\n<meta property=\"article:publisher\" content=\"https:\/\/www.facebook.com\/pilgrim.es\/\" \/>\n<meta property=\"article:modified_time\" content=\"2025-12-17T10:59:48+00:00\" \/>\n<meta name=\"twitter:card\" content=\"summary_large_image\" \/>\n<meta name=\"twitter:site\" content=\"@pilgrim_es\" \/>\n<meta name=\"twitter:label1\" content=\"Tempo di lettura stimato\" \/>\n\t<meta name=\"twitter:data1\" content=\"4 minuti\" \/>\n<script type=\"application\/ld+json\" class=\"yoast-schema-graph\">{\"@context\":\"https:\/\/schema.org\",\"@graph\":[{\"@type\":\"WebPage\",\"@id\":\"https:\/\/www.pilgrim.es\/it\/informativa-sulla-privacy\/\",\"url\":\"https:\/\/www.pilgrim.es\/it\/informativa-sulla-privacy\/\",\"name\":\"Informativa sulla Privacy - Pilgrim\",\"isPartOf\":{\"@id\":\"https:\/\/www.pilgrim.es\/it\/#website\"},\"datePublished\":\"2025-12-17T10:00:45+00:00\",\"dateModified\":\"2025-12-17T10:59:48+00:00\",\"breadcrumb\":{\"@id\":\"https:\/\/www.pilgrim.es\/it\/informativa-sulla-privacy\/#breadcrumb\"},\"inLanguage\":\"it-IT\",\"potentialAction\":[{\"@type\":\"ReadAction\",\"target\":[\"https:\/\/www.pilgrim.es\/it\/informativa-sulla-privacy\/\"]}]},{\"@type\":\"BreadcrumbList\",\"@id\":\"https:\/\/www.pilgrim.es\/it\/informativa-sulla-privacy\/#breadcrumb\",\"itemListElement\":[{\"@type\":\"ListItem\",\"position\":1,\"name\":\"Camino de Santiago\",\"item\":\"https:\/\/www.pilgrim.es\/it\/\"},{\"@type\":\"ListItem\",\"position\":2,\"name\":\"Informativa sulla Privacy\"}]},{\"@type\":\"WebSite\",\"@id\":\"https:\/\/www.pilgrim.es\/it\/#website\",\"url\":\"https:\/\/www.pilgrim.es\/it\/\",\"name\":\"Pilgrim\",\"description\":\"Camino de Santiago | Caminamos Contigo\",\"publisher\":{\"@id\":\"https:\/\/www.pilgrim.es\/it\/#organization\"},\"potentialAction\":[{\"@type\":\"SearchAction\",\"target\":{\"@type\":\"EntryPoint\",\"urlTemplate\":\"https:\/\/www.pilgrim.es\/it\/?s={search_term_string}\"},\"query-input\":{\"@type\":\"PropertyValueSpecification\",\"valueRequired\":true,\"valueName\":\"search_term_string\"}}],\"inLanguage\":\"it-IT\"},{\"@type\":\"Organization\",\"@id\":\"https:\/\/www.pilgrim.es\/it\/#organization\",\"name\":\"Pilgrim Camino de Santiago\",\"url\":\"https:\/\/www.pilgrim.es\/it\/\",\"logo\":{\"@type\":\"ImageObject\",\"inLanguage\":\"it-IT\",\"@id\":\"https:\/\/www.pilgrim.es\/it\/#\/schema\/logo\/image\/\",\"url\":\"https:\/\/www.pilgrim.es\/wp-content\/uploads\/2019\/04\/logo_pilgrim.png\",\"contentUrl\":\"https:\/\/www.pilgrim.es\/wp-content\/uploads\/2019\/04\/logo_pilgrim.png\",\"width\":512,\"height\":512,\"caption\":\"Pilgrim Camino de Santiago\"},\"image\":{\"@id\":\"https:\/\/www.pilgrim.es\/it\/#\/schema\/logo\/image\/\"},\"sameAs\":[\"https:\/\/www.facebook.com\/pilgrim.es\/\",\"https:\/\/x.com\/pilgrim_es\",\"https:\/\/www.instagram.com\/pilgrim.es\/\",\"https:\/\/www.linkedin.com\/company\/pilgrim-camino-de-santiago\/\",\"https:\/\/www.pinterest.es\/pilgrimcaminodesantiago\/\",\"https:\/\/www.youtube.com\/channel\/UCIv2ZzFLXVqthkNF32rKedw\/featured\"]}]}<\/script>\n<!-- \/ Yoast SEO plugin. -->","yoast_head_json":{"title":"Informativa sulla Privacy - Pilgrim","robots":{"index":"index","follow":"follow","max-snippet":"max-snippet:-1","max-image-preview":"max-image-preview:large","max-video-preview":"max-video-preview:-1"},"canonical":"https:\/\/www.pilgrim.es\/it\/informativa-sulla-privacy\/","og_locale":"it_IT","og_type":"article","og_title":"Informativa sulla Privacy - Pilgrim","og_description":"Informativa sulla Privacy 1. Titolare del Trattamento Il Titolare del Trattamento corrisponde al titolare del sito web, i cui dati completi sono: PILGRIM TRAVEL S.L. con CIF B27480045, con sede in C\/ Manuel Murgu\u00eda, SN, Edificio Casa del Agua, Piano 1\u00b0, Locale n. L1B &#8211; CAP 15011 A Coru\u00f1a. Il Titolare del Trattamento \u00e8 inoltre &hellip; Leer m\u00e1s","og_url":"https:\/\/www.pilgrim.es\/it\/informativa-sulla-privacy\/","og_site_name":"Pilgrim","article_publisher":"https:\/\/www.facebook.com\/pilgrim.es\/","article_modified_time":"2025-12-17T10:59:48+00:00","twitter_card":"summary_large_image","twitter_site":"@pilgrim_es","twitter_misc":{"Tempo di lettura stimato":"4 minuti"},"schema":{"@context":"https:\/\/schema.org","@graph":[{"@type":"WebPage","@id":"https:\/\/www.pilgrim.es\/it\/informativa-sulla-privacy\/","url":"https:\/\/www.pilgrim.es\/it\/informativa-sulla-privacy\/","name":"Informativa sulla Privacy - Pilgrim","isPartOf":{"@id":"https:\/\/www.pilgrim.es\/it\/#website"},"datePublished":"2025-12-17T10:00:45+00:00","dateModified":"2025-12-17T10:59:48+00:00","breadcrumb":{"@id":"https:\/\/www.pilgrim.es\/it\/informativa-sulla-privacy\/#breadcrumb"},"inLanguage":"it-IT","potentialAction":[{"@type":"ReadAction","target":["https:\/\/www.pilgrim.es\/it\/informativa-sulla-privacy\/"]}]},{"@type":"BreadcrumbList","@id":"https:\/\/www.pilgrim.es\/it\/informativa-sulla-privacy\/#breadcrumb","itemListElement":[{"@type":"ListItem","position":1,"name":"Camino de Santiago","item":"https:\/\/www.pilgrim.es\/it\/"},{"@type":"ListItem","position":2,"name":"Informativa sulla Privacy"}]},{"@type":"WebSite","@id":"https:\/\/www.pilgrim.es\/it\/#website","url":"https:\/\/www.pilgrim.es\/it\/","name":"Pilgrim","description":"Camino de Santiago | Caminamos Contigo","publisher":{"@id":"https:\/\/www.pilgrim.es\/it\/#organization"},"potentialAction":[{"@type":"SearchAction","target":{"@type":"EntryPoint","urlTemplate":"https:\/\/www.pilgrim.es\/it\/?s={search_term_string}"},"query-input":{"@type":"PropertyValueSpecification","valueRequired":true,"valueName":"search_term_string"}}],"inLanguage":"it-IT"},{"@type":"Organization","@id":"https:\/\/www.pilgrim.es\/it\/#organization","name":"Pilgrim Camino de Santiago","url":"https:\/\/www.pilgrim.es\/it\/","logo":{"@type":"ImageObject","inLanguage":"it-IT","@id":"https:\/\/www.pilgrim.es\/it\/#\/schema\/logo\/image\/","url":"https:\/\/www.pilgrim.es\/wp-content\/uploads\/2019\/04\/logo_pilgrim.png","contentUrl":"https:\/\/www.pilgrim.es\/wp-content\/uploads\/2019\/04\/logo_pilgrim.png","width":512,"height":512,"caption":"Pilgrim Camino de Santiago"},"image":{"@id":"https:\/\/www.pilgrim.es\/it\/#\/schema\/logo\/image\/"},"sameAs":["https:\/\/www.facebook.com\/pilgrim.es\/","https:\/\/x.com\/pilgrim_es","https:\/\/www.instagram.com\/pilgrim.es\/","https:\/\/www.linkedin.com\/company\/pilgrim-camino-de-santiago\/","https:\/\/www.pinterest.es\/pilgrimcaminodesantiago\/","https:\/\/www.youtube.com\/channel\/UCIv2ZzFLXVqthkNF32rKedw\/featured"]}]}},"_links":{"self":[{"href":"https:\/\/www.pilgrim.es\/it\/wp-json\/wp\/v2\/pages\/139701","targetHints":{"allow":["GET"]}}],"collection":[{"href":"https:\/\/www.pilgrim.es\/it\/wp-json\/wp\/v2\/pages"}],"about":[{"href":"https:\/\/www.pilgrim.es\/it\/wp-json\/wp\/v2\/types\/page"}],"author":[{"embeddable":true,"href":"https:\/\/www.pilgrim.es\/it\/wp-json\/wp\/v2\/users\/1"}],"replies":[{"embeddable":true,"href":"https:\/\/www.pilgrim.es\/it\/wp-json\/wp\/v2\/comments?post=139701"}],"version-history":[{"count":10,"href":"https:\/\/www.pilgrim.es\/it\/wp-json\/wp\/v2\/pages\/139701\/revisions"}],"predecessor-version":[{"id":139731,"href":"https:\/\/www.pilgrim.es\/it\/wp-json\/wp\/v2\/pages\/139701\/revisions\/139731"}],"wp:attachment":[{"href":"https:\/\/www.pilgrim.es\/it\/wp-json\/wp\/v2\/media?parent=139701"}],"wp:term":[{"taxonomy":"category","embeddable":true,"href":"https:\/\/www.pilgrim.es\/it\/wp-json\/wp\/v2\/categories?post=139701"},{"taxonomy":"post_tag","embeddable":true,"href":"https:\/\/www.pilgrim.es\/it\/wp-json\/wp\/v2\/tags?post=139701"}],"curies":[{"name":"wp","href":"https:\/\/api.w.org\/{rel}","templated":true}]}}