{"id":47375,"date":"2019-10-05T06:46:19","date_gmt":"2019-10-05T06:46:19","guid":{"rendered":"https:\/\/prod.pilgrim.es\/camino-aragones\/stage-3-arres-ruesta\/"},"modified":"2025-04-25T08:37:14","modified_gmt":"2025-04-25T08:37:14","slug":"stage-3-arres-ruesta","status":"publish","type":"page","link":"https:\/\/www.pilgrim.es\/en\/camino-aragones\/stage-3-arres-ruesta\/","title":{"rendered":"Camino Aragon\u00e9s | Stage 3: Arr\u00e9s &#8211; Ruesta"},"content":{"rendered":"\n<section id=\"heroStage\">\n\t<h1>Camino Aragon\u00e9s &#8231; Stage 3<\/h1>\n\t<div>\n\t\t<div class=\"hero\" data-background=\"https:\/\/cdn.pilgrim.es\/web\/caminos\/camino-aragones\/pueblos\/arres.jpg\">\n\t\t\t<div class=\"hero__container\">\n\t\t\t\t<div class=\"hero__container__labels\">\n\t\t\t\t\t<p>On foot<\/p>\n\t\t\t\t\t<p>6 stages \/ 205 kms<\/p>\n\t\t\t\t<\/div>\n\t\t\t\t<div class=\"hero__container__stage-name\">\n\t\t\t\t\t<h2>\n\t\t\t\t\t\tArr\u00e9s <br \/>\n\t\t\t\t\t\t<span>&#10093;<\/span>\n\t\t\t\t\t\tRuesta\n\t\t\t\t\t<\/h2>\n\t\t\t\t\t<p>28,4 Km<\/p>\n\t\t\t\t<\/div>\n\t\t\t\t<div class=\"hero__container__stage-changer\">\n\t\t\t\t\t<div class=\"stage-control\">\n\t\t\t\t\t\t<a href=\"https:\/\/www.pilgrim.es\/en\/camino-aragones\/stage-2-jaca-arres\/\" class=\"\n                            stage-control__link\"><span>&#10094;<\/span>\n\t\t\t\t\t\t\tStage 2<\/a>\n\t\t\t\t\t<\/div>\n\t\t\t\t\t<div class=\"stage-control\">\n\t\t\t\t\t\t<a class=\"stage-control__link\" href=\"https:\/\/www.pilgrim.es\/en\/camino-aragones\/stage-4-ruesta-sanguesa\/\">Stage 4\n\t\t\t\t\t\t\t<span>&#10095;<\/span><\/a>\n\t\t\t\t\t<\/div>\n\t\t\t\t<\/div>\n\t\t\t<\/div>\n\t\t<\/div>\n\t\t<div class=\"planner\"><div\r\n  class=\"p-col-span-1 p-rounded-lg p-px-5 p-h-full\"\r\n  style=\"background-image: url('https:\/\/cdn.pilgrim.es\/web\/pilgrim-planner\/bg-plugin-planificador.webp')\"\r\n  rel=\"preload\"\r\n  fetchpriority=\"high\"\r\n  >\r\n    <div class=\"p-text-center p-pt-5 p-text-white p-text-2xl p-font-semibold\">\r\n      Plan your journey    <\/div>\r\n    <div\r\n            id='primary-app'\r\n            data-name='banner'\r\n            data-api='https:\/\/pathfinder.pilgrim.es\/api\/pathfinder\/v2'\r\n            data-mode='normal'\r\n            data-lang='en'\r\n            data-route='1'\r\n            data-destiny='https:\/\/planificador.pilgrim.es'\r\n            data-modality='1'\r\n            data-inline=''\r\n        ><\/div><\/div><\/div>\n\t<\/div>\n<\/section>\n\n<section id=\"scoreBarsStage\">\n\t<section>\r\n  <div class=\"p-flex p-flex-nowrap p-space-x-4 p-py-5 p-overflow-x-auto md:p-grid md:p-grid-cols-3 lg:p-grid-cols-5 md:p-gap-8 md:p-space-x-0 md:p-overflow-hidden scrollbar-thin\">\r\n    <div class=\"p-grid p-grid-cols-4 p-shrink-0 p-w-72 p-snap-start md:p-w-full\">\r\n        <div class=\"p-col-span-1 p-self-center p-text-center p-text-3xl\">\r\n            <i class=\"icon-influx\"><\/i>\r\n        <\/div>\r\n        <div class=\"p-col-span-3 p-flex p-flex-col p-items-start\">\r\n            <div class=\"p-text-start p-text-secondary p-mb-1 p-bold\"> Affluence <\/div>\r\n            <div class=\"p-w-full p-bg-light p-rounded-full p-h-2 p-relative\">\r\n                <div class=\"p-bg-primary p-h-2 p-rounded-full p-absolute\" style=\"width: 20%;\"><\/div>\r\n            <\/div>\r\n        <\/div>\r\n    <\/div>\r\n\r\n    <div class=\"p-grid p-grid-cols-4 p-shrink-0 p-w-72 p-snap-start md:p-w-full\">\r\n        <div class=\"p-col-span-1 p-self-center p-text-center p-text-3xl\">\r\n            <i class=\"icon-difficulty\"><\/i>\r\n        <\/div>\r\n        <div class=\"p-col-span-3 p-flex p-flex-col p-items-start\">\r\n            <div class=\"p-text-start p-text-secondary p-mb-1 p-bold\"> Difficulty <\/div>\r\n            <div class=\"p-w-full p-bg-light p-rounded-full p-h-2 p-relative\">\r\n                <div class=\"p-bg-primary p-h-2 p-rounded-full p-absolute\" style=\"width: 60%;\"><\/div>\r\n            <\/div>\r\n        <\/div>\r\n    <\/div>\r\n\r\n    <div class=\"p-grid p-grid-cols-4 p-shrink-0 p-w-72 p-snap-start md:p-w-full\">\r\n        <div class=\"p-col-span-1 p-self-center p-text-center p-text-3xl\">\r\n            <i class=\"icon-patrimony\"><\/i>\r\n        <\/div>\r\n        <div class=\"p-col-span-3 p-flex p-flex-col p-items-start\">\r\n            <div class=\"p-text-start p-text-secondary p-mb-1 p-bold\"> Art\/History <\/div>\r\n            <div class=\"p-w-full p-bg-light p-rounded-full p-h-2 p-relative\">\r\n                <div class=\"p-bg-primary p-h-2 p-rounded-full p-absolute\" style=\"width: 20%;\"><\/div>\r\n            <\/div>\r\n        <\/div>\r\n    <\/div>\r\n\r\n    <div class=\"p-grid p-grid-cols-4 p-shrink-0 p-w-72 p-snap-start md:p-w-full\">\r\n        <div class=\"p-col-span-1 p-self-center p-text-center p-text-3xl\">\r\n            <i class=\"icon-nature\"><\/i>\r\n        <\/div>\r\n        <div class=\"p-col-span-3 p-flex p-flex-col p-items-start\">\r\n            <div class=\"p-text-start p-text-secondary p-mb-1 p-bold\"> Nature <\/div>\r\n            <div class=\"p-w-full p-bg-light p-rounded-full p-h-2 p-relative\">\r\n                <div class=\"p-bg-primary p-h-2 p-rounded-full p-absolute\" style=\"width: 60%;\"><\/div>\r\n            <\/div>\r\n        <\/div>\r\n    <\/div>\r\n\r\n    <div class=\"p-grid p-grid-cols-4 p-shrink-0 p-w-72 p-snap-start md:p-w-full\">\r\n        <div class=\"p-col-span-1 p-self-center p-text-center p-text-3xl\">\r\n            <i class=\"icon-urban\"><\/i>\r\n        <\/div>\r\n        <div class=\"p-col-span-3 p-flex p-flex-col p-items-start\">\r\n            <div class=\"p-text-start p-text-secondary p-mb-1 p-bold\"> Urban road <\/div>\r\n            <div class=\"p-w-full p-bg-light p-rounded-full p-h-2 p-relative\">\r\n                <div class=\"p-bg-primary p-h-2 p-rounded-full p-absolute\" style=\"width: 20%;\"><\/div>\r\n            <\/div>\r\n        <\/div>\r\n    <\/div>\r\n  <\/div>\r\n<\/section>\n<\/section>\n\n<div id=\"stage-list-section\"><div class=\"stage-list\">\n    <div class='stage-list__map-card'>\n        <div class='stage-list__map-card__map'>\n            <div class='stage-list__map-card__map__text'>\n                <h2> Pages <\/h2>\n                <p> On foot<\/p>\n                <p> 0 stages<\/p>\n            <\/div>\n            <div class='stage-list__map-card__map__img'>\n                <img decoding=\"async\" src=\"\" alt=\" mapa \" \/>\n            <\/div>\n        <\/div>\n    <\/div>\n\n    <\/div>\n<\/div>\n\n<section id=\"navStage\">\n\t<div>\n\t\t<nav id=\"tab-navigation-section\" class=\"tab-navigation-section--cols-3\">\n\t\t\t<a href=\"#infoSection\" class=\"active\">Information<\/a>\n\t\t\t<a href=\"#itinerarySection\">Itinerary<\/a>\n\t\t\t<a href=\"#locationsSection\">Localities<\/a>\n\t\t<\/nav>\n\n\t\t<div id=\"infoSection\">\n\t\t\t<!-- Title Section with Orange Line -->\n\t\t\t<div>\n\t\t\t\t<h4 class=\"p-h4--section\">Information<\/h4>\n\t\t\t\t<hr class=\"orange-bar\" \/>\n\t\t\t\t<h3 class=\"p-h3\">About this stage<\/h3>\n\t\t\t<\/div>\n\n\t\t\t<!-- Main Content Section -->\n\t\t\t<p>\n\t\t\t\tThis stage has a low density of pilgrims and allows for a countinuous pilgrimage with few ups and downs.\n\t\t\t\tAlong this path we will find few areas to shelter from the sun, so if you do it in a hot period, it is\n\t\t\t\thighly recommendable to always carry a full water bottle and take advantage of the few areas that offer\n\t\t\t\tshelter from the sun\u2019s rays. We recommend avoiding the hottest times of the day.\n\t\t\t<\/p>\n\n\t\t\t<div class=\"recomendation-card\">\n\t\t\t\t<div>\n\t\t\t\t\t<i class=\"icon-logo-pilgrim\"><\/i>\n\t\t\t\t\t<h5>Recommendation Pilgrim<\/h5>\n\t\t\t\t<\/div>\n\n\t\t\t\t<p>\n\t\t\t\t\tAlong this stage, there are few places that offer adequate services for pilgrims, so you should take\n\t\t\t\t\tadvantage of the areas that do offer these services, in order to avoid arriving to Ruesta a little\n\t\t\t\t\tshort on supplies.\n\t\t\t\t<\/p>\n\t\t\t<\/div>\n\t\t<\/div>\n\n\n\t\t<div id=\"itinerarySection\">\n\t\t\t<h4 class=\"p-h4--section\">Route<\/h4>\n\t\t\t<hr \/>\n\t\t\t<h3 class=\"p-h3\">Itinerary<\/h3>\n\t\t\t<div>\n\t\t\t\t<h4>Km 0 &#8231; Jaca<\/h4>\n\t\t\t\t<p>\n\t\t\t\t\tFollowing the arrows along the paths, and passing along long stretches of cereal crops, we arrive to\n\t\t\t\t\tthe village of Berd\u00fan. We don\u2019t enter the village, but instead, keep it on your right, on the other\n\t\t\t\t\tside of the river as a point of reference. We follow the road from Berd\u00fan to Martes.\n\t\t\t\t<\/p>\n\t\t\t<\/div>\n\t\t\t<hr \/>\n\t\t\t<div>\n\t\t\t\t<p>\n\t\t\t\t\tFollowing along the road, we find a shortcut that will take us to an agricultural trail, that\n\t\t\t\t\tfurther on, connects with another path that leads to a dual carriageway. We follow the path,\n\t\t\t\t\tcrossing the border between the provinces of Huesca and Zaragoza, and after a rather difficult\n\t\t\t\t\tsection, we exit onto the dual carriageway to Mianos. We reach this town, but quickly abandon it\n\t\t\t\t\tfurther ahead, along a path that skirts some mounds with stones.\n\t\t\t\t<\/p>\n\t\t\t<\/div>\n\t\t\t<hr \/>\n\t\t\t<div>\n\t\t\t\t<p>\n\t\t\t\t\tWith some slight ups and downs, we continue along the dual carriageway from Mianos to Artieda,\n\t\t\t\t\treaching a crossroads. Once here, we can decide whether to visit Artieda, or continue on. If we do\n\t\t\t\t\tthe visit, we can take up the journey again following the dual carriageway that passes alongside the\n\t\t\t\t\tvillage, leaving the village on the left until reaching a farm. We should continue along the left\n\t\t\t\t\tuntil reaching the A-1601, until we see the signpost for 6 km.\n\t\t\t\t<\/p>\n\t\t\t<\/div>\n\t\t\t<hr \/>\n\t\t\t<div>\n\t\t\t\t<h4>Km 28,4 &#8231; Ruesta<\/h4>\n\t\t\t\t<p>\n\t\t\t\t\tWe climb a path that is on the left, thus avoiding the dual carriageway, although later on, we\n\t\t\t\t\tshould cross it again in order to reach a forest path, with the Yesa reservoir on our left. A short\n\t\t\t\t\ttime later, we return to the dual carriageway in order to reach Ruesta.\n\t\t\t\t<\/p>\n\t\t\t<\/div>\n\t\t\t<hr \/>\n\t\t<\/div>\n\n\t\t<div id=\"locationsSection\">\n\t\t\t<h4 class=\"p-h4--section\">Localities<\/h4>\n\t\t\t<hr \/>\n\t\t\t<h3 class=\"p-h3\">Towns<\/h3>\n\t\t\t<div class=\"grid-container\">\n\t\t\t\t<div class=\"p-group card-stage p-max-w-full\">\n\t\t\t\t\t<div class=\"card-stage__header\">\n\t\t\t\t\t\t<img decoding=\"async\" src=\"https:\/\/cdn.pilgrim.es\/web\/caminos\/camino-aragones\/pueblos\/arres.jpg\" alt=\"Arr\u00e9s\" \/>\n\t\t\t\t\t<\/div>\n\t\t\t\t\t<div class=\"town-card__flex-container\">\n\t\t\t\t\t\t<div class=\"town-card__flex-container__info\">\n\t\t\t\t\t\t\t<h3>Arr\u00e9s<\/h3>\n\t\t\t\t\t\t\t<p>Province: Huesca<\/p>\n\t\t\t\t\t\t<\/div>\n\t\t\t\t\t<\/div>\n\t\t\t\t<\/div>\n\t\t\t\t<div class=\"p-group card-stage p-max-w-full\">\n\t\t\t\t\t<div class=\"card-stage__header\">\n\t\t\t\t\t\t<img decoding=\"async\" src=\"https:\/\/cdn.pilgrim.es\/web\/caminos\/camino-aragones\/pueblos\/ruesta.jpg\" alt=\"Ruesta\" \/>\n\t\t\t\t\t<\/div>\n\t\t\t\t\t<div class=\"town-card__flex-container\">\n\t\t\t\t\t\t<div class=\"town-card__flex-container__info\">\n\t\t\t\t\t\t\t<h3>Ruesta<\/h3>\n\t\t\t\t\t\t\t<p>Province: Zaragoza<\/p>\n\t\t\t\t\t\t<\/div>\n\t\t\t\t\t<\/div>\n\t\t\t\t<\/div>\n\t\t\t<\/div>\n\t\t<\/div>\n\t\t<hr class=\"single-bar\" \/>\n\t<\/div>\n<\/section>\n\n<section id=\"stageChange\">\n\t<div>\n\t\t<a href=\"https:\/\/www.pilgrim.es\/en\/camino-aragones\/stage-2-jaca-arres\/\" class=\"change-btn p-items-center\">\n\t\t\t<div class=\"btn-arrow previous\">\n\t\t\t\t<i class=\"icon-arrow\"><\/i>\n\t\t\t<\/div>\n\t\t\t<div class=\"change-btn__info\">\n\t\t\t\t<div>Stage 2<\/div>\n\t\t\t\t<p>\n\t\t\t\t\tJaca &#10095; <br \/>\n\t\t\t\t\tArr\u00e9s\n\t\t\t\t<\/p>\n\t\t\t<\/div>\n\t\t<\/a>\n\t\t<a href=\"https:\/\/www.pilgrim.es\/en\/camino-aragones\/stage-4-ruesta-sanguesa\/\" class=\"change-btn\">\n\t\t\t<div class=\"change-btn__info\">\n\t\t\t\t<div>Stage 4<\/div>\n\t\t\t\t<p>\n\t\t\t\t\tRuesta &#10095; <br \/>\n\t\t\t\t\tSang\u00fcesa\n\t\t\t\t<\/p>\n\t\t\t<\/div>\n\t\t\t<div class=\"btn-arrow\">\n\t\t\t\t<i class=\"icon-arrow\"><\/i>\n\t\t\t<\/div>\n\t\t<\/a>\n\t<\/div>\n<\/section>\n","protected":false},"excerpt":{"rendered":"<p>Camino Aragon\u00e9s &#8231; Stage 3 On foot 6 stages \/ 205 kms Arr\u00e9s &#10093; Ruesta 28,4 Km &#10094; Stage 2 Stage 4 &#10095; Information Itinerary Localities Information About this stage This stage has a low density of pilgrims and allows for a countinuous pilgrimage with few ups and downs. Along this path we will find &hellip; <\/p>\n<p class=\"read_more\"><a href=\"https:\/\/www.pilgrim.es\/en\/camino-aragones\/stage-3-arres-ruesta\/\">Leer m\u00e1s<\/a><\/p>\n","protected":false},"author":4,"featured_media":0,"parent":47086,"menu_order":0,"comment_status":"closed","ping_status":"closed","template":"views\/template-new-web-design.blade.php","meta":{"footnotes":""},"categories":[],"tags":[],"class_list":["post-47375","page","type-page","status-publish","hentry"],"yoast_head":"<!-- This site is optimized with the Yoast SEO plugin v27.2 - https:\/\/yoast.com\/product\/yoast-seo-wordpress\/ -->\n<title>Camino Aragon\u00e9s desde Arr\u00e9s a Ruesta | Camino de Santiago | Pilgrim<\/title>\n<meta name=\"description\" content=\"Stage 3 of the Camino Aragon\u00e9s, connecting the region of Arr\u00e9s with Ruesta. Find out more!\" \/>\n<meta name=\"robots\" content=\"index, follow, max-snippet:-1, max-image-preview:large, max-video-preview:-1\" \/>\n<link rel=\"canonical\" href=\"https:\/\/www.pilgrim.es\/en\/camino-aragones\/stage-3-arres-ruesta\/\" \/>\n<meta property=\"og:locale\" content=\"en_US\" \/>\n<meta property=\"og:type\" content=\"article\" \/>\n<meta property=\"og:title\" content=\"Camino Aragon\u00e9s desde Arr\u00e9s a Ruesta | Camino de Santiago | Pilgrim\" \/>\n<meta property=\"og:description\" content=\"Stage 3 of the Camino Aragon\u00e9s, connecting the region of Arr\u00e9s with Ruesta. Find out more!\" \/>\n<meta property=\"og:url\" content=\"https:\/\/www.pilgrim.es\/en\/camino-aragones\/stage-3-arres-ruesta\/\" \/>\n<meta property=\"og:site_name\" content=\"Pilgrim\" \/>\n<meta property=\"article:publisher\" content=\"https:\/\/www.facebook.com\/pilgrim.es\/\" \/>\n<meta property=\"article:modified_time\" content=\"2025-04-25T08:37:14+00:00\" \/>\n<meta property=\"og:image\" content=\"https:\/\/cdn.pilgrim.es\/web\/caminos\/camino-aragones\/pueblos\/arres.jpg\" \/>\n<meta name=\"twitter:card\" content=\"summary_large_image\" \/>\n<meta name=\"twitter:site\" content=\"@pilgrim_es\" \/>\n<meta name=\"twitter:label1\" content=\"Est. reading time\" \/>\n\t<meta name=\"twitter:data1\" content=\"2 minutes\" \/>\n<script type=\"application\/ld+json\" class=\"yoast-schema-graph\">{\"@context\":\"https:\/\/schema.org\",\"@graph\":[{\"@type\":\"WebPage\",\"@id\":\"https:\/\/www.pilgrim.es\/en\/camino-aragones\/stage-3-arres-ruesta\/\",\"url\":\"https:\/\/www.pilgrim.es\/en\/camino-aragones\/stage-3-arres-ruesta\/\",\"name\":\"Camino Aragon\u00e9s desde Arr\u00e9s a Ruesta | Camino de Santiago | Pilgrim\",\"isPartOf\":{\"@id\":\"https:\/\/www.pilgrim.es\/en\/#website\"},\"primaryImageOfPage\":{\"@id\":\"https:\/\/www.pilgrim.es\/en\/camino-aragones\/stage-3-arres-ruesta\/#primaryimage\"},\"image\":{\"@id\":\"https:\/\/www.pilgrim.es\/en\/camino-aragones\/stage-3-arres-ruesta\/#primaryimage\"},\"thumbnailUrl\":\"https:\/\/cdn.pilgrim.es\/web\/caminos\/camino-aragones\/pueblos\/arres.jpg\",\"datePublished\":\"2019-10-05T06:46:19+00:00\",\"dateModified\":\"2025-04-25T08:37:14+00:00\",\"description\":\"Stage 3 of the Camino Aragon\u00e9s, connecting the region of Arr\u00e9s with Ruesta. Find out more!\",\"breadcrumb\":{\"@id\":\"https:\/\/www.pilgrim.es\/en\/camino-aragones\/stage-3-arres-ruesta\/#breadcrumb\"},\"inLanguage\":\"en-US\",\"potentialAction\":[{\"@type\":\"ReadAction\",\"target\":[\"https:\/\/www.pilgrim.es\/en\/camino-aragones\/stage-3-arres-ruesta\/\"]}]},{\"@type\":\"ImageObject\",\"inLanguage\":\"en-US\",\"@id\":\"https:\/\/www.pilgrim.es\/en\/camino-aragones\/stage-3-arres-ruesta\/#primaryimage\",\"url\":\"https:\/\/cdn.pilgrim.es\/web\/caminos\/camino-aragones\/pueblos\/arres.jpg\",\"contentUrl\":\"https:\/\/cdn.pilgrim.es\/web\/caminos\/camino-aragones\/pueblos\/arres.jpg\"},{\"@type\":\"BreadcrumbList\",\"@id\":\"https:\/\/www.pilgrim.es\/en\/camino-aragones\/stage-3-arres-ruesta\/#breadcrumb\",\"itemListElement\":[{\"@type\":\"ListItem\",\"position\":1,\"name\":\"Camino de Santiago\",\"item\":\"https:\/\/www.pilgrim.es\/en\/\"},{\"@type\":\"ListItem\",\"position\":2,\"name\":\"Camino Aragon\u00e9s\",\"item\":\"https:\/\/www.pilgrim.es\/en\/camino-aragones\/\"},{\"@type\":\"ListItem\",\"position\":3,\"name\":\"Camino Aragon\u00e9s | Stage 3: Arr\u00e9s &#8211; Ruesta\"}]},{\"@type\":\"WebSite\",\"@id\":\"https:\/\/www.pilgrim.es\/en\/#website\",\"url\":\"https:\/\/www.pilgrim.es\/en\/\",\"name\":\"Pilgrim\",\"description\":\"Camino de Santiago | Caminamos Contigo\",\"publisher\":{\"@id\":\"https:\/\/www.pilgrim.es\/en\/#organization\"},\"potentialAction\":[{\"@type\":\"SearchAction\",\"target\":{\"@type\":\"EntryPoint\",\"urlTemplate\":\"https:\/\/www.pilgrim.es\/en\/?s={search_term_string}\"},\"query-input\":{\"@type\":\"PropertyValueSpecification\",\"valueRequired\":true,\"valueName\":\"search_term_string\"}}],\"inLanguage\":\"en-US\"},{\"@type\":\"Organization\",\"@id\":\"https:\/\/www.pilgrim.es\/en\/#organization\",\"name\":\"Pilgrim Camino de Santiago\",\"url\":\"https:\/\/www.pilgrim.es\/en\/\",\"logo\":{\"@type\":\"ImageObject\",\"inLanguage\":\"en-US\",\"@id\":\"https:\/\/www.pilgrim.es\/en\/#\/schema\/logo\/image\/\",\"url\":\"https:\/\/www.pilgrim.es\/wp-content\/uploads\/2019\/04\/logo_pilgrim.png\",\"contentUrl\":\"https:\/\/www.pilgrim.es\/wp-content\/uploads\/2019\/04\/logo_pilgrim.png\",\"width\":512,\"height\":512,\"caption\":\"Pilgrim Camino de Santiago\"},\"image\":{\"@id\":\"https:\/\/www.pilgrim.es\/en\/#\/schema\/logo\/image\/\"},\"sameAs\":[\"https:\/\/www.facebook.com\/pilgrim.es\/\",\"https:\/\/x.com\/pilgrim_es\",\"https:\/\/www.instagram.com\/pilgrim.es\/\",\"https:\/\/www.linkedin.com\/company\/pilgrim-camino-de-santiago\/\",\"https:\/\/www.pinterest.es\/pilgrimcaminodesantiago\/\",\"https:\/\/www.youtube.com\/channel\/UCIv2ZzFLXVqthkNF32rKedw\/featured\"]}]}<\/script>\n<!-- \/ Yoast SEO plugin. -->","yoast_head_json":{"title":"Camino Aragon\u00e9s desde Arr\u00e9s a Ruesta | Camino de Santiago | Pilgrim","description":"Stage 3 of the Camino Aragon\u00e9s, connecting the region of Arr\u00e9s with Ruesta. Find out more!","robots":{"index":"index","follow":"follow","max-snippet":"max-snippet:-1","max-image-preview":"max-image-preview:large","max-video-preview":"max-video-preview:-1"},"canonical":"https:\/\/www.pilgrim.es\/en\/camino-aragones\/stage-3-arres-ruesta\/","og_locale":"en_US","og_type":"article","og_title":"Camino Aragon\u00e9s desde Arr\u00e9s a Ruesta | Camino de Santiago | Pilgrim","og_description":"Stage 3 of the Camino Aragon\u00e9s, connecting the region of Arr\u00e9s with Ruesta. Find out more!","og_url":"https:\/\/www.pilgrim.es\/en\/camino-aragones\/stage-3-arres-ruesta\/","og_site_name":"Pilgrim","article_publisher":"https:\/\/www.facebook.com\/pilgrim.es\/","article_modified_time":"2025-04-25T08:37:14+00:00","og_image":[{"url":"https:\/\/cdn.pilgrim.es\/web\/caminos\/camino-aragones\/pueblos\/arres.jpg","type":"","width":"","height":""}],"twitter_card":"summary_large_image","twitter_site":"@pilgrim_es","twitter_misc":{"Est. reading time":"2 minutes"},"schema":{"@context":"https:\/\/schema.org","@graph":[{"@type":"WebPage","@id":"https:\/\/www.pilgrim.es\/en\/camino-aragones\/stage-3-arres-ruesta\/","url":"https:\/\/www.pilgrim.es\/en\/camino-aragones\/stage-3-arres-ruesta\/","name":"Camino Aragon\u00e9s desde Arr\u00e9s a Ruesta | Camino de Santiago | Pilgrim","isPartOf":{"@id":"https:\/\/www.pilgrim.es\/en\/#website"},"primaryImageOfPage":{"@id":"https:\/\/www.pilgrim.es\/en\/camino-aragones\/stage-3-arres-ruesta\/#primaryimage"},"image":{"@id":"https:\/\/www.pilgrim.es\/en\/camino-aragones\/stage-3-arres-ruesta\/#primaryimage"},"thumbnailUrl":"https:\/\/cdn.pilgrim.es\/web\/caminos\/camino-aragones\/pueblos\/arres.jpg","datePublished":"2019-10-05T06:46:19+00:00","dateModified":"2025-04-25T08:37:14+00:00","description":"Stage 3 of the Camino Aragon\u00e9s, connecting the region of Arr\u00e9s with Ruesta. Find out more!","breadcrumb":{"@id":"https:\/\/www.pilgrim.es\/en\/camino-aragones\/stage-3-arres-ruesta\/#breadcrumb"},"inLanguage":"en-US","potentialAction":[{"@type":"ReadAction","target":["https:\/\/www.pilgrim.es\/en\/camino-aragones\/stage-3-arres-ruesta\/"]}]},{"@type":"ImageObject","inLanguage":"en-US","@id":"https:\/\/www.pilgrim.es\/en\/camino-aragones\/stage-3-arres-ruesta\/#primaryimage","url":"https:\/\/cdn.pilgrim.es\/web\/caminos\/camino-aragones\/pueblos\/arres.jpg","contentUrl":"https:\/\/cdn.pilgrim.es\/web\/caminos\/camino-aragones\/pueblos\/arres.jpg"},{"@type":"BreadcrumbList","@id":"https:\/\/www.pilgrim.es\/en\/camino-aragones\/stage-3-arres-ruesta\/#breadcrumb","itemListElement":[{"@type":"ListItem","position":1,"name":"Camino de Santiago","item":"https:\/\/www.pilgrim.es\/en\/"},{"@type":"ListItem","position":2,"name":"Camino Aragon\u00e9s","item":"https:\/\/www.pilgrim.es\/en\/camino-aragones\/"},{"@type":"ListItem","position":3,"name":"Camino Aragon\u00e9s | Stage 3: Arr\u00e9s &#8211; Ruesta"}]},{"@type":"WebSite","@id":"https:\/\/www.pilgrim.es\/en\/#website","url":"https:\/\/www.pilgrim.es\/en\/","name":"Pilgrim","description":"Camino de Santiago | Caminamos Contigo","publisher":{"@id":"https:\/\/www.pilgrim.es\/en\/#organization"},"potentialAction":[{"@type":"SearchAction","target":{"@type":"EntryPoint","urlTemplate":"https:\/\/www.pilgrim.es\/en\/?s={search_term_string}"},"query-input":{"@type":"PropertyValueSpecification","valueRequired":true,"valueName":"search_term_string"}}],"inLanguage":"en-US"},{"@type":"Organization","@id":"https:\/\/www.pilgrim.es\/en\/#organization","name":"Pilgrim Camino de Santiago","url":"https:\/\/www.pilgrim.es\/en\/","logo":{"@type":"ImageObject","inLanguage":"en-US","@id":"https:\/\/www.pilgrim.es\/en\/#\/schema\/logo\/image\/","url":"https:\/\/www.pilgrim.es\/wp-content\/uploads\/2019\/04\/logo_pilgrim.png","contentUrl":"https:\/\/www.pilgrim.es\/wp-content\/uploads\/2019\/04\/logo_pilgrim.png","width":512,"height":512,"caption":"Pilgrim Camino de Santiago"},"image":{"@id":"https:\/\/www.pilgrim.es\/en\/#\/schema\/logo\/image\/"},"sameAs":["https:\/\/www.facebook.com\/pilgrim.es\/","https:\/\/x.com\/pilgrim_es","https:\/\/www.instagram.com\/pilgrim.es\/","https:\/\/www.linkedin.com\/company\/pilgrim-camino-de-santiago\/","https:\/\/www.pinterest.es\/pilgrimcaminodesantiago\/","https:\/\/www.youtube.com\/channel\/UCIv2ZzFLXVqthkNF32rKedw\/featured"]}]}},"_links":{"self":[{"href":"https:\/\/www.pilgrim.es\/en\/wp-json\/wp\/v2\/pages\/47375","targetHints":{"allow":["GET"]}}],"collection":[{"href":"https:\/\/www.pilgrim.es\/en\/wp-json\/wp\/v2\/pages"}],"about":[{"href":"https:\/\/www.pilgrim.es\/en\/wp-json\/wp\/v2\/types\/page"}],"author":[{"embeddable":true,"href":"https:\/\/www.pilgrim.es\/en\/wp-json\/wp\/v2\/users\/4"}],"replies":[{"embeddable":true,"href":"https:\/\/www.pilgrim.es\/en\/wp-json\/wp\/v2\/comments?post=47375"}],"version-history":[{"count":7,"href":"https:\/\/www.pilgrim.es\/en\/wp-json\/wp\/v2\/pages\/47375\/revisions"}],"predecessor-version":[{"id":129777,"href":"https:\/\/www.pilgrim.es\/en\/wp-json\/wp\/v2\/pages\/47375\/revisions\/129777"}],"up":[{"embeddable":true,"href":"https:\/\/www.pilgrim.es\/en\/wp-json\/wp\/v2\/pages\/47086"}],"wp:attachment":[{"href":"https:\/\/www.pilgrim.es\/en\/wp-json\/wp\/v2\/media?parent=47375"}],"wp:term":[{"taxonomy":"category","embeddable":true,"href":"https:\/\/www.pilgrim.es\/en\/wp-json\/wp\/v2\/categories?post=47375"},{"taxonomy":"post_tag","embeddable":true,"href":"https:\/\/www.pilgrim.es\/en\/wp-json\/wp\/v2\/tags?post=47375"}],"curies":[{"name":"wp","href":"https:\/\/api.w.org\/{rel}","templated":true}]}}