{"id":47089,"date":"2019-09-30T06:10:03","date_gmt":"2019-09-30T06:10:03","guid":{"rendered":"https:\/\/prod.pilgrim.es\/camino-aragones\/stage-5-sanguesa-monreal\/"},"modified":"2025-04-25T08:46:25","modified_gmt":"2025-04-25T08:46:25","slug":"stage-5-sanguesa-monreal","status":"publish","type":"page","link":"https:\/\/www.pilgrim.es\/en\/camino-aragones\/stage-5-sanguesa-monreal\/","title":{"rendered":"Camino Aragon\u00e9s | Stage 5: Sang\u00fcesa &#8211; Monreal"},"content":{"rendered":"\n<section id=\"heroStage\">\n\t<h1>Camino Aragon\u00e9s &#8231; Stage 5<\/h1>\n\t<div>\n\t\t<div class=\"hero\" data-background=\"https:\/\/cdn.pilgrim.es\/web\/caminos\/camino-aragones\/pueblos\/sanguesa.jpg\">\n\t\t\t<div class=\"hero__container\">\n\t\t\t\t<div class=\"hero__container__labels\">\n\t\t\t\t\t<p>On foot<\/p>\n\t\t\t\t\t<p>6 stages \/ 205 kms<\/p>\n\t\t\t\t<\/div>\n\t\t\t\t<div class=\"hero__container__stage-name\">\n\t\t\t\t\t<h2>\n\t\t\t\t\t\tSang\u00fcesa <br \/>\n\t\t\t\t\t\t<span>&#10093;<\/span>\n\t\t\t\t\t\tMonreal\n\t\t\t\t\t<\/h2>\n\t\t\t\t\t<p>27,2 Km<\/p>\n\t\t\t\t<\/div>\n\t\t\t\t<div class=\"hero__container__stage-changer\">\n\t\t\t\t\t<div class=\"stage-control\">\n\t\t\t\t\t\t<a href=\"https:\/\/www.pilgrim.es\/en\/camino-aragones\/stage-4-ruesta-sanguesa\/\" class=\"\n                            stage-control__link\"><span>&#10094;<\/span>\n\t\t\t\t\t\t\tStage 4<\/a>\n\t\t\t\t\t<\/div>\n\t\t\t\t\t<div class=\"stage-control\">\n\t\t\t\t\t\t<a class=\"stage-control__link\" href=\"https:\/\/www.pilgrim.es\/en\/camino-aragones\/stage-6-monreal-puente-la-reina\/\">Stage\n\t\t\t\t\t\t\t6\n\t\t\t\t\t\t\t<span>&#10095;<\/span><\/a>\n\t\t\t\t\t<\/div>\n\t\t\t\t<\/div>\n\t\t\t<\/div>\n\t\t<\/div>\n\t\t<div class=\"planner\"><div\r\n  class=\"p-col-span-1 p-rounded-lg p-px-5 p-h-full\"\r\n  style=\"background-image: url('https:\/\/cdn.pilgrim.es\/web\/pilgrim-planner\/bg-plugin-planificador.webp')\"\r\n  rel=\"preload\"\r\n  fetchpriority=\"high\"\r\n  >\r\n    <div class=\"p-text-center p-pt-5 p-text-white p-text-2xl p-font-semibold\">\r\n      Plan your journey    <\/div>\r\n    <div\r\n            id='primary-app'\r\n            data-name='banner'\r\n            data-api='https:\/\/pathfinder.pilgrim.es\/api\/pathfinder\/v2'\r\n            data-mode='normal'\r\n            data-lang='en'\r\n            data-route='1'\r\n            data-destiny='https:\/\/planificador.pilgrim.es'\r\n            data-modality='1'\r\n            data-inline=''\r\n        ><\/div><\/div><\/div>\n\t<\/div>\n<\/section>\n\n<section id=\"scoreBarsStage\">\n\t<section>\r\n  <div class=\"p-flex p-flex-nowrap p-space-x-4 p-py-5 p-overflow-x-auto md:p-grid md:p-grid-cols-3 lg:p-grid-cols-5 md:p-gap-8 md:p-space-x-0 md:p-overflow-hidden scrollbar-thin\">\r\n    <div class=\"p-grid p-grid-cols-4 p-shrink-0 p-w-72 p-snap-start md:p-w-full\">\r\n        <div class=\"p-col-span-1 p-self-center p-text-center p-text-3xl\">\r\n            <i class=\"icon-influx\"><\/i>\r\n        <\/div>\r\n        <div class=\"p-col-span-3 p-flex p-flex-col p-items-start\">\r\n            <div class=\"p-text-start p-text-secondary p-mb-1 p-bold\"> Affluence <\/div>\r\n            <div class=\"p-w-full p-bg-light p-rounded-full p-h-2 p-relative\">\r\n                <div class=\"p-bg-primary p-h-2 p-rounded-full p-absolute\" style=\"width: 20%;\"><\/div>\r\n            <\/div>\r\n        <\/div>\r\n    <\/div>\r\n\r\n    <div class=\"p-grid p-grid-cols-4 p-shrink-0 p-w-72 p-snap-start md:p-w-full\">\r\n        <div class=\"p-col-span-1 p-self-center p-text-center p-text-3xl\">\r\n            <i class=\"icon-difficulty\"><\/i>\r\n        <\/div>\r\n        <div class=\"p-col-span-3 p-flex p-flex-col p-items-start\">\r\n            <div class=\"p-text-start p-text-secondary p-mb-1 p-bold\"> Difficulty <\/div>\r\n            <div class=\"p-w-full p-bg-light p-rounded-full p-h-2 p-relative\">\r\n                <div class=\"p-bg-primary p-h-2 p-rounded-full p-absolute\" style=\"width: 40%;\"><\/div>\r\n            <\/div>\r\n        <\/div>\r\n    <\/div>\r\n\r\n    <div class=\"p-grid p-grid-cols-4 p-shrink-0 p-w-72 p-snap-start md:p-w-full\">\r\n        <div class=\"p-col-span-1 p-self-center p-text-center p-text-3xl\">\r\n            <i class=\"icon-patrimony\"><\/i>\r\n        <\/div>\r\n        <div class=\"p-col-span-3 p-flex p-flex-col p-items-start\">\r\n            <div class=\"p-text-start p-text-secondary p-mb-1 p-bold\"> Art\/History <\/div>\r\n            <div class=\"p-w-full p-bg-light p-rounded-full p-h-2 p-relative\">\r\n                <div class=\"p-bg-primary p-h-2 p-rounded-full p-absolute\" style=\"width: 20%;\"><\/div>\r\n            <\/div>\r\n        <\/div>\r\n    <\/div>\r\n\r\n    <div class=\"p-grid p-grid-cols-4 p-shrink-0 p-w-72 p-snap-start md:p-w-full\">\r\n        <div class=\"p-col-span-1 p-self-center p-text-center p-text-3xl\">\r\n            <i class=\"icon-nature\"><\/i>\r\n        <\/div>\r\n        <div class=\"p-col-span-3 p-flex p-flex-col p-items-start\">\r\n            <div class=\"p-text-start p-text-secondary p-mb-1 p-bold\"> Nature <\/div>\r\n            <div class=\"p-w-full p-bg-light p-rounded-full p-h-2 p-relative\">\r\n                <div class=\"p-bg-primary p-h-2 p-rounded-full p-absolute\" style=\"width: 80%;\"><\/div>\r\n            <\/div>\r\n        <\/div>\r\n    <\/div>\r\n\r\n    <div class=\"p-grid p-grid-cols-4 p-shrink-0 p-w-72 p-snap-start md:p-w-full\">\r\n        <div class=\"p-col-span-1 p-self-center p-text-center p-text-3xl\">\r\n            <i class=\"icon-urban\"><\/i>\r\n        <\/div>\r\n        <div class=\"p-col-span-3 p-flex p-flex-col p-items-start\">\r\n            <div class=\"p-text-start p-text-secondary p-mb-1 p-bold\"> Urban road <\/div>\r\n            <div class=\"p-w-full p-bg-light p-rounded-full p-h-2 p-relative\">\r\n                <div class=\"p-bg-primary p-h-2 p-rounded-full p-absolute\" style=\"width: 20%;\"><\/div>\r\n            <\/div>\r\n        <\/div>\r\n    <\/div>\r\n  <\/div>\r\n<\/section>\n<\/section>\n\n<div id=\"stage-list-section\"><div class=\"stage-list\">\n    <div class='stage-list__map-card'>\n        <div class='stage-list__map-card__map'>\n            <div class='stage-list__map-card__map__text'>\n                <h2> Pages <\/h2>\n                <p> On foot<\/p>\n                <p> 0 stages<\/p>\n            <\/div>\n            <div class='stage-list__map-card__map__img'>\n                <img decoding=\"async\" src=\"\" alt=\" mapa \" \/>\n            <\/div>\n        <\/div>\n    <\/div>\n\n    <\/div>\n<\/div>\n\n<section id=\"navStage\">\n\t<div>\n\t\t<nav id=\"tab-navigation-section\" class=\"tab-navigation-section--cols-3\">\n\t\t\t<a href=\"#infoSection\" class=\"active\">Information<\/a>\n\t\t\t<a href=\"#itinerarySection\">Itinerary<\/a>\n\t\t\t<a href=\"#locationsSection\">Localities<\/a>\n\t\t<\/nav>\n\n\t\t<div id=\"infoSection\">\n\t\t\t<!-- Title Section with Orange Line -->\n\t\t\t<div>\n\t\t\t\t<h4 class=\"p-h4--section\">Information<\/h4>\n\t\t\t\t<hr class=\"orange-bar\" \/>\n\t\t\t\t<h3 class=\"p-h3\">About this stage<\/h3>\n\t\t\t<\/div>\n\n\t\t\t<!-- Main Content Section -->\n\t\t\t<p>\n\t\t\t\tFinally after covering kilometres, from the first stage, hand in hand with the Aragon River, it is time\n\t\t\t\tto abandon it and let it follow its course while the pilgrim must continue along the path that leads to\n\t\t\t\tthe welcoming village of Izco. During the route you will be able to appreciate the incredible views of\n\t\t\t\tthe valley of the river Irati.\n\t\t\t<\/p>\n\n\t\t\t<div class=\"recomendation-card\">\n\t\t\t\t<div>\n\t\t\t\t\t<i class=\"icon-logo-pilgrim\"><\/i>\n\t\t\t\t\t<h5>Recommendation Pilgrim<\/h5>\n\t\t\t\t<\/div>\n\n\t\t\t\t<p>\n\t\t\t\t\tKeep an eye on the road to be able to locate possible problems that you may encounter on your\n\t\t\t\t\tpilgrimage, but do not lose sight of the incredible landscapes that may be presented to you along\n\t\t\t\t\tthe pilgrimage route. This stage does not pose any additional difficulties for cyclists or people\n\t\t\t\t\twith reduced mobility.\n\t\t\t\t<\/p>\n\t\t\t<\/div>\n\t\t<\/div>\n\n\n\t\t<div id=\"itinerarySection\">\n\t\t\t<h4 class=\"p-h4--section\">Route<\/h4>\n\t\t\t<hr \/>\n\t\t\t<h3 class=\"p-h3\">Itinerary<\/h3>\n\t\t\t<div>\n\t\t\t\t<h4>Km 0 &#8231; Sang\u00fcesa<\/h4>\n\t\t\t\t<p>\n\t\t\t\t\tOn the left side of the Calle Mayor we see a bridge that we must cross, right next to the church of\n\t\t\t\t\tSanta Mar\u00eda la Real, over the river Arag\u00f3n. After this, it is time to say goodbye to our travelling\n\t\t\t\t\tcompanion from the beginning of the route, the river Arag\u00f3n, which will continue its way southwards\n\t\t\t\t\tuntil it flows into the Ebro, and we take the Li\u00e9dena road on our right. At this point we must\n\t\t\t\t\tdecide whether to continue towards Rocaforte or continue towards Li\u00e9dena and Lumbier, in the latter\n\t\t\t\t\tcase we can rejoin the main road further on before reaching Izco.\n\t\t\t\t<\/p>\n\t\t\t<\/div>\n\t\t\t<hr \/>\n\t\t\t<div>\n\t\t\t\t<p>\n\t\t\t\t\tWe continue to the Alto de Aibar, leaving a wind farm on our left, located in a small mountain\n\t\t\t\t\trange. We then continue straight on along a path and pass under the NA-534 road, going up to the\n\t\t\t\t\tright until we reach the Alto de Aibar.\n\t\t\t\t<\/p>\n\t\t\t<\/div>\n\t\t\t<hr \/>\n\t\t\t<div>\n\t\t\t\t<p>\n\t\t\t\t\tWe continue along a wooded path, with the Alto de Loiti on our right, until we reach the village of\n\t\t\t\t\tIzco. Once we leave this village, we continue along a straight gravel road until we reach the next\n\t\t\t\t\tvillage.\n\t\t\t\t<\/p>\n\t\t\t<\/div>\n\t\t\t<hr \/>\n\t\t\t<div>\n\t\t\t\t<h4>Km 27,2 &#8231; Monreal<\/h4>\n\t\t\t\t<p>\n\t\t\t\t\tFollowing a similar path, straight ahead, we reach the point of decision, before reaching Salinas de\n\t\t\t\t\tIbargoiti, whether to cross to the left to cross a bridge over the river Elortz or to enter the\n\t\t\t\t\tvillage and take the path to the left of the local church, crossing the river Elortz. Either of the\n\t\t\t\t\ttwo options will lead us to a path with woodland in the direction of Monreal.\n\t\t\t\t<\/p>\n\t\t\t<\/div>\n\t\t\t<hr \/>\n\t\t<\/div>\n\n\t\t<div id=\"locationsSection\">\n\t\t\t<h4 class=\"p-h4--section\">Localities<\/h4>\n\t\t\t<hr \/>\n\t\t\t<h3 class=\"p-h3\">Towns<\/h3>\n\t\t\t<div class=\"grid-container\">\n\t\t\t\t<div class=\"p-group card-stage p-max-w-full\">\n\t\t\t\t\t<div class=\"card-stage__header\">\n\t\t\t\t\t\t<img decoding=\"async\" src=\"https:\/\/cdn.pilgrim.es\/web\/caminos\/camino-aragones\/pueblos\/sanguesa.jpg\"\n\t\t\t\t\t\t\talt=\"Sang\u00fcesa\" \/>\n\t\t\t\t\t<\/div>\n\t\t\t\t\t<div class=\"town-card__flex-container\">\n\t\t\t\t\t\t<div class=\"town-card__flex-container__info\">\n\t\t\t\t\t\t\t<h3>Sang\u00fcesa<\/h3>\n\t\t\t\t\t\t\t<p>Province: Zaragoza<\/p>\n\t\t\t\t\t\t<\/div>\n\t\t\t\t\t<\/div>\n\t\t\t\t<\/div>\n\t\t\t\t<div class=\"p-group card-stage p-max-w-full\">\n\t\t\t\t\t<div class=\"card-stage__header\">\n\t\t\t\t\t\t<img decoding=\"async\" src=\"https:\/\/cdn.pilgrim.es\/web\/caminos\/camino-aragones\/pueblos\/monreal.jpg\"\n\t\t\t\t\t\t\talt=\"Monreal\" \/>\n\t\t\t\t\t<\/div>\n\t\t\t\t\t<div class=\"town-card__flex-container\">\n\t\t\t\t\t\t<div class=\"town-card__flex-container__info\">\n\t\t\t\t\t\t\t<h3>Monreal<\/h3>\n\t\t\t\t\t\t\t<p>Province: Navarra<\/p>\n\t\t\t\t\t\t<\/div>\n\t\t\t\t\t<\/div>\n\t\t\t\t<\/div>\n\t\t\t<\/div>\n\t\t<\/div>\n\t\t<hr class=\"single-bar\" \/>\n\t<\/div>\n<\/section>\n\n<section id=\"stageChange\">\n\t<div>\n\t\t<a href=\"https:\/\/www.pilgrim.es\/en\/camino-aragones\/stage-4-ruesta-sanguesa\/\" class=\"change-btn p-items-center\">\n\t\t\t<div class=\"btn-arrow previous\">\n\t\t\t\t<i class=\"icon-arrow\"><\/i>\n\t\t\t<\/div>\n\t\t\t<div class=\"change-btn__info\">\n\t\t\t\t<div>Stage 4<\/div>\n\t\t\t\t<p>\n\t\t\t\t\tRuesta &#10095; <br \/>\n\t\t\t\t\tSang\u00fcesa\n\t\t\t\t<\/p>\n\t\t\t<\/div>\n\t\t<\/a>\n\t\t<a href=\"https:\/\/www.pilgrim.es\/en\/camino-aragones\/stage-6-monreal-puente-la-reina\/\" class=\"change-btn\">\n\t\t\t<div class=\"change-btn__info\">\n\t\t\t\t<div>Stage 6<\/div>\n\t\t\t\t<p>\n\t\t\t\t\tMonreal &#10095; <br \/>\n\t\t\t\t\tPuente de la Reina\n\t\t\t\t<\/p>\n\t\t\t<\/div>\n\t\t\t<div class=\"btn-arrow\">\n\t\t\t\t<i class=\"icon-arrow\"><\/i>\n\t\t\t<\/div>\n\t\t<\/a>\n\t<\/div>\n<\/section>\n","protected":false},"excerpt":{"rendered":"<p>Camino Aragon\u00e9s &#8231; Stage 5 On foot 6 stages \/ 205 kms Sang\u00fcesa &#10093; Monreal 27,2 Km &#10094; Stage 4 Stage 6 &#10095; Information Itinerary Localities Information About this stage Finally after covering kilometres, from the first stage, hand in hand with the Aragon River, it is time to abandon it and let it follow &hellip; <\/p>\n<p class=\"read_more\"><a href=\"https:\/\/www.pilgrim.es\/en\/camino-aragones\/stage-5-sanguesa-monreal\/\">Leer m\u00e1s<\/a><\/p>\n","protected":false},"author":4,"featured_media":0,"parent":47086,"menu_order":0,"comment_status":"closed","ping_status":"closed","template":"views\/template-new-web-design.blade.php","meta":{"footnotes":""},"categories":[],"tags":[],"class_list":["post-47089","page","type-page","status-publish","hentry"],"yoast_head":"<!-- This site is optimized with the Yoast SEO plugin v27.4 - https:\/\/yoast.com\/product\/yoast-seo-wordpress\/ -->\n<title>Camino Aragon\u00e9s desde Sang\u00fcessa a Monreal | Camino de Santiago | Pilgrim<\/title>\n<meta name=\"description\" content=\"Stage 5 within the Camino Aragon\u00e9s. This stage connects the regions of Sang\u00fcesa and Monreal. Routes, hostels and places of interest.\" \/>\n<meta name=\"robots\" content=\"index, follow, max-snippet:-1, max-image-preview:large, max-video-preview:-1\" \/>\n<link rel=\"canonical\" href=\"https:\/\/www.pilgrim.es\/en\/camino-aragones\/stage-5-sanguesa-monreal\/\" \/>\n<meta property=\"og:locale\" content=\"en_US\" \/>\n<meta property=\"og:type\" content=\"article\" \/>\n<meta property=\"og:title\" content=\"Camino Aragon\u00e9s desde Sang\u00fcessa a Monreal | Camino de Santiago | Pilgrim\" \/>\n<meta property=\"og:description\" content=\"Stage 5 within the Camino Aragon\u00e9s. This stage connects the regions of Sang\u00fcesa and Monreal. Routes, hostels and places of interest.\" \/>\n<meta property=\"og:url\" content=\"https:\/\/www.pilgrim.es\/en\/camino-aragones\/stage-5-sanguesa-monreal\/\" \/>\n<meta property=\"og:site_name\" content=\"Pilgrim\" \/>\n<meta property=\"article:publisher\" content=\"https:\/\/www.facebook.com\/pilgrim.es\/\" \/>\n<meta property=\"article:modified_time\" content=\"2025-04-25T08:46:25+00:00\" \/>\n<meta property=\"og:image\" content=\"https:\/\/cdn.pilgrim.es\/web\/caminos\/camino-aragones\/pueblos\/sanguesa.jpg\" \/>\n<meta name=\"twitter:card\" content=\"summary_large_image\" \/>\n<meta name=\"twitter:site\" content=\"@pilgrim_es\" \/>\n<meta name=\"twitter:label1\" content=\"Est. reading time\" \/>\n\t<meta name=\"twitter:data1\" content=\"2 minutes\" \/>\n<script type=\"application\/ld+json\" class=\"yoast-schema-graph\">{\"@context\":\"https:\\\/\\\/schema.org\",\"@graph\":[{\"@type\":\"WebPage\",\"@id\":\"https:\\\/\\\/www.pilgrim.es\\\/en\\\/camino-aragones\\\/stage-5-sanguesa-monreal\\\/\",\"url\":\"https:\\\/\\\/www.pilgrim.es\\\/en\\\/camino-aragones\\\/stage-5-sanguesa-monreal\\\/\",\"name\":\"Camino Aragon\u00e9s desde Sang\u00fcessa a Monreal | Camino de Santiago | Pilgrim\",\"isPartOf\":{\"@id\":\"https:\\\/\\\/www.pilgrim.es\\\/en\\\/#website\"},\"primaryImageOfPage\":{\"@id\":\"https:\\\/\\\/www.pilgrim.es\\\/en\\\/camino-aragones\\\/stage-5-sanguesa-monreal\\\/#primaryimage\"},\"image\":{\"@id\":\"https:\\\/\\\/www.pilgrim.es\\\/en\\\/camino-aragones\\\/stage-5-sanguesa-monreal\\\/#primaryimage\"},\"thumbnailUrl\":\"https:\\\/\\\/cdn.pilgrim.es\\\/web\\\/caminos\\\/camino-aragones\\\/pueblos\\\/sanguesa.jpg\",\"datePublished\":\"2019-09-30T06:10:03+00:00\",\"dateModified\":\"2025-04-25T08:46:25+00:00\",\"description\":\"Stage 5 within the Camino Aragon\u00e9s. This stage connects the regions of Sang\u00fcesa and Monreal. Routes, hostels and places of interest.\",\"breadcrumb\":{\"@id\":\"https:\\\/\\\/www.pilgrim.es\\\/en\\\/camino-aragones\\\/stage-5-sanguesa-monreal\\\/#breadcrumb\"},\"inLanguage\":\"en-US\",\"potentialAction\":[{\"@type\":\"ReadAction\",\"target\":[\"https:\\\/\\\/www.pilgrim.es\\\/en\\\/camino-aragones\\\/stage-5-sanguesa-monreal\\\/\"]}]},{\"@type\":\"ImageObject\",\"inLanguage\":\"en-US\",\"@id\":\"https:\\\/\\\/www.pilgrim.es\\\/en\\\/camino-aragones\\\/stage-5-sanguesa-monreal\\\/#primaryimage\",\"url\":\"https:\\\/\\\/cdn.pilgrim.es\\\/web\\\/caminos\\\/camino-aragones\\\/pueblos\\\/sanguesa.jpg\",\"contentUrl\":\"https:\\\/\\\/cdn.pilgrim.es\\\/web\\\/caminos\\\/camino-aragones\\\/pueblos\\\/sanguesa.jpg\"},{\"@type\":\"BreadcrumbList\",\"@id\":\"https:\\\/\\\/www.pilgrim.es\\\/en\\\/camino-aragones\\\/stage-5-sanguesa-monreal\\\/#breadcrumb\",\"itemListElement\":[{\"@type\":\"ListItem\",\"position\":1,\"name\":\"Camino de Santiago\",\"item\":\"https:\\\/\\\/www.pilgrim.es\\\/en\\\/\"},{\"@type\":\"ListItem\",\"position\":2,\"name\":\"Camino Aragon\u00e9s\",\"item\":\"https:\\\/\\\/www.pilgrim.es\\\/en\\\/camino-aragones\\\/\"},{\"@type\":\"ListItem\",\"position\":3,\"name\":\"Camino Aragon\u00e9s | Stage 5: Sang\u00fcesa &#8211; Monreal\"}]},{\"@type\":\"WebSite\",\"@id\":\"https:\\\/\\\/www.pilgrim.es\\\/en\\\/#website\",\"url\":\"https:\\\/\\\/www.pilgrim.es\\\/en\\\/\",\"name\":\"Pilgrim\",\"description\":\"Camino de Santiago | Caminamos Contigo\",\"publisher\":{\"@id\":\"https:\\\/\\\/www.pilgrim.es\\\/en\\\/#organization\"},\"potentialAction\":[{\"@type\":\"SearchAction\",\"target\":{\"@type\":\"EntryPoint\",\"urlTemplate\":\"https:\\\/\\\/www.pilgrim.es\\\/en\\\/?s={search_term_string}\"},\"query-input\":{\"@type\":\"PropertyValueSpecification\",\"valueRequired\":true,\"valueName\":\"search_term_string\"}}],\"inLanguage\":\"en-US\"},{\"@type\":\"Organization\",\"@id\":\"https:\\\/\\\/www.pilgrim.es\\\/en\\\/#organization\",\"name\":\"Pilgrim Camino de Santiago\",\"url\":\"https:\\\/\\\/www.pilgrim.es\\\/en\\\/\",\"logo\":{\"@type\":\"ImageObject\",\"inLanguage\":\"en-US\",\"@id\":\"https:\\\/\\\/www.pilgrim.es\\\/en\\\/#\\\/schema\\\/logo\\\/image\\\/\",\"url\":\"https:\\\/\\\/www.pilgrim.es\\\/wp-content\\\/uploads\\\/2019\\\/04\\\/logo_pilgrim.png\",\"contentUrl\":\"https:\\\/\\\/www.pilgrim.es\\\/wp-content\\\/uploads\\\/2019\\\/04\\\/logo_pilgrim.png\",\"width\":512,\"height\":512,\"caption\":\"Pilgrim Camino de Santiago\"},\"image\":{\"@id\":\"https:\\\/\\\/www.pilgrim.es\\\/en\\\/#\\\/schema\\\/logo\\\/image\\\/\"},\"sameAs\":[\"https:\\\/\\\/www.facebook.com\\\/pilgrim.es\\\/\",\"https:\\\/\\\/x.com\\\/pilgrim_es\",\"https:\\\/\\\/www.instagram.com\\\/pilgrim.es\\\/\",\"https:\\\/\\\/www.linkedin.com\\\/company\\\/pilgrim-camino-de-santiago\\\/\",\"https:\\\/\\\/www.pinterest.es\\\/pilgrimcaminodesantiago\\\/\",\"https:\\\/\\\/www.youtube.com\\\/channel\\\/UCIv2ZzFLXVqthkNF32rKedw\\\/featured\"]}]}<\/script>\n<!-- \/ Yoast SEO plugin. -->","yoast_head_json":{"title":"Camino Aragon\u00e9s desde Sang\u00fcessa a Monreal | Camino de Santiago | Pilgrim","description":"Stage 5 within the Camino Aragon\u00e9s. This stage connects the regions of Sang\u00fcesa and Monreal. Routes, hostels and places of interest.","robots":{"index":"index","follow":"follow","max-snippet":"max-snippet:-1","max-image-preview":"max-image-preview:large","max-video-preview":"max-video-preview:-1"},"canonical":"https:\/\/www.pilgrim.es\/en\/camino-aragones\/stage-5-sanguesa-monreal\/","og_locale":"en_US","og_type":"article","og_title":"Camino Aragon\u00e9s desde Sang\u00fcessa a Monreal | Camino de Santiago | Pilgrim","og_description":"Stage 5 within the Camino Aragon\u00e9s. This stage connects the regions of Sang\u00fcesa and Monreal. Routes, hostels and places of interest.","og_url":"https:\/\/www.pilgrim.es\/en\/camino-aragones\/stage-5-sanguesa-monreal\/","og_site_name":"Pilgrim","article_publisher":"https:\/\/www.facebook.com\/pilgrim.es\/","article_modified_time":"2025-04-25T08:46:25+00:00","og_image":[{"url":"https:\/\/cdn.pilgrim.es\/web\/caminos\/camino-aragones\/pueblos\/sanguesa.jpg","type":"","width":"","height":""}],"twitter_card":"summary_large_image","twitter_site":"@pilgrim_es","twitter_misc":{"Est. reading time":"2 minutes"},"schema":{"@context":"https:\/\/schema.org","@graph":[{"@type":"WebPage","@id":"https:\/\/www.pilgrim.es\/en\/camino-aragones\/stage-5-sanguesa-monreal\/","url":"https:\/\/www.pilgrim.es\/en\/camino-aragones\/stage-5-sanguesa-monreal\/","name":"Camino Aragon\u00e9s desde Sang\u00fcessa a Monreal | Camino de Santiago | Pilgrim","isPartOf":{"@id":"https:\/\/www.pilgrim.es\/en\/#website"},"primaryImageOfPage":{"@id":"https:\/\/www.pilgrim.es\/en\/camino-aragones\/stage-5-sanguesa-monreal\/#primaryimage"},"image":{"@id":"https:\/\/www.pilgrim.es\/en\/camino-aragones\/stage-5-sanguesa-monreal\/#primaryimage"},"thumbnailUrl":"https:\/\/cdn.pilgrim.es\/web\/caminos\/camino-aragones\/pueblos\/sanguesa.jpg","datePublished":"2019-09-30T06:10:03+00:00","dateModified":"2025-04-25T08:46:25+00:00","description":"Stage 5 within the Camino Aragon\u00e9s. This stage connects the regions of Sang\u00fcesa and Monreal. Routes, hostels and places of interest.","breadcrumb":{"@id":"https:\/\/www.pilgrim.es\/en\/camino-aragones\/stage-5-sanguesa-monreal\/#breadcrumb"},"inLanguage":"en-US","potentialAction":[{"@type":"ReadAction","target":["https:\/\/www.pilgrim.es\/en\/camino-aragones\/stage-5-sanguesa-monreal\/"]}]},{"@type":"ImageObject","inLanguage":"en-US","@id":"https:\/\/www.pilgrim.es\/en\/camino-aragones\/stage-5-sanguesa-monreal\/#primaryimage","url":"https:\/\/cdn.pilgrim.es\/web\/caminos\/camino-aragones\/pueblos\/sanguesa.jpg","contentUrl":"https:\/\/cdn.pilgrim.es\/web\/caminos\/camino-aragones\/pueblos\/sanguesa.jpg"},{"@type":"BreadcrumbList","@id":"https:\/\/www.pilgrim.es\/en\/camino-aragones\/stage-5-sanguesa-monreal\/#breadcrumb","itemListElement":[{"@type":"ListItem","position":1,"name":"Camino de Santiago","item":"https:\/\/www.pilgrim.es\/en\/"},{"@type":"ListItem","position":2,"name":"Camino Aragon\u00e9s","item":"https:\/\/www.pilgrim.es\/en\/camino-aragones\/"},{"@type":"ListItem","position":3,"name":"Camino Aragon\u00e9s | Stage 5: Sang\u00fcesa &#8211; Monreal"}]},{"@type":"WebSite","@id":"https:\/\/www.pilgrim.es\/en\/#website","url":"https:\/\/www.pilgrim.es\/en\/","name":"Pilgrim","description":"Camino de Santiago | Caminamos Contigo","publisher":{"@id":"https:\/\/www.pilgrim.es\/en\/#organization"},"potentialAction":[{"@type":"SearchAction","target":{"@type":"EntryPoint","urlTemplate":"https:\/\/www.pilgrim.es\/en\/?s={search_term_string}"},"query-input":{"@type":"PropertyValueSpecification","valueRequired":true,"valueName":"search_term_string"}}],"inLanguage":"en-US"},{"@type":"Organization","@id":"https:\/\/www.pilgrim.es\/en\/#organization","name":"Pilgrim Camino de Santiago","url":"https:\/\/www.pilgrim.es\/en\/","logo":{"@type":"ImageObject","inLanguage":"en-US","@id":"https:\/\/www.pilgrim.es\/en\/#\/schema\/logo\/image\/","url":"https:\/\/www.pilgrim.es\/wp-content\/uploads\/2019\/04\/logo_pilgrim.png","contentUrl":"https:\/\/www.pilgrim.es\/wp-content\/uploads\/2019\/04\/logo_pilgrim.png","width":512,"height":512,"caption":"Pilgrim Camino de Santiago"},"image":{"@id":"https:\/\/www.pilgrim.es\/en\/#\/schema\/logo\/image\/"},"sameAs":["https:\/\/www.facebook.com\/pilgrim.es\/","https:\/\/x.com\/pilgrim_es","https:\/\/www.instagram.com\/pilgrim.es\/","https:\/\/www.linkedin.com\/company\/pilgrim-camino-de-santiago\/","https:\/\/www.pinterest.es\/pilgrimcaminodesantiago\/","https:\/\/www.youtube.com\/channel\/UCIv2ZzFLXVqthkNF32rKedw\/featured"]}]}},"_links":{"self":[{"href":"https:\/\/www.pilgrim.es\/en\/wp-json\/wp\/v2\/pages\/47089","targetHints":{"allow":["GET"]}}],"collection":[{"href":"https:\/\/www.pilgrim.es\/en\/wp-json\/wp\/v2\/pages"}],"about":[{"href":"https:\/\/www.pilgrim.es\/en\/wp-json\/wp\/v2\/types\/page"}],"author":[{"embeddable":true,"href":"https:\/\/www.pilgrim.es\/en\/wp-json\/wp\/v2\/users\/4"}],"replies":[{"embeddable":true,"href":"https:\/\/www.pilgrim.es\/en\/wp-json\/wp\/v2\/comments?post=47089"}],"version-history":[{"count":12,"href":"https:\/\/www.pilgrim.es\/en\/wp-json\/wp\/v2\/pages\/47089\/revisions"}],"predecessor-version":[{"id":129825,"href":"https:\/\/www.pilgrim.es\/en\/wp-json\/wp\/v2\/pages\/47089\/revisions\/129825"}],"up":[{"embeddable":true,"href":"https:\/\/www.pilgrim.es\/en\/wp-json\/wp\/v2\/pages\/47086"}],"wp:attachment":[{"href":"https:\/\/www.pilgrim.es\/en\/wp-json\/wp\/v2\/media?parent=47089"}],"wp:term":[{"taxonomy":"category","embeddable":true,"href":"https:\/\/www.pilgrim.es\/en\/wp-json\/wp\/v2\/categories?post=47089"},{"taxonomy":"post_tag","embeddable":true,"href":"https:\/\/www.pilgrim.es\/en\/wp-json\/wp\/v2\/tags?post=47089"}],"curies":[{"name":"wp","href":"https:\/\/api.w.org\/{rel}","templated":true}]}}