{"id":45514,"date":"2019-08-29T16:44:05","date_gmt":"2019-08-29T16:44:05","guid":{"rendered":"https:\/\/prod.pilgrim.es\/stage-8-ramallosa-vigo\/"},"modified":"2025-04-30T16:23:35","modified_gmt":"2025-04-30T16:23:35","slug":"stage-8-baiona-vigo","status":"publish","type":"page","link":"https:\/\/www.pilgrim.es\/en\/camino-portugues-along-the-coast\/stage-8-baiona-vigo\/","title":{"rendered":"Portuguese Coastal Way | Stage 8: Baiona &#8211; Vigo"},"content":{"rendered":"\n<section id=\"heroStage\">\n\t<h1>Portuguese Coastal Way &#8231; Stage 8<\/h1>\n\t<div>\n\t  <div class=\"hero\" data-background=\"https:\/\/cdn.pilgrim.es\/web\/caminos\/camino-portugues-costa\/pueblos\/baiona.jpg\">\n\t\t<div class=\"hero__container\">\n\t\t  <div class=\"hero__container__labels\">\n\t\t\t<p>On foot<\/p>\n\t\t\t<p>13 stages \/ 271 kms<\/p>\n\t\t  <\/div>\n\t\t  <div class=\"hero__container__stage-name\">\n\t\t\t<h2>\n\t\t\t  Baiona <br \/>\n\t\t\t  <span>&#10093;<\/span>\n\t\t\t  Vigo\n\t\t\t<\/h2>\n\t\t\t<p>25,3 Km<\/p>\n\t\t  <\/div>\n\t\t  <div class=\"hero__container__stage-changer\">\n\t\t\t<div class=\"stage-control\">\n\t\t\t  <a class=\"stage-control__link\" href=\"https:\/\/www.pilgrim.es\/en\/camino-portugues-along-the-coast\/stage-7-o-serrallo-baiona\/\"><span>&#10094;<\/span>\n\t\t\t\tStage 7<\/a>\n\t\t\t<\/div>\n\t\t\t<div class=\"stage-control\">\n\t\t\t  <a class=\"stage-control__link\" href=\"https:\/\/www.pilgrim.es\/en\/camino-portugues-along-the-coast\/stage-9-vigo-redondela\/\">Stage 9\n\t\t\t\t<span>&#10095;<\/span><\/a>\n\t\t\t<\/div>\n\t\t  <\/div>\n\t\t<\/div>\n\t  <\/div>\n\t  <div class=\"planner\"><div\r\n  class=\"p-col-span-1 p-rounded-lg p-px-5 p-h-full\"\r\n  style=\"background-image: url('https:\/\/cdn.pilgrim.es\/web\/pilgrim-planner\/bg-plugin-planificador.webp')\"\r\n  rel=\"preload\"\r\n  fetchpriority=\"high\"\r\n  >\r\n    <div class=\"p-text-center p-pt-5 p-text-white p-text-2xl p-font-semibold\">\r\n      Plan your journey    <\/div>\r\n    <div\r\n            id='primary-app'\r\n            data-name='banner'\r\n            data-api='https:\/\/pathfinder.pilgrim.es\/api\/pathfinder\/v2'\r\n            data-mode='normal'\r\n            data-lang='en'\r\n            data-route='1'\r\n            data-destiny='https:\/\/planificador.pilgrim.es'\r\n            data-modality='1'\r\n            data-inline=''\r\n        ><\/div><\/div><\/div>\n\t<\/div>\n  <\/section>\n  \n  <section id=\"scoreBarsStage\">\n\t<section>\r\n  <div class=\"p-flex p-flex-nowrap p-space-x-4 p-py-5 p-overflow-x-auto md:p-grid md:p-grid-cols-3 lg:p-grid-cols-5 md:p-gap-8 md:p-space-x-0 md:p-overflow-hidden scrollbar-thin\">\r\n    <div class=\"p-grid p-grid-cols-4 p-shrink-0 p-w-72 p-snap-start md:p-w-full\">\r\n        <div class=\"p-col-span-1 p-self-center p-text-center p-text-3xl\">\r\n            <i class=\"icon-influx\"><\/i>\r\n        <\/div>\r\n        <div class=\"p-col-span-3 p-flex p-flex-col p-items-start\">\r\n            <div class=\"p-text-start p-text-secondary p-mb-1 p-bold\"> Affluence <\/div>\r\n            <div class=\"p-w-full p-bg-light p-rounded-full p-h-2 p-relative\">\r\n                <div class=\"p-bg-primary p-h-2 p-rounded-full p-absolute\" style=\"width: 40%;\"><\/div>\r\n            <\/div>\r\n        <\/div>\r\n    <\/div>\r\n\r\n    <div class=\"p-grid p-grid-cols-4 p-shrink-0 p-w-72 p-snap-start md:p-w-full\">\r\n        <div class=\"p-col-span-1 p-self-center p-text-center p-text-3xl\">\r\n            <i class=\"icon-difficulty\"><\/i>\r\n        <\/div>\r\n        <div class=\"p-col-span-3 p-flex p-flex-col p-items-start\">\r\n            <div class=\"p-text-start p-text-secondary p-mb-1 p-bold\"> Difficulty <\/div>\r\n            <div class=\"p-w-full p-bg-light p-rounded-full p-h-2 p-relative\">\r\n                <div class=\"p-bg-primary p-h-2 p-rounded-full p-absolute\" style=\"width: 40%;\"><\/div>\r\n            <\/div>\r\n        <\/div>\r\n    <\/div>\r\n\r\n    <div class=\"p-grid p-grid-cols-4 p-shrink-0 p-w-72 p-snap-start md:p-w-full\">\r\n        <div class=\"p-col-span-1 p-self-center p-text-center p-text-3xl\">\r\n            <i class=\"icon-patrimony\"><\/i>\r\n        <\/div>\r\n        <div class=\"p-col-span-3 p-flex p-flex-col p-items-start\">\r\n            <div class=\"p-text-start p-text-secondary p-mb-1 p-bold\"> Art\/History <\/div>\r\n            <div class=\"p-w-full p-bg-light p-rounded-full p-h-2 p-relative\">\r\n                <div class=\"p-bg-primary p-h-2 p-rounded-full p-absolute\" style=\"width: 60%;\"><\/div>\r\n            <\/div>\r\n        <\/div>\r\n    <\/div>\r\n\r\n    <div class=\"p-grid p-grid-cols-4 p-shrink-0 p-w-72 p-snap-start md:p-w-full\">\r\n        <div class=\"p-col-span-1 p-self-center p-text-center p-text-3xl\">\r\n            <i class=\"icon-nature\"><\/i>\r\n        <\/div>\r\n        <div class=\"p-col-span-3 p-flex p-flex-col p-items-start\">\r\n            <div class=\"p-text-start p-text-secondary p-mb-1 p-bold\"> Nature <\/div>\r\n            <div class=\"p-w-full p-bg-light p-rounded-full p-h-2 p-relative\">\r\n                <div class=\"p-bg-primary p-h-2 p-rounded-full p-absolute\" style=\"width: 40%;\"><\/div>\r\n            <\/div>\r\n        <\/div>\r\n    <\/div>\r\n\r\n    <div class=\"p-grid p-grid-cols-4 p-shrink-0 p-w-72 p-snap-start md:p-w-full\">\r\n        <div class=\"p-col-span-1 p-self-center p-text-center p-text-3xl\">\r\n            <i class=\"icon-urban\"><\/i>\r\n        <\/div>\r\n        <div class=\"p-col-span-3 p-flex p-flex-col p-items-start\">\r\n            <div class=\"p-text-start p-text-secondary p-mb-1 p-bold\"> Urban road <\/div>\r\n            <div class=\"p-w-full p-bg-light p-rounded-full p-h-2 p-relative\">\r\n                <div class=\"p-bg-primary p-h-2 p-rounded-full p-absolute\" style=\"width: 60%;\"><\/div>\r\n            <\/div>\r\n        <\/div>\r\n    <\/div>\r\n  <\/div>\r\n<\/section>\n  <\/section>\n  \n  <div id=\"stage-list-section\"><div class=\"stage-list\">\n    <div class='stage-list__map-card'>\n        <div class='stage-list__map-card__map'>\n            <div class='stage-list__map-card__map__text'>\n                <h2> Pages <\/h2>\n                <p> On foot<\/p>\n                <p> 0 stages<\/p>\n            <\/div>\n            <div class='stage-list__map-card__map__img'>\n                <img decoding=\"async\" src=\"\" alt=\" mapa \" \/>\n            <\/div>\n        <\/div>\n    <\/div>\n\n    <\/div>\n<\/div>\n  \n  <section id=\"navStage\">\n\t<div>\n\t  <nav id=\"tab-navigation-section\" class=\"tab-navigation-section--cols-4\">\n\t\t<a href=\"#infoSection\" class=\"active\">Information<\/a>\n\t\t<a href=\"#profileSection\">Profile<\/a>\n\t\t<a href=\"#itinerarySection\">Itinerary<\/a>\n\t\t<a href=\"#locationsSection\">Localities<\/a>\n\t  <\/nav>\n  \n\t  <div id=\"infoSection\">\n\t\t<!-- Title Section with Orange Line -->\n\t\t<div>\n\t\t  <h4 class=\"p-h4--section\">Information<\/h4>\n\t\t  <hr class=\"orange-bar\" \/>\n\t\t  <h3 class=\"p-h3\">About this stage<\/h3>\n\t\t<\/div>\n  \n\t\t<!-- Main Content Section -->\n\t\t<p>\n\t\t  This is one of the most beautiful stages of this trip, which also does not present\n\t\t  significant physical difficulties. We will walk along a large part of the route along the\n\t\t  seaside, discovering towns such as Baiona, A Ramallosa or the stunning city of Vigo,\n\t\t  where we will end our stage.\n\t\t<\/p>\n  \n\t\t<div class=\"recomendation-card\">\n\t\t  <div>\n\t\t\t<i class=\"icon-logo-pilgrim\"><\/i>\n\t\t\t<h5>Pilgrim Recommendation<\/h5>\n\t\t  <\/div>\n  \n\t\t  <p>\n\t\t\tThis coastal stage will be the last one with beaches and sights to the Atlantic coast, as we will\n\t\t\tnot the see this landscape in the next one. We will have the C\u00edes isles on the horizon during this\n\t\t\tstage to enjoy their beauty.\n\t\t  <\/p>\n\t\t<\/div>\n\t  <\/div>\n  \n\t  <div id=\"profileSection\">\n\t\t<div>\n\t\t  <h4 class=\"p-h4--section\">Distance and elevation<\/h4>\n\t\t  <hr class=\"orange-bar\" \/>\n\t\t  <h3 class=\"p-h3\">Stage profile<\/h3>\n\t\t  <img\n\t\t\tsrc=\"https:\/\/cdn.pilgrim.es\/web\/caminos\/camino-portugues-costa\/etapas\/etapa-8\/etapa8-perfil-baiona-vigo.jpg\"\n\t\t\talt=\"Stage profile\" \/>\n\t\t<\/div>\n\t  <\/div>\n  \n\t  <div id=\"itinerarySection\">\n\t\t<h4 class=\"p-h4--section\">Route<\/h4>\n\t\t<hr \/>\n\t\t<h3 class=\"p-h3\">Itinerary<\/h3>\n\t\t<div>\n\t\t  <h4>Km 0 &#8231; Baiona<\/h4>\n\t\t  <p>\n\t\t\tWe leave Baiona to start our route next to the wall of the church and then turn into\n\t\t\tManuel Valverde Street, going down a staircase that leads us to the Plaza del\n\t\t\tAyuntamiento (Town Hall Square). We will take a diversion following the yellow arrows\n\t\t\talong R\u00faa do Conde and R\u00faa Porta da Vila. We continue along R\u00faa Loureiral and R\u00faa do\n\t\t\tBurgo, moving parallel to the coast, cross the river Bai\u00f1a over a small stone bridge and\n\t\t\tcontinue on to Sabar\u00eds\n\t\t  <\/p>\n  \n\t\t<\/div>\n\t\t<hr \/>\n\t\t<div>\n\t\t  <h4>Km 3 &#8231; Sabar\u00eds<\/h4>\n\t\t  <p>\n\t\t\tWe continue along R\u00faa da Ponte Nova and cross two streams over two stone bridges. We\n\t\t\tgo up R\u00faa Viso de Calvos and turn left along Cami\u00f1o do Lindeiro. Moving forward, we\n\t\t\treach the banks of the river Mi\u00f1or where we cross over the Romanic bridge of A\n\t\t\tRamallosa. <strong>IMPORTANT:<\/strong> After crossing the bridge we will find the junction that\n\t\t\tseparates\n\t\t\tthe Inland Camino from the Coastal route. We should take the option on the left, following\n\t\t\t<strong>the green arrows<\/strong> that mark this route. Very soon, moving in this direction we will\n\t\t\tfind A\n\t\t\tRamallosa.\n  \n\t\t  <\/p>\n\t\t<\/div>\n\t\t<hr \/>\n\t\t<div>\n\t\t  <h4>Km 4,5 &#8231; A Ramallosa<\/h4>\n\t\t  <p>\n\t\t\tWe will advance parallel to the Mi\u00f1or river and the bicycle lane along Torrente Ballester\n\t\t\tAvenue and follow the arrows until we reach Playa Am\u00e9rica. At the end of the beach, we\n\t\t\tcontinue along the pedestrian walkway and R\u00faa Cidade de Vigo to reach Panx\u00f3n Beach\n\t\t\tand then Patos Beach, from where we can see the C\u00edes Islands on the horizon.\n\t\t\tContinuing along R\u00faa de Coba and Cami\u00f1o do Porti\u00f1o we reach Sai\u00e1ns.\n\t\t  <\/p>\n\t\t<\/div>\n\t\t<hr \/>\n\t\t<div>\n\t\t  <h4>Km 11,9 &#8231; Sai\u00e1ns<\/h4>\n\t\t  <p>\n\t\t\tWe follow the Ricardo Mella Avenue through the pedestrian area, when we reach a\n\t\t\troundabout on the avenue we continue straight on for about two kilometres and we reach\n\t\t\tthe coastal town of Oia. (WARNING: At this point the green arrows will indicate a\n\t\t\tdiversion on the right that goes uphill and makes a detour that will take us back to the\n\t\t\tavenue we were on, so we recommend going straight on and not taking this diversion.\n\t\t  <\/p>\n\t\t<\/div>\n\t\t<hr \/>\n\t\t<div>\n\t\t  <h4>Km 14,9 &#8231; Oia<\/h4>\n\t\t  <p>\n\t\t\tWe continue along Ad. Cesareo V\u00e1zquez, reaching Canido Beach and Praia do Vao. From\n\t\t\tthis point the itinerary is totally intuitive and very easy to follow, as after a few metres we\n\t\t\twill reach the mouth of the Lagares River and we will be in Samil, the prelude to the city\n\t\t\tof Vigo. From Samil beach we can reach the city centre by walking along Avenida de\n\t\t\tSamil, and then taking Avenida da Atl\u00e1ntica, which will take us into the heart of the city,\n\t\t\twhere we will have completed our stage.\n\t\t  <\/p>\n\t\t<\/div>\n\t\t<hr \/>\n\t\t<div>\n\t\t  <h4>Km 25,3 &#8231; Vigo<\/h4>\n  \n\t\t<\/div>\n  \n\t  <\/div>\n  \n\t  <div id=\"locationsSection\">\n\t\t<h4 class=\"p-h4--section\">Localities<\/h4>\n\t\t<hr \/>\n\t\t<h3 class=\"p-h3\">Towns<\/h3>\n\t\t<div class=\"grid-container\">\n\t\t  <div class=\"p-group card-stage p-max-w-full\">\n  \n\t\t\t<div class=\"card-stage__header\">\n\t\t\t  <img decoding=\"async\" src=\"https:\/\/cdn.pilgrim.es\/web\/caminos\/camino-portugues-costa\/pueblos\/baiona.jpg\" alt=\"Baiona\" \/>\n  \n\t\t\t<\/div>\n\t\t\t<div class=\"town-card__flex-container\">\n\t\t\t  <div class=\"town-card__flex-container__info\">\n\t\t\t\t<h3>Baiona<\/h3>\n\t\t\t\t<p>Province: Pontevedra<\/p>\n\t\t\t  <\/div>\n  \n\t\t\t<\/div>\n  \n\t\t  <\/div>\n\t\t  <div class=\"p-group card-stage p-max-w-full\">\n  \n\t\t\t<div class=\"card-stage__header\">\n\t\t\t  <img decoding=\"async\" src=\"https:\/\/cdn.pilgrim.es\/web\/caminos\/camino-portugues-costa\/pueblos\/vigo.jpg\" alt=\"Vigo\" \/>\n  \n\t\t\t<\/div>\n\t\t\t<div class=\"town-card__flex-container\">\n\t\t\t  <div class=\"town-card__flex-container__info\">\n\t\t\t\t<h3>Vigo<\/h3>\n\t\t\t\t<p>Province: Pontevedra<\/p>\n\t\t\t  <\/div>\n  \n\t\t\t<\/div>\n  \n\t\t  <\/div>\n\t\t<\/div>\n\t  <\/div>\n\t  <hr class=\"single-bar\" \/>\n\t<\/div>\n  <\/section>\n  \n  <section id=\"stageChange\">\n\t<div>\n\t  <a href=\"https:\/\/www.pilgrim.es\/en\/camino-portugues-along-the-coast\/stage-7-o-serrallo-baiona\/\" class=\"change-btn\">\n\t\t<div class=\"btn-arrow previous\">\n\t\t  <i class=\"icon-arrow\"><\/i>\n\t\t<\/div>\n\t\t<div class=\"change-btn__info\">\n\t\t  <div>Stage 7<\/div>\n\t\t  <p>\n\t\t\tO Serrallo &#10095; <br \/>\n\t\t\tBaiona\n\t\t  <\/p>\n\t\t<\/div>\n\t  <\/a>\n\t  <a href=\"https:\/\/www.pilgrim.es\/en\/camino-portugues-along-the-coast\/stage-9-vigo-redondela\/\" class=\"change-btn\">\n\t\t<div class=\"change-btn__info\">\n\t\t  <div>Stage 9<\/div>\n\t\t  <p>\n\t\t\tVigo &#10095; <br \/>\n\t\t\tRedondela\n\t\t  <\/p>\n\t\t<\/div>\n\t\t<div class=\"btn-arrow\">\n\t\t  <i class=\"icon-arrow\"><\/i>\n\t\t<\/div>\n\t  <\/a>\n\t<\/div>\n  <\/section>\n","protected":false},"excerpt":{"rendered":"<p>Portuguese Coastal Way &#8231; Stage 8 On foot 13 stages \/ 271 kms Baiona &#10093; Vigo 25,3 Km &#10094; Stage 7 Stage 9 &#10095; Information Profile Itinerary Localities Information About this stage This is one of the most beautiful stages of this trip, which also does not present significant physical difficulties. We will walk along &hellip; <\/p>\n<p class=\"read_more\"><a href=\"https:\/\/www.pilgrim.es\/en\/camino-portugues-along-the-coast\/stage-8-baiona-vigo\/\">Leer m\u00e1s<\/a><\/p>\n","protected":false},"author":4,"featured_media":0,"parent":47053,"menu_order":0,"comment_status":"closed","ping_status":"closed","template":"views\/template-new-web-design.blade.php","meta":{"footnotes":""},"categories":[],"tags":[],"class_list":["post-45514","page","type-page","status-publish","hentry"],"yoast_head":"<!-- This site is optimized with the Yoast SEO plugin v27.4 - https:\/\/yoast.com\/product\/yoast-seo-wordpress\/ -->\n<title>Camino Portugu\u00e9s por Costa desde Ramallosa a Vigo | Camino de Santiago<\/title>\n<meta name=\"description\" content=\"Portuguese Coastal Way: Stage 8 between Ramallosa and Vigo. Route distance, map, accommodation &amp; pilgrim guide\" \/>\n<meta name=\"robots\" content=\"index, follow, max-snippet:-1, max-image-preview:large, max-video-preview:-1\" \/>\n<link rel=\"canonical\" href=\"https:\/\/www.pilgrim.es\/en\/camino-portugues-along-the-coast\/stage-8-baiona-vigo\/\" \/>\n<meta property=\"og:locale\" content=\"en_US\" \/>\n<meta property=\"og:type\" content=\"article\" \/>\n<meta property=\"og:title\" content=\"Camino Portugu\u00e9s por Costa desde Ramallosa a Vigo | Camino de Santiago\" \/>\n<meta property=\"og:description\" content=\"Portuguese Coastal Way: Stage 8 between Ramallosa and Vigo. Route distance, map, accommodation &amp; pilgrim guide\" \/>\n<meta property=\"og:url\" content=\"https:\/\/www.pilgrim.es\/en\/camino-portugues-along-the-coast\/stage-8-baiona-vigo\/\" \/>\n<meta property=\"og:site_name\" content=\"Pilgrim\" \/>\n<meta property=\"article:publisher\" content=\"https:\/\/www.facebook.com\/pilgrim.es\/\" \/>\n<meta property=\"article:modified_time\" content=\"2025-04-30T16:23:35+00:00\" \/>\n<meta property=\"og:image\" content=\"https:\/\/cdn.pilgrim.es\/web\/caminos\/camino-portugues-costa\/pueblos\/baiona.jpg\" \/>\n<meta name=\"twitter:card\" content=\"summary_large_image\" \/>\n<meta name=\"twitter:site\" content=\"@pilgrim_es\" \/>\n<meta name=\"twitter:label1\" content=\"Est. reading time\" \/>\n\t<meta name=\"twitter:data1\" content=\"3 minutes\" \/>\n<script type=\"application\/ld+json\" class=\"yoast-schema-graph\">{\"@context\":\"https:\\\/\\\/schema.org\",\"@graph\":[{\"@type\":\"WebPage\",\"@id\":\"https:\\\/\\\/www.pilgrim.es\\\/en\\\/camino-portugues-along-the-coast\\\/stage-8-baiona-vigo\\\/\",\"url\":\"https:\\\/\\\/www.pilgrim.es\\\/en\\\/camino-portugues-along-the-coast\\\/stage-8-baiona-vigo\\\/\",\"name\":\"Camino Portugu\u00e9s por Costa desde Ramallosa a Vigo | Camino de Santiago\",\"isPartOf\":{\"@id\":\"https:\\\/\\\/www.pilgrim.es\\\/en\\\/#website\"},\"primaryImageOfPage\":{\"@id\":\"https:\\\/\\\/www.pilgrim.es\\\/en\\\/camino-portugues-along-the-coast\\\/stage-8-baiona-vigo\\\/#primaryimage\"},\"image\":{\"@id\":\"https:\\\/\\\/www.pilgrim.es\\\/en\\\/camino-portugues-along-the-coast\\\/stage-8-baiona-vigo\\\/#primaryimage\"},\"thumbnailUrl\":\"https:\\\/\\\/cdn.pilgrim.es\\\/web\\\/caminos\\\/camino-portugues-costa\\\/pueblos\\\/baiona.jpg\",\"datePublished\":\"2019-08-29T16:44:05+00:00\",\"dateModified\":\"2025-04-30T16:23:35+00:00\",\"description\":\"Portuguese Coastal Way: Stage 8 between Ramallosa and Vigo. Route distance, map, accommodation & pilgrim guide\",\"breadcrumb\":{\"@id\":\"https:\\\/\\\/www.pilgrim.es\\\/en\\\/camino-portugues-along-the-coast\\\/stage-8-baiona-vigo\\\/#breadcrumb\"},\"inLanguage\":\"en-US\",\"potentialAction\":[{\"@type\":\"ReadAction\",\"target\":[\"https:\\\/\\\/www.pilgrim.es\\\/en\\\/camino-portugues-along-the-coast\\\/stage-8-baiona-vigo\\\/\"]}]},{\"@type\":\"ImageObject\",\"inLanguage\":\"en-US\",\"@id\":\"https:\\\/\\\/www.pilgrim.es\\\/en\\\/camino-portugues-along-the-coast\\\/stage-8-baiona-vigo\\\/#primaryimage\",\"url\":\"https:\\\/\\\/cdn.pilgrim.es\\\/web\\\/caminos\\\/camino-portugues-costa\\\/pueblos\\\/baiona.jpg\",\"contentUrl\":\"https:\\\/\\\/cdn.pilgrim.es\\\/web\\\/caminos\\\/camino-portugues-costa\\\/pueblos\\\/baiona.jpg\"},{\"@type\":\"BreadcrumbList\",\"@id\":\"https:\\\/\\\/www.pilgrim.es\\\/en\\\/camino-portugues-along-the-coast\\\/stage-8-baiona-vigo\\\/#breadcrumb\",\"itemListElement\":[{\"@type\":\"ListItem\",\"position\":1,\"name\":\"Camino de Santiago\",\"item\":\"https:\\\/\\\/www.pilgrim.es\\\/en\\\/\"},{\"@type\":\"ListItem\",\"position\":2,\"name\":\"Camino Portugu\u00e9s Along the Coast\",\"item\":\"https:\\\/\\\/www.pilgrim.es\\\/en\\\/camino-portugues-along-the-coast\\\/\"},{\"@type\":\"ListItem\",\"position\":3,\"name\":\"Portuguese Coastal Way | Stage 8: Baiona &#8211; Vigo\"}]},{\"@type\":\"WebSite\",\"@id\":\"https:\\\/\\\/www.pilgrim.es\\\/en\\\/#website\",\"url\":\"https:\\\/\\\/www.pilgrim.es\\\/en\\\/\",\"name\":\"Pilgrim\",\"description\":\"Camino de Santiago | Caminamos Contigo\",\"publisher\":{\"@id\":\"https:\\\/\\\/www.pilgrim.es\\\/en\\\/#organization\"},\"potentialAction\":[{\"@type\":\"SearchAction\",\"target\":{\"@type\":\"EntryPoint\",\"urlTemplate\":\"https:\\\/\\\/www.pilgrim.es\\\/en\\\/?s={search_term_string}\"},\"query-input\":{\"@type\":\"PropertyValueSpecification\",\"valueRequired\":true,\"valueName\":\"search_term_string\"}}],\"inLanguage\":\"en-US\"},{\"@type\":\"Organization\",\"@id\":\"https:\\\/\\\/www.pilgrim.es\\\/en\\\/#organization\",\"name\":\"Pilgrim Camino de Santiago\",\"url\":\"https:\\\/\\\/www.pilgrim.es\\\/en\\\/\",\"logo\":{\"@type\":\"ImageObject\",\"inLanguage\":\"en-US\",\"@id\":\"https:\\\/\\\/www.pilgrim.es\\\/en\\\/#\\\/schema\\\/logo\\\/image\\\/\",\"url\":\"https:\\\/\\\/www.pilgrim.es\\\/wp-content\\\/uploads\\\/2019\\\/04\\\/logo_pilgrim.png\",\"contentUrl\":\"https:\\\/\\\/www.pilgrim.es\\\/wp-content\\\/uploads\\\/2019\\\/04\\\/logo_pilgrim.png\",\"width\":512,\"height\":512,\"caption\":\"Pilgrim Camino de Santiago\"},\"image\":{\"@id\":\"https:\\\/\\\/www.pilgrim.es\\\/en\\\/#\\\/schema\\\/logo\\\/image\\\/\"},\"sameAs\":[\"https:\\\/\\\/www.facebook.com\\\/pilgrim.es\\\/\",\"https:\\\/\\\/x.com\\\/pilgrim_es\",\"https:\\\/\\\/www.instagram.com\\\/pilgrim.es\\\/\",\"https:\\\/\\\/www.linkedin.com\\\/company\\\/pilgrim-camino-de-santiago\\\/\",\"https:\\\/\\\/www.pinterest.es\\\/pilgrimcaminodesantiago\\\/\",\"https:\\\/\\\/www.youtube.com\\\/channel\\\/UCIv2ZzFLXVqthkNF32rKedw\\\/featured\"]}]}<\/script>\n<!-- \/ Yoast SEO plugin. -->","yoast_head_json":{"title":"Camino Portugu\u00e9s por Costa desde Ramallosa a Vigo | Camino de Santiago","description":"Portuguese Coastal Way: Stage 8 between Ramallosa and Vigo. Route distance, map, accommodation & pilgrim guide","robots":{"index":"index","follow":"follow","max-snippet":"max-snippet:-1","max-image-preview":"max-image-preview:large","max-video-preview":"max-video-preview:-1"},"canonical":"https:\/\/www.pilgrim.es\/en\/camino-portugues-along-the-coast\/stage-8-baiona-vigo\/","og_locale":"en_US","og_type":"article","og_title":"Camino Portugu\u00e9s por Costa desde Ramallosa a Vigo | Camino de Santiago","og_description":"Portuguese Coastal Way: Stage 8 between Ramallosa and Vigo. Route distance, map, accommodation & pilgrim guide","og_url":"https:\/\/www.pilgrim.es\/en\/camino-portugues-along-the-coast\/stage-8-baiona-vigo\/","og_site_name":"Pilgrim","article_publisher":"https:\/\/www.facebook.com\/pilgrim.es\/","article_modified_time":"2025-04-30T16:23:35+00:00","og_image":[{"url":"https:\/\/cdn.pilgrim.es\/web\/caminos\/camino-portugues-costa\/pueblos\/baiona.jpg","type":"","width":"","height":""}],"twitter_card":"summary_large_image","twitter_site":"@pilgrim_es","twitter_misc":{"Est. reading time":"3 minutes"},"schema":{"@context":"https:\/\/schema.org","@graph":[{"@type":"WebPage","@id":"https:\/\/www.pilgrim.es\/en\/camino-portugues-along-the-coast\/stage-8-baiona-vigo\/","url":"https:\/\/www.pilgrim.es\/en\/camino-portugues-along-the-coast\/stage-8-baiona-vigo\/","name":"Camino Portugu\u00e9s por Costa desde Ramallosa a Vigo | Camino de Santiago","isPartOf":{"@id":"https:\/\/www.pilgrim.es\/en\/#website"},"primaryImageOfPage":{"@id":"https:\/\/www.pilgrim.es\/en\/camino-portugues-along-the-coast\/stage-8-baiona-vigo\/#primaryimage"},"image":{"@id":"https:\/\/www.pilgrim.es\/en\/camino-portugues-along-the-coast\/stage-8-baiona-vigo\/#primaryimage"},"thumbnailUrl":"https:\/\/cdn.pilgrim.es\/web\/caminos\/camino-portugues-costa\/pueblos\/baiona.jpg","datePublished":"2019-08-29T16:44:05+00:00","dateModified":"2025-04-30T16:23:35+00:00","description":"Portuguese Coastal Way: Stage 8 between Ramallosa and Vigo. Route distance, map, accommodation & pilgrim guide","breadcrumb":{"@id":"https:\/\/www.pilgrim.es\/en\/camino-portugues-along-the-coast\/stage-8-baiona-vigo\/#breadcrumb"},"inLanguage":"en-US","potentialAction":[{"@type":"ReadAction","target":["https:\/\/www.pilgrim.es\/en\/camino-portugues-along-the-coast\/stage-8-baiona-vigo\/"]}]},{"@type":"ImageObject","inLanguage":"en-US","@id":"https:\/\/www.pilgrim.es\/en\/camino-portugues-along-the-coast\/stage-8-baiona-vigo\/#primaryimage","url":"https:\/\/cdn.pilgrim.es\/web\/caminos\/camino-portugues-costa\/pueblos\/baiona.jpg","contentUrl":"https:\/\/cdn.pilgrim.es\/web\/caminos\/camino-portugues-costa\/pueblos\/baiona.jpg"},{"@type":"BreadcrumbList","@id":"https:\/\/www.pilgrim.es\/en\/camino-portugues-along-the-coast\/stage-8-baiona-vigo\/#breadcrumb","itemListElement":[{"@type":"ListItem","position":1,"name":"Camino de Santiago","item":"https:\/\/www.pilgrim.es\/en\/"},{"@type":"ListItem","position":2,"name":"Camino Portugu\u00e9s Along the Coast","item":"https:\/\/www.pilgrim.es\/en\/camino-portugues-along-the-coast\/"},{"@type":"ListItem","position":3,"name":"Portuguese Coastal Way | Stage 8: Baiona &#8211; Vigo"}]},{"@type":"WebSite","@id":"https:\/\/www.pilgrim.es\/en\/#website","url":"https:\/\/www.pilgrim.es\/en\/","name":"Pilgrim","description":"Camino de Santiago | Caminamos Contigo","publisher":{"@id":"https:\/\/www.pilgrim.es\/en\/#organization"},"potentialAction":[{"@type":"SearchAction","target":{"@type":"EntryPoint","urlTemplate":"https:\/\/www.pilgrim.es\/en\/?s={search_term_string}"},"query-input":{"@type":"PropertyValueSpecification","valueRequired":true,"valueName":"search_term_string"}}],"inLanguage":"en-US"},{"@type":"Organization","@id":"https:\/\/www.pilgrim.es\/en\/#organization","name":"Pilgrim Camino de Santiago","url":"https:\/\/www.pilgrim.es\/en\/","logo":{"@type":"ImageObject","inLanguage":"en-US","@id":"https:\/\/www.pilgrim.es\/en\/#\/schema\/logo\/image\/","url":"https:\/\/www.pilgrim.es\/wp-content\/uploads\/2019\/04\/logo_pilgrim.png","contentUrl":"https:\/\/www.pilgrim.es\/wp-content\/uploads\/2019\/04\/logo_pilgrim.png","width":512,"height":512,"caption":"Pilgrim Camino de Santiago"},"image":{"@id":"https:\/\/www.pilgrim.es\/en\/#\/schema\/logo\/image\/"},"sameAs":["https:\/\/www.facebook.com\/pilgrim.es\/","https:\/\/x.com\/pilgrim_es","https:\/\/www.instagram.com\/pilgrim.es\/","https:\/\/www.linkedin.com\/company\/pilgrim-camino-de-santiago\/","https:\/\/www.pinterest.es\/pilgrimcaminodesantiago\/","https:\/\/www.youtube.com\/channel\/UCIv2ZzFLXVqthkNF32rKedw\/featured"]}]}},"_links":{"self":[{"href":"https:\/\/www.pilgrim.es\/en\/wp-json\/wp\/v2\/pages\/45514","targetHints":{"allow":["GET"]}}],"collection":[{"href":"https:\/\/www.pilgrim.es\/en\/wp-json\/wp\/v2\/pages"}],"about":[{"href":"https:\/\/www.pilgrim.es\/en\/wp-json\/wp\/v2\/types\/page"}],"author":[{"embeddable":true,"href":"https:\/\/www.pilgrim.es\/en\/wp-json\/wp\/v2\/users\/4"}],"replies":[{"embeddable":true,"href":"https:\/\/www.pilgrim.es\/en\/wp-json\/wp\/v2\/comments?post=45514"}],"version-history":[{"count":10,"href":"https:\/\/www.pilgrim.es\/en\/wp-json\/wp\/v2\/pages\/45514\/revisions"}],"predecessor-version":[{"id":130593,"href":"https:\/\/www.pilgrim.es\/en\/wp-json\/wp\/v2\/pages\/45514\/revisions\/130593"}],"up":[{"embeddable":true,"href":"https:\/\/www.pilgrim.es\/en\/wp-json\/wp\/v2\/pages\/47053"}],"wp:attachment":[{"href":"https:\/\/www.pilgrim.es\/en\/wp-json\/wp\/v2\/media?parent=45514"}],"wp:term":[{"taxonomy":"category","embeddable":true,"href":"https:\/\/www.pilgrim.es\/en\/wp-json\/wp\/v2\/categories?post=45514"},{"taxonomy":"post_tag","embeddable":true,"href":"https:\/\/www.pilgrim.es\/en\/wp-json\/wp\/v2\/tags?post=45514"}],"curies":[{"name":"wp","href":"https:\/\/api.w.org\/{rel}","templated":true}]}}