{"id":16747,"date":"2019-04-04T08:54:46","date_gmt":"2019-04-04T08:54:46","guid":{"rendered":"https:\/\/desarrollo.pilgrim.es\/stage-7-a-gudina-laza\/"},"modified":"2025-03-24T16:17:02","modified_gmt":"2025-03-24T16:17:02","slug":"stage-7-a-gudina-laza","status":"publish","type":"page","link":"https:\/\/www.pilgrim.es\/en\/sanabres-way\/stage-7-a-gudina-laza\/","title":{"rendered":"Sanabres Way: Stage 7 &#8211; A Gudi\u00f1a &#8211; Laza | Pilgrim"},"content":{"rendered":" <section id=\"heroStage\">\n  <h1>Camino Sanabr\u00e9s: Stage 7<\/h1>\n  <div>\n    <div class=\"hero\" data-background=\"https:\/\/cdn.pilgrim.es\/web\/caminos\/camino-sanabres\/pueblos\/a-gudina.jpg\">\n      <div class=\"hero__container\">\n        <div class=\"hero__container__labels\">\n          <p>Walk<\/p>\n          <p>13 Stages \/ 364 Kms<\/p>\n        <\/div>\n        <div class=\"hero__container__stage-name\">\n          <h2>\n            A Gudi\u00f1a <br \/>\n            <span>&#10093;<\/span>\n            Laza\n          <\/h2>\n          <p>34 Km<\/p>\n        <\/div>\n        <div class=\"hero__container__stage-changer\">\n            <div class=\"stage-control\">\n              <a class=\"stage-control__link\" href=\"\/en\/sanabres-way\/stage-6-lubian-a-gudina\/\"><span>&#10094;<\/span> Stage 6<\/a>\n            <\/div>\n          <div class=\"stage-control\">\n            <a class=\"stage-control__link\" href=\"\/en\/sanabres-way\/stage-8-laza-xunqueira-de-ambia\/\">Stage 8 <span>&#10095;<\/span><\/a>\n          <\/div>\n        <\/div>\n      <\/div>\n    <\/div>\n    <div class=\"planner\"><div\r\n  class=\"p-col-span-1 p-rounded-lg p-px-5 p-h-full\"\r\n  style=\"background-image: url('https:\/\/cdn.pilgrim.es\/web\/pilgrim-planner\/bg-plugin-planificador.webp')\"\r\n  rel=\"preload\"\r\n  fetchpriority=\"high\"\r\n  >\r\n    <div class=\"p-text-center p-pt-5 p-text-white p-text-2xl p-font-semibold\">\r\n      Plan your journey    <\/div>\r\n    <div\r\n            id='primary-app'\r\n            data-name='banner'\r\n            data-api='https:\/\/pathfinder.pilgrim.es\/api\/pathfinder\/v2'\r\n            data-mode='normal'\r\n            data-lang='en'\r\n            data-route='1'\r\n            data-destiny='https:\/\/planificador.pilgrim.es'\r\n            data-modality='1'\r\n            data-inline=''\r\n        ><\/div><\/div><\/div>\n  <\/div>\n<\/section>\n\n<section id=\"scoreBarsStage\">\n  <section>\r\n  <div class=\"p-flex p-flex-nowrap p-space-x-4 p-py-5 p-overflow-x-auto md:p-grid md:p-grid-cols-3 lg:p-grid-cols-5 md:p-gap-8 md:p-space-x-0 md:p-overflow-hidden scrollbar-thin\">\r\n    <div class=\"p-grid p-grid-cols-4 p-shrink-0 p-w-72 p-snap-start md:p-w-full\">\r\n        <div class=\"p-col-span-1 p-self-center p-text-center p-text-3xl\">\r\n            <i class=\"icon-influx\"><\/i>\r\n        <\/div>\r\n        <div class=\"p-col-span-3 p-flex p-flex-col p-items-start\">\r\n            <div class=\"p-text-start p-text-secondary p-mb-1 p-bold\"> Affluence <\/div>\r\n            <div class=\"p-w-full p-bg-light p-rounded-full p-h-2 p-relative\">\r\n                <div class=\"p-bg-primary p-h-2 p-rounded-full p-absolute\" style=\"width: 80%;\"><\/div>\r\n            <\/div>\r\n        <\/div>\r\n    <\/div>\r\n\r\n    <div class=\"p-grid p-grid-cols-4 p-shrink-0 p-w-72 p-snap-start md:p-w-full\">\r\n        <div class=\"p-col-span-1 p-self-center p-text-center p-text-3xl\">\r\n            <i class=\"icon-difficulty\"><\/i>\r\n        <\/div>\r\n        <div class=\"p-col-span-3 p-flex p-flex-col p-items-start\">\r\n            <div class=\"p-text-start p-text-secondary p-mb-1 p-bold\"> Difficulty <\/div>\r\n            <div class=\"p-w-full p-bg-light p-rounded-full p-h-2 p-relative\">\r\n                <div class=\"p-bg-primary p-h-2 p-rounded-full p-absolute\" style=\"width: 40%;\"><\/div>\r\n            <\/div>\r\n        <\/div>\r\n    <\/div>\r\n\r\n    <div class=\"p-grid p-grid-cols-4 p-shrink-0 p-w-72 p-snap-start md:p-w-full\">\r\n        <div class=\"p-col-span-1 p-self-center p-text-center p-text-3xl\">\r\n            <i class=\"icon-patrimony\"><\/i>\r\n        <\/div>\r\n        <div class=\"p-col-span-3 p-flex p-flex-col p-items-start\">\r\n            <div class=\"p-text-start p-text-secondary p-mb-1 p-bold\"> Art\/History <\/div>\r\n            <div class=\"p-w-full p-bg-light p-rounded-full p-h-2 p-relative\">\r\n                <div class=\"p-bg-primary p-h-2 p-rounded-full p-absolute\" style=\"width: 20%;\"><\/div>\r\n            <\/div>\r\n        <\/div>\r\n    <\/div>\r\n\r\n    <div class=\"p-grid p-grid-cols-4 p-shrink-0 p-w-72 p-snap-start md:p-w-full\">\r\n        <div class=\"p-col-span-1 p-self-center p-text-center p-text-3xl\">\r\n            <i class=\"icon-nature\"><\/i>\r\n        <\/div>\r\n        <div class=\"p-col-span-3 p-flex p-flex-col p-items-start\">\r\n            <div class=\"p-text-start p-text-secondary p-mb-1 p-bold\"> Nature <\/div>\r\n            <div class=\"p-w-full p-bg-light p-rounded-full p-h-2 p-relative\">\r\n                <div class=\"p-bg-primary p-h-2 p-rounded-full p-absolute\" style=\"width: 80%;\"><\/div>\r\n            <\/div>\r\n        <\/div>\r\n    <\/div>\r\n\r\n    <div class=\"p-grid p-grid-cols-4 p-shrink-0 p-w-72 p-snap-start md:p-w-full\">\r\n        <div class=\"p-col-span-1 p-self-center p-text-center p-text-3xl\">\r\n            <i class=\"icon-urban\"><\/i>\r\n        <\/div>\r\n        <div class=\"p-col-span-3 p-flex p-flex-col p-items-start\">\r\n            <div class=\"p-text-start p-text-secondary p-mb-1 p-bold\"> Urban road <\/div>\r\n            <div class=\"p-w-full p-bg-light p-rounded-full p-h-2 p-relative\">\r\n                <div class=\"p-bg-primary p-h-2 p-rounded-full p-absolute\" style=\"width: 20%;\"><\/div>\r\n            <\/div>\r\n        <\/div>\r\n    <\/div>\r\n  <\/div>\r\n<\/section>\n<\/section>\n\n<div id=\"stage-list-section\"><div class=\"stage-list\">\n    <div class='stage-list__map-card'>\n        <div class='stage-list__map-card__map'>\n            <div class='stage-list__map-card__map__text'>\n                <h2> Pages <\/h2>\n                <p> On foot<\/p>\n                <p> 0 stages<\/p>\n            <\/div>\n            <div class='stage-list__map-card__map__img'>\n                <img decoding=\"async\" src=\"\" alt=\" mapa \" \/>\n            <\/div>\n        <\/div>\n    <\/div>\n\n    <\/div>\n<\/div>\n\n<section id=\"navStage\">\n  <div>\n    <nav id=\"tab-navigation-section\" class=\"tab-navigation-section--cols-5\">\n      <a href=\"#infoSection\" class=\"active\">Information<\/a>\n       <a href=\"#profileSection\">Profile<\/a>\n       <a href=\"#itinerarySection\">Itinerary<\/a>\n       <a href=\"#locationsSection\">Localities<\/a>\n    <\/nav>\n\n    <div id=\"infoSection\">\n      <!-- Title Section with Orange Line -->\n      <div>\n        <h2 class=\"p-h2-stage\">Information<\/h2>\n        <hr class=\"orange-bar\" \/>\n        <h3 class=\"p-h3-stage\">About this stage<\/h3>\n      <\/div>\n\n      \n        <p>The cyclists will find themselves in the Plaza Mayor of A Gudi\u00f1a, with the option of continuing on the road to Ver\u00edn, thus increasing the route by around sixteen kilometres. The rest will continue up the mountain, crossing a multitude of small villages devoid of any services, until they reach Laza.<\/p>\n      \n\n      <div class=\"recomendation-card\">\n        <div>\n          <i class=\"icon-logo-pilgrim\"><\/i>\n          <h5>Recommendation Pilgrim<\/h5>\n        <\/div>\n\n        \n          <p>Remember that we will pass through villages without services, so it is a good idea to stock up before you leave to avoid running out of water or food. As we have mentioned, there is the alternative of visiting Ver\u00edn, but we will have to walk at least another sixteen kilometers and practically all of them by road. If the stage is too long for us, there is the possibility of stopping at Campobecerros, which has a private hostel. This stage does not pose any additional difficulties for cyclists or people with reduced mobility.<\/p>\n        \n      <\/div>\n    <\/div>\n\n    <div id=\"profileSection\">\n      <div>\n        <h2 class=\"p-h2-stage\">Distance and elevation<\/h2>\n        <hr class=\"orange-bar\" \/>\n        <h3 class=\"p-h3-stage\">Stage profile<\/h3>\n        <img decoding=\"async\" src=\"https:\/\/cdn.pilgrim.es\/web\/caminos\/camino-sanabres\/etapas\/etapa-7\/etapa7-perfil-a-gudina-laza.jpg\" alt=\"Stage profile stage-7-a-gudina-laza\" \/>\n      <\/div>\n    <\/div>\n\n    <div id=\"itinerarySection\">\n      <h2 class=\"p-h2-stage\">Route<\/h2>\n      <hr \/>\n      <h3 class=\"p-h3-stage\">Itinerary<\/h3>\n\n      \n        <div>\n          <h4>Km 0 &#8211; Inicio<\/h4>\n\n          \n            <p>From A Gudi\u00f1a, we return on our steps towards the train tracks, and turn right, without entering the national road, leaving the Calle Mayor, towards the square with the same name. There we will see a milestone, which shows us two possible alternatives.<\/p>\n          \n            <p>We will continue with the description of the itinerary of the latter alternative. We connect from the square with the street Cima de Aldea, ending by leaving in the old Verea Vella and entering the Serra Seca. A Venda do Espi\u00f1o is about three kilometres away, always following the roadside, and another three kilometres to A Venda da Teresa. From here, we continue along a path that dies on a slightly wider path, and we can already appreciate the reservoir of As Portas, bathed by the waters of the river Camba. We cross the nearby train tracks and enter the town of Vilari\u00f1o de Conso, in the place of A Venda da Capela. We crossed this small village and, as before, we walked another three kilometres on asphalt first and then on a narrower track, going down the slope to the next village of Campobecerros, a key point of the day, because there we can find various services where we can recharge our batteries and canteens.<\/p>\n          \n            <p>We return to the road, and continue to the left until we reach Portocamba, a small village that we cross until we reach a detour on the left after passing a wooden cross. We will walk following the undulations of the mountain, always with the wonderful views of the whole valley and of the mountain up to As Eiras, town that we leave for a rest area taking a descending road looking for the Cereixo river. Before entering Laza, we will connect with the county and arrive at the hostel through the street of o Toural, ending this stage.<\/p>\n          \n\n          \n            <a class=\"town-link\" href=\"https:\/\/www.pilgrim.es\/en\/sanabres-way\/a-gudina\/\">\n              <div class=\"town-link__link-content\">\n                <div class=\"town-link__link-content__text\">\n                  <p>Local Information<\/p>\n                  <p>Police, Medical Care, What to See, Where to Eat&#8230;<\/p>\n                <\/div>\n                <div class=\"town-link__link-content__town-btn\">\n                  <i class=\"icon-arrow\"><\/i>\n                <\/div>\n              <\/div>\n            <\/a>\n          \n        <\/div>\n        <hr \/>\n      \n      <div>\n        <h4>Km 34 &#8231; Laza<\/h4>\n        <a class=\"town-link\" href=\"https:\/\/www.pilgrim.es\/en\/sanabres-way\/laza\/\">\n          <div class=\"town-link__link-content\">\n            <div class=\"town-link__link-content__text\">\n              <p>Local Information<\/p>\n              <p>Police, Medical Care, What to See, Where to Eat&#8230;<\/p>\n            <\/div>\n            <div class=\"town-link__link-content__town-btn\">\n              <i class=\"icon-arrow\"><\/i>\n            <\/div>\n          <\/div>\n        <\/a>\n      <\/div>\n    <\/div>\n\n    \n\n  <div id=\"locationsSection\">\n      <h2 class=\"p-h2-stage\">Localities<\/h2>\n      <hr \/>\n      <h3 class=\"p-h3-stage\">Towns<\/h3>\n      <div class=\"grid-container\">\n\n        <div class=\"p-group card-stage p-max-w-full\">\n          <a href=\"https:\/\/www.pilgrim.es\/en\/sanabres-way\/a-gudina\/\" class=\"town-card\">\n            <div class=\"card-stage__header\">\n              <img decoding=\"async\" src=\"https:\/\/cdn.pilgrim.es\/web\/caminos\/camino-sanabres\/pueblos\/a-gudina.jpg\" alt=\"A Gudi\u00f1a\" class=\"group-hover:p-scale-110\" \/>\n              <div class=\"card-overlay group-hover:p-opacity-50\"><\/div>\n            <\/div>\n            <div class=\"town-card__flex-container\">\n              <div class=\"town-card__flex-container__info\">\n                <h3>A Gudi\u00f1a<\/h3>\n                <p>Provincia: Ourense<\/p>\n              <\/div>\n              <div class=\"town-card__flex-container__btn\">\n                <i class=\"icon-arrow\"><\/i>\n              <\/div>\n            <\/div>\n          <\/a>\n        <\/div>\n        <div class=\"p-group card-stage p-max-w-full\">\n          <a href=\"https:\/\/www.pilgrim.es\/en\/sanabres-way\/laza\/\" class=\"town-card\">\n            <div class=\"card-stage__header\">\n              <img decoding=\"async\" src=\"https:\/\/cdn.pilgrim.es\/web\/caminos\/camino-sanabres\/pueblos\/laza.jpg\" alt=\"Laza\" class=\"group-hover:p-scale-110\" \/>\n              <div class=\"card-overlay group-hover:p-opacity-50\"><\/div>\n            <\/div>\n            <div class=\"town-card__flex-container\">\n              <div class=\"town-card__flex-container__info\">\n                <h3>Laza<\/h3>\n                <p>Provincia: Ourense<\/p>\n              <\/div>\n              <div class=\"town-card__flex-container__btn\">\n                <i class=\"icon-arrow\"><\/i>\n              <\/div>\n            <\/div>\n          <\/a>\n        <\/div>\n      <\/div>\n    <\/div>\n    <hr class=\"single-bar\" \/>\n  <\/div>\n<\/section>\n\n<section id=\"stageChange\">\n  <div>\n    <a href=\"\/en\/sanabres-way\/stage-6-lubian-a-gudina\/\" class=\"change-btn\">\n    <div class=\"change-btn\">\n      <div class=\"btn-arrow previous\">\n        <i class=\"icon-arrow\"><\/i>\n      <\/div>\n      <div class=\"change-btn__info\">\n        <div>Stage 6<\/div>\n        <p>\n          Lubi\u00e1n \u276f <br> A Gudi\u00f1a\n        <\/p>\n      <\/div>\n    <\/div>\n    <\/a>\n    <a href=\"\/en\/sanabres-way\/stage-8-laza-xunqueira-de-ambia\/\" class=\"change-btn\">\n      <div class=\"change-btn__info\">\n        <div>Stage 8<\/div>\n        <p>\n          Laza \u276f <br> Xunqueira de Amb\u00eda\n        <\/p>\n      <\/div>\n      <div class=\"btn-arrow\">\n        <i class=\"icon-arrow\"><\/i>\n      <\/div>\n    <\/a>\n  <\/div>\n<\/section> ","protected":false},"excerpt":{"rendered":"<p>Camino Sanabr\u00e9s: Stage 7 Walk 13 Stages \/ 364 Kms A Gudi\u00f1a &#10093; Laza 34 Km &#10094; Stage 6 Stage 8 &#10095; Information Profile Itinerary Localities Information About this stage The cyclists will find themselves in the Plaza Mayor of A Gudi\u00f1a, with the option of continuing on the road to Ver\u00edn, thus increasing the &hellip; <\/p>\n<p class=\"read_more\"><a href=\"https:\/\/www.pilgrim.es\/en\/sanabres-way\/stage-7-a-gudina-laza\/\">Leer m\u00e1s<\/a><\/p>\n","protected":false},"author":4,"featured_media":13277,"parent":37373,"menu_order":0,"comment_status":"closed","ping_status":"closed","template":"views\/template-new-web-design.blade.php","meta":{"footnotes":""},"categories":[],"tags":[],"class_list":["post-16747","page","type-page","status-publish","has-post-thumbnail","hentry"],"yoast_head":"<!-- This site is optimized with the Yoast SEO plugin v27.4 - https:\/\/yoast.com\/product\/yoast-seo-wordpress\/ -->\n<title>Camino Sanabr\u00e9s desde A Gudi\u00f1a a Laza | Camino de Santiago | Pilgrim<\/title>\n<meta name=\"description\" content=\"Plan the Stage 7 of the Sanabres Way (Camino Sanabr\u00e9s) from A Gudi\u00f1a to Laza. Route distance, map, accommodation, cities &amp; pilgrim guide.\" \/>\n<meta name=\"robots\" content=\"index, follow, max-snippet:-1, max-image-preview:large, max-video-preview:-1\" \/>\n<link rel=\"canonical\" href=\"https:\/\/www.pilgrim.es\/en\/sanabres-way\/stage-7-a-gudina-laza\/\" \/>\n<meta property=\"og:locale\" content=\"en_US\" \/>\n<meta property=\"og:type\" content=\"article\" \/>\n<meta property=\"og:title\" content=\"Camino Sanabr\u00e9s desde A Gudi\u00f1a a Laza | Camino de Santiago | Pilgrim\" \/>\n<meta property=\"og:description\" content=\"Plan the Stage 7 of the Sanabres Way (Camino Sanabr\u00e9s) from A Gudi\u00f1a to Laza. Route distance, map, accommodation, cities &amp; pilgrim guide.\" \/>\n<meta property=\"og:url\" content=\"https:\/\/www.pilgrim.es\/en\/sanabres-way\/stage-7-a-gudina-laza\/\" \/>\n<meta property=\"og:site_name\" content=\"Pilgrim\" \/>\n<meta property=\"article:publisher\" content=\"https:\/\/www.facebook.com\/pilgrim.es\/\" \/>\n<meta property=\"article:modified_time\" content=\"2025-03-24T16:17:02+00:00\" \/>\n<meta property=\"og:image\" content=\"https:\/\/www.pilgrim.es\/wp-content\/uploads\/2019\/03\/camino_sanabres_etapa_7.jpg\" \/>\n\t<meta property=\"og:image:width\" content=\"1633\" \/>\n\t<meta property=\"og:image:height\" content=\"551\" \/>\n\t<meta property=\"og:image:type\" content=\"image\/jpeg\" \/>\n<meta name=\"twitter:card\" content=\"summary_large_image\" \/>\n<meta name=\"twitter:site\" content=\"@pilgrim_es\" \/>\n<meta name=\"twitter:label1\" content=\"Est. reading time\" \/>\n\t<meta name=\"twitter:data1\" content=\"3 minutes\" \/>\n<script type=\"application\/ld+json\" class=\"yoast-schema-graph\">{\"@context\":\"https:\\\/\\\/schema.org\",\"@graph\":[{\"@type\":\"WebPage\",\"@id\":\"https:\\\/\\\/www.pilgrim.es\\\/en\\\/sanabres-way\\\/stage-7-a-gudina-laza\\\/\",\"url\":\"https:\\\/\\\/www.pilgrim.es\\\/en\\\/sanabres-way\\\/stage-7-a-gudina-laza\\\/\",\"name\":\"Camino Sanabr\u00e9s desde A Gudi\u00f1a a Laza | Camino de Santiago | Pilgrim\",\"isPartOf\":{\"@id\":\"https:\\\/\\\/www.pilgrim.es\\\/en\\\/#website\"},\"primaryImageOfPage\":{\"@id\":\"https:\\\/\\\/www.pilgrim.es\\\/en\\\/sanabres-way\\\/stage-7-a-gudina-laza\\\/#primaryimage\"},\"image\":{\"@id\":\"https:\\\/\\\/www.pilgrim.es\\\/en\\\/sanabres-way\\\/stage-7-a-gudina-laza\\\/#primaryimage\"},\"thumbnailUrl\":\"https:\\\/\\\/www.pilgrim.es\\\/wp-content\\\/uploads\\\/2019\\\/03\\\/camino_sanabres_etapa_7.jpg\",\"datePublished\":\"2019-04-04T08:54:46+00:00\",\"dateModified\":\"2025-03-24T16:17:02+00:00\",\"description\":\"Plan the Stage 7 of the Sanabres Way (Camino Sanabr\u00e9s) from A Gudi\u00f1a to Laza. Route distance, map, accommodation, cities & pilgrim guide.\",\"breadcrumb\":{\"@id\":\"https:\\\/\\\/www.pilgrim.es\\\/en\\\/sanabres-way\\\/stage-7-a-gudina-laza\\\/#breadcrumb\"},\"inLanguage\":\"en-US\",\"potentialAction\":[{\"@type\":\"ReadAction\",\"target\":[\"https:\\\/\\\/www.pilgrim.es\\\/en\\\/sanabres-way\\\/stage-7-a-gudina-laza\\\/\"]}]},{\"@type\":\"ImageObject\",\"inLanguage\":\"en-US\",\"@id\":\"https:\\\/\\\/www.pilgrim.es\\\/en\\\/sanabres-way\\\/stage-7-a-gudina-laza\\\/#primaryimage\",\"url\":\"https:\\\/\\\/www.pilgrim.es\\\/wp-content\\\/uploads\\\/2019\\\/03\\\/camino_sanabres_etapa_7.jpg\",\"contentUrl\":\"https:\\\/\\\/www.pilgrim.es\\\/wp-content\\\/uploads\\\/2019\\\/03\\\/camino_sanabres_etapa_7.jpg\",\"width\":1633,\"height\":551,\"caption\":\"Mapa Etapa 7 Camino Sanabr\u00e9s\"},{\"@type\":\"BreadcrumbList\",\"@id\":\"https:\\\/\\\/www.pilgrim.es\\\/en\\\/sanabres-way\\\/stage-7-a-gudina-laza\\\/#breadcrumb\",\"itemListElement\":[{\"@type\":\"ListItem\",\"position\":1,\"name\":\"Camino de Santiago\",\"item\":\"https:\\\/\\\/www.pilgrim.es\\\/en\\\/\"},{\"@type\":\"ListItem\",\"position\":2,\"name\":\"Sanabres Way: Stage 7 &#8211; A Gudi\u00f1a &#8211; Laza | Pilgrim\"}]},{\"@type\":\"WebSite\",\"@id\":\"https:\\\/\\\/www.pilgrim.es\\\/en\\\/#website\",\"url\":\"https:\\\/\\\/www.pilgrim.es\\\/en\\\/\",\"name\":\"Pilgrim\",\"description\":\"Camino de Santiago | Caminamos Contigo\",\"publisher\":{\"@id\":\"https:\\\/\\\/www.pilgrim.es\\\/en\\\/#organization\"},\"potentialAction\":[{\"@type\":\"SearchAction\",\"target\":{\"@type\":\"EntryPoint\",\"urlTemplate\":\"https:\\\/\\\/www.pilgrim.es\\\/en\\\/?s={search_term_string}\"},\"query-input\":{\"@type\":\"PropertyValueSpecification\",\"valueRequired\":true,\"valueName\":\"search_term_string\"}}],\"inLanguage\":\"en-US\"},{\"@type\":\"Organization\",\"@id\":\"https:\\\/\\\/www.pilgrim.es\\\/en\\\/#organization\",\"name\":\"Pilgrim Camino de Santiago\",\"url\":\"https:\\\/\\\/www.pilgrim.es\\\/en\\\/\",\"logo\":{\"@type\":\"ImageObject\",\"inLanguage\":\"en-US\",\"@id\":\"https:\\\/\\\/www.pilgrim.es\\\/en\\\/#\\\/schema\\\/logo\\\/image\\\/\",\"url\":\"https:\\\/\\\/www.pilgrim.es\\\/wp-content\\\/uploads\\\/2019\\\/04\\\/logo_pilgrim.png\",\"contentUrl\":\"https:\\\/\\\/www.pilgrim.es\\\/wp-content\\\/uploads\\\/2019\\\/04\\\/logo_pilgrim.png\",\"width\":512,\"height\":512,\"caption\":\"Pilgrim Camino de Santiago\"},\"image\":{\"@id\":\"https:\\\/\\\/www.pilgrim.es\\\/en\\\/#\\\/schema\\\/logo\\\/image\\\/\"},\"sameAs\":[\"https:\\\/\\\/www.facebook.com\\\/pilgrim.es\\\/\",\"https:\\\/\\\/x.com\\\/pilgrim_es\",\"https:\\\/\\\/www.instagram.com\\\/pilgrim.es\\\/\",\"https:\\\/\\\/www.linkedin.com\\\/company\\\/pilgrim-camino-de-santiago\\\/\",\"https:\\\/\\\/www.pinterest.es\\\/pilgrimcaminodesantiago\\\/\",\"https:\\\/\\\/www.youtube.com\\\/channel\\\/UCIv2ZzFLXVqthkNF32rKedw\\\/featured\"]}]}<\/script>\n<!-- \/ Yoast SEO plugin. -->","yoast_head_json":{"title":"Camino Sanabr\u00e9s desde A Gudi\u00f1a a Laza | Camino de Santiago | Pilgrim","description":"Plan the Stage 7 of the Sanabres Way (Camino Sanabr\u00e9s) from A Gudi\u00f1a to Laza. Route distance, map, accommodation, cities & pilgrim guide.","robots":{"index":"index","follow":"follow","max-snippet":"max-snippet:-1","max-image-preview":"max-image-preview:large","max-video-preview":"max-video-preview:-1"},"canonical":"https:\/\/www.pilgrim.es\/en\/sanabres-way\/stage-7-a-gudina-laza\/","og_locale":"en_US","og_type":"article","og_title":"Camino Sanabr\u00e9s desde A Gudi\u00f1a a Laza | Camino de Santiago | Pilgrim","og_description":"Plan the Stage 7 of the Sanabres Way (Camino Sanabr\u00e9s) from A Gudi\u00f1a to Laza. Route distance, map, accommodation, cities & pilgrim guide.","og_url":"https:\/\/www.pilgrim.es\/en\/sanabres-way\/stage-7-a-gudina-laza\/","og_site_name":"Pilgrim","article_publisher":"https:\/\/www.facebook.com\/pilgrim.es\/","article_modified_time":"2025-03-24T16:17:02+00:00","og_image":[{"width":1633,"height":551,"url":"https:\/\/www.pilgrim.es\/wp-content\/uploads\/2019\/03\/camino_sanabres_etapa_7.jpg","type":"image\/jpeg"}],"twitter_card":"summary_large_image","twitter_site":"@pilgrim_es","twitter_misc":{"Est. reading time":"3 minutes"},"schema":{"@context":"https:\/\/schema.org","@graph":[{"@type":"WebPage","@id":"https:\/\/www.pilgrim.es\/en\/sanabres-way\/stage-7-a-gudina-laza\/","url":"https:\/\/www.pilgrim.es\/en\/sanabres-way\/stage-7-a-gudina-laza\/","name":"Camino Sanabr\u00e9s desde A Gudi\u00f1a a Laza | Camino de Santiago | Pilgrim","isPartOf":{"@id":"https:\/\/www.pilgrim.es\/en\/#website"},"primaryImageOfPage":{"@id":"https:\/\/www.pilgrim.es\/en\/sanabres-way\/stage-7-a-gudina-laza\/#primaryimage"},"image":{"@id":"https:\/\/www.pilgrim.es\/en\/sanabres-way\/stage-7-a-gudina-laza\/#primaryimage"},"thumbnailUrl":"https:\/\/www.pilgrim.es\/wp-content\/uploads\/2019\/03\/camino_sanabres_etapa_7.jpg","datePublished":"2019-04-04T08:54:46+00:00","dateModified":"2025-03-24T16:17:02+00:00","description":"Plan the Stage 7 of the Sanabres Way (Camino Sanabr\u00e9s) from A Gudi\u00f1a to Laza. Route distance, map, accommodation, cities & pilgrim guide.","breadcrumb":{"@id":"https:\/\/www.pilgrim.es\/en\/sanabres-way\/stage-7-a-gudina-laza\/#breadcrumb"},"inLanguage":"en-US","potentialAction":[{"@type":"ReadAction","target":["https:\/\/www.pilgrim.es\/en\/sanabres-way\/stage-7-a-gudina-laza\/"]}]},{"@type":"ImageObject","inLanguage":"en-US","@id":"https:\/\/www.pilgrim.es\/en\/sanabres-way\/stage-7-a-gudina-laza\/#primaryimage","url":"https:\/\/www.pilgrim.es\/wp-content\/uploads\/2019\/03\/camino_sanabres_etapa_7.jpg","contentUrl":"https:\/\/www.pilgrim.es\/wp-content\/uploads\/2019\/03\/camino_sanabres_etapa_7.jpg","width":1633,"height":551,"caption":"Mapa Etapa 7 Camino Sanabr\u00e9s"},{"@type":"BreadcrumbList","@id":"https:\/\/www.pilgrim.es\/en\/sanabres-way\/stage-7-a-gudina-laza\/#breadcrumb","itemListElement":[{"@type":"ListItem","position":1,"name":"Camino de Santiago","item":"https:\/\/www.pilgrim.es\/en\/"},{"@type":"ListItem","position":2,"name":"Sanabres Way: Stage 7 &#8211; A Gudi\u00f1a &#8211; Laza | Pilgrim"}]},{"@type":"WebSite","@id":"https:\/\/www.pilgrim.es\/en\/#website","url":"https:\/\/www.pilgrim.es\/en\/","name":"Pilgrim","description":"Camino de Santiago | Caminamos Contigo","publisher":{"@id":"https:\/\/www.pilgrim.es\/en\/#organization"},"potentialAction":[{"@type":"SearchAction","target":{"@type":"EntryPoint","urlTemplate":"https:\/\/www.pilgrim.es\/en\/?s={search_term_string}"},"query-input":{"@type":"PropertyValueSpecification","valueRequired":true,"valueName":"search_term_string"}}],"inLanguage":"en-US"},{"@type":"Organization","@id":"https:\/\/www.pilgrim.es\/en\/#organization","name":"Pilgrim Camino de Santiago","url":"https:\/\/www.pilgrim.es\/en\/","logo":{"@type":"ImageObject","inLanguage":"en-US","@id":"https:\/\/www.pilgrim.es\/en\/#\/schema\/logo\/image\/","url":"https:\/\/www.pilgrim.es\/wp-content\/uploads\/2019\/04\/logo_pilgrim.png","contentUrl":"https:\/\/www.pilgrim.es\/wp-content\/uploads\/2019\/04\/logo_pilgrim.png","width":512,"height":512,"caption":"Pilgrim Camino de Santiago"},"image":{"@id":"https:\/\/www.pilgrim.es\/en\/#\/schema\/logo\/image\/"},"sameAs":["https:\/\/www.facebook.com\/pilgrim.es\/","https:\/\/x.com\/pilgrim_es","https:\/\/www.instagram.com\/pilgrim.es\/","https:\/\/www.linkedin.com\/company\/pilgrim-camino-de-santiago\/","https:\/\/www.pinterest.es\/pilgrimcaminodesantiago\/","https:\/\/www.youtube.com\/channel\/UCIv2ZzFLXVqthkNF32rKedw\/featured"]}]}},"_links":{"self":[{"href":"https:\/\/www.pilgrim.es\/en\/wp-json\/wp\/v2\/pages\/16747","targetHints":{"allow":["GET"]}}],"collection":[{"href":"https:\/\/www.pilgrim.es\/en\/wp-json\/wp\/v2\/pages"}],"about":[{"href":"https:\/\/www.pilgrim.es\/en\/wp-json\/wp\/v2\/types\/page"}],"author":[{"embeddable":true,"href":"https:\/\/www.pilgrim.es\/en\/wp-json\/wp\/v2\/users\/4"}],"replies":[{"embeddable":true,"href":"https:\/\/www.pilgrim.es\/en\/wp-json\/wp\/v2\/comments?post=16747"}],"version-history":[{"count":6,"href":"https:\/\/www.pilgrim.es\/en\/wp-json\/wp\/v2\/pages\/16747\/revisions"}],"predecessor-version":[{"id":93789,"href":"https:\/\/www.pilgrim.es\/en\/wp-json\/wp\/v2\/pages\/16747\/revisions\/93789"}],"up":[{"embeddable":true,"href":"https:\/\/www.pilgrim.es\/en\/wp-json\/wp\/v2\/pages\/37373"}],"wp:featuredmedia":[{"embeddable":true,"href":"https:\/\/www.pilgrim.es\/en\/wp-json\/wp\/v2\/media\/13277"}],"wp:attachment":[{"href":"https:\/\/www.pilgrim.es\/en\/wp-json\/wp\/v2\/media?parent=16747"}],"wp:term":[{"taxonomy":"category","embeddable":true,"href":"https:\/\/www.pilgrim.es\/en\/wp-json\/wp\/v2\/categories?post=16747"},{"taxonomy":"post_tag","embeddable":true,"href":"https:\/\/www.pilgrim.es\/en\/wp-json\/wp\/v2\/tags?post=16747"}],"curies":[{"name":"wp","href":"https:\/\/api.w.org\/{rel}","templated":true}]}}