{"id":16500,"date":"2019-04-03T10:45:51","date_gmt":"2019-04-03T10:45:51","guid":{"rendered":"https:\/\/desarrollo.pilgrim.es\/stage-22-muros-de-nalon-soto-de-luina\/"},"modified":"2025-04-25T07:01:25","modified_gmt":"2025-04-25T07:01:25","slug":"stage-23-muros-de-nalon-soto-de-luina","status":"publish","type":"page","link":"https:\/\/www.pilgrim.es\/en\/northern-way\/stage-23-muros-de-nalon-soto-de-luina\/","title":{"rendered":"Northern Way: Stage 23 \u2013 Muros de Nal\u00f3n \u2013 Soto de Lui\u00f1a | Pilgrim"},"content":{"rendered":"\n<section id=\"heroStage\">\n\t<h1>Northern Way &#8231; Stage 23<\/h1>\n\t<div>\n\t  <div class=\"hero\" data-background=\"https:\/\/cdn.pilgrim.es\/web\/caminos\/camino-norte\/pueblos\/gijon.jpg\">\n\t\t<div class=\"hero__container\">\n\t\t  <div class=\"hero__container__labels\">\n\t\t\t<p>On foot<\/p>\n\t\t\t<p>35 stages \/ 824 kms<\/p>\n\t\t  <\/div>\n\t\t  <div class=\"hero__container__stage-name\">\n\t\t\t<h2>Muros de Nal\u00f3n<br \/><span>&#10093;<\/span> Soto de Lui\u00f1a<\/h2>\n\t\t\t<p>24,2 Km<\/p>\n\t\t  <\/div>\n\t\t  <div class=\"hero__container__stage-changer\">\n\t\t\t<div class=\"stage-control\">    \n\t\t\t  <a class=\"stage-control__link\"href=\"https:\/\/www.pilgrim.es\/en\/northern-way\/stage-22-aviles-muros-de-nalon\/\"><span>&#10094;<\/span> Stage 22<\/a>\n\t\t\t<\/div>\n\t\t\t<div class=\"stage-control\">\n\t\t\t  <a class=\"stage-control__link\"href=\"https:\/\/www.pilgrim.es\/en\/northern-way\/stage-24-soto-de-luina-cadavedo\/\">Stage 24 <span>&#10095;<\/span><\/a>\n\t\t\t<\/div>\n\t\t  <\/div>\n\t\t<\/div>\n\t  <\/div>\n\t  <div class=\"planner\"><div\r\n  class=\"p-col-span-1 p-rounded-lg p-px-5 p-h-full\"\r\n  style=\"background-image: url('https:\/\/cdn.pilgrim.es\/web\/pilgrim-planner\/bg-plugin-planificador.webp')\"\r\n  rel=\"preload\"\r\n  fetchpriority=\"high\"\r\n  >\r\n    <div class=\"p-text-center p-pt-5 p-text-white p-text-2xl p-font-semibold\">\r\n      Plan your journey    <\/div>\r\n    <div\r\n            id='primary-app'\r\n            data-name='banner'\r\n            data-api='https:\/\/pathfinder.pilgrim.es\/api\/pathfinder\/v2'\r\n            data-mode='normal'\r\n            data-lang='en'\r\n            data-route='1'\r\n            data-destiny='https:\/\/planificador.pilgrim.es'\r\n            data-modality='1'\r\n            data-inline=''\r\n        ><\/div><\/div><\/div>\n\t<\/div>\n  <\/section>\n  \n  <section id=\"scoreBarsStage\">\n\t<section>\r\n  <div class=\"p-flex p-flex-nowrap p-space-x-4 p-py-5 p-overflow-x-auto md:p-grid md:p-grid-cols-3 lg:p-grid-cols-5 md:p-gap-8 md:p-space-x-0 md:p-overflow-hidden scrollbar-thin\">\r\n    <div class=\"p-grid p-grid-cols-4 p-shrink-0 p-w-72 p-snap-start md:p-w-full\">\r\n        <div class=\"p-col-span-1 p-self-center p-text-center p-text-3xl\">\r\n            <i class=\"icon-influx\"><\/i>\r\n        <\/div>\r\n        <div class=\"p-col-span-3 p-flex p-flex-col p-items-start\">\r\n            <div class=\"p-text-start p-text-secondary p-mb-1 p-bold\"> Affluence <\/div>\r\n            <div class=\"p-w-full p-bg-light p-rounded-full p-h-2 p-relative\">\r\n                <div class=\"p-bg-primary p-h-2 p-rounded-full p-absolute\" style=\"width: 40%;\"><\/div>\r\n            <\/div>\r\n        <\/div>\r\n    <\/div>\r\n\r\n    <div class=\"p-grid p-grid-cols-4 p-shrink-0 p-w-72 p-snap-start md:p-w-full\">\r\n        <div class=\"p-col-span-1 p-self-center p-text-center p-text-3xl\">\r\n            <i class=\"icon-difficulty\"><\/i>\r\n        <\/div>\r\n        <div class=\"p-col-span-3 p-flex p-flex-col p-items-start\">\r\n            <div class=\"p-text-start p-text-secondary p-mb-1 p-bold\"> Difficulty <\/div>\r\n            <div class=\"p-w-full p-bg-light p-rounded-full p-h-2 p-relative\">\r\n                <div class=\"p-bg-primary p-h-2 p-rounded-full p-absolute\" style=\"width: 40%;\"><\/div>\r\n            <\/div>\r\n        <\/div>\r\n    <\/div>\r\n\r\n    <div class=\"p-grid p-grid-cols-4 p-shrink-0 p-w-72 p-snap-start md:p-w-full\">\r\n        <div class=\"p-col-span-1 p-self-center p-text-center p-text-3xl\">\r\n            <i class=\"icon-patrimony\"><\/i>\r\n        <\/div>\r\n        <div class=\"p-col-span-3 p-flex p-flex-col p-items-start\">\r\n            <div class=\"p-text-start p-text-secondary p-mb-1 p-bold\"> Art\/History <\/div>\r\n            <div class=\"p-w-full p-bg-light p-rounded-full p-h-2 p-relative\">\r\n                <div class=\"p-bg-primary p-h-2 p-rounded-full p-absolute\" style=\"width: 20%;\"><\/div>\r\n            <\/div>\r\n        <\/div>\r\n    <\/div>\r\n\r\n    <div class=\"p-grid p-grid-cols-4 p-shrink-0 p-w-72 p-snap-start md:p-w-full\">\r\n        <div class=\"p-col-span-1 p-self-center p-text-center p-text-3xl\">\r\n            <i class=\"icon-nature\"><\/i>\r\n        <\/div>\r\n        <div class=\"p-col-span-3 p-flex p-flex-col p-items-start\">\r\n            <div class=\"p-text-start p-text-secondary p-mb-1 p-bold\"> Nature <\/div>\r\n            <div class=\"p-w-full p-bg-light p-rounded-full p-h-2 p-relative\">\r\n                <div class=\"p-bg-primary p-h-2 p-rounded-full p-absolute\" style=\"width: 60%;\"><\/div>\r\n            <\/div>\r\n        <\/div>\r\n    <\/div>\r\n\r\n    <div class=\"p-grid p-grid-cols-4 p-shrink-0 p-w-72 p-snap-start md:p-w-full\">\r\n        <div class=\"p-col-span-1 p-self-center p-text-center p-text-3xl\">\r\n            <i class=\"icon-urban\"><\/i>\r\n        <\/div>\r\n        <div class=\"p-col-span-3 p-flex p-flex-col p-items-start\">\r\n            <div class=\"p-text-start p-text-secondary p-mb-1 p-bold\"> Urban road <\/div>\r\n            <div class=\"p-w-full p-bg-light p-rounded-full p-h-2 p-relative\">\r\n                <div class=\"p-bg-primary p-h-2 p-rounded-full p-absolute\" style=\"width: 20%;\"><\/div>\r\n            <\/div>\r\n        <\/div>\r\n    <\/div>\r\n  <\/div>\r\n<\/section>\n  <\/section>\n  \n  <div id=\"stage-list-section\"><div class=\"stage-list\">\n    <div class='stage-list__map-card'>\n        <div class='stage-list__map-card__map'>\n            <div class='stage-list__map-card__map__text'>\n                <h2> Pages <\/h2>\n                <p> On foot<\/p>\n                <p> 0 stages<\/p>\n            <\/div>\n            <div class='stage-list__map-card__map__img'>\n                <img decoding=\"async\" src=\"\" alt=\" mapa \" \/>\n            <\/div>\n        <\/div>\n    <\/div>\n\n    <\/div>\n<\/div>\n  \n  <section id=\"navStage\">\n\t<div>\n\t  <nav id=\"tab-navigation-section\" class=\"tab-navigation-section--cols-4\">\n\t\t<a href=\"#infoSection\" class=\"active\">About<\/a>\n\t\t<a href=\"#profileSection\">Profile<\/a>\n\t\t<a href=\"#itinerarySection\">Itinerary<\/a>\n\t\t<a href=\"#locationsSection\">Localities<\/a>\n\t  <\/nav>\n  \n\t  <div id=\"infoSection\">\n\t\t<!-- Title Section with Orange Line -->\n\t\t<div>\n\t\t  <h2 class=\"p-h2-stage\">Information<\/h2>\n\t\t  <hr class=\"orange-bar\" \/>\n\t\t  <h3 class=\"p-h3\">About this stage<\/h3>\n\t\t<\/div>\n  \n\t\t<!-- Main Content Section -->\n\t\t<p>\n\t\t\tThe scarce mileage of this stage will allow us to rest our legs a little and to take the time\n\t\t\tto delight in the astonishing architectural gems, such as La Quinta de Selgas palace, and\n\t\t\tto wander the quiet streets in Soto de Lui\u00f1a.\n\t\t<\/p>\n\t\t<div class=\"recomendation-card\">\n\t\t  <div>\n\t\t\t<i class=\"icon-logo-pilgrim\"><\/i>\n\t\t\t<h5>Recommendation Pilgrim<\/h5>\n\t\t  <\/div>\n\t\t  <p>\n\t\t\tIf the weather is bad we recommend you to go through the national road, but if you are traveling\n\t\t\tin summer the best option is to go through the mountain because you will enjoy the\n\t\t\twonderful landscape. Cyclists and people with reduced mobility should go through the national road.\n\t\t  <\/p>\n\t\t<\/div>\n\t  <\/div>\n  \n\t  <div id=\"profileSection\">\n\t\t<div>\n\t\t  <h2 class=\"p-h2-stage\">Distance and elevation<\/h2>\n\t\t  <hr class=\"orange-bar\" \/>\n\t\t  <h3 class=\"p-h3\">Stage profile<\/h3>\n\t\t  <img\n\t\t\tsrc=\"https:\/\/cdn.pilgrim.es\/web\/caminos\/camino-norte\/etapas\/etapa-23\/etapa23-perfil-muros-de-nalon-soto-de-luina.jpg\"\n\t\t\talt=\"Stage profile\"\n\t\t  \/>\n\t\t<\/div>\n\t  <\/div>\n  \n\t  <div id=\"itinerarySection\">\n\t\t<h2 class=\"p-h2-stage\">Route<\/h2>\n\t\t<hr \/>\n\t\t<h3 class=\"p-h3\">Itinerary<\/h3>\n\t\t<div>\n\t\t  <h4>Km 0 &#8231; Muros de Nal\u00f3n<\/h4>\n\t\t  <p>\n\t\t\tWe start today&#8217;s walk from the main square in Muros, heading towards El Pito along a local\n\t\t\troad that we reach after crossing the rail tracks. We should not miss out on visiting La\n\t\t\tQuinta de Selgas, a palace complex surrounded by vast gardens that keep the essence of\n\t\t\tthe original project.\n\t\t  <\/p>\n\t\t  <p>\n\t\t\tApart from its gardens, in particular the so-called French garden,\n\t\t\tinside the palace and its wings we can contemplate numerous tapestries and paintings of\n\t\t\tgreat quality.\n\t\t  <\/p>\n\t\t  <a class=\"town-link\" href=\"https:\/\/www.pilgrim.es\/en\/northern-way\/muros-de-nalon\/\">\n\t\t\t<div class=\"town-link__link-content\">\n\t\t\t  <div class=\"town-link__link-content__text\">\n\t\t\t\t<p>Local Information<\/p>\n\t\t\t\t<p>Police, Medical Care, What to see, Where to Eat&#8230;<\/p>\n\t\t\t  <\/div>\n\t\t\t  <div class=\"town-link__link-content__town-btn\">\n\t\t\t\t<i class=\"icon-arrow\"><\/i>\n\t\t\t  <\/div>\n\t\t\t<\/div>\n\t\t  <\/a>\n\t\t<\/div>\n\t\t<hr \/>\n\t\t<div>\n\t\t  <h4>Km 4 &#8231; El Pito<\/h4>\n\t\t  <p>\n\t\t\tThe first few metres from El Pito are on tarmac, but we soon switch to a forest track to the\n\t\t\tleft that leads to San Roque creek. We will then have to go uphill in pursuit of road N-632,\n\t\t\twhich we will come across by El Manto. We continue ascending until we see another creek,\n\t\t\tcalled Santa Ana, in El Rellayo.\n\t\t  <\/p>\n\t\t<\/div>\n\t\t<hr \/>\n\t\t<div>\n\t\t  <h4>Km 8,6 &#8231; El Rellayo<\/h4>\n\t\t  <p>\n\t\t\tFrom here, we keep following the national road, cross the rail tracks and, at La\n\t\t\tMagdalena, we turn right towards El Ribete, finding ourselves back on road N-632. Before\n\t\t\tarriving at Mumayor, we will have to cross Concha de Artedo viaduct, the longest and\n\t\t\ttallest in Asturias, to save the highway.\n\t\t  <\/p>\n\t\t<\/div>\n\t\t<hr \/>\n\t\t<div>\n\t\t  <h4>Km 12,4 &#8231; Mumayor<\/h4>\n\t\t  <p>\n\t\t\tWe are now very close to Soto de Lui\u00f1a, just having to continue alternating local roads\n\t\t\tand country paths to La Fontona, where we will join N-632 again.\n\t\t  <\/p>\n\t\t<\/div>\n\t\t<hr \/>\n\t\t<div>\n\t\t  <h4>Km 23,2 &#8231; Soto de Lui\u00f1a<\/h4>\n\t\t  <a class=\"town-link\" href=\"https:\/\/www.pilgrim.es\/en\/northern-way\/soto-de-luina\/\">\n\t\t\t<div class=\"town-link__link-content\">\n\t\t\t  <div class=\"town-link__link-content__text\">\n\t\t\t\t<p>Local Information<\/p>\n\t\t\t\t<p>Police, Medical Care, What to see, Where to Eat&#8230;<\/p>\n\t\t\t  <\/div>\n\t\t\t  <div class=\"town-link__link-content__town-btn\">\n\t\t\t\t<i class=\"icon-arrow\"><\/i>\n\t\t\t  <\/div>\n\t\t\t<\/div>\n\t\t  <\/a>\n\t\t<\/div>\n\t  <\/div>\n  \n\t  <div id=\"locationsSection\">\n\t\t<h2 class=\"p-h2-stage\">Localidades<\/h2>\n\t\t<hr \/>\n\t\t<h3 class=\"p-h3\">Pueblos<\/h3>\n\t\t<div class=\"grid-container\">\n\t\t  <div class=\"p-group card-stage p-max-w-full\">\n\t\t\t<a href=\"https:\/\/www.pilgrim.es\/en\/northern-way\/muros-de-nalon\/\" class=\"town-card\">\n\t\t\t  <div class=\"card-stage__header\">\n\t\t\t\t<img decoding=\"async\" src=\"https:\/\/cdn.pilgrim.es\/web\/caminos\/camino-norte\/pueblos\/muros-de-nalon.jpg\" alt=\"Muros de nal\u00f3n\" class=\"group-hover:p-scale-110\"\/>\n\t\t\t\t<div class=\"card-overlay group-hover:p-opacity-50\"><\/div>\n\t\t\t  <\/div>\n\t\t\t  <div class=\"town-card__flex-container\">\n\t\t\t\t<div class=\"town-card__flex-container__info\">\n\t\t\t\t  <h3>Muros de nal\u00f3n<\/h3>\n\t\t\t\t  <p>Province: Asturias<\/p>\n\t\t\t\t<\/div>\n\t\t\t\t<div class=\"town-card__flex-container__btn\">\n\t\t\t\t  <i class=\"icon-arrow\"><\/i>\n\t\t\t\t<\/div>\n\t\t\t  <\/div>\n\t\t\t<\/a>\n\t\t  <\/div>\n\t\t  <div class=\"p-group card-stage p-max-w-full\">\n\t\t\t<a href=\"https:\/\/www.pilgrim.es\/en\/northern-way\/soto-de-luina\/\" class=\"town-card\">\n\t\t\t  <div class=\"card-stage__header\">\n\t\t\t\t<img decoding=\"async\" src=\"https:\/\/cdn.pilgrim.es\/web\/caminos\/camino-norte\/pueblos\/soto-de-luina.jpg\" alt=\"Soto de Lui\u00f1a\" class=\"group-hover:p-scale-110\"\/>\n\t\t\t\t<div class=\"card-overlay group-hover:p-opacity-50\"><\/div>\n\t\t\t  <\/div>\n\t\t\t  <div class=\"town-card__flex-container\">\n\t\t\t\t<div class=\"town-card__flex-container__info\">\n\t\t\t\t  <h3>Soto de Lui\u00f1a<\/h3>\n\t\t\t\t  <p>Province: Asturias<\/p>\n\t\t\t\t<\/div>\n\t\t\t\t<div class=\"town-card__flex-container__btn\">\n\t\t\t\t  <i class=\"icon-arrow\"><\/i>\n\t\t\t\t<\/div>\n\t\t\t  <\/div>\n\t\t\t<\/a>\n\t\t  <\/div>\n\t\t<\/div>\n\t  <\/div>\n\t  <hr class=\"single-bar\" \/>\n\t<\/div>\n  <\/section>\n  \n  <section id=\"stageChange\">\n\t<div>\n\t  <a href=\"https:\/\/www.pilgrim.es\/en\/northern-way\/stage-22-aviles-muros-de-nalon\/\" class=\"change-btn\">\n\t\t<div class=\"change-btn\">\n\t\t  <div class=\"btn-arrow previous\">\n\t\t\t<i class=\"icon-arrow\"><\/i>\n\t\t  <\/div>\n\t\t  <div class=\"change-btn__info\">\n\t\t\t<div>Stage 22<\/div>\n\t\t\t<p> Avil\u00e9s &#10095; <br \/>Muros de Nal\u00f3n<\/p>\n\t\t  <\/div>\n\t\t<\/div>\n\t  <\/a>\n\t  <a href=\"https:\/\/www.pilgrim.es\/en\/northern-way\/stage-24-soto-de-luina-cadavedo\/\" class=\"change-btn\">\n\t\t<div class=\"change-btn__info\">\n\t\t  <div>Stage 24<\/div>\n\t\t  <p>Soto de Lui\u00f1a &#10095; <br \/>Cadavedo<\/p>\n\t\t<\/div>\n\t\t<div class=\"btn-arrow\">\n\t\t  <i class=\"icon-arrow\"><\/i>\n\t\t<\/div>\n\t  <\/a>\n\t<\/div>\n  <\/section>\n\n\n\n<p><\/p>\n","protected":false},"excerpt":{"rendered":"<p>Northern Way &#8231; Stage 23 On foot 35 stages \/ 824 kms Muros de Nal\u00f3n&#10093; Soto de Lui\u00f1a 24,2 Km &#10094; Stage 22 Stage 24 &#10095; About Profile Itinerary Localities Information About this stage The scarce mileage of this stage will allow us to rest our legs a little and to take the time to &hellip; <\/p>\n<p class=\"read_more\"><a href=\"https:\/\/www.pilgrim.es\/en\/northern-way\/stage-23-muros-de-nalon-soto-de-luina\/\">Leer m\u00e1s<\/a><\/p>\n","protected":false},"author":4,"featured_media":11669,"parent":36318,"menu_order":0,"comment_status":"closed","ping_status":"closed","template":"views\/template-new-web-design.blade.php","meta":{"footnotes":""},"categories":[],"tags":[],"class_list":["post-16500","page","type-page","status-publish","has-post-thumbnail","hentry"],"yoast_head":"<!-- This site is optimized with the Yoast SEO plugin v27.4 - https:\/\/yoast.com\/product\/yoast-seo-wordpress\/ -->\n<title>Camino del Norte desde Muros de Nal\u00f3n a Soto de Lui\u00f1a | Camino de Santiago<\/title>\n<meta name=\"description\" content=\"Plan the Stage 22 of the Northern Way (Camino del Norte) from Muros de Nal\u00f3n to Soto de Lui\u00f1a. Route distance, map, accommodation, cities &amp; pilgrim guide.\" \/>\n<meta name=\"robots\" content=\"index, follow, max-snippet:-1, max-image-preview:large, max-video-preview:-1\" \/>\n<link rel=\"canonical\" href=\"https:\/\/www.pilgrim.es\/en\/northern-way\/stage-23-muros-de-nalon-soto-de-luina\/\" \/>\n<meta property=\"og:locale\" content=\"en_US\" \/>\n<meta property=\"og:type\" content=\"article\" \/>\n<meta property=\"og:title\" content=\"Camino del Norte desde Muros de Nal\u00f3n a Soto de Lui\u00f1a | Camino de Santiago\" \/>\n<meta property=\"og:description\" content=\"Plan the Stage 22 of the Northern Way (Camino del Norte) from Muros de Nal\u00f3n to Soto de Lui\u00f1a. Route distance, map, accommodation, cities &amp; pilgrim guide.\" \/>\n<meta property=\"og:url\" content=\"https:\/\/www.pilgrim.es\/en\/northern-way\/stage-23-muros-de-nalon-soto-de-luina\/\" \/>\n<meta property=\"og:site_name\" content=\"Pilgrim\" \/>\n<meta property=\"article:publisher\" content=\"https:\/\/www.facebook.com\/pilgrim.es\/\" \/>\n<meta property=\"article:modified_time\" content=\"2025-04-25T07:01:25+00:00\" \/>\n<meta property=\"og:image\" content=\"https:\/\/www.pilgrim.es\/wp-content\/uploads\/2019\/02\/camino_norte_etapa_22.jpg\" \/>\n\t<meta property=\"og:image:width\" content=\"1634\" \/>\n\t<meta property=\"og:image:height\" content=\"547\" \/>\n\t<meta property=\"og:image:type\" content=\"image\/jpeg\" \/>\n<meta name=\"twitter:card\" content=\"summary_large_image\" \/>\n<meta name=\"twitter:site\" content=\"@pilgrim_es\" \/>\n<meta name=\"twitter:label1\" content=\"Est. reading time\" \/>\n\t<meta name=\"twitter:data1\" content=\"2 minutes\" \/>\n<script type=\"application\/ld+json\" class=\"yoast-schema-graph\">{\"@context\":\"https:\\\/\\\/schema.org\",\"@graph\":[{\"@type\":\"WebPage\",\"@id\":\"https:\\\/\\\/www.pilgrim.es\\\/en\\\/northern-way\\\/stage-23-muros-de-nalon-soto-de-luina\\\/\",\"url\":\"https:\\\/\\\/www.pilgrim.es\\\/en\\\/northern-way\\\/stage-23-muros-de-nalon-soto-de-luina\\\/\",\"name\":\"Camino del Norte desde Muros de Nal\u00f3n a Soto de Lui\u00f1a | Camino de Santiago\",\"isPartOf\":{\"@id\":\"https:\\\/\\\/www.pilgrim.es\\\/en\\\/#website\"},\"primaryImageOfPage\":{\"@id\":\"https:\\\/\\\/www.pilgrim.es\\\/en\\\/northern-way\\\/stage-23-muros-de-nalon-soto-de-luina\\\/#primaryimage\"},\"image\":{\"@id\":\"https:\\\/\\\/www.pilgrim.es\\\/en\\\/northern-way\\\/stage-23-muros-de-nalon-soto-de-luina\\\/#primaryimage\"},\"thumbnailUrl\":\"https:\\\/\\\/www.pilgrim.es\\\/wp-content\\\/uploads\\\/2019\\\/02\\\/camino_norte_etapa_22.jpg\",\"datePublished\":\"2019-04-03T10:45:51+00:00\",\"dateModified\":\"2025-04-25T07:01:25+00:00\",\"description\":\"Plan the Stage 22 of the Northern Way (Camino del Norte) from Muros de Nal\u00f3n to Soto de Lui\u00f1a. Route distance, map, accommodation, cities & pilgrim guide.\",\"breadcrumb\":{\"@id\":\"https:\\\/\\\/www.pilgrim.es\\\/en\\\/northern-way\\\/stage-23-muros-de-nalon-soto-de-luina\\\/#breadcrumb\"},\"inLanguage\":\"en-US\",\"potentialAction\":[{\"@type\":\"ReadAction\",\"target\":[\"https:\\\/\\\/www.pilgrim.es\\\/en\\\/northern-way\\\/stage-23-muros-de-nalon-soto-de-luina\\\/\"]}]},{\"@type\":\"ImageObject\",\"inLanguage\":\"en-US\",\"@id\":\"https:\\\/\\\/www.pilgrim.es\\\/en\\\/northern-way\\\/stage-23-muros-de-nalon-soto-de-luina\\\/#primaryimage\",\"url\":\"https:\\\/\\\/www.pilgrim.es\\\/wp-content\\\/uploads\\\/2019\\\/02\\\/camino_norte_etapa_22.jpg\",\"contentUrl\":\"https:\\\/\\\/www.pilgrim.es\\\/wp-content\\\/uploads\\\/2019\\\/02\\\/camino_norte_etapa_22.jpg\",\"width\":1634,\"height\":547,\"caption\":\"Mapa Etapa 22 Camino del Norte\"},{\"@type\":\"BreadcrumbList\",\"@id\":\"https:\\\/\\\/www.pilgrim.es\\\/en\\\/northern-way\\\/stage-23-muros-de-nalon-soto-de-luina\\\/#breadcrumb\",\"itemListElement\":[{\"@type\":\"ListItem\",\"position\":1,\"name\":\"Camino de Santiago\",\"item\":\"https:\\\/\\\/www.pilgrim.es\\\/en\\\/\"},{\"@type\":\"ListItem\",\"position\":2,\"name\":\"Northern Way\",\"item\":\"https:\\\/\\\/www.pilgrim.es\\\/en\\\/northern-way\\\/\"},{\"@type\":\"ListItem\",\"position\":3,\"name\":\"Northern Way: Stage 23 \u2013 Muros de Nal\u00f3n \u2013 Soto de Lui\u00f1a | Pilgrim\"}]},{\"@type\":\"WebSite\",\"@id\":\"https:\\\/\\\/www.pilgrim.es\\\/en\\\/#website\",\"url\":\"https:\\\/\\\/www.pilgrim.es\\\/en\\\/\",\"name\":\"Pilgrim\",\"description\":\"Camino de Santiago | Caminamos Contigo\",\"publisher\":{\"@id\":\"https:\\\/\\\/www.pilgrim.es\\\/en\\\/#organization\"},\"potentialAction\":[{\"@type\":\"SearchAction\",\"target\":{\"@type\":\"EntryPoint\",\"urlTemplate\":\"https:\\\/\\\/www.pilgrim.es\\\/en\\\/?s={search_term_string}\"},\"query-input\":{\"@type\":\"PropertyValueSpecification\",\"valueRequired\":true,\"valueName\":\"search_term_string\"}}],\"inLanguage\":\"en-US\"},{\"@type\":\"Organization\",\"@id\":\"https:\\\/\\\/www.pilgrim.es\\\/en\\\/#organization\",\"name\":\"Pilgrim Camino de Santiago\",\"url\":\"https:\\\/\\\/www.pilgrim.es\\\/en\\\/\",\"logo\":{\"@type\":\"ImageObject\",\"inLanguage\":\"en-US\",\"@id\":\"https:\\\/\\\/www.pilgrim.es\\\/en\\\/#\\\/schema\\\/logo\\\/image\\\/\",\"url\":\"https:\\\/\\\/www.pilgrim.es\\\/wp-content\\\/uploads\\\/2019\\\/04\\\/logo_pilgrim.png\",\"contentUrl\":\"https:\\\/\\\/www.pilgrim.es\\\/wp-content\\\/uploads\\\/2019\\\/04\\\/logo_pilgrim.png\",\"width\":512,\"height\":512,\"caption\":\"Pilgrim Camino de Santiago\"},\"image\":{\"@id\":\"https:\\\/\\\/www.pilgrim.es\\\/en\\\/#\\\/schema\\\/logo\\\/image\\\/\"},\"sameAs\":[\"https:\\\/\\\/www.facebook.com\\\/pilgrim.es\\\/\",\"https:\\\/\\\/x.com\\\/pilgrim_es\",\"https:\\\/\\\/www.instagram.com\\\/pilgrim.es\\\/\",\"https:\\\/\\\/www.linkedin.com\\\/company\\\/pilgrim-camino-de-santiago\\\/\",\"https:\\\/\\\/www.pinterest.es\\\/pilgrimcaminodesantiago\\\/\",\"https:\\\/\\\/www.youtube.com\\\/channel\\\/UCIv2ZzFLXVqthkNF32rKedw\\\/featured\"]}]}<\/script>\n<!-- \/ Yoast SEO plugin. -->","yoast_head_json":{"title":"Camino del Norte desde Muros de Nal\u00f3n a Soto de Lui\u00f1a | Camino de Santiago","description":"Plan the Stage 22 of the Northern Way (Camino del Norte) from Muros de Nal\u00f3n to Soto de Lui\u00f1a. Route distance, map, accommodation, cities & pilgrim guide.","robots":{"index":"index","follow":"follow","max-snippet":"max-snippet:-1","max-image-preview":"max-image-preview:large","max-video-preview":"max-video-preview:-1"},"canonical":"https:\/\/www.pilgrim.es\/en\/northern-way\/stage-23-muros-de-nalon-soto-de-luina\/","og_locale":"en_US","og_type":"article","og_title":"Camino del Norte desde Muros de Nal\u00f3n a Soto de Lui\u00f1a | Camino de Santiago","og_description":"Plan the Stage 22 of the Northern Way (Camino del Norte) from Muros de Nal\u00f3n to Soto de Lui\u00f1a. Route distance, map, accommodation, cities & pilgrim guide.","og_url":"https:\/\/www.pilgrim.es\/en\/northern-way\/stage-23-muros-de-nalon-soto-de-luina\/","og_site_name":"Pilgrim","article_publisher":"https:\/\/www.facebook.com\/pilgrim.es\/","article_modified_time":"2025-04-25T07:01:25+00:00","og_image":[{"width":1634,"height":547,"url":"https:\/\/www.pilgrim.es\/wp-content\/uploads\/2019\/02\/camino_norte_etapa_22.jpg","type":"image\/jpeg"}],"twitter_card":"summary_large_image","twitter_site":"@pilgrim_es","twitter_misc":{"Est. reading time":"2 minutes"},"schema":{"@context":"https:\/\/schema.org","@graph":[{"@type":"WebPage","@id":"https:\/\/www.pilgrim.es\/en\/northern-way\/stage-23-muros-de-nalon-soto-de-luina\/","url":"https:\/\/www.pilgrim.es\/en\/northern-way\/stage-23-muros-de-nalon-soto-de-luina\/","name":"Camino del Norte desde Muros de Nal\u00f3n a Soto de Lui\u00f1a | Camino de Santiago","isPartOf":{"@id":"https:\/\/www.pilgrim.es\/en\/#website"},"primaryImageOfPage":{"@id":"https:\/\/www.pilgrim.es\/en\/northern-way\/stage-23-muros-de-nalon-soto-de-luina\/#primaryimage"},"image":{"@id":"https:\/\/www.pilgrim.es\/en\/northern-way\/stage-23-muros-de-nalon-soto-de-luina\/#primaryimage"},"thumbnailUrl":"https:\/\/www.pilgrim.es\/wp-content\/uploads\/2019\/02\/camino_norte_etapa_22.jpg","datePublished":"2019-04-03T10:45:51+00:00","dateModified":"2025-04-25T07:01:25+00:00","description":"Plan the Stage 22 of the Northern Way (Camino del Norte) from Muros de Nal\u00f3n to Soto de Lui\u00f1a. Route distance, map, accommodation, cities & pilgrim guide.","breadcrumb":{"@id":"https:\/\/www.pilgrim.es\/en\/northern-way\/stage-23-muros-de-nalon-soto-de-luina\/#breadcrumb"},"inLanguage":"en-US","potentialAction":[{"@type":"ReadAction","target":["https:\/\/www.pilgrim.es\/en\/northern-way\/stage-23-muros-de-nalon-soto-de-luina\/"]}]},{"@type":"ImageObject","inLanguage":"en-US","@id":"https:\/\/www.pilgrim.es\/en\/northern-way\/stage-23-muros-de-nalon-soto-de-luina\/#primaryimage","url":"https:\/\/www.pilgrim.es\/wp-content\/uploads\/2019\/02\/camino_norte_etapa_22.jpg","contentUrl":"https:\/\/www.pilgrim.es\/wp-content\/uploads\/2019\/02\/camino_norte_etapa_22.jpg","width":1634,"height":547,"caption":"Mapa Etapa 22 Camino del Norte"},{"@type":"BreadcrumbList","@id":"https:\/\/www.pilgrim.es\/en\/northern-way\/stage-23-muros-de-nalon-soto-de-luina\/#breadcrumb","itemListElement":[{"@type":"ListItem","position":1,"name":"Camino de Santiago","item":"https:\/\/www.pilgrim.es\/en\/"},{"@type":"ListItem","position":2,"name":"Northern Way","item":"https:\/\/www.pilgrim.es\/en\/northern-way\/"},{"@type":"ListItem","position":3,"name":"Northern Way: Stage 23 \u2013 Muros de Nal\u00f3n \u2013 Soto de Lui\u00f1a | Pilgrim"}]},{"@type":"WebSite","@id":"https:\/\/www.pilgrim.es\/en\/#website","url":"https:\/\/www.pilgrim.es\/en\/","name":"Pilgrim","description":"Camino de Santiago | Caminamos Contigo","publisher":{"@id":"https:\/\/www.pilgrim.es\/en\/#organization"},"potentialAction":[{"@type":"SearchAction","target":{"@type":"EntryPoint","urlTemplate":"https:\/\/www.pilgrim.es\/en\/?s={search_term_string}"},"query-input":{"@type":"PropertyValueSpecification","valueRequired":true,"valueName":"search_term_string"}}],"inLanguage":"en-US"},{"@type":"Organization","@id":"https:\/\/www.pilgrim.es\/en\/#organization","name":"Pilgrim Camino de Santiago","url":"https:\/\/www.pilgrim.es\/en\/","logo":{"@type":"ImageObject","inLanguage":"en-US","@id":"https:\/\/www.pilgrim.es\/en\/#\/schema\/logo\/image\/","url":"https:\/\/www.pilgrim.es\/wp-content\/uploads\/2019\/04\/logo_pilgrim.png","contentUrl":"https:\/\/www.pilgrim.es\/wp-content\/uploads\/2019\/04\/logo_pilgrim.png","width":512,"height":512,"caption":"Pilgrim Camino de Santiago"},"image":{"@id":"https:\/\/www.pilgrim.es\/en\/#\/schema\/logo\/image\/"},"sameAs":["https:\/\/www.facebook.com\/pilgrim.es\/","https:\/\/x.com\/pilgrim_es","https:\/\/www.instagram.com\/pilgrim.es\/","https:\/\/www.linkedin.com\/company\/pilgrim-camino-de-santiago\/","https:\/\/www.pinterest.es\/pilgrimcaminodesantiago\/","https:\/\/www.youtube.com\/channel\/UCIv2ZzFLXVqthkNF32rKedw\/featured"]}]}},"_links":{"self":[{"href":"https:\/\/www.pilgrim.es\/en\/wp-json\/wp\/v2\/pages\/16500","targetHints":{"allow":["GET"]}}],"collection":[{"href":"https:\/\/www.pilgrim.es\/en\/wp-json\/wp\/v2\/pages"}],"about":[{"href":"https:\/\/www.pilgrim.es\/en\/wp-json\/wp\/v2\/types\/page"}],"author":[{"embeddable":true,"href":"https:\/\/www.pilgrim.es\/en\/wp-json\/wp\/v2\/users\/4"}],"replies":[{"embeddable":true,"href":"https:\/\/www.pilgrim.es\/en\/wp-json\/wp\/v2\/comments?post=16500"}],"version-history":[{"count":13,"href":"https:\/\/www.pilgrim.es\/en\/wp-json\/wp\/v2\/pages\/16500\/revisions"}],"predecessor-version":[{"id":129675,"href":"https:\/\/www.pilgrim.es\/en\/wp-json\/wp\/v2\/pages\/16500\/revisions\/129675"}],"up":[{"embeddable":true,"href":"https:\/\/www.pilgrim.es\/en\/wp-json\/wp\/v2\/pages\/36318"}],"wp:featuredmedia":[{"embeddable":true,"href":"https:\/\/www.pilgrim.es\/en\/wp-json\/wp\/v2\/media\/11669"}],"wp:attachment":[{"href":"https:\/\/www.pilgrim.es\/en\/wp-json\/wp\/v2\/media?parent=16500"}],"wp:term":[{"taxonomy":"category","embeddable":true,"href":"https:\/\/www.pilgrim.es\/en\/wp-json\/wp\/v2\/categories?post=16500"},{"taxonomy":"post_tag","embeddable":true,"href":"https:\/\/www.pilgrim.es\/en\/wp-json\/wp\/v2\/tags?post=16500"}],"curies":[{"name":"wp","href":"https:\/\/api.w.org\/{rel}","templated":true}]}}