{"id":16497,"date":"2019-04-03T10:44:22","date_gmt":"2019-04-03T10:44:22","guid":{"rendered":"https:\/\/desarrollo.pilgrim.es\/stage-21-aviles-muros-de-nalon\/"},"modified":"2025-04-25T07:02:26","modified_gmt":"2025-04-25T07:02:26","slug":"stage-22-aviles-muros-de-nalon","status":"publish","type":"page","link":"https:\/\/www.pilgrim.es\/en\/northern-way\/stage-22-aviles-muros-de-nalon\/","title":{"rendered":"Northern Way: Stage 22 \u2013 Avil\u00e9s \u2013 Muros de Nal\u00f3n | Pilgrim"},"content":{"rendered":"\n<section id=\"heroStage\">\n\t<h1>Northern Way &#8231; Stage 22<\/h1>\n\t<div>\n\t  <div class=\"hero\" data-background=\"https:\/\/cdn.pilgrim.es\/web\/caminos\/camino-norte\/pueblos\/aviles.jpg\">\n\t\t<div class=\"hero__container\">\n\t\t  <div class=\"hero__container__labels\">\n\t\t\t<p>On foot<\/p>\n\t\t\t<p>35 stages \/ 824 kms<\/p>\n\t\t  <\/div>\n\t\t  <div class=\"hero__container__stage-name\">\n\t\t\t<h2>Avil\u00e9s<br \/><span>&#10093;<\/span> Muros de Nal\u00f3n<\/h2>\n\t\t\t<p>23,2 Km<\/p>\n\t\t  <\/div>\n\t\t  <div class=\"hero__container__stage-changer\">\n\t\t\t<div class=\"stage-control\">    \n\t\t\t  <a class=\"stage-control__link\" href=\"https:\/\/www.pilgrim.es\/en\/northern-way\/stage-21-gijon-aviles\/\"><span>&#10094;<\/span> Stage 21<\/a>\n\t\t\t<\/div>\n\t\t\t<div class=\"stage-control\">\n\t\t\t  <a class=\"stage-control__link\" href=\"https:\/\/www.pilgrim.es\/en\/northern-way\/stage-23-muros-de-nalon-soto-de-luina\/\">Stage 23 <span>&#10095;<\/span><\/a>\n\t\t\t<\/div>\n\t\t  <\/div>\n\t\t<\/div>\n\t  <\/div>\n\t  <div class=\"planner\"><div\r\n  class=\"p-col-span-1 p-rounded-lg p-px-5 p-h-full\"\r\n  style=\"background-image: url('https:\/\/cdn.pilgrim.es\/web\/pilgrim-planner\/bg-plugin-planificador.webp')\"\r\n  rel=\"preload\"\r\n  fetchpriority=\"high\"\r\n  >\r\n    <div class=\"p-text-center p-pt-5 p-text-white p-text-2xl p-font-semibold\">\r\n      Plan your journey    <\/div>\r\n    <div\r\n            id='primary-app'\r\n            data-name='banner'\r\n            data-api='https:\/\/pathfinder.pilgrim.es\/api\/pathfinder\/v2'\r\n            data-mode='normal'\r\n            data-lang='en'\r\n            data-route='1'\r\n            data-destiny='https:\/\/planificador.pilgrim.es'\r\n            data-modality='1'\r\n            data-inline=''\r\n        ><\/div><\/div><\/div>\n\t<\/div>\n  <\/section>\n  \n  <section id=\"scoreBarsStage\">\n\t<section>\r\n  <div class=\"p-flex p-flex-nowrap p-space-x-4 p-py-5 p-overflow-x-auto md:p-grid md:p-grid-cols-3 lg:p-grid-cols-5 md:p-gap-8 md:p-space-x-0 md:p-overflow-hidden scrollbar-thin\">\r\n    <div class=\"p-grid p-grid-cols-4 p-shrink-0 p-w-72 p-snap-start md:p-w-full\">\r\n        <div class=\"p-col-span-1 p-self-center p-text-center p-text-3xl\">\r\n            <i class=\"icon-influx\"><\/i>\r\n        <\/div>\r\n        <div class=\"p-col-span-3 p-flex p-flex-col p-items-start\">\r\n            <div class=\"p-text-start p-text-secondary p-mb-1 p-bold\"> Affluence <\/div>\r\n            <div class=\"p-w-full p-bg-light p-rounded-full p-h-2 p-relative\">\r\n                <div class=\"p-bg-primary p-h-2 p-rounded-full p-absolute\" style=\"width: 40%;\"><\/div>\r\n            <\/div>\r\n        <\/div>\r\n    <\/div>\r\n\r\n    <div class=\"p-grid p-grid-cols-4 p-shrink-0 p-w-72 p-snap-start md:p-w-full\">\r\n        <div class=\"p-col-span-1 p-self-center p-text-center p-text-3xl\">\r\n            <i class=\"icon-difficulty\"><\/i>\r\n        <\/div>\r\n        <div class=\"p-col-span-3 p-flex p-flex-col p-items-start\">\r\n            <div class=\"p-text-start p-text-secondary p-mb-1 p-bold\"> Difficulty <\/div>\r\n            <div class=\"p-w-full p-bg-light p-rounded-full p-h-2 p-relative\">\r\n                <div class=\"p-bg-primary p-h-2 p-rounded-full p-absolute\" style=\"width: 40%;\"><\/div>\r\n            <\/div>\r\n        <\/div>\r\n    <\/div>\r\n\r\n    <div class=\"p-grid p-grid-cols-4 p-shrink-0 p-w-72 p-snap-start md:p-w-full\">\r\n        <div class=\"p-col-span-1 p-self-center p-text-center p-text-3xl\">\r\n            <i class=\"icon-patrimony\"><\/i>\r\n        <\/div>\r\n        <div class=\"p-col-span-3 p-flex p-flex-col p-items-start\">\r\n            <div class=\"p-text-start p-text-secondary p-mb-1 p-bold\"> Art\/History <\/div>\r\n            <div class=\"p-w-full p-bg-light p-rounded-full p-h-2 p-relative\">\r\n                <div class=\"p-bg-primary p-h-2 p-rounded-full p-absolute\" style=\"width: 40%;\"><\/div>\r\n            <\/div>\r\n        <\/div>\r\n    <\/div>\r\n\r\n    <div class=\"p-grid p-grid-cols-4 p-shrink-0 p-w-72 p-snap-start md:p-w-full\">\r\n        <div class=\"p-col-span-1 p-self-center p-text-center p-text-3xl\">\r\n            <i class=\"icon-nature\"><\/i>\r\n        <\/div>\r\n        <div class=\"p-col-span-3 p-flex p-flex-col p-items-start\">\r\n            <div class=\"p-text-start p-text-secondary p-mb-1 p-bold\"> Nature <\/div>\r\n            <div class=\"p-w-full p-bg-light p-rounded-full p-h-2 p-relative\">\r\n                <div class=\"p-bg-primary p-h-2 p-rounded-full p-absolute\" style=\"width: 60%;\"><\/div>\r\n            <\/div>\r\n        <\/div>\r\n    <\/div>\r\n\r\n    <div class=\"p-grid p-grid-cols-4 p-shrink-0 p-w-72 p-snap-start md:p-w-full\">\r\n        <div class=\"p-col-span-1 p-self-center p-text-center p-text-3xl\">\r\n            <i class=\"icon-urban\"><\/i>\r\n        <\/div>\r\n        <div class=\"p-col-span-3 p-flex p-flex-col p-items-start\">\r\n            <div class=\"p-text-start p-text-secondary p-mb-1 p-bold\"> Urban road <\/div>\r\n            <div class=\"p-w-full p-bg-light p-rounded-full p-h-2 p-relative\">\r\n                <div class=\"p-bg-primary p-h-2 p-rounded-full p-absolute\" style=\"width: 20%;\"><\/div>\r\n            <\/div>\r\n        <\/div>\r\n    <\/div>\r\n  <\/div>\r\n<\/section>\n  <\/section>\n  \n  <div id=\"stage-list-section\"><div class=\"stage-list\">\n    <div class='stage-list__map-card'>\n        <div class='stage-list__map-card__map'>\n            <div class='stage-list__map-card__map__text'>\n                <h2> Pages <\/h2>\n                <p> On foot<\/p>\n                <p> 0 stages<\/p>\n            <\/div>\n            <div class='stage-list__map-card__map__img'>\n                <img decoding=\"async\" src=\"\" alt=\" mapa \" \/>\n            <\/div>\n        <\/div>\n    <\/div>\n\n    <\/div>\n<\/div>\n  \n  <section id=\"navStage\">\n\t<div>\n\t  <nav id=\"tab-navigation-section\" class=\"tab-navigation-section--cols-4\">\n\t\t<a href=\"#infoSection\" class=\"active\">Information<\/a>\n\t\t<a href=\"#profileSection\">Profile<\/a>\n\t\t<a href=\"#itinerarySection\">Itinerary<\/a>\n\t\t<a href=\"#locationsSection\">Localities<\/a>\n\t  <\/nav>\n  \n\t  <div id=\"infoSection\">\n\t\t<div>\n\t\t  <h2 class=\"p-h2-stage\">Information<\/h2>\n\t\t  <hr class=\"orange-bar\" \/>\n\t\t  <h3 class=\"p-h3\">About this stage<\/h3>\n\t\t<\/div>\n  \n\t\t<p>\n\t\t\tThis stage has nothing to do with the previous one. We could even describe\n\t\t\tit as a legbreaker, as it will be a continuous up and down, crossing rivers,\n\t\t\tcreeks, highways, viaducts, beaches and many hamlets and neighbourhoods.\n\t\t<\/p>\n\t\t<div class=\"recomendation-card\">\n\t\t  <div>\n\t\t\t<i class=\"icon-logo-pilgrim\"><\/i>\n\t\t\t<h5>Recomendaci\u00f3n Pilgrim<\/h5>\n\t\t  <\/div>\n\t\t  <p>\n\t\t\tAt this point, there are two possible alternatives to the original route. The first consists of deviating from the Espiritu Santo viewpoint towards El Pito, following the coast and passing through Aguilar beach. The second, which begins immediately after crossing the Nal\u00f3n River and passing through San Esteban de Pravia, continues from there to Muros de Nal\u00f3n. Cyclists and people with reduced mobility must exercise extreme caution on this stage\n\t\t  <\/p>\n\t\t<\/div>\n\t  <\/div>\n  \n\t  <div id=\"profileSection\">\n\t\t<div>\n\t\t  <h2 class=\"p-h2-stage\">Distance and elevation<\/h2>\n\t\t  <hr class=\"orange-bar\" \/>\n\t\t  <h3 class=\"p-h3\">Stage profile<\/h3>\n\t\t  <img\n\t\t\tsrc=\"https:\/\/cdn.pilgrim.es\/web\/caminos\/camino-norte\/etapas\/etapa-22\/etapa22-perfil-aviles-muros-de-nalon.jpg\"\n\t\t\talt=\"Perfil de la etapa\"\n\t\t  \/>\n\t\t<\/div>\n\t  <\/div>\n  \n\t  <div id=\"itinerarySection\">\n\t\t<h2 class=\"p-h2-stage\">Route<\/h2>\n\t\t<hr \/>\n\t\t<h3 class=\"p-h3\">Itinerary<\/h3>\n\t\t<div>\n\t\t  <h4>Km 0 &#8231; Avil\u00e9s<\/h4>\n\t\t  <p>\n\t\t\tWe set off from Avil\u00e9s heading towards one of the largest beaches in the area: Salinas. In\n\t\t\torder to get there, we take Alemania avenue and go up to San Cristobal. After a few\n\t\t\tbends, we reach Pe\u00f1asanta street. We continue through a forest area slightly uphill, cross\n\t\t\ta stream and keep walking up to La Plata. \n\t\t  <\/p>\n\t\t  <p>\n\t\t\tWe come out onto road AS-320 and continue\n\t\t\tcarefully along the road to Piedras Blancas, bordering La Armada fort and leaving San\n\t\t\tMiguel de Quilo\u00f1o church to our left. Keeping straight, we take a tunnel and take a new\n\t\t\tpath that leads to Piedras Blancas. We cross the village and take the track towards Sierra\n\t\t\tdel Cordel, descending later to La Ventaniella (Santiago del Monte)\n\t\t  <\/p>\n\t\t  <a class=\"town-link\" href=\"https:\/\/www.pilgrim.es\/en\/northern-way\/aviles\/\">\n\t\t\t<div class=\"town-link__link-content\">\n\t\t\t  <div class=\"town-link__link-content__text\">\n\t\t\t\t<p>Local Information<\/p>\n\t\t\t\t<p>Police, Medical Care, What to See, Where to Eat&#8230;<\/p>\n\t\t\t  <\/div>\n\t\t\t  <div class=\"town-link__link-content__town-btn\">\n\t\t\t\t<i class=\"icon-arrow\"><\/i>\n\t\t\t  <\/div>\n\t\t\t<\/div>\n\t\t  <\/a>\n\t\t<\/div>\n\t\t<hr \/>\n\t\t<div>\n\t\t  <h4>Km 12,7 &#8231; Santiago del Monte<\/h4>\n\t\t  <p>\n\t\t\tWe cross the road that leads to Asturias airport and take road AS-318. Shortly after, we\n\t\t\treach a junction where we will turn left to take a forest track across the woods to Soto del\n\t\t\tBarco. We go down the road to San Juan de la Arena and cross road AS-318 to climb to\n\t\t\tbeautiful San Mart\u00edn&#8217;s fort, in the small hamlet of El Castillu. As we follow the same road,\n\t\t\twe soon reach Soto del Barco.\n\t\t  <\/p>\n\t\t<\/div>\n\t\t<hr \/>\n\t\t<div>\n\t\t  <h4>Km 19 &#8231; Soto del Barco<\/h4>\n\t\t  <p>\n\t\t\tWe follow the road that passes by Palacio de la Magdalena hotel to soon cross the river\n\t\t\tNal\u00f3n by the bridge of road N-632, which we will continue on for a while until we leave it\n\t\t\tby taking an uphill dirt path to the left.\n\t\t  <\/p>\n\t\t  <p>\n\t\t\tShortly after, we cross Era neighbourhood and\n\t\t\tcome out onto road N-632, which we soon leave again, this time to the right, to continue\n\t\t\tall the way to today&#8217;s final detination: Muros de Nal\u00f3n.\n\t\t  <\/p>\n\t\t<\/div>\n\t\t<hr \/>\n\t\t<div>\n\t\t  <h4>Km 23,2 &#8231; Muros de Nal\u00f3n<\/h4>\n\t\t  <a class=\"town-link\" href=\"https:\/\/www.pilgrim.es\/en\/northern-way\/muros-de-nalon\/\">\n\t\t\t<div class=\"town-link__link-content\">\n\t\t\t  <div class=\"town-link__link-content__text\">\n\t\t\t\t<p>Local Information<\/p>\n\t\t\t\t<p>Police, Medical Care, What to See, Where to Eat&#8230;<\/p>\n\t\t\t  <\/div>\n\t\t\t  <div class=\"town-link__link-content__town-btn\">\n\t\t\t\t<i class=\"icon-arrow\"><\/i>\n\t\t\t  <\/div>\n\t\t\t<\/div>\n\t\t  <\/a>\n\t\t<\/div>\n\t  <\/div>\n  \n\t  <div id=\"locationsSection\">\n\t\t<h2 class=\"p-h2-stage\">Localities<\/h2>\n\t\t<hr \/>\n\t\t<h3 class=\"p-h3\">Towns<\/h3>\n\t\t<div class=\"grid-container\">\n\t\t  <div class=\"p-group card-stage p-max-w-full\">\n\t\t\t<a href=\"https:\/\/www.pilgrim.es\/en\/northern-way\/gijon\/\" class=\"town-card\">\n\t\t\t  <div class=\"card-stage__header\">\n\t\t\t\t<img decoding=\"async\" src=\"https:\/\/cdn.pilgrim.es\/web\/caminos\/camino-norte\/pueblos\/aviles.jpg\" alt=\"Avil\u00e9s\" class=\"group-hover:p-scale-110\"\/>\n\t\t\t\t<div class=\"card-overlay group-hover:p-opacity-50\"><\/div>\n\t\t\t  <\/div>\n\t\t\t  <div class=\"town-card__flex-container\">\n\t\t\t\t<div class=\"town-card__flex-container__info\">\n\t\t\t\t  <h3>Avil\u00e9s<\/h3>\n\t\t\t\t  <p>Province: Asturias<\/p>\n\t\t\t\t<\/div>\n\t\t\t\t<div class=\"town-card__flex-container__btn\">\n\t\t\t\t  <i class=\"icon-arrow\"><\/i>\n\t\t\t\t<\/div>\n\t\t\t  <\/div>\n\t\t\t<\/a>\n\t\t  <\/div>\n\t\t  <div class=\"p-group card-stage p-max-w-full\">\n\t\t\t<a href=\"https:\/\/www.pilgrim.es\/en\/northern-way\/muros-de-nalon\/\" class=\"town-card\">\n\t\t\t  <div class=\"card-stage__header\">\n\t\t\t\t<img decoding=\"async\" src=\"https:\/\/cdn.pilgrim.es\/web\/caminos\/camino-norte\/pueblos\/muros-de-nalon.jpg\" alt=\"Muros de nalon\" class=\"group-hover:p-scale-110\"\/>\n\t\t\t\t<div class=\"card-overlay group-hover:p-opacity-50\"><\/div>\n\t\t\t  <\/div>\n\t\t\t  <div class=\"town-card__flex-container\">\n\t\t\t\t<div class=\"town-card__flex-container__info\">\n\t\t\t\t  <h3>Muros de Nal\u00f3n<\/h3>\n\t\t\t\t  <p>Province: Asturias<\/p>\n\t\t\t\t<\/div>\n\t\t\t\t<div class=\"town-card__flex-container__btn\">\n\t\t\t\t  <i class=\"icon-arrow\"><\/i>\n\t\t\t\t<\/div>\n\t\t\t  <\/div>\n\t\t\t<\/a>\n\t\t  <\/div>\n\t\t<\/div>\n\t  <\/div>\n\t  <hr class=\"single-bar\" \/>\n\t<\/div>\n  <\/section>\n  \n  <section id=\"stageChange\">\n\t<div>\n\t  <a href=\"https:\/\/www.pilgrim.es\/en\/northern-way\/stage-21-gijon-aviles\/\" class=\"change-btn\">\n\t\t<div class=\"change-btn\">\n\t\t  <div class=\"btn-arrow previous\">\n\t\t\t<i class=\"icon-arrow\"><\/i>\n\t\t  <\/div>\n\t\t  <div class=\"change-btn__info\">\n\t\t\t<div>Stage 21<\/div>\n\t\t\t<p> Gij\u00f3n &#10095;<br \/>Avil\u00e9s<\/p>\n\t\t  <\/div>\n\t\t<\/div>\n\t  <\/a>\n\t  <a href=\"https:\/\/www.pilgrim.es\/en\/northern-way\/stage-23-muros-de-nalon-soto-de-luina\/\" class=\"change-btn\">\n\t\t<div class=\"change-btn__info\">\n\t\t  <div>Stage 23<\/div>\n\t\t  <p>Muros de Nal\u00f3n &#10095;<br \/>Soto de Lui\u00f1a<\/p>\n\t\t<\/div>\n\t\t<div class=\"btn-arrow\">\n\t\t  <i class=\"icon-arrow\"><\/i>\n\t\t<\/div>\n\t  <\/a>\n\t<\/div>\n  <\/section>\n","protected":false},"excerpt":{"rendered":"<p>Northern Way &#8231; Stage 22 On foot 35 stages \/ 824 kms Avil\u00e9s&#10093; Muros de Nal\u00f3n 23,2 Km &#10094; Stage 21 Stage 23 &#10095; Information Profile Itinerary Localities Information About this stage This stage has nothing to do with the previous one. We could even describe it as a legbreaker, as it will be a &hellip; <\/p>\n<p class=\"read_more\"><a href=\"https:\/\/www.pilgrim.es\/en\/northern-way\/stage-22-aviles-muros-de-nalon\/\">Leer m\u00e1s<\/a><\/p>\n","protected":false},"author":4,"featured_media":11659,"parent":36318,"menu_order":0,"comment_status":"closed","ping_status":"closed","template":"views\/template-new-web-design.blade.php","meta":{"footnotes":""},"categories":[],"tags":[],"class_list":["post-16497","page","type-page","status-publish","has-post-thumbnail","hentry"],"yoast_head":"<!-- This site is optimized with the Yoast SEO plugin v27.4 - https:\/\/yoast.com\/product\/yoast-seo-wordpress\/ -->\n<title>Camino del Norte desde Avil\u00e9s a Muros de Nal\u00f3n | Camino de Santiago | Pilgrim<\/title>\n<meta name=\"description\" content=\"Plan the Stage 21 of the Northern Way (Camino del Norte) from Avil\u00e9s to Muros de Nal\u00f3n. Route distance, map, accommodation, cities &amp; pilgrim guide.\" \/>\n<meta name=\"robots\" content=\"index, follow, max-snippet:-1, max-image-preview:large, max-video-preview:-1\" \/>\n<link rel=\"canonical\" href=\"https:\/\/www.pilgrim.es\/en\/northern-way\/stage-22-aviles-muros-de-nalon\/\" \/>\n<meta property=\"og:locale\" content=\"en_US\" \/>\n<meta property=\"og:type\" content=\"article\" \/>\n<meta property=\"og:title\" content=\"Camino del Norte desde Avil\u00e9s a Muros de Nal\u00f3n | Camino de Santiago | Pilgrim\" \/>\n<meta property=\"og:description\" content=\"Plan the Stage 21 of the Northern Way (Camino del Norte) from Avil\u00e9s to Muros de Nal\u00f3n. Route distance, map, accommodation, cities &amp; pilgrim guide.\" \/>\n<meta property=\"og:url\" content=\"https:\/\/www.pilgrim.es\/en\/northern-way\/stage-22-aviles-muros-de-nalon\/\" \/>\n<meta property=\"og:site_name\" content=\"Pilgrim\" \/>\n<meta property=\"article:publisher\" content=\"https:\/\/www.facebook.com\/pilgrim.es\/\" \/>\n<meta property=\"article:modified_time\" content=\"2025-04-25T07:02:26+00:00\" \/>\n<meta property=\"og:image\" content=\"https:\/\/www.pilgrim.es\/wp-content\/uploads\/2019\/02\/camino_norte_etapa_21.jpg\" \/>\n\t<meta property=\"og:image:width\" content=\"1631\" \/>\n\t<meta property=\"og:image:height\" content=\"552\" \/>\n\t<meta property=\"og:image:type\" content=\"image\/jpeg\" \/>\n<meta name=\"twitter:card\" content=\"summary_large_image\" \/>\n<meta name=\"twitter:site\" content=\"@pilgrim_es\" \/>\n<meta name=\"twitter:label1\" content=\"Est. reading time\" \/>\n\t<meta name=\"twitter:data1\" content=\"3 minutes\" \/>\n<script type=\"application\/ld+json\" class=\"yoast-schema-graph\">{\"@context\":\"https:\\\/\\\/schema.org\",\"@graph\":[{\"@type\":\"WebPage\",\"@id\":\"https:\\\/\\\/www.pilgrim.es\\\/en\\\/northern-way\\\/stage-22-aviles-muros-de-nalon\\\/\",\"url\":\"https:\\\/\\\/www.pilgrim.es\\\/en\\\/northern-way\\\/stage-22-aviles-muros-de-nalon\\\/\",\"name\":\"Camino del Norte desde Avil\u00e9s a Muros de Nal\u00f3n | Camino de Santiago | Pilgrim\",\"isPartOf\":{\"@id\":\"https:\\\/\\\/www.pilgrim.es\\\/en\\\/#website\"},\"primaryImageOfPage\":{\"@id\":\"https:\\\/\\\/www.pilgrim.es\\\/en\\\/northern-way\\\/stage-22-aviles-muros-de-nalon\\\/#primaryimage\"},\"image\":{\"@id\":\"https:\\\/\\\/www.pilgrim.es\\\/en\\\/northern-way\\\/stage-22-aviles-muros-de-nalon\\\/#primaryimage\"},\"thumbnailUrl\":\"https:\\\/\\\/www.pilgrim.es\\\/wp-content\\\/uploads\\\/2019\\\/02\\\/camino_norte_etapa_21.jpg\",\"datePublished\":\"2019-04-03T10:44:22+00:00\",\"dateModified\":\"2025-04-25T07:02:26+00:00\",\"description\":\"Plan the Stage 21 of the Northern Way (Camino del Norte) from Avil\u00e9s to Muros de Nal\u00f3n. Route distance, map, accommodation, cities & pilgrim guide.\",\"breadcrumb\":{\"@id\":\"https:\\\/\\\/www.pilgrim.es\\\/en\\\/northern-way\\\/stage-22-aviles-muros-de-nalon\\\/#breadcrumb\"},\"inLanguage\":\"en-US\",\"potentialAction\":[{\"@type\":\"ReadAction\",\"target\":[\"https:\\\/\\\/www.pilgrim.es\\\/en\\\/northern-way\\\/stage-22-aviles-muros-de-nalon\\\/\"]}]},{\"@type\":\"ImageObject\",\"inLanguage\":\"en-US\",\"@id\":\"https:\\\/\\\/www.pilgrim.es\\\/en\\\/northern-way\\\/stage-22-aviles-muros-de-nalon\\\/#primaryimage\",\"url\":\"https:\\\/\\\/www.pilgrim.es\\\/wp-content\\\/uploads\\\/2019\\\/02\\\/camino_norte_etapa_21.jpg\",\"contentUrl\":\"https:\\\/\\\/www.pilgrim.es\\\/wp-content\\\/uploads\\\/2019\\\/02\\\/camino_norte_etapa_21.jpg\",\"width\":1631,\"height\":552,\"caption\":\"Mapa Etapa 21 Camino del Norte\"},{\"@type\":\"BreadcrumbList\",\"@id\":\"https:\\\/\\\/www.pilgrim.es\\\/en\\\/northern-way\\\/stage-22-aviles-muros-de-nalon\\\/#breadcrumb\",\"itemListElement\":[{\"@type\":\"ListItem\",\"position\":1,\"name\":\"Camino de Santiago\",\"item\":\"https:\\\/\\\/www.pilgrim.es\\\/en\\\/\"},{\"@type\":\"ListItem\",\"position\":2,\"name\":\"Northern Way\",\"item\":\"https:\\\/\\\/www.pilgrim.es\\\/en\\\/northern-way\\\/\"},{\"@type\":\"ListItem\",\"position\":3,\"name\":\"Northern Way: Stage 22 \u2013 Avil\u00e9s \u2013 Muros de Nal\u00f3n | Pilgrim\"}]},{\"@type\":\"WebSite\",\"@id\":\"https:\\\/\\\/www.pilgrim.es\\\/en\\\/#website\",\"url\":\"https:\\\/\\\/www.pilgrim.es\\\/en\\\/\",\"name\":\"Pilgrim\",\"description\":\"Camino de Santiago | Caminamos Contigo\",\"publisher\":{\"@id\":\"https:\\\/\\\/www.pilgrim.es\\\/en\\\/#organization\"},\"potentialAction\":[{\"@type\":\"SearchAction\",\"target\":{\"@type\":\"EntryPoint\",\"urlTemplate\":\"https:\\\/\\\/www.pilgrim.es\\\/en\\\/?s={search_term_string}\"},\"query-input\":{\"@type\":\"PropertyValueSpecification\",\"valueRequired\":true,\"valueName\":\"search_term_string\"}}],\"inLanguage\":\"en-US\"},{\"@type\":\"Organization\",\"@id\":\"https:\\\/\\\/www.pilgrim.es\\\/en\\\/#organization\",\"name\":\"Pilgrim Camino de Santiago\",\"url\":\"https:\\\/\\\/www.pilgrim.es\\\/en\\\/\",\"logo\":{\"@type\":\"ImageObject\",\"inLanguage\":\"en-US\",\"@id\":\"https:\\\/\\\/www.pilgrim.es\\\/en\\\/#\\\/schema\\\/logo\\\/image\\\/\",\"url\":\"https:\\\/\\\/www.pilgrim.es\\\/wp-content\\\/uploads\\\/2019\\\/04\\\/logo_pilgrim.png\",\"contentUrl\":\"https:\\\/\\\/www.pilgrim.es\\\/wp-content\\\/uploads\\\/2019\\\/04\\\/logo_pilgrim.png\",\"width\":512,\"height\":512,\"caption\":\"Pilgrim Camino de Santiago\"},\"image\":{\"@id\":\"https:\\\/\\\/www.pilgrim.es\\\/en\\\/#\\\/schema\\\/logo\\\/image\\\/\"},\"sameAs\":[\"https:\\\/\\\/www.facebook.com\\\/pilgrim.es\\\/\",\"https:\\\/\\\/x.com\\\/pilgrim_es\",\"https:\\\/\\\/www.instagram.com\\\/pilgrim.es\\\/\",\"https:\\\/\\\/www.linkedin.com\\\/company\\\/pilgrim-camino-de-santiago\\\/\",\"https:\\\/\\\/www.pinterest.es\\\/pilgrimcaminodesantiago\\\/\",\"https:\\\/\\\/www.youtube.com\\\/channel\\\/UCIv2ZzFLXVqthkNF32rKedw\\\/featured\"]}]}<\/script>\n<!-- \/ Yoast SEO plugin. -->","yoast_head_json":{"title":"Camino del Norte desde Avil\u00e9s a Muros de Nal\u00f3n | Camino de Santiago | Pilgrim","description":"Plan the Stage 21 of the Northern Way (Camino del Norte) from Avil\u00e9s to Muros de Nal\u00f3n. Route distance, map, accommodation, cities & pilgrim guide.","robots":{"index":"index","follow":"follow","max-snippet":"max-snippet:-1","max-image-preview":"max-image-preview:large","max-video-preview":"max-video-preview:-1"},"canonical":"https:\/\/www.pilgrim.es\/en\/northern-way\/stage-22-aviles-muros-de-nalon\/","og_locale":"en_US","og_type":"article","og_title":"Camino del Norte desde Avil\u00e9s a Muros de Nal\u00f3n | Camino de Santiago | Pilgrim","og_description":"Plan the Stage 21 of the Northern Way (Camino del Norte) from Avil\u00e9s to Muros de Nal\u00f3n. Route distance, map, accommodation, cities & pilgrim guide.","og_url":"https:\/\/www.pilgrim.es\/en\/northern-way\/stage-22-aviles-muros-de-nalon\/","og_site_name":"Pilgrim","article_publisher":"https:\/\/www.facebook.com\/pilgrim.es\/","article_modified_time":"2025-04-25T07:02:26+00:00","og_image":[{"width":1631,"height":552,"url":"https:\/\/www.pilgrim.es\/wp-content\/uploads\/2019\/02\/camino_norte_etapa_21.jpg","type":"image\/jpeg"}],"twitter_card":"summary_large_image","twitter_site":"@pilgrim_es","twitter_misc":{"Est. reading time":"3 minutes"},"schema":{"@context":"https:\/\/schema.org","@graph":[{"@type":"WebPage","@id":"https:\/\/www.pilgrim.es\/en\/northern-way\/stage-22-aviles-muros-de-nalon\/","url":"https:\/\/www.pilgrim.es\/en\/northern-way\/stage-22-aviles-muros-de-nalon\/","name":"Camino del Norte desde Avil\u00e9s a Muros de Nal\u00f3n | Camino de Santiago | Pilgrim","isPartOf":{"@id":"https:\/\/www.pilgrim.es\/en\/#website"},"primaryImageOfPage":{"@id":"https:\/\/www.pilgrim.es\/en\/northern-way\/stage-22-aviles-muros-de-nalon\/#primaryimage"},"image":{"@id":"https:\/\/www.pilgrim.es\/en\/northern-way\/stage-22-aviles-muros-de-nalon\/#primaryimage"},"thumbnailUrl":"https:\/\/www.pilgrim.es\/wp-content\/uploads\/2019\/02\/camino_norte_etapa_21.jpg","datePublished":"2019-04-03T10:44:22+00:00","dateModified":"2025-04-25T07:02:26+00:00","description":"Plan the Stage 21 of the Northern Way (Camino del Norte) from Avil\u00e9s to Muros de Nal\u00f3n. Route distance, map, accommodation, cities & pilgrim guide.","breadcrumb":{"@id":"https:\/\/www.pilgrim.es\/en\/northern-way\/stage-22-aviles-muros-de-nalon\/#breadcrumb"},"inLanguage":"en-US","potentialAction":[{"@type":"ReadAction","target":["https:\/\/www.pilgrim.es\/en\/northern-way\/stage-22-aviles-muros-de-nalon\/"]}]},{"@type":"ImageObject","inLanguage":"en-US","@id":"https:\/\/www.pilgrim.es\/en\/northern-way\/stage-22-aviles-muros-de-nalon\/#primaryimage","url":"https:\/\/www.pilgrim.es\/wp-content\/uploads\/2019\/02\/camino_norte_etapa_21.jpg","contentUrl":"https:\/\/www.pilgrim.es\/wp-content\/uploads\/2019\/02\/camino_norte_etapa_21.jpg","width":1631,"height":552,"caption":"Mapa Etapa 21 Camino del Norte"},{"@type":"BreadcrumbList","@id":"https:\/\/www.pilgrim.es\/en\/northern-way\/stage-22-aviles-muros-de-nalon\/#breadcrumb","itemListElement":[{"@type":"ListItem","position":1,"name":"Camino de Santiago","item":"https:\/\/www.pilgrim.es\/en\/"},{"@type":"ListItem","position":2,"name":"Northern Way","item":"https:\/\/www.pilgrim.es\/en\/northern-way\/"},{"@type":"ListItem","position":3,"name":"Northern Way: Stage 22 \u2013 Avil\u00e9s \u2013 Muros de Nal\u00f3n | Pilgrim"}]},{"@type":"WebSite","@id":"https:\/\/www.pilgrim.es\/en\/#website","url":"https:\/\/www.pilgrim.es\/en\/","name":"Pilgrim","description":"Camino de Santiago | Caminamos Contigo","publisher":{"@id":"https:\/\/www.pilgrim.es\/en\/#organization"},"potentialAction":[{"@type":"SearchAction","target":{"@type":"EntryPoint","urlTemplate":"https:\/\/www.pilgrim.es\/en\/?s={search_term_string}"},"query-input":{"@type":"PropertyValueSpecification","valueRequired":true,"valueName":"search_term_string"}}],"inLanguage":"en-US"},{"@type":"Organization","@id":"https:\/\/www.pilgrim.es\/en\/#organization","name":"Pilgrim Camino de Santiago","url":"https:\/\/www.pilgrim.es\/en\/","logo":{"@type":"ImageObject","inLanguage":"en-US","@id":"https:\/\/www.pilgrim.es\/en\/#\/schema\/logo\/image\/","url":"https:\/\/www.pilgrim.es\/wp-content\/uploads\/2019\/04\/logo_pilgrim.png","contentUrl":"https:\/\/www.pilgrim.es\/wp-content\/uploads\/2019\/04\/logo_pilgrim.png","width":512,"height":512,"caption":"Pilgrim Camino de Santiago"},"image":{"@id":"https:\/\/www.pilgrim.es\/en\/#\/schema\/logo\/image\/"},"sameAs":["https:\/\/www.facebook.com\/pilgrim.es\/","https:\/\/x.com\/pilgrim_es","https:\/\/www.instagram.com\/pilgrim.es\/","https:\/\/www.linkedin.com\/company\/pilgrim-camino-de-santiago\/","https:\/\/www.pinterest.es\/pilgrimcaminodesantiago\/","https:\/\/www.youtube.com\/channel\/UCIv2ZzFLXVqthkNF32rKedw\/featured"]}]}},"_links":{"self":[{"href":"https:\/\/www.pilgrim.es\/en\/wp-json\/wp\/v2\/pages\/16497","targetHints":{"allow":["GET"]}}],"collection":[{"href":"https:\/\/www.pilgrim.es\/en\/wp-json\/wp\/v2\/pages"}],"about":[{"href":"https:\/\/www.pilgrim.es\/en\/wp-json\/wp\/v2\/types\/page"}],"author":[{"embeddable":true,"href":"https:\/\/www.pilgrim.es\/en\/wp-json\/wp\/v2\/users\/4"}],"replies":[{"embeddable":true,"href":"https:\/\/www.pilgrim.es\/en\/wp-json\/wp\/v2\/comments?post=16497"}],"version-history":[{"count":14,"href":"https:\/\/www.pilgrim.es\/en\/wp-json\/wp\/v2\/pages\/16497\/revisions"}],"predecessor-version":[{"id":129681,"href":"https:\/\/www.pilgrim.es\/en\/wp-json\/wp\/v2\/pages\/16497\/revisions\/129681"}],"up":[{"embeddable":true,"href":"https:\/\/www.pilgrim.es\/en\/wp-json\/wp\/v2\/pages\/36318"}],"wp:featuredmedia":[{"embeddable":true,"href":"https:\/\/www.pilgrim.es\/en\/wp-json\/wp\/v2\/media\/11659"}],"wp:attachment":[{"href":"https:\/\/www.pilgrim.es\/en\/wp-json\/wp\/v2\/media?parent=16497"}],"wp:term":[{"taxonomy":"category","embeddable":true,"href":"https:\/\/www.pilgrim.es\/en\/wp-json\/wp\/v2\/categories?post=16497"},{"taxonomy":"post_tag","embeddable":true,"href":"https:\/\/www.pilgrim.es\/en\/wp-json\/wp\/v2\/tags?post=16497"}],"curies":[{"name":"wp","href":"https:\/\/api.w.org\/{rel}","templated":true}]}}