{"id":16494,"date":"2019-04-03T10:42:56","date_gmt":"2019-04-03T10:42:56","guid":{"rendered":"https:\/\/desarrollo.pilgrim.es\/stage-20-gijon-aviles\/"},"modified":"2025-04-25T07:03:51","modified_gmt":"2025-04-25T07:03:51","slug":"stage-21-gijon-aviles","status":"publish","type":"page","link":"https:\/\/www.pilgrim.es\/en\/northern-way\/stage-21-gijon-aviles\/","title":{"rendered":"Northern Way: Stage 21 \u2013 Gij\u00f3n &#8211; Avil\u00e9s | Pilgrim"},"content":{"rendered":"\n<section id=\"heroStage\">\n\t<h1>Northern Way &#8231; Stage 21<\/h1>\n\t<div>\n\t  <div class=\"hero\" data-background=\"https:\/\/cdn.pilgrim.es\/web\/caminos\/camino-norte\/pueblos\/gijon.jpg\">\n\t\t<div class=\"hero__container\">\n\t\t  <div class=\"hero__container__labels\">\n\t\t\t<p>On foot<\/p>\n\t\t\t<p>35 stages \/ 824 kms<\/p>\n\t\t  <\/div>\n\t\t  <div class=\"hero__container__stage-name\">\n\t\t\t<h2>Gij\u00f3n<br \/><span>&#10093;<\/span> Avil\u00e9s<\/h2>\n\t\t\t<p>25,4 Km<\/p>\n\t\t  <\/div>\n\t\t  <div class=\"hero__container__stage-changer\">\n\t\t\t<div class=\"stage-control\">    \n\t\t\t  <a class=\"stage-control__link\" href=\"https:\/\/www.pilgrim.es\/en\/northern-way\/stage-20-villaviciosa-gijon\/\"><span>&#10094;<\/span> Stage 20<\/a>\n\t\t\t<\/div>\n\t\t\t<div class=\"stage-control\">\n\t\t\t  <a class=\"stage-control__link\" href=\"https:\/\/www.pilgrim.es\/en\/northern-way\/stage-22-aviles-muros-de-nalon\/\">Stage 22 <span>&#10095;<\/span><\/a>\n\t\t\t<\/div>\n\t\t  <\/div>\n\t\t<\/div>\n\t  <\/div>\n\t  <div class=\"planner\"><div\r\n  class=\"p-col-span-1 p-rounded-lg p-px-5 p-h-full\"\r\n  style=\"background-image: url('https:\/\/cdn.pilgrim.es\/web\/pilgrim-planner\/bg-plugin-planificador.webp')\"\r\n  rel=\"preload\"\r\n  fetchpriority=\"high\"\r\n  >\r\n    <div class=\"p-text-center p-pt-5 p-text-white p-text-2xl p-font-semibold\">\r\n      Plan your journey    <\/div>\r\n    <div\r\n            id='primary-app'\r\n            data-name='banner'\r\n            data-api='https:\/\/pathfinder.pilgrim.es\/api\/pathfinder\/v2'\r\n            data-mode='normal'\r\n            data-lang='en'\r\n            data-route='1'\r\n            data-destiny='https:\/\/planificador.pilgrim.es'\r\n            data-modality='1'\r\n            data-inline=''\r\n        ><\/div><\/div><\/div>\n\t<\/div>\n  <\/section>\n  \n  <section id=\"scoreBarsStage\">\n\t<section>\r\n  <div class=\"p-flex p-flex-nowrap p-space-x-4 p-py-5 p-overflow-x-auto md:p-grid md:p-grid-cols-3 lg:p-grid-cols-5 md:p-gap-8 md:p-space-x-0 md:p-overflow-hidden scrollbar-thin\">\r\n    <div class=\"p-grid p-grid-cols-4 p-shrink-0 p-w-72 p-snap-start md:p-w-full\">\r\n        <div class=\"p-col-span-1 p-self-center p-text-center p-text-3xl\">\r\n            <i class=\"icon-influx\"><\/i>\r\n        <\/div>\r\n        <div class=\"p-col-span-3 p-flex p-flex-col p-items-start\">\r\n            <div class=\"p-text-start p-text-secondary p-mb-1 p-bold\"> Affluence <\/div>\r\n            <div class=\"p-w-full p-bg-light p-rounded-full p-h-2 p-relative\">\r\n                <div class=\"p-bg-primary p-h-2 p-rounded-full p-absolute\" style=\"width: 40%;\"><\/div>\r\n            <\/div>\r\n        <\/div>\r\n    <\/div>\r\n\r\n    <div class=\"p-grid p-grid-cols-4 p-shrink-0 p-w-72 p-snap-start md:p-w-full\">\r\n        <div class=\"p-col-span-1 p-self-center p-text-center p-text-3xl\">\r\n            <i class=\"icon-difficulty\"><\/i>\r\n        <\/div>\r\n        <div class=\"p-col-span-3 p-flex p-flex-col p-items-start\">\r\n            <div class=\"p-text-start p-text-secondary p-mb-1 p-bold\"> Difficulty <\/div>\r\n            <div class=\"p-w-full p-bg-light p-rounded-full p-h-2 p-relative\">\r\n                <div class=\"p-bg-primary p-h-2 p-rounded-full p-absolute\" style=\"width: 40%;\"><\/div>\r\n            <\/div>\r\n        <\/div>\r\n    <\/div>\r\n\r\n    <div class=\"p-grid p-grid-cols-4 p-shrink-0 p-w-72 p-snap-start md:p-w-full\">\r\n        <div class=\"p-col-span-1 p-self-center p-text-center p-text-3xl\">\r\n            <i class=\"icon-patrimony\"><\/i>\r\n        <\/div>\r\n        <div class=\"p-col-span-3 p-flex p-flex-col p-items-start\">\r\n            <div class=\"p-text-start p-text-secondary p-mb-1 p-bold\"> Art\/History <\/div>\r\n            <div class=\"p-w-full p-bg-light p-rounded-full p-h-2 p-relative\">\r\n                <div class=\"p-bg-primary p-h-2 p-rounded-full p-absolute\" style=\"width: 60%;\"><\/div>\r\n            <\/div>\r\n        <\/div>\r\n    <\/div>\r\n\r\n    <div class=\"p-grid p-grid-cols-4 p-shrink-0 p-w-72 p-snap-start md:p-w-full\">\r\n        <div class=\"p-col-span-1 p-self-center p-text-center p-text-3xl\">\r\n            <i class=\"icon-nature\"><\/i>\r\n        <\/div>\r\n        <div class=\"p-col-span-3 p-flex p-flex-col p-items-start\">\r\n            <div class=\"p-text-start p-text-secondary p-mb-1 p-bold\"> Nature <\/div>\r\n            <div class=\"p-w-full p-bg-light p-rounded-full p-h-2 p-relative\">\r\n                <div class=\"p-bg-primary p-h-2 p-rounded-full p-absolute\" style=\"width: 40%;\"><\/div>\r\n            <\/div>\r\n        <\/div>\r\n    <\/div>\r\n\r\n    <div class=\"p-grid p-grid-cols-4 p-shrink-0 p-w-72 p-snap-start md:p-w-full\">\r\n        <div class=\"p-col-span-1 p-self-center p-text-center p-text-3xl\">\r\n            <i class=\"icon-urban\"><\/i>\r\n        <\/div>\r\n        <div class=\"p-col-span-3 p-flex p-flex-col p-items-start\">\r\n            <div class=\"p-text-start p-text-secondary p-mb-1 p-bold\"> Urban road <\/div>\r\n            <div class=\"p-w-full p-bg-light p-rounded-full p-h-2 p-relative\">\r\n                <div class=\"p-bg-primary p-h-2 p-rounded-full p-absolute\" style=\"width: 40%;\"><\/div>\r\n            <\/div>\r\n        <\/div>\r\n    <\/div>\r\n  <\/div>\r\n<\/section>\n  <\/section>\n  \n  <div id=\"stage-list-section\"><div class=\"stage-list\">\n    <div class='stage-list__map-card'>\n        <div class='stage-list__map-card__map'>\n            <div class='stage-list__map-card__map__text'>\n                <h2> Pages <\/h2>\n                <p> On foot<\/p>\n                <p> 0 stages<\/p>\n            <\/div>\n            <div class='stage-list__map-card__map__img'>\n                <img decoding=\"async\" src=\"\" alt=\" mapa \" \/>\n            <\/div>\n        <\/div>\n    <\/div>\n\n    <\/div>\n<\/div>\n  \n  <section id=\"navStage\">\n\t<div>\n\t  <nav id=\"tab-navigation-section\" class=\"tab-navigation-section--cols-4\">\n\t\t<a href=\"#infoSection\" class=\"active\">About<\/a>\n\t\t<a href=\"#profileSection\">Profile<\/a>\n\t\t<a href=\"#itinerarySection\">Itinerary<\/a>\n\t\t<a href=\"#locationsSection\">Localities<\/a>\n\t  <\/nav>\n  \n\t  <div id=\"infoSection\">\n\t\t<div>\n\t\t  <h2 class=\"p-h2-stage\">Information<\/h2>\n\t\t  <hr class=\"orange-bar\" \/>\n\t\t  <h3 class=\"p-h3\">About this stage<\/h3>\n\t\t<\/div>\n  \n\t\t<p>\n\t\t\tAcross mount Areo and crossing a few rivers, we will get closer and closer to Avil\u00e9s, whose\n\t\t\thistorical centre was declared site of artistic and monumental interest. Apart from the many\n\t\t\treligious and civil buildings, Avil\u00e9s stands out for its streets full of colonnades that invite\n\t\t\tus to wander around and to let beauty take us away. Furthermore, we can visit some of the\n\t\t\tlargest beaches in the region, sucha as Sabl\u00f3n or Bayas and Salinas.\n\t\t<\/p>\n\t\t<div class=\"recomendation-card\">\n\t\t  <div>\n\t\t\t<i class=\"icon-logo-pilgrim\"><\/i>\n\t\t\t<h5>Recommendation Pilgrim<\/h5>\n\t\t  <\/div>\n\t\t  <p>\n\t\t\tWith a practically flat profile, this stage will be like a walk to the shores of the Gij\u00f3n estuary. The only drawback is the constant heavy presence of the highway. This stage presents no difficulties for cyclists or people with reduced mobility.\n\t\t<\/p>\n\t\t<\/div>\n\t  <\/div>\n  \n\t  <div id=\"profileSection\">\n\t\t<div>\n\t\t  <h2 class=\"p-h2-stage\">Distance and elevation<\/h2>\n\t\t  <hr class=\"orange-bar\" \/>\n\t\t  <h3 class=\"p-h3\">Stage profile<\/h3>\n\t\t  <img\n\t\t\tsrc=\"https:\/\/cdn.pilgrim.es\/web\/caminos\/camino-norte\/etapas\/etapa-21\/etapa21-perfil-gijon-aviles.jpg\"\n\t\t\talt=\"Stage profile\"\n\t\t  \/>\n\t\t<\/div>\n\t  <\/div>\n  \n\t  <div id=\"itinerarySection\">\n\t\t<h2 class=\"p-h2-stage\">Route<\/h2>\n\t\t<hr \/>\n\t\t<h3 class=\"p-h3\">Itinerary<\/h3>\n\t\t<div>\n\t\t  <h4>Km 0 &#8231; Gij\u00f3n<\/h4>\n\t\t  <p>\n\t\t\tWe get ready to leave Gij\u00f3n, so we head towards the seaside promenade and follow\n\t\t\tRodr\u00edguez San Pedro avenue all the way to Padre M\u00e1ximo circus. Following the marks and\n\t\t\tacross Mariano Pola, Galicia and Rep\u00fablica Argentina avenues, we reach road AS-19,\n\t\t\twhich will lead the way for a while. \n\t\t  <\/p>\n\t\t  <p>\n\t\t\tWe continue on the same road, cross the rail tracks\n\t\t\tand keep going until we find some other rail tracks, which we cross underneath. Just\n\t\t\tbefore a roundabout, we take a path to our right-hand side that leads to a smaller road.\n\t\t\tWe will continue until we reach Veri\u00f1a and keep walking towards Poago. Over some new\n\t\t\trail tracks, we start the climb to mount Areo, passing by the villages of Poago y Pavierna.\n\t\t  <\/p>\n\t\t  <a class=\"town-link\" href=\"https:\/\/www.pilgrim.es\/en\/northern-way\/gijon\/\">\n\t\t\t<div class=\"town-link__link-content\">\n\t\t\t  <div class=\"town-link__link-content__text\">\n\t\t\t\t<p>Local Information<\/p>\n\t\t\t\t<p>Police, Medical Care, What to see, Where to Eat&#8230;<\/p>\n\t\t\t  <\/div>\n\t\t\t  <div class=\"town-link__link-content__town-btn\">\n\t\t\t\t<i class=\"icon-arrow\"><\/i>\n\t\t\t  <\/div>\n\t\t\t<\/div>\n\t\t  <\/a>\n\t\t<\/div>\n\t\t<hr \/>\n\t\t<div>\n\t\t  <h4>Km 7,6 &#8231; Pavierna<\/h4>\n\t\t  <p>\n\t\t\tWe take a diversion towards the dolmen of San Pablo and, a little farther, we descend\n\t\t\tCarre\u00f1o valley to road CE-6, which we cross. Some 500 metres later, take a new diversion\n\t\t\tto road AS-326 and continue until we reach a big roundabout, where we must turn right\n\t\t\ttowards another roundabout and take a path until we join road AS-19 again.\n\t\t  <\/p>\n\t\t<\/div>\n\t\t<hr \/>\n\t\t<div>\n\t\t  <h4>Km 16,9 &#8231; Tabaza<\/h4>\n\t\t  <p>\n\t\t\tAlong a lengthy stretch, passing by Tabaza, we reach a football pitch and cross the rail\n\t\t\ttracks to continue next to Avil\u00e9s estuary. We reach an urban park, from where we have to\n\t\t\tgo up to road AS-238 by a pedestrian footbridge and continue along Marqu\u00e9s de Suances\n\t\t\tavenue until it becomes Cervantes avenue. We will soon reach the city of Avil\u00e9s, in the\n\t\t\tmaritime heart of the region and declared Historic-Artistic Site. Apart from its unique old\n\t\t\ttown full of colonnades, this area features one of the largest dune areas, surrounded by\n\t\t\tastonishing cliffs and dream beaches.\n\t\t  <\/p>\n\t\t<\/div>\n\t\t<hr \/>\n\t\t<div>\n\t\t  <h4>Km 25,4 &#8231; Avil\u00e9s<\/h4>\n\t\t  <a class=\"town-link\" href=\"https:\/\/www.pilgrim.es\/en\/northern-way\/aviles\/\">\n\t\t\t<div class=\"town-link__link-content\">\n\t\t\t  <div class=\"town-link__link-content__text\">\n\t\t\t\t<p>Local Information<\/p>\n\t\t\t\t<p>Police, Medical Care, What to see, Where to Eat&#8230;<\/p>\n\t\t\t  <\/div>\n\t\t\t  <div class=\"town-link__link-content__town-btn\">\n\t\t\t\t<i class=\"icon-arrow\"><\/i>\n\t\t\t  <\/div>\n\t\t\t<\/div>\n\t\t  <\/a>\n\t\t<\/div>\n\t  <\/div>\n  \n\t  <div id=\"locationsSection\">\n\t\t<h2 class=\"p-h2-stage\">Localities<\/h2>\n\t\t<hr \/>\n\t\t<h3 class=\"p-h3\">Towns<\/h3>\n\t\t<div class=\"grid-container\">\n\t\t  <div class=\"p-group card-stage p-max-w-full\">\n\t\t\t<a href=\"https:\/\/www.pilgrim.es\/en\/northern-way\/gijon\/\" class=\"town-card\">\n\t\t\t  <div class=\"card-stage__header\">\n\t\t\t\t<img decoding=\"async\" src=\"https:\/\/cdn.pilgrim.es\/web\/caminos\/camino-norte\/pueblos\/gijon.jpg\" alt=\"Gijon\" class=\"group-hover:p-scale-110\"\/>\n\t\t\t\t<div class=\"card-overlay group-hover:p-opacity-50\"><\/div>\n\t\t\t  <\/div>\n\t\t\t  <div class=\"town-card__flex-container\">\n\t\t\t\t<div class=\"town-card__flex-container__info\">\n\t\t\t\t  <h3>Gij\u00f3n<\/h3>\n\t\t\t\t  <p>Province: Asturias<\/p>\n\t\t\t\t<\/div>\n\t\t\t\t<div class=\"town-card__flex-container__btn\">\n\t\t\t\t  <i class=\"icon-arrow\"><\/i>\n\t\t\t\t<\/div>\n\t\t\t  <\/div>\n\t\t\t<\/a>\n\t\t  <\/div>\n\t\t  <div class=\"p-group card-stage p-max-w-full\">\n\t\t\t<a href=\"https:\/\/www.pilgrim.es\/en\/northern-way\/aviles\/\" class=\"town-card\">\n\t\t\t  <div class=\"card-stage__header\">\n\t\t\t\t<img decoding=\"async\" src=\"https:\/\/cdn.pilgrim.es\/web\/caminos\/camino-norte\/pueblos\/aviles.jpg\" alt=\"Avil\u00e9s\" class=\"group-hover:p-scale-110\"\/>\n\t\t\t\t<div class=\"card-overlay group-hover:p-opacity-50\"><\/div>\n\t\t\t  <\/div>\n\t\t\t  <div class=\"town-card__flex-container\">\n\t\t\t\t<div class=\"town-card__flex-container__info\">\n\t\t\t\t  <h3>Avil\u00e9s<\/h3>\n\t\t\t\t  <p>Province: Asturias<\/p>\n\t\t\t\t<\/div>\n\t\t\t\t<div class=\"town-card__flex-container__btn\">\n\t\t\t\t  <i class=\"icon-arrow\"><\/i>\n\t\t\t\t<\/div>\n\t\t\t  <\/div>\n\t\t\t<\/a>\n\t\t  <\/div>\n\t\t<\/div>\n\t  <\/div>\n\t  <hr class=\"single-bar\" \/>\n\t<\/div>\n  <\/section>\n  \n  <section id=\"stageChange\">\n\t<div>\n\t  <a href=\"https:\/\/www.pilgrim.es\/en\/northern-way\/stage-20-villaviciosa-gijon\/\" class=\"change-btn\">\n\t\t<div class=\"change-btn\">\n\t\t  <div class=\"btn-arrow previous\">\n\t\t\t<i class=\"icon-arrow\"><\/i>\n\t\t  <\/div>\n\t\t  <div class=\"change-btn__info\">\n\t\t\t<div>Stage 20<\/div>\n\t\t\t<p> Villaviciosa &#10095; <br \/>Gij\u00f3n<\/p>\n\t\t  <\/div>\n\t\t<\/div>\n\t  <\/a>\n\t  <a href=\"https:\/\/www.pilgrim.es\/en\/northern-way\/stage-22-aviles-muros-de-nalon\/\" class=\"change-btn\">\n\t\t<div class=\"change-btn__info\">\n\t\t  <div>Stage 22<\/div>\n\t\t  <p>Avil\u00e9s &#10095; <br \/>Muros de Nal\u00f3n<\/p>\n\t\t<\/div>\n\t\t<div class=\"btn-arrow\">\n\t\t  <i class=\"icon-arrow\"><\/i>\n\t\t<\/div>\n\t  <\/a>\n\t<\/div>\n  <\/section>\n\n\n\n<p><\/p>\n","protected":false},"excerpt":{"rendered":"<p>Northern Way &#8231; Stage 21 On foot 35 stages \/ 824 kms Gij\u00f3n&#10093; Avil\u00e9s 25,4 Km &#10094; Stage 20 Stage 22 &#10095; About Profile Itinerary Localities Information About this stage Across mount Areo and crossing a few rivers, we will get closer and closer to Avil\u00e9s, whose historical centre was declared site of artistic and &hellip; <\/p>\n<p class=\"read_more\"><a href=\"https:\/\/www.pilgrim.es\/en\/northern-way\/stage-21-gijon-aviles\/\">Leer m\u00e1s<\/a><\/p>\n","protected":false},"author":4,"featured_media":11649,"parent":36318,"menu_order":0,"comment_status":"closed","ping_status":"closed","template":"views\/template-new-web-design.blade.php","meta":{"footnotes":""},"categories":[],"tags":[],"class_list":["post-16494","page","type-page","status-publish","has-post-thumbnail","hentry"],"yoast_head":"<!-- This site is optimized with the Yoast SEO plugin v27.4 - https:\/\/yoast.com\/product\/yoast-seo-wordpress\/ -->\n<title>Camino del Norte desde Gij\u00f3n a Avil\u00e9s | Camino de Santiago | Pilgrim<\/title>\n<meta name=\"description\" content=\"Plan the Stage 20 of the Northern Way (Camino del Norte) from Gij\u00f3n to Avil\u00e9s. Route distance, map, accommodation, cities &amp; pilgrim guide.\" \/>\n<meta name=\"robots\" content=\"index, follow, max-snippet:-1, max-image-preview:large, max-video-preview:-1\" \/>\n<link rel=\"canonical\" href=\"https:\/\/www.pilgrim.es\/en\/northern-way\/stage-21-gijon-aviles\/\" \/>\n<meta property=\"og:locale\" content=\"en_US\" \/>\n<meta property=\"og:type\" content=\"article\" \/>\n<meta property=\"og:title\" content=\"Camino del Norte desde Gij\u00f3n a Avil\u00e9s | Camino de Santiago | Pilgrim\" \/>\n<meta property=\"og:description\" content=\"Plan the Stage 20 of the Northern Way (Camino del Norte) from Gij\u00f3n to Avil\u00e9s. Route distance, map, accommodation, cities &amp; pilgrim guide.\" \/>\n<meta property=\"og:url\" content=\"https:\/\/www.pilgrim.es\/en\/northern-way\/stage-21-gijon-aviles\/\" \/>\n<meta property=\"og:site_name\" content=\"Pilgrim\" \/>\n<meta property=\"article:publisher\" content=\"https:\/\/www.facebook.com\/pilgrim.es\/\" \/>\n<meta property=\"article:modified_time\" content=\"2025-04-25T07:03:51+00:00\" \/>\n<meta property=\"og:image\" content=\"https:\/\/www.pilgrim.es\/wp-content\/uploads\/2019\/02\/camino_norte_etapa_20.png\" \/>\n\t<meta property=\"og:image:width\" content=\"1633\" \/>\n\t<meta property=\"og:image:height\" content=\"549\" \/>\n\t<meta property=\"og:image:type\" content=\"image\/png\" \/>\n<meta name=\"twitter:card\" content=\"summary_large_image\" \/>\n<meta name=\"twitter:site\" content=\"@pilgrim_es\" \/>\n<meta name=\"twitter:label1\" content=\"Est. reading time\" \/>\n\t<meta name=\"twitter:data1\" content=\"3 minutes\" \/>\n<script type=\"application\/ld+json\" class=\"yoast-schema-graph\">{\"@context\":\"https:\\\/\\\/schema.org\",\"@graph\":[{\"@type\":\"WebPage\",\"@id\":\"https:\\\/\\\/www.pilgrim.es\\\/en\\\/northern-way\\\/stage-21-gijon-aviles\\\/\",\"url\":\"https:\\\/\\\/www.pilgrim.es\\\/en\\\/northern-way\\\/stage-21-gijon-aviles\\\/\",\"name\":\"Camino del Norte desde Gij\u00f3n a Avil\u00e9s | Camino de Santiago | Pilgrim\",\"isPartOf\":{\"@id\":\"https:\\\/\\\/www.pilgrim.es\\\/en\\\/#website\"},\"primaryImageOfPage\":{\"@id\":\"https:\\\/\\\/www.pilgrim.es\\\/en\\\/northern-way\\\/stage-21-gijon-aviles\\\/#primaryimage\"},\"image\":{\"@id\":\"https:\\\/\\\/www.pilgrim.es\\\/en\\\/northern-way\\\/stage-21-gijon-aviles\\\/#primaryimage\"},\"thumbnailUrl\":\"https:\\\/\\\/www.pilgrim.es\\\/wp-content\\\/uploads\\\/2019\\\/02\\\/camino_norte_etapa_20.png\",\"datePublished\":\"2019-04-03T10:42:56+00:00\",\"dateModified\":\"2025-04-25T07:03:51+00:00\",\"description\":\"Plan the Stage 20 of the Northern Way (Camino del Norte) from Gij\u00f3n to Avil\u00e9s. Route distance, map, accommodation, cities & pilgrim guide.\",\"breadcrumb\":{\"@id\":\"https:\\\/\\\/www.pilgrim.es\\\/en\\\/northern-way\\\/stage-21-gijon-aviles\\\/#breadcrumb\"},\"inLanguage\":\"en-US\",\"potentialAction\":[{\"@type\":\"ReadAction\",\"target\":[\"https:\\\/\\\/www.pilgrim.es\\\/en\\\/northern-way\\\/stage-21-gijon-aviles\\\/\"]}]},{\"@type\":\"ImageObject\",\"inLanguage\":\"en-US\",\"@id\":\"https:\\\/\\\/www.pilgrim.es\\\/en\\\/northern-way\\\/stage-21-gijon-aviles\\\/#primaryimage\",\"url\":\"https:\\\/\\\/www.pilgrim.es\\\/wp-content\\\/uploads\\\/2019\\\/02\\\/camino_norte_etapa_20.png\",\"contentUrl\":\"https:\\\/\\\/www.pilgrim.es\\\/wp-content\\\/uploads\\\/2019\\\/02\\\/camino_norte_etapa_20.png\",\"width\":1633,\"height\":549,\"caption\":\"Mapa Etapa 20 Camino del Norte\"},{\"@type\":\"BreadcrumbList\",\"@id\":\"https:\\\/\\\/www.pilgrim.es\\\/en\\\/northern-way\\\/stage-21-gijon-aviles\\\/#breadcrumb\",\"itemListElement\":[{\"@type\":\"ListItem\",\"position\":1,\"name\":\"Camino de Santiago\",\"item\":\"https:\\\/\\\/www.pilgrim.es\\\/en\\\/\"},{\"@type\":\"ListItem\",\"position\":2,\"name\":\"Northern Way\",\"item\":\"https:\\\/\\\/www.pilgrim.es\\\/en\\\/northern-way\\\/\"},{\"@type\":\"ListItem\",\"position\":3,\"name\":\"Northern Way: Stage 21 \u2013 Gij\u00f3n &#8211; Avil\u00e9s | Pilgrim\"}]},{\"@type\":\"WebSite\",\"@id\":\"https:\\\/\\\/www.pilgrim.es\\\/en\\\/#website\",\"url\":\"https:\\\/\\\/www.pilgrim.es\\\/en\\\/\",\"name\":\"Pilgrim\",\"description\":\"Camino de Santiago | Caminamos Contigo\",\"publisher\":{\"@id\":\"https:\\\/\\\/www.pilgrim.es\\\/en\\\/#organization\"},\"potentialAction\":[{\"@type\":\"SearchAction\",\"target\":{\"@type\":\"EntryPoint\",\"urlTemplate\":\"https:\\\/\\\/www.pilgrim.es\\\/en\\\/?s={search_term_string}\"},\"query-input\":{\"@type\":\"PropertyValueSpecification\",\"valueRequired\":true,\"valueName\":\"search_term_string\"}}],\"inLanguage\":\"en-US\"},{\"@type\":\"Organization\",\"@id\":\"https:\\\/\\\/www.pilgrim.es\\\/en\\\/#organization\",\"name\":\"Pilgrim Camino de Santiago\",\"url\":\"https:\\\/\\\/www.pilgrim.es\\\/en\\\/\",\"logo\":{\"@type\":\"ImageObject\",\"inLanguage\":\"en-US\",\"@id\":\"https:\\\/\\\/www.pilgrim.es\\\/en\\\/#\\\/schema\\\/logo\\\/image\\\/\",\"url\":\"https:\\\/\\\/www.pilgrim.es\\\/wp-content\\\/uploads\\\/2019\\\/04\\\/logo_pilgrim.png\",\"contentUrl\":\"https:\\\/\\\/www.pilgrim.es\\\/wp-content\\\/uploads\\\/2019\\\/04\\\/logo_pilgrim.png\",\"width\":512,\"height\":512,\"caption\":\"Pilgrim Camino de Santiago\"},\"image\":{\"@id\":\"https:\\\/\\\/www.pilgrim.es\\\/en\\\/#\\\/schema\\\/logo\\\/image\\\/\"},\"sameAs\":[\"https:\\\/\\\/www.facebook.com\\\/pilgrim.es\\\/\",\"https:\\\/\\\/x.com\\\/pilgrim_es\",\"https:\\\/\\\/www.instagram.com\\\/pilgrim.es\\\/\",\"https:\\\/\\\/www.linkedin.com\\\/company\\\/pilgrim-camino-de-santiago\\\/\",\"https:\\\/\\\/www.pinterest.es\\\/pilgrimcaminodesantiago\\\/\",\"https:\\\/\\\/www.youtube.com\\\/channel\\\/UCIv2ZzFLXVqthkNF32rKedw\\\/featured\"]}]}<\/script>\n<!-- \/ Yoast SEO plugin. -->","yoast_head_json":{"title":"Camino del Norte desde Gij\u00f3n a Avil\u00e9s | Camino de Santiago | Pilgrim","description":"Plan the Stage 20 of the Northern Way (Camino del Norte) from Gij\u00f3n to Avil\u00e9s. Route distance, map, accommodation, cities & pilgrim guide.","robots":{"index":"index","follow":"follow","max-snippet":"max-snippet:-1","max-image-preview":"max-image-preview:large","max-video-preview":"max-video-preview:-1"},"canonical":"https:\/\/www.pilgrim.es\/en\/northern-way\/stage-21-gijon-aviles\/","og_locale":"en_US","og_type":"article","og_title":"Camino del Norte desde Gij\u00f3n a Avil\u00e9s | Camino de Santiago | Pilgrim","og_description":"Plan the Stage 20 of the Northern Way (Camino del Norte) from Gij\u00f3n to Avil\u00e9s. Route distance, map, accommodation, cities & pilgrim guide.","og_url":"https:\/\/www.pilgrim.es\/en\/northern-way\/stage-21-gijon-aviles\/","og_site_name":"Pilgrim","article_publisher":"https:\/\/www.facebook.com\/pilgrim.es\/","article_modified_time":"2025-04-25T07:03:51+00:00","og_image":[{"width":1633,"height":549,"url":"https:\/\/www.pilgrim.es\/wp-content\/uploads\/2019\/02\/camino_norte_etapa_20.png","type":"image\/png"}],"twitter_card":"summary_large_image","twitter_site":"@pilgrim_es","twitter_misc":{"Est. reading time":"3 minutes"},"schema":{"@context":"https:\/\/schema.org","@graph":[{"@type":"WebPage","@id":"https:\/\/www.pilgrim.es\/en\/northern-way\/stage-21-gijon-aviles\/","url":"https:\/\/www.pilgrim.es\/en\/northern-way\/stage-21-gijon-aviles\/","name":"Camino del Norte desde Gij\u00f3n a Avil\u00e9s | Camino de Santiago | Pilgrim","isPartOf":{"@id":"https:\/\/www.pilgrim.es\/en\/#website"},"primaryImageOfPage":{"@id":"https:\/\/www.pilgrim.es\/en\/northern-way\/stage-21-gijon-aviles\/#primaryimage"},"image":{"@id":"https:\/\/www.pilgrim.es\/en\/northern-way\/stage-21-gijon-aviles\/#primaryimage"},"thumbnailUrl":"https:\/\/www.pilgrim.es\/wp-content\/uploads\/2019\/02\/camino_norte_etapa_20.png","datePublished":"2019-04-03T10:42:56+00:00","dateModified":"2025-04-25T07:03:51+00:00","description":"Plan the Stage 20 of the Northern Way (Camino del Norte) from Gij\u00f3n to Avil\u00e9s. Route distance, map, accommodation, cities & pilgrim guide.","breadcrumb":{"@id":"https:\/\/www.pilgrim.es\/en\/northern-way\/stage-21-gijon-aviles\/#breadcrumb"},"inLanguage":"en-US","potentialAction":[{"@type":"ReadAction","target":["https:\/\/www.pilgrim.es\/en\/northern-way\/stage-21-gijon-aviles\/"]}]},{"@type":"ImageObject","inLanguage":"en-US","@id":"https:\/\/www.pilgrim.es\/en\/northern-way\/stage-21-gijon-aviles\/#primaryimage","url":"https:\/\/www.pilgrim.es\/wp-content\/uploads\/2019\/02\/camino_norte_etapa_20.png","contentUrl":"https:\/\/www.pilgrim.es\/wp-content\/uploads\/2019\/02\/camino_norte_etapa_20.png","width":1633,"height":549,"caption":"Mapa Etapa 20 Camino del Norte"},{"@type":"BreadcrumbList","@id":"https:\/\/www.pilgrim.es\/en\/northern-way\/stage-21-gijon-aviles\/#breadcrumb","itemListElement":[{"@type":"ListItem","position":1,"name":"Camino de Santiago","item":"https:\/\/www.pilgrim.es\/en\/"},{"@type":"ListItem","position":2,"name":"Northern Way","item":"https:\/\/www.pilgrim.es\/en\/northern-way\/"},{"@type":"ListItem","position":3,"name":"Northern Way: Stage 21 \u2013 Gij\u00f3n &#8211; Avil\u00e9s | Pilgrim"}]},{"@type":"WebSite","@id":"https:\/\/www.pilgrim.es\/en\/#website","url":"https:\/\/www.pilgrim.es\/en\/","name":"Pilgrim","description":"Camino de Santiago | Caminamos Contigo","publisher":{"@id":"https:\/\/www.pilgrim.es\/en\/#organization"},"potentialAction":[{"@type":"SearchAction","target":{"@type":"EntryPoint","urlTemplate":"https:\/\/www.pilgrim.es\/en\/?s={search_term_string}"},"query-input":{"@type":"PropertyValueSpecification","valueRequired":true,"valueName":"search_term_string"}}],"inLanguage":"en-US"},{"@type":"Organization","@id":"https:\/\/www.pilgrim.es\/en\/#organization","name":"Pilgrim Camino de Santiago","url":"https:\/\/www.pilgrim.es\/en\/","logo":{"@type":"ImageObject","inLanguage":"en-US","@id":"https:\/\/www.pilgrim.es\/en\/#\/schema\/logo\/image\/","url":"https:\/\/www.pilgrim.es\/wp-content\/uploads\/2019\/04\/logo_pilgrim.png","contentUrl":"https:\/\/www.pilgrim.es\/wp-content\/uploads\/2019\/04\/logo_pilgrim.png","width":512,"height":512,"caption":"Pilgrim Camino de Santiago"},"image":{"@id":"https:\/\/www.pilgrim.es\/en\/#\/schema\/logo\/image\/"},"sameAs":["https:\/\/www.facebook.com\/pilgrim.es\/","https:\/\/x.com\/pilgrim_es","https:\/\/www.instagram.com\/pilgrim.es\/","https:\/\/www.linkedin.com\/company\/pilgrim-camino-de-santiago\/","https:\/\/www.pinterest.es\/pilgrimcaminodesantiago\/","https:\/\/www.youtube.com\/channel\/UCIv2ZzFLXVqthkNF32rKedw\/featured"]}]}},"_links":{"self":[{"href":"https:\/\/www.pilgrim.es\/en\/wp-json\/wp\/v2\/pages\/16494","targetHints":{"allow":["GET"]}}],"collection":[{"href":"https:\/\/www.pilgrim.es\/en\/wp-json\/wp\/v2\/pages"}],"about":[{"href":"https:\/\/www.pilgrim.es\/en\/wp-json\/wp\/v2\/types\/page"}],"author":[{"embeddable":true,"href":"https:\/\/www.pilgrim.es\/en\/wp-json\/wp\/v2\/users\/4"}],"replies":[{"embeddable":true,"href":"https:\/\/www.pilgrim.es\/en\/wp-json\/wp\/v2\/comments?post=16494"}],"version-history":[{"count":16,"href":"https:\/\/www.pilgrim.es\/en\/wp-json\/wp\/v2\/pages\/16494\/revisions"}],"predecessor-version":[{"id":129687,"href":"https:\/\/www.pilgrim.es\/en\/wp-json\/wp\/v2\/pages\/16494\/revisions\/129687"}],"up":[{"embeddable":true,"href":"https:\/\/www.pilgrim.es\/en\/wp-json\/wp\/v2\/pages\/36318"}],"wp:featuredmedia":[{"embeddable":true,"href":"https:\/\/www.pilgrim.es\/en\/wp-json\/wp\/v2\/media\/11649"}],"wp:attachment":[{"href":"https:\/\/www.pilgrim.es\/en\/wp-json\/wp\/v2\/media?parent=16494"}],"wp:term":[{"taxonomy":"category","embeddable":true,"href":"https:\/\/www.pilgrim.es\/en\/wp-json\/wp\/v2\/categories?post=16494"},{"taxonomy":"post_tag","embeddable":true,"href":"https:\/\/www.pilgrim.es\/en\/wp-json\/wp\/v2\/tags?post=16494"}],"curies":[{"name":"wp","href":"https:\/\/api.w.org\/{rel}","templated":true}]}}