{"id":91293,"date":"2025-03-17T14:52:43","date_gmt":"2025-03-17T14:52:43","guid":{"rendered":"https:\/\/www.pilgrim.es\/weg-im-norden\/sebrayo\/"},"modified":"2026-05-11T14:24:59","modified_gmt":"2026-05-11T14:24:59","slug":"sebrayo","status":"publish","type":"page","link":"https:\/\/www.pilgrim.es\/de\/weg-im-norden\/sebrayo\/","title":{"rendered":"Sebrayo"},"content":{"rendered":" <section id=\"hero\">\n  <h1>Sebrayo<\/h1>\n  <div class=\"hero-grid\">\n    <div\n      class=\"hero-grid__town-col\"\n      data-background=\"https:\/\/cdn.pilgrim.es\/web\/caminos\/camino-norte\/pueblos\/sebrayo.jpg\"\n    >\n      <div>\n        <a class=\"link-to-stage\" href=\"https:\/\/www.pilgrim.es\/camino-norte\/etapa-18-ribadesella-colunga\/\">\n          <p>&#8249; Zur\u00fcck zur B\u00fchne<\/p>\n        <\/a>\n\n        <div class=\"town-data\">\n          <h2>Sebrayo<\/h2>\n          <ul>\n            <li>Einwohner: &lt; 50 aprox.<\/li>\n            <li>Bundesland: Asturias<\/li>\n          <\/ul>\n        <\/div>\n      <\/div>\n    <\/div>\n    <div class=\"hero-grid__planner-col\"><div\r\n  class=\"p-col-span-1 p-rounded-lg p-px-5 p-h-full\"\r\n  style=\"background-image: url('https:\/\/cdn.pilgrim.es\/web\/pilgrim-planner\/bg-plugin-planificador.webp')\"\r\n  rel=\"preload\"\r\n  fetchpriority=\"high\"\r\n  >\r\n    <div class=\"p-text-center p-pt-5 p-text-white p-text-2xl p-font-semibold\">\r\n      Plane deinen Weg    <\/div>\r\n    <div\r\n            id='primary-app'\r\n            data-name='banner'\r\n            data-api='https:\/\/pathfinder.pilgrim.es\/api\/pathfinder\/v2'\r\n            data-mode='normal'\r\n            data-lang='de'\r\n            data-route='1'\r\n            data-destiny='https:\/\/planificador.pilgrim.es'\r\n            data-modality='1'\r\n            data-inline=''\r\n        ><\/div><\/div><\/div>\n  <\/div>\n<\/section>\n\n<section id=\"infoTown\">\n  <div class=\"sections-town\">\n    <div id=\"informationSection\">\n      <div>\n        <h2 class=\"p-h2-town\">Informationen<\/h2>\n        <hr \/>\n        <h3 class=\"p-h3-town\">Sebrayo entdecken<\/h3>\n      <\/div>\n      <p>\n        Dieses kleine asturische Dorf zeichnet sich durch seinen Charme und seine Natur aus, was es\n        zum perfekten Ort macht, um eine Pause vom Stress und den Menschenmassen zu machen und\n        einfach die Landschaft und sich selbst zu genie\u00dfen.\n      <\/p>\n      <p>\n        Es ist auch erw\u00e4hnenswert, dass dieser Ort seit der Antike eine enge Beziehung zum Jakobsweg\n        hat, weshalb er wichtige historische Geb\u00e4ude besitzt.\n      <\/p>\n      <p><\/p>\n    <\/div>\n\n    <div id=\"locationSection\">\n      <div>\n        <h2 class=\"p-h2-town\">Standort<\/h2>\n        <hr \/>\n        <h3 class=\"p-h3-town\">Wegbeschreibung<\/h3>\n      <\/div>\n      <p>\n        Sebrayo ist von Asturien, Kantabrien oder Kastilien-Le\u00f3n aus leicht zu erreichen, denn die\n        Autobahn A-8 f\u00fchrt direkt am Ort vorbei. An der Ausfahrt 353 oder 360 nehmen Sie die\n        Nationalstra\u00dfe N-632, bis Sie die Abzweigung nach Sebrayo sehen.\n      <\/p>\n\n      <p>\n        Die Anreise mit \u00f6ffentlichen Verkehrsmitteln ist etwas komplizierter, da der Ort so klein\n        ist, dass es kein Verkehrsnetz gibt. Am besten nehmen Sie ein Taxi von Ribadesella aus.\n      <\/p>\n      <div>\n        <div>\n  <iframe loading=\"lazy\"\n    src=\"https:\/\/www.google.com\/maps\/d\/embed?mid=1LxqqQj8CldfqrcH31DiC43e1e5VXszY&amp;ehbc=2E312F\"\n    width=\"640\"\n    height=\"480\"\n    alt=\"Mapa Sebrayo\"\n  ><\/iframe>\n<\/div>\n\n      <\/div>\n    <\/div>\n\n    <div id=\"toVisitSection\">\n      <div>\n        <h2 class=\"p-h2-town\">Geschichte \/ Kultur<\/h2>\n        <hr \/>\n        <h3 class=\"p-h3-town\">Was es zu sehen gibt<\/h3>\n      <\/div>\n      <div>\n        <div class=\"accordion\">\n          <div class=\"accordion__menu\">\n            <nav>\n              <button class=\"nav-tab-accordion active\">\n                <span>&#10093;<\/span>\n                <span>Iglesia de Santa Mar\u00eda de Sebrayo<\/span>\n              <\/button>\n            <\/nav>\n          <\/div>\n\n          <div class=\"accordion__accordion-content\">\n            <div>\n              <div>\n                <h4>Iglesia de Santa Mar\u00eda de Sebrayo<\/h4>\n                <p>\n                  Die Kirche Santa Mar\u00eda de Sebrayo ist ein Gotteshaus von gro\u00dfem Ausma\u00df, das im 13.\n                  Jahrhundert im romanischen Stil errichtet wurde. Jahrhundert im romanischen Stil\n                  erbaut wurde. Ihr Grundriss ist rechteckig und besteht aus einem einzigen Schiff,\n                  das mit einem h\u00f6lzernen Satteldach bedeckt ist und mit einem Chor abgeschlossen\n                  wird, der von einem Tonnengew\u00f6lbe bedeckt ist.\n                <\/p>\n\n                <p>\n                  Im Inneren befindet sich ein Triumphbogen, der den Chor vom Kirchenschiff trennt\n                  und von S\u00e4ulen mit Pflanzenmotiven getragen wird, und au\u00dfen befindet sich ein\n                  gro\u00dfes zentrales Fenster, das von einem Rundbogen gebildet wird, der von S\u00e4ulen\n                  mit Pflanzenmotiven getragen wird.\n                <\/p>\n              <\/div>\n              <img decoding=\"async\"\n                src=\"https:\/\/cdn.pilgrim.es\/web\/caminos\/camino-norte\/pueblos\/sebrayo\/puntos-de-interes\/iglesia-de-santa-maria-de-sebrayo.jpg\"\n                alt=\"Iglesia de Santa Mar\u00eda de Sebrayo\"\n              \/>\n            <\/div>\n          <\/div>\n        <\/div>\n      <\/div>\n    <\/div>\n\n    <div id=\"phonesSection\">\n      <div>\n        <h2 class=\"p-h3-town\">Informationen von Interesse<\/h2>\n      <\/div>\n      <div class=\"grid\">\n        <div class=\"phone-number-item\">\n          <div class=\"phone-number-item__icon\"><i class=\"icon-police\"><\/i><\/div>\n          <div class=\"phone-number-item__title\">\n            <h3 class=\"p-font-bold\">Ortspolizei<\/h3>\n            <p>985 893 328<\/p>\n          <\/div>\n        <\/div>\n\n        <div class=\"phone-number-item\">\n          <div class=\"phone-number-item__icon\"><i class=\"icon-spanish-military-police\"><\/i><\/div>\n          <div class=\"phone-number-item__title\">\n            <h3 class=\"p-font-bold\">Zivilwache<\/h3>\n            <p>985 892 234<\/p>\n          <\/div>\n        <\/div>\n\n        <div class=\"phone-number-item\">\n          <div class=\"phone-number-item__icon\"><i class=\"icon-firefighters\"><\/i><\/div>\n          <div class=\"phone-number-item__title\">\n            <h3 class=\"p-font-bold\">Feuerwehr<\/h3>\n            <p>985 890 067<\/p>\n          <\/div>\n        <\/div>\n\n        <div class=\"phone-number-item\">\n          <div class=\"phone-number-item__icon\"><i class=\"icon-civil-protection\"><\/i><\/div>\n          <div class=\"phone-number-item__title\">\n            <h3 class=\"p-font-bold\">Zivilschutz<\/h3>\n            <p>664 631 916<\/p>\n          <\/div>\n        <\/div>\n\n        <div class=\"phone-number-item\">\n          <div class=\"phone-number-item__icon\"><i class=\"icon-town-council\"><\/i><\/div>\n          <div class=\"phone-number-item__title\">\n            <h3 class=\"p-font-bold\">Rathaus<\/h3>\n            <p>985 893 202<\/p>\n          <\/div>\n        <\/div>\n\n        <div class=\"phone-number-item\">\n          <div class=\"phone-number-item__icon\"><i class=\"icon-hospital\"><\/i><\/div>\n          <div class=\"phone-number-item__title\">\n            <h3 class=\"p-font-bold\">Gesundheitszentrum<\/h3>\n            <p>985 412 548<\/p>\n          <\/div>\n        <\/div>\n      <\/div>\n    <\/div>\n\n    <div id=\"clientForm\">\n        <section>\n        <img decoding=\"async\" src=\"https:\/\/cdn.pilgrim.es\/web\/home\/email-contacto.png\" alt=\"contacto\">\n        <div>\n            <p>Wir senden dir deine Planung<\/p>\n            <p>Gib uns deine Daten an und erhalte die Planung deiner Reise per E-Mail <\/p>\n            <form method=\"post\" data-url=\"\/wp-admin\/admin-ajax.php\" id=\"planner--client\" class=\"flag-right form-client\">\n    <div class=\"form-data\">\n        <input name=\"form_id\" type=\"hidden\" value=\"Formulario Leads\">\n        <input name=\"type\" type=\"hidden\" value=\"planner_client\">\n        <input type=\"text\" name=\"nombre\" value=\"\" size=\"40\" class=\"form-control\" aria-required=\"true\" aria-invalid=\"false\" placeholder=\"Name\">\n        <input type=\"email\" name=\"email\" value=\"\" size=\"40\" class=\"form-control\" aria-required=\"true\" aria-invalid=\"false\" placeholder=\"E- Mail\">\n        <input type=\"text\" id=\"phone-input\" name=\"tel\" value=\"\" size=\"40\" class=\"phone-input form-control\" aria-required=\"true\" aria-invalid=\"false\" placeholder=\"Telefon\">\n        <input type=\"hidden\" name=\"telefono\">\n    <\/div>\n    <div class=\"form-checkbox\">\n        <span>\n            Pilgrim Travel, S.L. teilt gem\u00e4\u00df Regulierung 2016\/679 mit, dass die in diesem Formular verwendeten Daten sowohl f\u00fcr die Beantwortung der m\u00f6glichen Anfragen als auch f\u00fcr die Ver\u00f6ffentlichung der Kommentare verwendet werden, mit der Zustimmung des Nutzers. Sie k\u00f6nnen Ihre Rechte in \u00dcbereinstimmung mit unserer Datenschutzbestimmungen aus\u00fcben             <a href=\"https:\/\/www.pilgrim.es\/politica-de-privacidad\/\" target=\"_blank\" rel=\"noopener noreferrer nofollow\">Datenschutzerkl\u00e4rung.<\/a>\n        <\/span>\n    <\/div>\n\n    <div class=\"form-submit\">\n        <button id=\"planner--client-create\" type=\"submit\">Anfrage senden<\/button>\n        <div class=\"loadingDiv\"><i class=\"p-spinner\"><\/i><\/div>\n    <\/div>\n\n    <div class=\"contact-content-form-success\">\n        <p><i class=\"fas fa-check\"><\/i> Das Formular hat sich erfolgreich gesendet.<\/p>\n    <\/div>\n\n    <div class=\"contact-content-form-error\">\n        <span class=\"input-error\"><\/span>\n    <\/div>\n<\/form>        <\/div>\n    <\/section>\n<\/div>\n\n    <div id=\"recomendationSection\">\n      <div>\n        <h2 class=\"p-h2-town\">Empfohlen<\/h2>\n        <hr \/>\n        <h3 class=\"p-h3-town\">Gastronomie<\/h3>\n      <\/div>\n      Die Gastronomie von Sebrayo ist reich an einheimischen Produkten. Viele Einwohner dieses\n      charmanten Dorfes widmen sich der Landwirtschaft und dem Gem\u00fcseanbau, so dass die k\u00f6stlichsten\n      Rezepte fabes (Bohnen) und Apfelwein sind, die beide sehr typisch f\u00fcr die gesamte Provinz\n      Asturien sind.\n    <\/div>\n  <\/div>\n<\/section>\n\n<div id=\"stage_list_section\"><div class=\"stage-list\">\n    <div class='stage-list__map-card'>\n        <div class='stage-list__map-card__map'>\n            <div class='stage-list__map-card__map__text'>\n                <h2> Pages <\/h2>\n                <p> Zu Fu\u00df<\/p>\n                <p> 0etappen<\/p>\n            <\/div>\n            <div class='stage-list__map-card__map__img'>\n                <img decoding=\"async\" src=\"\" alt=\" mapa \" \/>\n            <\/div>\n        <\/div>\n    <\/div>\n\n    <\/div>\n<\/div>\n ","protected":false},"excerpt":{"rendered":"<p>Sebrayo &#8249; Zur\u00fcck zur B\u00fchne Sebrayo Einwohner: &lt; 50 aprox. Bundesland: Asturias Informationen Sebrayo entdecken Dieses kleine asturische Dorf zeichnet sich durch seinen Charme und seine Natur aus, was es zum perfekten Ort macht, um eine Pause vom Stress und den Menschenmassen zu machen und einfach die Landschaft und sich selbst zu genie\u00dfen. Es ist &hellip; <\/p>\n<p class=\"read_more\"><a href=\"https:\/\/www.pilgrim.es\/de\/weg-im-norden\/sebrayo\/\">Leer m\u00e1s<\/a><\/p>\n","protected":false},"author":0,"featured_media":8529,"parent":10670,"menu_order":0,"comment_status":"closed","ping_status":"closed","template":"views\/template-new-web-design.blade.php","meta":{"footnotes":""},"categories":[],"tags":[],"class_list":["post-91293","page","type-page","status-publish","has-post-thumbnail","hentry"],"yoast_head":"<!-- This site is optimized with the Yoast SEO plugin v27.5 - https:\/\/yoast.com\/product\/yoast-seo-wordpress\/ -->\n<title>Sebrayo: Was sehen und wo \u00fcbernachten | Jakobsweg | Pilgrim<\/title>\n<meta name=\"description\" content=\"Sebrayo Entdecken Sie alle Informationen \u00fcber Unterk\u00fcnfte, Anreise, Gastronomie und die wichtigsten Sehensw\u00fcrdigkeiten der Orte am K\u00fcstenweg\" \/>\n<meta name=\"robots\" content=\"index, follow, max-snippet:-1, max-image-preview:large, max-video-preview:-1\" \/>\n<link rel=\"canonical\" href=\"https:\/\/www.pilgrim.es\/de\/weg-im-norden\/sebrayo\/\" \/>\n<meta property=\"og:locale\" content=\"de_DE\" \/>\n<meta property=\"og:type\" content=\"article\" \/>\n<meta property=\"og:title\" content=\"Sebrayo: Was sehen und wo \u00fcbernachten | Jakobsweg | Pilgrim\" \/>\n<meta property=\"og:description\" content=\"Sebrayo Entdecken Sie alle Informationen \u00fcber Unterk\u00fcnfte, Anreise, Gastronomie und die wichtigsten Sehensw\u00fcrdigkeiten der Orte am K\u00fcstenweg\" \/>\n<meta property=\"og:url\" content=\"https:\/\/www.pilgrim.es\/de\/weg-im-norden\/sebrayo\/\" \/>\n<meta property=\"og:site_name\" content=\"Pilgrim\" \/>\n<meta property=\"article:publisher\" content=\"https:\/\/www.facebook.com\/pilgrim.es\/\" \/>\n<meta property=\"article:modified_time\" content=\"2026-05-11T14:24:59+00:00\" \/>\n<meta property=\"og:image\" content=\"https:\/\/www.pilgrim.es\/wp-content\/uploads\/2019\/02\/sebrayo1.jpg\" \/>\n\t<meta property=\"og:image:width\" content=\"650\" \/>\n\t<meta property=\"og:image:height\" content=\"488\" \/>\n\t<meta property=\"og:image:type\" content=\"image\/jpeg\" \/>\n<meta name=\"twitter:card\" content=\"summary_large_image\" \/>\n<meta name=\"twitter:site\" content=\"@pilgrim_es\" \/>\n<meta name=\"twitter:label1\" content=\"Gesch\u00e4tzte Lesezeit\" \/>\n\t<meta name=\"twitter:data1\" content=\"2\u00a0Minuten\" \/>\n<script type=\"application\/ld+json\" class=\"yoast-schema-graph\">{\"@context\":\"https:\\\/\\\/schema.org\",\"@graph\":[{\"@type\":\"WebPage\",\"@id\":\"https:\\\/\\\/www.pilgrim.es\\\/de\\\/weg-im-norden\\\/sebrayo\\\/\",\"url\":\"https:\\\/\\\/www.pilgrim.es\\\/de\\\/weg-im-norden\\\/sebrayo\\\/\",\"name\":\"Sebrayo: Was sehen und wo \u00fcbernachten | Jakobsweg | Pilgrim\",\"isPartOf\":{\"@id\":\"https:\\\/\\\/www.pilgrim.es\\\/de\\\/#website\"},\"primaryImageOfPage\":{\"@id\":\"https:\\\/\\\/www.pilgrim.es\\\/de\\\/weg-im-norden\\\/sebrayo\\\/#primaryimage\"},\"image\":{\"@id\":\"https:\\\/\\\/www.pilgrim.es\\\/de\\\/weg-im-norden\\\/sebrayo\\\/#primaryimage\"},\"thumbnailUrl\":\"https:\\\/\\\/www.pilgrim.es\\\/wp-content\\\/uploads\\\/2019\\\/02\\\/sebrayo1.jpg\",\"datePublished\":\"2025-03-17T14:52:43+00:00\",\"dateModified\":\"2026-05-11T14:24:59+00:00\",\"description\":\"Sebrayo Entdecken Sie alle Informationen \u00fcber Unterk\u00fcnfte, Anreise, Gastronomie und die wichtigsten Sehensw\u00fcrdigkeiten der Orte am K\u00fcstenweg\",\"breadcrumb\":{\"@id\":\"https:\\\/\\\/www.pilgrim.es\\\/de\\\/weg-im-norden\\\/sebrayo\\\/#breadcrumb\"},\"inLanguage\":\"de\",\"potentialAction\":[{\"@type\":\"ReadAction\",\"target\":[\"https:\\\/\\\/www.pilgrim.es\\\/de\\\/weg-im-norden\\\/sebrayo\\\/\"]}]},{\"@type\":\"ImageObject\",\"inLanguage\":\"de\",\"@id\":\"https:\\\/\\\/www.pilgrim.es\\\/de\\\/weg-im-norden\\\/sebrayo\\\/#primaryimage\",\"url\":\"https:\\\/\\\/www.pilgrim.es\\\/wp-content\\\/uploads\\\/2019\\\/02\\\/sebrayo1.jpg\",\"contentUrl\":\"https:\\\/\\\/www.pilgrim.es\\\/wp-content\\\/uploads\\\/2019\\\/02\\\/sebrayo1.jpg\",\"width\":650,\"height\":488,\"caption\":\"Sebrayo\"},{\"@type\":\"BreadcrumbList\",\"@id\":\"https:\\\/\\\/www.pilgrim.es\\\/de\\\/weg-im-norden\\\/sebrayo\\\/#breadcrumb\",\"itemListElement\":[{\"@type\":\"ListItem\",\"position\":1,\"name\":\"Camino de Santiago\",\"item\":\"https:\\\/\\\/www.pilgrim.es\\\/de\\\/\"},{\"@type\":\"ListItem\",\"position\":2,\"name\":\"Weg im Norden\",\"item\":\"https:\\\/\\\/www.pilgrim.es\\\/de\\\/weg-im-norden\\\/\"},{\"@type\":\"ListItem\",\"position\":3,\"name\":\"Sebrayo\"}]},{\"@type\":\"WebSite\",\"@id\":\"https:\\\/\\\/www.pilgrim.es\\\/de\\\/#website\",\"url\":\"https:\\\/\\\/www.pilgrim.es\\\/de\\\/\",\"name\":\"Pilgrim\",\"description\":\"Camino de Santiago | Caminamos Contigo\",\"publisher\":{\"@id\":\"https:\\\/\\\/www.pilgrim.es\\\/de\\\/#organization\"},\"potentialAction\":[{\"@type\":\"SearchAction\",\"target\":{\"@type\":\"EntryPoint\",\"urlTemplate\":\"https:\\\/\\\/www.pilgrim.es\\\/de\\\/?s={search_term_string}\"},\"query-input\":{\"@type\":\"PropertyValueSpecification\",\"valueRequired\":true,\"valueName\":\"search_term_string\"}}],\"inLanguage\":\"de\"},{\"@type\":\"Organization\",\"@id\":\"https:\\\/\\\/www.pilgrim.es\\\/de\\\/#organization\",\"name\":\"Pilgrim Camino de Santiago\",\"url\":\"https:\\\/\\\/www.pilgrim.es\\\/de\\\/\",\"logo\":{\"@type\":\"ImageObject\",\"inLanguage\":\"de\",\"@id\":\"https:\\\/\\\/www.pilgrim.es\\\/de\\\/#\\\/schema\\\/logo\\\/image\\\/\",\"url\":\"https:\\\/\\\/www.pilgrim.es\\\/wp-content\\\/uploads\\\/2019\\\/04\\\/logo_pilgrim.png\",\"contentUrl\":\"https:\\\/\\\/www.pilgrim.es\\\/wp-content\\\/uploads\\\/2019\\\/04\\\/logo_pilgrim.png\",\"width\":512,\"height\":512,\"caption\":\"Pilgrim Camino de Santiago\"},\"image\":{\"@id\":\"https:\\\/\\\/www.pilgrim.es\\\/de\\\/#\\\/schema\\\/logo\\\/image\\\/\"},\"sameAs\":[\"https:\\\/\\\/www.facebook.com\\\/pilgrim.es\\\/\",\"https:\\\/\\\/x.com\\\/pilgrim_es\",\"https:\\\/\\\/www.instagram.com\\\/pilgrim.es\\\/\",\"https:\\\/\\\/www.linkedin.com\\\/company\\\/pilgrim-camino-de-santiago\\\/\",\"https:\\\/\\\/www.pinterest.es\\\/pilgrimcaminodesantiago\\\/\",\"https:\\\/\\\/www.youtube.com\\\/channel\\\/UCIv2ZzFLXVqthkNF32rKedw\\\/featured\"]}]}<\/script>\n<!-- \/ Yoast SEO plugin. -->","yoast_head_json":{"title":"Sebrayo: Was sehen und wo \u00fcbernachten | Jakobsweg | Pilgrim","description":"Sebrayo Entdecken Sie alle Informationen \u00fcber Unterk\u00fcnfte, Anreise, Gastronomie und die wichtigsten Sehensw\u00fcrdigkeiten der Orte am K\u00fcstenweg","robots":{"index":"index","follow":"follow","max-snippet":"max-snippet:-1","max-image-preview":"max-image-preview:large","max-video-preview":"max-video-preview:-1"},"canonical":"https:\/\/www.pilgrim.es\/de\/weg-im-norden\/sebrayo\/","og_locale":"de_DE","og_type":"article","og_title":"Sebrayo: Was sehen und wo \u00fcbernachten | Jakobsweg | Pilgrim","og_description":"Sebrayo Entdecken Sie alle Informationen \u00fcber Unterk\u00fcnfte, Anreise, Gastronomie und die wichtigsten Sehensw\u00fcrdigkeiten der Orte am K\u00fcstenweg","og_url":"https:\/\/www.pilgrim.es\/de\/weg-im-norden\/sebrayo\/","og_site_name":"Pilgrim","article_publisher":"https:\/\/www.facebook.com\/pilgrim.es\/","article_modified_time":"2026-05-11T14:24:59+00:00","og_image":[{"width":650,"height":488,"url":"https:\/\/www.pilgrim.es\/wp-content\/uploads\/2019\/02\/sebrayo1.jpg","type":"image\/jpeg"}],"twitter_card":"summary_large_image","twitter_site":"@pilgrim_es","twitter_misc":{"Gesch\u00e4tzte Lesezeit":"2\u00a0Minuten"},"schema":{"@context":"https:\/\/schema.org","@graph":[{"@type":"WebPage","@id":"https:\/\/www.pilgrim.es\/de\/weg-im-norden\/sebrayo\/","url":"https:\/\/www.pilgrim.es\/de\/weg-im-norden\/sebrayo\/","name":"Sebrayo: Was sehen und wo \u00fcbernachten | Jakobsweg | Pilgrim","isPartOf":{"@id":"https:\/\/www.pilgrim.es\/de\/#website"},"primaryImageOfPage":{"@id":"https:\/\/www.pilgrim.es\/de\/weg-im-norden\/sebrayo\/#primaryimage"},"image":{"@id":"https:\/\/www.pilgrim.es\/de\/weg-im-norden\/sebrayo\/#primaryimage"},"thumbnailUrl":"https:\/\/www.pilgrim.es\/wp-content\/uploads\/2019\/02\/sebrayo1.jpg","datePublished":"2025-03-17T14:52:43+00:00","dateModified":"2026-05-11T14:24:59+00:00","description":"Sebrayo Entdecken Sie alle Informationen \u00fcber Unterk\u00fcnfte, Anreise, Gastronomie und die wichtigsten Sehensw\u00fcrdigkeiten der Orte am K\u00fcstenweg","breadcrumb":{"@id":"https:\/\/www.pilgrim.es\/de\/weg-im-norden\/sebrayo\/#breadcrumb"},"inLanguage":"de","potentialAction":[{"@type":"ReadAction","target":["https:\/\/www.pilgrim.es\/de\/weg-im-norden\/sebrayo\/"]}]},{"@type":"ImageObject","inLanguage":"de","@id":"https:\/\/www.pilgrim.es\/de\/weg-im-norden\/sebrayo\/#primaryimage","url":"https:\/\/www.pilgrim.es\/wp-content\/uploads\/2019\/02\/sebrayo1.jpg","contentUrl":"https:\/\/www.pilgrim.es\/wp-content\/uploads\/2019\/02\/sebrayo1.jpg","width":650,"height":488,"caption":"Sebrayo"},{"@type":"BreadcrumbList","@id":"https:\/\/www.pilgrim.es\/de\/weg-im-norden\/sebrayo\/#breadcrumb","itemListElement":[{"@type":"ListItem","position":1,"name":"Camino de Santiago","item":"https:\/\/www.pilgrim.es\/de\/"},{"@type":"ListItem","position":2,"name":"Weg im Norden","item":"https:\/\/www.pilgrim.es\/de\/weg-im-norden\/"},{"@type":"ListItem","position":3,"name":"Sebrayo"}]},{"@type":"WebSite","@id":"https:\/\/www.pilgrim.es\/de\/#website","url":"https:\/\/www.pilgrim.es\/de\/","name":"Pilgrim","description":"Camino de Santiago | Caminamos Contigo","publisher":{"@id":"https:\/\/www.pilgrim.es\/de\/#organization"},"potentialAction":[{"@type":"SearchAction","target":{"@type":"EntryPoint","urlTemplate":"https:\/\/www.pilgrim.es\/de\/?s={search_term_string}"},"query-input":{"@type":"PropertyValueSpecification","valueRequired":true,"valueName":"search_term_string"}}],"inLanguage":"de"},{"@type":"Organization","@id":"https:\/\/www.pilgrim.es\/de\/#organization","name":"Pilgrim Camino de Santiago","url":"https:\/\/www.pilgrim.es\/de\/","logo":{"@type":"ImageObject","inLanguage":"de","@id":"https:\/\/www.pilgrim.es\/de\/#\/schema\/logo\/image\/","url":"https:\/\/www.pilgrim.es\/wp-content\/uploads\/2019\/04\/logo_pilgrim.png","contentUrl":"https:\/\/www.pilgrim.es\/wp-content\/uploads\/2019\/04\/logo_pilgrim.png","width":512,"height":512,"caption":"Pilgrim Camino de Santiago"},"image":{"@id":"https:\/\/www.pilgrim.es\/de\/#\/schema\/logo\/image\/"},"sameAs":["https:\/\/www.facebook.com\/pilgrim.es\/","https:\/\/x.com\/pilgrim_es","https:\/\/www.instagram.com\/pilgrim.es\/","https:\/\/www.linkedin.com\/company\/pilgrim-camino-de-santiago\/","https:\/\/www.pinterest.es\/pilgrimcaminodesantiago\/","https:\/\/www.youtube.com\/channel\/UCIv2ZzFLXVqthkNF32rKedw\/featured"]}]}},"_links":{"self":[{"href":"https:\/\/www.pilgrim.es\/de\/wp-json\/wp\/v2\/pages\/91293","targetHints":{"allow":["GET"]}}],"collection":[{"href":"https:\/\/www.pilgrim.es\/de\/wp-json\/wp\/v2\/pages"}],"about":[{"href":"https:\/\/www.pilgrim.es\/de\/wp-json\/wp\/v2\/types\/page"}],"replies":[{"embeddable":true,"href":"https:\/\/www.pilgrim.es\/de\/wp-json\/wp\/v2\/comments?post=91293"}],"version-history":[{"count":1,"href":"https:\/\/www.pilgrim.es\/de\/wp-json\/wp\/v2\/pages\/91293\/revisions"}],"predecessor-version":[{"id":142380,"href":"https:\/\/www.pilgrim.es\/de\/wp-json\/wp\/v2\/pages\/91293\/revisions\/142380"}],"up":[{"embeddable":true,"href":"https:\/\/www.pilgrim.es\/de\/wp-json\/wp\/v2\/pages\/10670"}],"wp:featuredmedia":[{"embeddable":true,"href":"https:\/\/www.pilgrim.es\/de\/wp-json\/wp\/v2\/media\/8529"}],"wp:attachment":[{"href":"https:\/\/www.pilgrim.es\/de\/wp-json\/wp\/v2\/media?parent=91293"}],"wp:term":[{"taxonomy":"category","embeddable":true,"href":"https:\/\/www.pilgrim.es\/de\/wp-json\/wp\/v2\/categories?post=91293"},{"taxonomy":"post_tag","embeddable":true,"href":"https:\/\/www.pilgrim.es\/de\/wp-json\/wp\/v2\/tags?post=91293"}],"curies":[{"name":"wp","href":"https:\/\/api.w.org\/{rel}","templated":true}]}}