{"id":38112,"date":"2019-05-13T19:00:29","date_gmt":"2019-05-13T19:00:29","guid":{"rendered":"https:\/\/prod.pilgrim.es\/kontakt\/"},"modified":"2025-04-01T10:28:45","modified_gmt":"2025-04-01T10:28:45","slug":"kontakt","status":"publish","type":"page","link":"https:\/\/www.pilgrim.es\/de\/kontakt\/","title":{"rendered":"Kontakt"},"content":{"rendered":"\n<div id=\"contact-page\">\n  <section>\n    <h1>Kontakt<\/h1>\n  <\/section>\n  <div class=\"contact-content\">\n    <section class=\"contact-content__col-form\">\n      <h4 class=\"p-h4--section\">Zweifel, Fragen?<\/h4>\n      <hr class=\"orange-bar\" \/>\n      <h2>Wir sind ganz Ohr.<\/h2>\n      <form method=\"POST\" data-url=\"\/wp-admin\/admin-ajax.php\">\n\n  <ul class=\"form-contact\">\n    <li data-name=\"nombre\">\n      <label for=\"name\">Name<\/label>\n      <input class=\"input-form\" id=\"name\" name=\"nombre\" placeholder=\"NAME\">\n      <hr class=\"single-bar\" \/>\n      <div class=\"error\"><\/div>\n    <\/li>\n    <li data-name=\"email\">\n      <label for=\"email\">E- MAIL<\/label>\n      <input class=\"input-form\" id=\"email\" name=\"email\" placeholder=\"E- MAIL\">\n      <hr class=\"single-bar\" \/>\n      <div class=\"error\"><\/div>\n    <\/li>\n    <li data-name=\"telefono\">\n      <label for=\"phone-input\">TELEFON<\/label>\n      <input class=\"input-form phone-input\" type=\"tel\" id=\"phone-input\" placeholder=\"TELEFON\">\n      <input type=\"hidden\" name=\"telefono\">\n      <hr class=\"single-bar\" \/>\n      <div class=\"error\"><\/div>\n    <\/li>\n    <li data-name=\"asunto\">\n      <label for=\"message\">BETREFF<\/label>\n      <textarea class=\"input-form\" id=\"message\" name=\"asunto\" rows=\"8\" placeholder=\"BETREFF\"><\/textarea>\n      <hr class=\"single-bar\" \/>\n      <div class=\"error txt-area\"><\/div>\n    <\/li>\n    <li class=\"contact-form-input\" data-name=\"condiciones_uso\">\n      <p class=\"legal-notice\">\n        Pilgrim Travel, S.L. teilt gem\u00e4\u00df Regulierung 2016\/679 mit, dass die in diesem Formular verwendeten Daten sowohl f\u00fcr die Beantwortung der m\u00f6glichen Anfragen als auch f\u00fcr die Ver\u00f6ffentlichung der Kommentare verwendet werden, mit der Zustimmung des Nutzers. Sie k\u00f6nnen Ihre Rechte in \u00dcbereinstimmung mit unserer Datenschutzbestimmungen aus\u00fcben         <a target=\"_blank\" href=\"https:\/\/www.pilgrim.es\/politica-de-privacidad\/\" rel=\"noopener noreferrer nofollow\">Datenschutzpolitik<\/a>\n      <\/p>\n    <\/li>\n    <li>\n      <button type=\"button\" class=\"btn--primary\" id=\"lead-new\" name=\"contact-form-submit\">Senden<\/button>\n      <div class=\"spinner-container\">\n        <span class=\"p-spinner p-hidden\"><\/span>\n      <\/div>\n    <\/li>\n  <\/ul>\n\n<\/form>\n\n<div class=\"form-message form-message--error p-hidden\">\n  <p><span>&#9888;<\/span> Int\u00e9ntalo de nuevo m\u00e1s tarde<\/p>\n<\/div>\n\n<div class=\"form-message form-message--success p-hidden\">\n  <p><span>&#10003;<\/span>\n    Das Formular hat sich erfolgreich gesendet. <\/p>\n<\/div>\n    <\/section>\n    <section>\n      <ul class=\"contact-content__col-links\">\n        <span><img decoding=\"async\" src=\"\/wp-content\/uploads\/2025\/01\/oficina-scaled.jpg\" alt=\"B\u00fcro-Pilger\" \/><\/span>\n        <li>\n          <i class=\"icon-mail\"><\/i>\n          <a href=\"mailto:info@pilgrim.es\">info@pilgrim.es<\/a>\n        <\/li>\n        <li>\n          <i class=\"icon-phone\"><\/i>\n          <a href=\"tel:+34910607497\">+34 910 607 497<\/a>\n        <\/li>\n        <li>\n          <i class=\"icon-instagram\"><\/i>\n          <a href=\"https:\/\/www.instagram.com\/pilgrim.es\/\">instagram.com\/pilgrim.es<\/a>\n        <\/li>\n        <li>\n          <i class=\"icon-facebook\"><\/i>\n          <a href=\"https:\/\/www.facebook.com\/pilgrim.es\/\">facebook.com\/pilgrim.es<\/a>\n        <\/li>\n        <li>\n          <i class=\"icon-youtube\"><\/i>\n          <a href=\"https:\/\/www.youtube.com\/c\/PilgrimCaminodeSantiago\/\">youtube.com\/pilgrim.es<\/a>\n        <\/li>\n        <li>\n          <i class=\"icon-location\"><\/i>\n          <p>\n            C\/ Manuel Murgu\u00eda, SN, Edificio Casa del Agua, Planta 1\u00aa, Local N\u00ba L1B\n            A Coru\u00f1a. 15011\n          <\/p>\n        <\/li>\n      <\/ul>\n    <\/section>\n  <\/div>\n<\/div>\n","protected":false},"excerpt":{"rendered":"<p>Kontakt Zweifel, Fragen? Wir sind ganz Ohr. info@pilgrim.es +34 910 607 497 instagram.com\/pilgrim.es facebook.com\/pilgrim.es youtube.com\/pilgrim.es C\/ Manuel Murgu\u00eda, SN, Edificio Casa del Agua, Planta 1\u00aa, Local N\u00ba L1B A Coru\u00f1a. 15011<\/p>\n","protected":false},"author":1,"featured_media":0,"parent":0,"menu_order":0,"comment_status":"closed","ping_status":"closed","template":"views\/template-new-web-design.blade.php","meta":{"footnotes":""},"categories":[],"tags":[],"class_list":["post-38112","page","type-page","status-publish","hentry"],"yoast_head":"<!-- This site is optimized with the Yoast SEO plugin v27.4 - https:\/\/yoast.com\/product\/yoast-seo-wordpress\/ -->\n<title>Kontakt | Cons\u00faltanos tus dudas o Solicita Presupuesto - Pilgrim<\/title>\n<meta name=\"description\" content=\"Pilgrim Travel, la agencia de viajes l\u00edder en el Camino de Santiago. Contacta con nosotros para solicitar informaci\u00f3n o un presupuesto de tu aventura.\" \/>\n<meta name=\"robots\" content=\"index, follow, max-snippet:-1, max-image-preview:large, max-video-preview:-1\" \/>\n<link rel=\"canonical\" href=\"https:\/\/www.pilgrim.es\/de\/kontakt\/\" \/>\n<meta property=\"og:locale\" content=\"de_DE\" \/>\n<meta property=\"og:type\" content=\"article\" \/>\n<meta property=\"og:title\" content=\"Kontakt | Cons\u00faltanos tus dudas o Solicita Presupuesto - Pilgrim\" \/>\n<meta property=\"og:description\" content=\"Pilgrim Travel, la agencia de viajes l\u00edder en el Camino de Santiago. Contacta con nosotros para solicitar informaci\u00f3n o un presupuesto de tu aventura.\" \/>\n<meta property=\"og:url\" content=\"https:\/\/www.pilgrim.es\/de\/kontakt\/\" \/>\n<meta property=\"og:site_name\" content=\"Pilgrim\" \/>\n<meta property=\"article:publisher\" content=\"https:\/\/www.facebook.com\/pilgrim.es\/\" \/>\n<meta property=\"article:modified_time\" content=\"2025-04-01T10:28:45+00:00\" \/>\n<meta name=\"twitter:card\" content=\"summary_large_image\" \/>\n<meta name=\"twitter:site\" content=\"@pilgrim_es\" \/>\n<script type=\"application\/ld+json\" class=\"yoast-schema-graph\">{\"@context\":\"https:\\\/\\\/schema.org\",\"@graph\":[{\"@type\":\"WebPage\",\"@id\":\"https:\\\/\\\/www.pilgrim.es\\\/de\\\/kontakt\\\/\",\"url\":\"https:\\\/\\\/www.pilgrim.es\\\/de\\\/kontakt\\\/\",\"name\":\"Kontakt | Cons\u00faltanos tus dudas o Solicita Presupuesto - Pilgrim\",\"isPartOf\":{\"@id\":\"https:\\\/\\\/www.pilgrim.es\\\/de\\\/#website\"},\"datePublished\":\"2019-05-13T19:00:29+00:00\",\"dateModified\":\"2025-04-01T10:28:45+00:00\",\"description\":\"Pilgrim Travel, la agencia de viajes l\u00edder en el Camino de Santiago. Contacta con nosotros para solicitar informaci\u00f3n o un presupuesto de tu aventura.\",\"breadcrumb\":{\"@id\":\"https:\\\/\\\/www.pilgrim.es\\\/de\\\/kontakt\\\/#breadcrumb\"},\"inLanguage\":\"de\",\"potentialAction\":[{\"@type\":\"ReadAction\",\"target\":[\"https:\\\/\\\/www.pilgrim.es\\\/de\\\/kontakt\\\/\"]}]},{\"@type\":\"BreadcrumbList\",\"@id\":\"https:\\\/\\\/www.pilgrim.es\\\/de\\\/kontakt\\\/#breadcrumb\",\"itemListElement\":[{\"@type\":\"ListItem\",\"position\":1,\"name\":\"Camino de Santiago\",\"item\":\"https:\\\/\\\/www.pilgrim.es\\\/de\\\/\"},{\"@type\":\"ListItem\",\"position\":2,\"name\":\"Kontakt\"}]},{\"@type\":\"WebSite\",\"@id\":\"https:\\\/\\\/www.pilgrim.es\\\/de\\\/#website\",\"url\":\"https:\\\/\\\/www.pilgrim.es\\\/de\\\/\",\"name\":\"Pilgrim\",\"description\":\"Camino de Santiago | Caminamos Contigo\",\"publisher\":{\"@id\":\"https:\\\/\\\/www.pilgrim.es\\\/de\\\/#organization\"},\"potentialAction\":[{\"@type\":\"SearchAction\",\"target\":{\"@type\":\"EntryPoint\",\"urlTemplate\":\"https:\\\/\\\/www.pilgrim.es\\\/de\\\/?s={search_term_string}\"},\"query-input\":{\"@type\":\"PropertyValueSpecification\",\"valueRequired\":true,\"valueName\":\"search_term_string\"}}],\"inLanguage\":\"de\"},{\"@type\":\"Organization\",\"@id\":\"https:\\\/\\\/www.pilgrim.es\\\/de\\\/#organization\",\"name\":\"Pilgrim Camino de Santiago\",\"url\":\"https:\\\/\\\/www.pilgrim.es\\\/de\\\/\",\"logo\":{\"@type\":\"ImageObject\",\"inLanguage\":\"de\",\"@id\":\"https:\\\/\\\/www.pilgrim.es\\\/de\\\/#\\\/schema\\\/logo\\\/image\\\/\",\"url\":\"https:\\\/\\\/www.pilgrim.es\\\/wp-content\\\/uploads\\\/2019\\\/04\\\/logo_pilgrim.png\",\"contentUrl\":\"https:\\\/\\\/www.pilgrim.es\\\/wp-content\\\/uploads\\\/2019\\\/04\\\/logo_pilgrim.png\",\"width\":512,\"height\":512,\"caption\":\"Pilgrim Camino de Santiago\"},\"image\":{\"@id\":\"https:\\\/\\\/www.pilgrim.es\\\/de\\\/#\\\/schema\\\/logo\\\/image\\\/\"},\"sameAs\":[\"https:\\\/\\\/www.facebook.com\\\/pilgrim.es\\\/\",\"https:\\\/\\\/x.com\\\/pilgrim_es\",\"https:\\\/\\\/www.instagram.com\\\/pilgrim.es\\\/\",\"https:\\\/\\\/www.linkedin.com\\\/company\\\/pilgrim-camino-de-santiago\\\/\",\"https:\\\/\\\/www.pinterest.es\\\/pilgrimcaminodesantiago\\\/\",\"https:\\\/\\\/www.youtube.com\\\/channel\\\/UCIv2ZzFLXVqthkNF32rKedw\\\/featured\"]}]}<\/script>\n<!-- \/ Yoast SEO plugin. -->","yoast_head_json":{"title":"Kontakt | Cons\u00faltanos tus dudas o Solicita Presupuesto - Pilgrim","description":"Pilgrim Travel, la agencia de viajes l\u00edder en el Camino de Santiago. Contacta con nosotros para solicitar informaci\u00f3n o un presupuesto de tu aventura.","robots":{"index":"index","follow":"follow","max-snippet":"max-snippet:-1","max-image-preview":"max-image-preview:large","max-video-preview":"max-video-preview:-1"},"canonical":"https:\/\/www.pilgrim.es\/de\/kontakt\/","og_locale":"de_DE","og_type":"article","og_title":"Kontakt | Cons\u00faltanos tus dudas o Solicita Presupuesto - Pilgrim","og_description":"Pilgrim Travel, la agencia de viajes l\u00edder en el Camino de Santiago. Contacta con nosotros para solicitar informaci\u00f3n o un presupuesto de tu aventura.","og_url":"https:\/\/www.pilgrim.es\/de\/kontakt\/","og_site_name":"Pilgrim","article_publisher":"https:\/\/www.facebook.com\/pilgrim.es\/","article_modified_time":"2025-04-01T10:28:45+00:00","twitter_card":"summary_large_image","twitter_site":"@pilgrim_es","schema":{"@context":"https:\/\/schema.org","@graph":[{"@type":"WebPage","@id":"https:\/\/www.pilgrim.es\/de\/kontakt\/","url":"https:\/\/www.pilgrim.es\/de\/kontakt\/","name":"Kontakt | Cons\u00faltanos tus dudas o Solicita Presupuesto - Pilgrim","isPartOf":{"@id":"https:\/\/www.pilgrim.es\/de\/#website"},"datePublished":"2019-05-13T19:00:29+00:00","dateModified":"2025-04-01T10:28:45+00:00","description":"Pilgrim Travel, la agencia de viajes l\u00edder en el Camino de Santiago. Contacta con nosotros para solicitar informaci\u00f3n o un presupuesto de tu aventura.","breadcrumb":{"@id":"https:\/\/www.pilgrim.es\/de\/kontakt\/#breadcrumb"},"inLanguage":"de","potentialAction":[{"@type":"ReadAction","target":["https:\/\/www.pilgrim.es\/de\/kontakt\/"]}]},{"@type":"BreadcrumbList","@id":"https:\/\/www.pilgrim.es\/de\/kontakt\/#breadcrumb","itemListElement":[{"@type":"ListItem","position":1,"name":"Camino de Santiago","item":"https:\/\/www.pilgrim.es\/de\/"},{"@type":"ListItem","position":2,"name":"Kontakt"}]},{"@type":"WebSite","@id":"https:\/\/www.pilgrim.es\/de\/#website","url":"https:\/\/www.pilgrim.es\/de\/","name":"Pilgrim","description":"Camino de Santiago | Caminamos Contigo","publisher":{"@id":"https:\/\/www.pilgrim.es\/de\/#organization"},"potentialAction":[{"@type":"SearchAction","target":{"@type":"EntryPoint","urlTemplate":"https:\/\/www.pilgrim.es\/de\/?s={search_term_string}"},"query-input":{"@type":"PropertyValueSpecification","valueRequired":true,"valueName":"search_term_string"}}],"inLanguage":"de"},{"@type":"Organization","@id":"https:\/\/www.pilgrim.es\/de\/#organization","name":"Pilgrim Camino de Santiago","url":"https:\/\/www.pilgrim.es\/de\/","logo":{"@type":"ImageObject","inLanguage":"de","@id":"https:\/\/www.pilgrim.es\/de\/#\/schema\/logo\/image\/","url":"https:\/\/www.pilgrim.es\/wp-content\/uploads\/2019\/04\/logo_pilgrim.png","contentUrl":"https:\/\/www.pilgrim.es\/wp-content\/uploads\/2019\/04\/logo_pilgrim.png","width":512,"height":512,"caption":"Pilgrim Camino de Santiago"},"image":{"@id":"https:\/\/www.pilgrim.es\/de\/#\/schema\/logo\/image\/"},"sameAs":["https:\/\/www.facebook.com\/pilgrim.es\/","https:\/\/x.com\/pilgrim_es","https:\/\/www.instagram.com\/pilgrim.es\/","https:\/\/www.linkedin.com\/company\/pilgrim-camino-de-santiago\/","https:\/\/www.pinterest.es\/pilgrimcaminodesantiago\/","https:\/\/www.youtube.com\/channel\/UCIv2ZzFLXVqthkNF32rKedw\/featured"]}]}},"_links":{"self":[{"href":"https:\/\/www.pilgrim.es\/de\/wp-json\/wp\/v2\/pages\/38112","targetHints":{"allow":["GET"]}}],"collection":[{"href":"https:\/\/www.pilgrim.es\/de\/wp-json\/wp\/v2\/pages"}],"about":[{"href":"https:\/\/www.pilgrim.es\/de\/wp-json\/wp\/v2\/types\/page"}],"author":[{"embeddable":true,"href":"https:\/\/www.pilgrim.es\/de\/wp-json\/wp\/v2\/users\/1"}],"replies":[{"embeddable":true,"href":"https:\/\/www.pilgrim.es\/de\/wp-json\/wp\/v2\/comments?post=38112"}],"version-history":[{"count":13,"href":"https:\/\/www.pilgrim.es\/de\/wp-json\/wp\/v2\/pages\/38112\/revisions"}],"predecessor-version":[{"id":99321,"href":"https:\/\/www.pilgrim.es\/de\/wp-json\/wp\/v2\/pages\/38112\/revisions\/99321"}],"wp:attachment":[{"href":"https:\/\/www.pilgrim.es\/de\/wp-json\/wp\/v2\/media?parent=38112"}],"wp:term":[{"taxonomy":"category","embeddable":true,"href":"https:\/\/www.pilgrim.es\/de\/wp-json\/wp\/v2\/categories?post=38112"},{"taxonomy":"post_tag","embeddable":true,"href":"https:\/\/www.pilgrim.es\/de\/wp-json\/wp\/v2\/tags?post=38112"}],"curies":[{"name":"wp","href":"https:\/\/api.w.org\/{rel}","templated":true}]}}